{"id":3032,"date":"2020-01-10T08:04:03","date_gmt":"2020-01-10T11:04:03","guid":{"rendered":"https:\/\/www.ufsm.br\/pro-reitorias\/proplan\/?page_id=3032"},"modified":"2026-01-09T10:48:35","modified_gmt":"2026-01-09T13:48:35","slug":"resolucao-n-043-2019","status":"publish","type":"page","link":"https:\/\/www.ufsm.br\/pro-reitorias\/proplan\/resolucao-n-043-2019","title":{"rendered":"Resolu\u00e7\u00e3o N. 043\/2019"},"content":{"rendered":"\t\t<div data-elementor-type=\"wp-page\" data-elementor-id=\"3032\" class=\"elementor elementor-3032\">\n\t\t\t\t\t\t<section class=\"elementor-section elementor-top-section elementor-element elementor-element-e688328 elementor-section-boxed elementor-section-height-default elementor-section-height-default\" data-id=\"e688328\" data-element_type=\"section\">\n\t\t\t\t\t\t<div class=\"elementor-container elementor-column-gap-default\">\n\t\t\t\t\t<div class=\"elementor-column elementor-col-100 elementor-top-column elementor-element elementor-element-f2d2268\" data-id=\"f2d2268\" data-element_type=\"column\">\n\t\t\t<div class=\"elementor-widget-wrap elementor-element-populated\">\n\t\t\t\t\t\t<div class=\"elementor-element elementor-element-410b40a elementor-widget elementor-widget-html\" data-id=\"410b40a\" data-element_type=\"widget\" data-widget_type=\"html.default\">\n\t\t\t\t<div class=\"elementor-widget-container\">\n\t\t\t\r\n\r\n\r\n<title><b>RESOLU\u00c7\u00c3O N. 043\/2019<\/b><\/title>\r\n\r\n\r\n<div align=\"center\"><img decoding=\"async\" src=\"https:\/\/www.ufsm.br\/pro-reitorias\/proplan\/wp-content\/uploads\/sites\/344\/2019\/09\/brasao-da-republica-do-brasil-logo.png\" alt=\"Bras\u00e3o Rep\u00fablica Federativa do Brasil\" width=\"6%\" height=\"6%\"><\/div>    \r\n<h1><font color=\"blue\"><font size=\"5\"><div align=\"center\">MINIST\u00c9RIO DA EDUCA\u00c7\u00c3O<\/b><\/font><\/font><\/div><\/H1>\r\n<p><b><font color=\"0000blue\"><div align=\"center\">UNIVERSIDADE FEDERAL DE SANTA MARIA<\/b><\/font><\/div><\/p>\r\n\r\n<p><div align=\"center\"><b><a href=\"https:\/\/portal.ufsm.br\/documentos\/publico\/documento.html?id=12910462\"><font color=\"blue\">RESOLU\u00c7\u00c3O N. 043\/2019<\/font><\/a><\/b><\/div><\/p>\r\n<br>\r\n\r\n    <div style=\"color: #800000;width: 60%;margin-left: auto;margin-right: 0;text-align: justify;font-weight: normal\">Aprova a recria\u00e7\u00e3o do N\u00facleo Docente Estruturante - NDE no \u00e2mbito dos Cursos de Gradua\u00e7\u00e3o da Universidade Federal de Santa Maria (UFSM) e revoga a <a href=\"https:\/\/www.ufsm.br\/pro-reitorias\/proplan\/resolucao-n-031-2017\/\" target=\"_blank\"><font color=\"blue\"><u>Resolu\u00e7\u00e3o 031\/2017 da UFSM<\/u><\/font><\/a>.<\/font><\/div><\/p>\r\n<br><div align=\"justify\">\r\n<p>O REITOR DA UNIVERSIDADE FEDERAL DE SANTA MARIA, no uso de suas atribui\u00e7\u00f5es legais e estatut\u00e1rias e considerando:<\/p>\r\n<p>\u2013 o Art. 56 da <a href=\"http:\/\/www.planalto.gov.br\/ccivil_03\/leis\/l9394.htm\" target=\"_blank\"><font color=\"blue\"><u>Lei N. 9.394, de 20 de dezembro de 1996<\/u><\/font><\/a>, que estabelece as diretrizes e bases da educa\u00e7\u00e3o nacional;<\/p>\r\n<p>\u2013 o <a href=\"http:\/\/www.planalto.gov.br\/ccivil_03\/_ato2015-2018\/2017\/decreto\/D9191.htm\" target=\"_blank\"><font color=\"blue\"><u>Decreto N. 9.191, de 1\u00b0 de novembro de 2017<\/u><\/font><\/a>, que estabelece as normas e as diretrizes para elabora\u00e7\u00e3o, reda\u00e7\u00e3o, altera\u00e7\u00e3o, consolida\u00e7\u00e3o e encaminhamento de propostas de atos normativos ao Presidente da Rep\u00fablica pelos Ministros de Estado;<\/p>\r\n<p>\u2013 o <a href=\"http:\/\/www.planalto.gov.br\/ccivil_03\/_ato2019-2022\/2019\/decreto\/D9759.htm\" target=\"_blank\"><font color=\"blue\"><u>Decreto N. 9.759, de 11 de abril de 2019<\/u><\/font><\/a>, que extingue e estabelece diretrizes, regras e limita\u00e7\u00f5es para colegiados da administra\u00e7\u00e3o p\u00fablica federal;<\/p>\r\n<p>- o que estabelece a <a href=\"http:\/\/portal.mec.gov.br\/index.php?option=com_docman&amp;view=download&amp;alias=6885-resolucao1-2010-conae&amp;category_slug=outubro-2010-pdf&amp;Itemid=30192\" target=\"_blank\"><font color=\"blue\"><u>Resolu\u00e7\u00e3o N. 01, de 17 de Junho de 2010<\/u><\/font><\/a>, da Comiss\u00e3o Nacional de Avalia\u00e7\u00e3o da Educa\u00e7\u00e3o Superior e seu respectivo Parecer, de 04 de Junho de 2010;<\/p>\r\n<p>- o que estabelece o Parecer N. 184\/2017, da Comiss\u00e3o de Legisla\u00e7\u00e3o e Normas (CLN), aprovado a 912\u00aa Sess\u00e3o do Conselho de Ensino, Pesquisa e Extens\u00e3o, de 07 de Dezembro de 2017, referente ao Processo N. <a href=\"https:\/\/portal.ufsm.br\/documentos\/publico\/processo\/documento.html?idDocumento=8605347\" target=\"_blank\"><font color=\"blue\"><u>23081.046699\/2017-53<\/u><\/font><\/a>;<\/p>\r\n<p>- a <a href=\"https:\/\/www.ufsm.br\/pro-reitorias\/proplan\/resolucao-n-031-2017\/\" target=\"_blank\"><font color=\"blue\"><u>Resolu\u00e7\u00e3o 031\/2017 da UFSM<\/u><\/font><\/a>, que Institui o N\u00facleo Docente Estruturante - NDE nos cursos de Gradua\u00e7\u00e3o da Institui\u00e7\u00e3o;<\/p>\r\n<p>- o Parecer \u201cad referendum\u201d do Conselho de Ensino, Pesquisa e Extens\u00e3o, de 11 de dezembro de 2019, referente ao Processo N. <a href=\"https:\/\/portal.ufsm.br\/documentos\/publico\/processo\/documento.html?idDocumento=12829989\" target=\"_blank\"><font color=\"blue\"><u>23081.061357\/2019-25<\/u><\/font><\/a>; e,<\/p>\r\n<p>- o Parecer N. 169\/2019 da Comiss\u00e3o de Legisla\u00e7\u00e3o e Regimentos (CLR), aprovado na 825\u00aa Sess\u00e3o do Conselho Universit\u00e1rio, de 13 de dezembro de 2019, referente ao Processo N. <a href=\"https:\/\/portal.ufsm.br\/documentos\/publico\/processo\/documento.html?idDocumento=12829989\" target=\"_blank\"><font color=\"blue\"><u>23081.061357\/2019-35<\/u><\/font><\/a>.<\/p>\r\n<\/p>\r\n<br>\r\n<p><b><div align=\"center\">RESOLVE:<\/b><\/div><\/p>\r\n<br>\r\n<p>Art. 1\u00ba Aprovar a recria\u00e7\u00e3o do N\u00facleo Docente Estruturante (NDE), no \u00e2mbito dos cursos de Gradua\u00e7\u00e3o da Universidade Federal de Santa Maria e estabelecer as normas de seu funcionamento.<\/p>\r\n<p>Par\u00e1grafo \u00fanico. O \u00f3rg\u00e3o colegiado mencionado no Caput deste Artigo est\u00e1 sendo recriado considerando sua previs\u00e3o anterior na <a href=\"https:\/\/www.ufsm.br\/pro-reitorias\/proplan\/resolucao-n-031-2017\/\" target=\"_blank\"><font color=\"blue\"><u>Resolu\u00e7\u00e3o N. 031\/2017, de 19 de Dezembro de 2017<\/u><\/font><\/a>.<\/p>\r\n<br>\r\n<p><b><div align=\"center\">TT\u00cdTULO I<\/b><\/div><\/p>\r\n<p><b><div align=\"center\">TDAS COMPET\u00caNCIAS<\/b><\/div><\/p>\r\n<br>\r\n<p>Art. 2\u00ba Caber\u00e1 ao \u00f3rg\u00e3o colegiado denominado N\u00facleo Docente Estruturante (NDE) a responsabilidade pela concep\u00e7\u00e3o, acompanhamento, consolida\u00e7\u00e3o e avalia\u00e7\u00e3o do Projeto Pedag\u00f3gico do Curso (PPC).<\/p>\r\n<p>Art. 3\u00ba O N\u00facleo Docente Estruturante tem car\u00e1ter consultivo e propositivo em mat\u00e9ria acad\u00eamica, e ter\u00e1 as seguintes atribui\u00e7\u00f5es:<\/p>\r\n<p>I - elaborar o Projeto Pedag\u00f3gico do Curso - PPC definindo sua concep\u00e7\u00e3o e fundamentos;<\/p>\r\n<p>II - zelar pelo perfil profissional do egresso do curso;<\/p>\r\n<p>III - supervisionar e apoiar as formas de avalia\u00e7\u00e3o e acompanhamento do Projeto Pedag\u00f3gico do curso definidas pelo Colegiado;<\/p>\r\n<p>IV - conduzir os trabalhos de altera\u00e7\u00e3o e\/ou reestrutura\u00e7\u00e3o curricular para aprova\u00e7\u00e3o no Colegiado de Curso, e demais inst\u00e2ncias Institucionais, sempre que necess\u00e1rio;<\/p>\r\n<p>V - zelar pelo cumprimento das Diretrizes Curriculares Nacionais para o Curso e demais marcos regulat\u00f3rios; e,<\/p>\r\n<p>VI - indicar formas de incentivo ao desenvolvimento de linhas de pesquisa e extens\u00e3o e sua articula\u00e7\u00e3o com a p\u00f3s-gradua\u00e7\u00e3o, oriundas das necessidades de curso de gradua\u00e7\u00e3o, das exig\u00eancias do mundo do trabalho, sintonizadas com as pol\u00edticas p\u00fablicas pr\u00f3prias \u00e0 \u00e1rea de conhecimento.<\/p>\r\n<p>Par\u00e1grafo \u00fanico. As proposi\u00e7\u00f5es do N\u00facleo Docente Estruturante (NDE) ser\u00e3o submetidas \u00e0 aprecia\u00e7\u00e3o do Colegiado do Curso.<\/p>\r\n<br>\r\n<p><b><div align=\"center\">T\u00cdTULO II<\/b><\/div><\/p>\r\n<p><b><div align=\"center\">DA COMPOSI\u00c7\u00c3O E AUTORIDADE<\/b><\/div><\/p>\r\n<br>\r\n<p>Art. 4\u00ba O N\u00facleo Docente Estruturante - NDE ser\u00e1 constitu\u00eddo(a) por, no m\u00ednimo 5 (cinco) e no m\u00e1ximo 7 (sete) membros, atendidos os seguintes crit\u00e9rios:<\/p>\r\n<p>I - ser indicado pelo Colegiado do Curso;<\/p>\r\n<p>II - pertencer ao segmento docente do curso e ser por ele indicado;<\/p>\r\n<p>III - ter, ao menos, 60% (sessenta por cento) se seus membros com titula\u00e7\u00e3o acad\u00eamica obtida em programas de p\u00f3s-gradua\u00e7\u00e3o stricto sensu; e<\/p>\r\n<p>IV - ter todos os membros em regime de trabalho de tempo parcial ou integral, sendo pelo menos 20% (vinte por cento) em tempo integral.<\/p>\r\n<p>Par\u00e1grafo \u00fanico. O N\u00facleo Docente Estruturante (NDE) deve ser constitu\u00eddo por membros do corpo docente do Curso que exer\u00e7am lideran\u00e7a acad\u00eamica no \u00e2mbito do mesmo, percebia na produ\u00e7\u00e3o de conhecimento na \u00e1rea, no desenvolvimento do ensino, e em outras dimens\u00f5es entendida como importantes pela Institui\u00e7\u00e3o, e que atuem sobre o desenvolvimento do Curso.<\/p>\r\n<p>\u00a7 1\u00ba Os membros ser\u00e3o designados pela Dire\u00e7\u00e3o da Unidade de Ensino \u00e0 qual o Curso de gradua\u00e7\u00e3o \u00e9 vinculado, para mandato de 3 (tr\u00eas) anos, podendo haver recondu\u00e7\u00f5es pelo mesmo per\u00edodo, desde que se renove ao menos 1 (um) membro do quadro a cada recondu\u00e7\u00e3o.<\/p>\r\n<p>\u00a7 2\u00ba No ato de designa\u00e7\u00e3o a que se refere o caput do par\u00e1grafo \u00a7 1\u00ba, ser\u00e1 atribu\u00edda 1 (uma) hora de trabalho semanas a cada membro do n\u00facleo para o desempenho de suas atribui\u00e7\u00f5es.<\/p>\r\n<p>\u00a7 3\u00ba A Dire\u00e7\u00e3o da Unidade de Ensino dever\u00e1 encaminhar c\u00f3pia da Portaria\/Ordem de Servi\u00e7o de constitui\u00e7\u00e3o do n\u00facleo \u00e0 Pr\u00f3-Reitoria de Gradua\u00e7\u00e3o.<\/p>\r\n<p>\u00a7 4\u00ba O N\u00facleo Docente Estruturante - NDE dever\u00e1 ter um presidente e 1 (um) secret\u00e1rio escolhidos pelos seus pares, para um mandato de 2 (dois) anos.<\/p>\r\n<br>\r\n<p><b><div align=\"center\">T\u00cdTULO III<\/b><\/div><\/p>\r\n<p><b><div align=\"center\">DO QU\u00d3RUM DE REUNI\u00c3O E DE VOTA\u00c7\u00c3O<\/b><\/div><\/p>\r\n<br>\r\n<p>Art. 5\u00ba As reuni\u00f5es acontecer\u00e3o com a presen\u00e7a de todos os seus membros.<\/p>\r\n<p>Par\u00e1grafo \u00fanico. Das decis\u00f5es proferidas por este colegiado atrav\u00e9s de vota\u00e7\u00e3o, ser\u00e1 ratificado a decis\u00e3o tomada por maioria simples dos votos. Quando da ocorr\u00eancia de empate na vota\u00e7\u00e3o, caber\u00e1 ao (\u00e0) Presidente da sess\u00e3o o voto qualificado.<\/p>\r\n\r\n<p>Art. 6\u00ba As convoca\u00e7\u00f5es ser\u00e3o feitas via correio eletr\u00f4nico, pelo(a) presidente, com anteced\u00eancia m\u00ednima de 48 (quarenta e oito) horas, devendo constar da mesma a Ordem do Dia.<\/p>\r\n<p>Art. 7\u00ba Declarada aberta a sess\u00e3o, ser\u00e3o discutidos e abordados os temas relativos ao Projeto Pedag\u00f3gico do Curso (PPC) e emitido pareceres necess\u00e1rios para posterior aprecia\u00e7\u00e3o pelo Colegiado do Curso.<\/p>\r\n<p>Par\u00e1grafo \u00fanico. N\u00e3o havendo qu\u00f3rum, os membros ser\u00e3o convocados para nova reuni\u00e3o 48 (quarenta e oito) horas depois, com a mesma pauta.<\/p>\r\n<br>\r\n<p><b><div align=\"center\">T\u00cdTULO IV<\/b><\/div><\/p>\r\n<p><b><div align=\"center\">DA PERIODICIDADE DAS REUNI\u00d5ES<\/b><\/div><\/p>\r\n<br>\r\n<p>Art. 8\u00ba O N\u00facleo Docente Estruturante reunir-se-\u00e1, no m\u00ednimo, 1 (uma) vez por semestre, preferencialmente no in\u00edcio do semestre letivo e, extraordinariamente, sempre que convocado pelo seu Presidente ou por solicita\u00e7\u00e3o da maioria de seus membros.<\/p>\r\n<p>Par\u00e1grafo \u00fanico. As reuni\u00f5es deste \u00f3rg\u00e3o colegiado, cujos membros convidados ou participantes estejam em entes federativos diversos, ser\u00e3o realizadas por videoconfer\u00eancia, sem pagamento de di\u00e1rias e deslocamento.<\/p>\r\n<br>\r\n<p><b><div align=\"center\">T\u00cdTULO V<\/b><\/div><\/p>\r\n<p><b><div align=\"center\">DO \u00d3RG\u00c3O DE APOIO ADMINISTRATIVO<\/b><\/div><\/p>\r\n<br>\r\n<p>Art. 9\u00ba Caber\u00e1 \u00e0 Secretaria do Curso, no que se refere ao funcionamento do N\u00facleo Docente Estruturante (NDE), a responsabilidade de realizar o apoio administrativo e demais encaminhamentos para o devido andamento dos trabalhos.<\/p>\r\n<br>\r\n<p><b><div align=\"center\">T\u00cdTULO VI<\/b><\/div><\/p>\r\n<p><b><div align=\"center\">DO REGIMENTO INTERNO<\/b><\/div><\/p>\r\n<br>\r\n<p>Art. 10 Por se tratar de \u00f3rg\u00e3o colegiado permanente interno das Unidades de Ensino n\u00e3o h\u00e1 necessidade de Regimento espec\u00edfico.<\/p>\r\n<br>\r\n<p><b><div align=\"center\">T\u00cdTULO VII<\/b><\/div><\/p>\r\n<p><b><div align=\"center\">DOS MEMBROS NATOS<\/b><\/div><\/p>\r\n<br>\r\n<p>Art. 11 Nas reuni\u00f5es do referido \u00f3rg\u00e3o colegiado poder\u00e3o comparecer, quando convidados pelo presidente, servidores e\/ou discentes, a fim de prestarem esclarecimentos sobre assuntos que lhes forem pertinentes.<\/p>\r\n<p>Par\u00e1grafo \u00fanico. As reuni\u00f5es deste \u00f3rg\u00e3o colegiado, cujos membros possu\u00edrem domic\u00edlio e\/ou resid\u00eancia legal ou estiverem em local diverso da realiza\u00e7\u00e3o da atividade ser\u00e3o realizadas por videoconfer\u00eancia, sem pagamento de di\u00e1rias e deslocamentos.<\/p>\r\n<br>\r\n<p><b><div align=\"center\">T\u00cdTULO VIII<\/b><\/div><\/p>\r\n<p><b><div align=\"center\">DOS RELAT\u00d3RIOS PERI\u00d3DICOS E DO REL\u00c1TORIO FINAL<\/b><\/div><\/p>\r\n<br>\r\n<p>Art.12 O N\u00facleo Docente Estruturante (NDE), emitir\u00e1 parecer espec\u00edfico para os temas de sua compet\u00eancia, n\u00e3o havendo necessidade de emitir relat\u00f3rios peri\u00f3dicos e anuais.<\/p>\r\n<br>\r\n<p><b><div align=\"center\">T\u00cdTULO IX<\/b><\/div><\/p>\r\n<p><b><div align=\"center\">DAS DISPOSI\u00c7\u00d5ES GERAIS E TRANSIT\u00d3RIAS<\/b><\/div><\/p>\r\n<br>\r\n<p>Art. 13 A disponibiliza\u00e7\u00e3o do direito de acesso externo as discuss\u00f5es em curso em cada N\u00facleo Docente Estruturante (NDE) observar\u00e1 a restri\u00e7\u00e3o tempor\u00e1ria conferida aos documentos preparat\u00f3rios ou \u00e0s informa\u00e7\u00f5es neles contidas utilizados como fundamento da tomada de decis\u00e3o ou de edi\u00e7\u00e3o de ato administrativo, sendo assegurada a partir da edi\u00e7\u00e3o do ato respectivo.<\/p>\r\n<p>Art. 14 A participa\u00e7\u00e3o dos membros deste \u00f3rg\u00e3o colegiado ser\u00e1 considerada presta\u00e7\u00e3o de servi\u00e7o p\u00fablico relevante, e n\u00e3o ser\u00e1 remunerada.<\/p>\r\n<p>Par\u00e1grafo \u00fanico. As atividades do N\u00facleo Docente Estruturante e de seus membros n\u00e3o poder\u00e1 causar preju\u00edzo \u00e0 presta\u00e7\u00e3o do servi\u00e7o p\u00fablico pelo servidor membro do Colegiado.<\/p>\r\n\r\n<p>Art. 15 As reuni\u00f5es deste \u00f3rg\u00e3o colegiado cujos membros estejam em entes federativos diversos ser\u00e3o realizadas por videoconfer\u00eancia.<\/p>\r\n<p>Par\u00e1grafo \u00fanico. Na hip\u00f3tese de ser demonstrada, de modo fundamentado, a inviabilidade ou a inconveni\u00eancia de se realizar a reuni\u00e3o por videoconfer\u00eancia, ser\u00e3o estimados os gastos com di\u00e1rias e passagens dos membros deste colegiado, assim como, a comprova\u00e7\u00e3o da disponibilidade or\u00e7ament\u00e1ria e financeira para o exerc\u00edcio em curso.<\/p>\r\n\r\n<p>Art. 16 Ser\u00e1 permitida a cria\u00e7\u00e3o de Subcolegiados para execu\u00e7\u00e3o de trabalhos espec\u00edficos, limitado ao n\u00famero m\u00e1ximo de 5 (cinco) subcolegiados concomitantes, com car\u00e1ter tempor\u00e1rio e n\u00e3o superior a 1 (um) ano, de acordo com o n\u00famero m\u00e1ximo de membros.<\/p>\r\n<p>Par\u00e1grafo \u00fanico. A mera necessidade de reuni\u00f5es eventuais para debate, articula\u00e7\u00e3o ou trabalho que envolva agentes p\u00fablicos da administra\u00e7\u00e3o p\u00fablica federal n\u00e3o ser\u00e1 admitida como fundamento para as propostas de que trata o caput.<\/p>\r\n\r\n<p>Art. 17 Esta Resolu\u00e7\u00e3o entra em vigor na data de sua assinatura, revogadas as disposi\u00e7\u00f5es em contr\u00e1rio.<\/p>\r\n\r\n<p>GABINETE DO REITOR DA UNIVERSIDADE FEDERAL DE SANTA MARIA, aos 13 dias do m\u00eas de dezembro do ano 2019.<\/p>\r\n<\/div>\r\n<p>Luciano Schuch,<\/p>\r\n<p>Vice-Reitor no exerc\u00edcio da Reitoria.<p \/>\r\n\r\n<p><font color=\"red0000\">Este texto n\u00e3o substitui o documento original, publicado no Portal de Documentos.<\/font> Dispon\u00edvel em: <a href=\"https:\/\/portal.ufsm.br\/documentos\/publico\/documento.html?id=12910462\"><font color=\"blue\">https:\/\/portal.ufsm.br\/documentos\/publico\/documento.html?id=12910462<\/font><\/a>\r\n\r\n\t\t<\/div>\n\t\t\t\t<\/div>\n\t\t\t\t\t<\/div>\n\t\t<\/div>\n\t\t\t\t\t<\/div>\n\t\t<\/section>\n\t\t\t\t<\/div>\n\t\t","protected":false},"excerpt":{"rendered":"<p>RESOLU\u00c7\u00c3O N. 043\/2019 MINIST\u00c9RIO DA EDUCA\u00c7\u00c3O UNIVERSIDADE FEDERAL DE SANTA MARIA RESOLU\u00c7\u00c3O N. 043\/2019 Aprova a recria\u00e7\u00e3o do N\u00facleo Docente Estruturante &#8211; NDE no \u00e2mbito dos Cursos de Gradua\u00e7\u00e3o da Universidade Federal de Santa Maria (UFSM) e revoga a Resolu\u00e7\u00e3o 031\/2017 da UFSM. O REITOR DA UNIVERSIDADE FEDERAL DE SANTA MARIA, no uso de suas [&hellip;]<\/p>\n","protected":false},"author":205,"featured_media":0,"parent":0,"menu_order":0,"comment_status":"closed","ping_status":"closed","template":"","meta":{"footnotes":""},"categories":[],"tags":[],"class_list":["post-3032","page","type-page","status-publish","hentry"],"acf":[],"_links":{"self":[{"href":"https:\/\/www.ufsm.br\/pro-reitorias\/proplan\/wp-json\/wp\/v2\/pages\/3032","targetHints":{"allow":["GET"]}}],"collection":[{"href":"https:\/\/www.ufsm.br\/pro-reitorias\/proplan\/wp-json\/wp\/v2\/pages"}],"about":[{"href":"https:\/\/www.ufsm.br\/pro-reitorias\/proplan\/wp-json\/wp\/v2\/types\/page"}],"author":[{"embeddable":true,"href":"https:\/\/www.ufsm.br\/pro-reitorias\/proplan\/wp-json\/wp\/v2\/users\/205"}],"replies":[{"embeddable":true,"href":"https:\/\/www.ufsm.br\/pro-reitorias\/proplan\/wp-json\/wp\/v2\/comments?post=3032"}],"version-history":[{"count":0,"href":"https:\/\/www.ufsm.br\/pro-reitorias\/proplan\/wp-json\/wp\/v2\/pages\/3032\/revisions"}],"wp:attachment":[{"href":"https:\/\/www.ufsm.br\/pro-reitorias\/proplan\/wp-json\/wp\/v2\/media?parent=3032"}],"wp:term":[{"taxonomy":"category","embeddable":true,"href":"https:\/\/www.ufsm.br\/pro-reitorias\/proplan\/wp-json\/wp\/v2\/categories?post=3032"},{"taxonomy":"post_tag","embeddable":true,"href":"https:\/\/www.ufsm.br\/pro-reitorias\/proplan\/wp-json\/wp\/v2\/tags?post=3032"}],"curies":[{"name":"wp","href":"https:\/\/api.w.org\/{rel}","templated":true}]}}