{"id":3066,"date":"2020-01-22T13:05:43","date_gmt":"2020-01-22T16:05:43","guid":{"rendered":"https:\/\/www.ufsm.br\/pro-reitorias\/proplan\/?page_id=3066"},"modified":"2020-05-25T14:56:49","modified_gmt":"2020-05-25T17:56:49","slug":"resolucao-n-024-2008","status":"publish","type":"page","link":"https:\/\/www.ufsm.br\/pro-reitorias\/proplan\/resolucao-n-024-2008","title":{"rendered":"Resolu\u00e7\u00e3o N. 024\/2008"},"content":{"rendered":"\t\t<div data-elementor-type=\"wp-page\" data-elementor-id=\"3066\" class=\"elementor elementor-3066\">\n\t\t\t\t\t\t<section class=\"elementor-section elementor-top-section elementor-element elementor-element-0570973 elementor-section-boxed elementor-section-height-default elementor-section-height-default\" data-id=\"0570973\" data-element_type=\"section\">\n\t\t\t\t\t\t<div class=\"elementor-container elementor-column-gap-default\">\n\t\t\t\t\t<div class=\"elementor-column elementor-col-100 elementor-top-column elementor-element elementor-element-31925d8\" data-id=\"31925d8\" data-element_type=\"column\">\n\t\t\t<div class=\"elementor-widget-wrap elementor-element-populated\">\n\t\t\t\t\t\t<div class=\"elementor-element elementor-element-55d828c elementor-widget elementor-widget-html\" data-id=\"55d828c\" data-element_type=\"widget\" data-widget_type=\"html.default\">\n\t\t\t\t<div class=\"elementor-widget-container\">\n\t\t\t\r\n\r\n\r\n<title><b>RESOLU\u00c7\u00c3O N. 024\/2008<\/b><\/title>\r\n\r\n\r\n<div align=\"center\"><img decoding=\"async\" src=\"https:\/\/www.ufsm.br\/pro-reitorias\/proplan\/wp-content\/uploads\/sites\/344\/2019\/09\/brasao-da-republica-do-brasil-logo.png\" alt=\"Bras\u00e3o Rep\u00fablica Federativa do Brasil\" width=\"6%\" height=\"6%\"><\/div>    \r\n<h1><font color=\"blue\"><font size=\"5\"><div align=\"center\">MINIST\u00c9RIO DA EDUCA\u00c7\u00c3O<\/b><\/font><\/font><\/div><\/H1>\r\n<p><b><font color=\"0000blue\"><div align=\"center\">UNIVERSIDADE FEDERAL DE SANTA MARIA<\/b><\/font><\/div><\/p>\r\n\r\n<p><div align=\"center\"><b><a href=\"https:\/\/portal.ufsm.br\/documentos\/publico\/documento.html?id=5226332\"><font color=\"blue\">RESOLU\u00c7\u00c3O N. 024\/2008<\/font><\/a><\/b><\/div><\/p>\r\n<br>\r\n<p><div align=\"right\"><font color=\"800000\">Sistematiza o processo de participa\u00e7\u00e3o de Docentes de outras IES e Bolsistas Rec\u00e9m-Doutores e Rec\u00e9m-Mestres em atividades de Ensino, Pesquisa e Extens\u00e3o da UFSM<\/font><\/div><\/p>\r\n<br><div align=\"justify\">\r\n<p>O REITOR DA UNIVERSIDADE FEDERAL DE SANTA MARIA, no uso de suas atribui\u00e7\u00f5es legais e estatut\u00e1rias e considerando:<\/p>\r\n<p>- a <a href=\"https:\/\/www.ufsm.br\/pro-reitorias\/proplan\/resolucao-n-018-2008\/\" target=\"_blank\"><font color=\"blue\"><u>Resolu\u00e7\u00e3o n. 018\/08<\/u><\/font><\/a> que regulamenta o Programa Especial para participa\u00e7\u00e3o em Atividades de Ensino, Pesquisa e Extens\u00e3o da UFSM, de docentes de outras IES, bolsistas rec\u00e9m-doutores e rec\u00e9m mestres;\/p&gt;\r\n<p>- a necessidade de disciplinar a operacionaliza\u00e7\u00e3o dessa pr\u00e1tica no \u00e2mbito da UFSM;\/p&gt;\r\n<p>- o Parecer n. 159\/08, aprovado na 687\u00aa Sess\u00e3o do Conselho de Ensino, Pesquisa e Extens\u00e3o, de 31.10.08, conforme Processo n. <a href=\"https:\/\/portal.ufsm.br\/documentos\/publico\/processo\/documento.html?idDocumento=3421917\" target=\"_blank\"><font color=\"blue\"><u>23081.015189\/2008-43<\/u><\/font><\/a>;<\/p>\r\n<br>\r\n<p><b><div align=\"center\">RESOLVE:<\/b><\/div><\/p>\r\n<br>\r\n<p>Art. 1\u00ba Sistematizar o processo de participa\u00e7\u00e3o de Docentes de outras IES e Bolsistas Rec\u00e9m-Doutores e Rec\u00e9m-Mestres em atividades de Ensino, Pesquisa e Extens\u00e3o da UFSM.<\/p>\r\n<p>Art. 2\u00ba O processo de participa\u00e7\u00e3o de professores de outras IES ter\u00e1 origem na subunidade e ser\u00e1, ap\u00f3s aprova\u00e7\u00e3o do colegiado da respectiva subunidade e do Conselho de Centro, encaminhado ao Gabinete do Reitor para assinatura do <a href=\"https:\/\/www.ufsm.br\/pro-reitorias\/proplan\/resolucao-n-024-2008-termo-de-adesao\/\" target=\"_blank\"><font color=\"blue\"><u>Termo de Ades\u00e3o<\/u><\/font><\/a>.<\/p>\r\n<p>Par\u00e1grafo \u00fanico. O Termo de Ades\u00e3o ser\u00e1 assinado pelo Reitor e pelo professor participante de outra IES e encaminhado \u00e0 Pr\u00f3-Reitoria de Recursos Humanos para o cadastramento.<\/p>\r\n\r\n<p>Art. 3\u00ba Caber\u00e1 \u00e0 Pr\u00f3-Reitoria de Recursos Humanos o cadastramento ao Programa Especial para participa\u00e7\u00e3o de professores de outras IES (nacionais e estrangeiras) e ao Programa Especial para participa\u00e7\u00e3o de Bolsistas rec\u00e9m-doutores e rec\u00e9m-mestres, cumpridas as exig\u00eancias do par\u00e1grafo \u00fanico do art. 2\u00ba e inciso I do art. 3\u00ba, da <a href=\"https:\/\/www.ufsm.br\/pro-reitorias\/proplan\/resolucao-n-018-2008\/\" target=\"_blank\"><font color=\"blue\"><u>Resolu\u00e7\u00e3o n. 18\/08<\/u><\/font><\/a>.<\/p>\r\n<p>Par\u00e1grafo \u00danico. No caso de o participante pertencer a uma Institui\u00e7\u00e3o estrangeira dever\u00e1 apresentar, por ocasi\u00e3o do cadastramento, a documenta\u00e7\u00e3o exigida pelo Consulado ou Embaixada do Brasil em seu pa\u00eds de origem.<\/p>\r\n\r\n<p>Art. 4\u00ba O cadastramento do participante dar-se-\u00e1 mediante sua inclus\u00e3o no m\u00f3dulo de Recursos Humanos do SIE, identificada a sua vincula\u00e7\u00e3o ao respectivo programa de participa\u00e7\u00e3o e \u00e0 unidade de lota\u00e7\u00e3o para efeitos de atribui\u00e7\u00e3o de encargos did\u00e1ticos.<\/p>\r\n<p>Art. 5\u00ba Caber\u00e1 ao DERCA a inclus\u00e3o do respectivo docente na oferta de disciplina, ap\u00f3s cumpridas todas as formalidades contidas na presente resolu\u00e7\u00e3o.<\/p>\r\n<p>Art. 6\u00ba Ao participante ser\u00e1 vedado o exerc\u00edcio de cargo de Dire\u00e7\u00e3o ou Fun\u00e7\u00e3o Gratificada e das demais fun\u00e7\u00f5es administrativas privativas de docentes do Quadro Permanente de Pessoal da Universidade, e a participa\u00e7\u00e3o em \u00f3rg\u00e3os colegiados e em processos eleitorais.<\/p>\r\n<p>Art. 7\u00ba Durante a vig\u00eancia do Termo de Ades\u00e3o, o participante ficar\u00e1 sujeito ao cumprimento das normas institucionais.<\/p>\r\n\r\n<p>Art. 8\u00ba O termo de ades\u00e3o poder\u00e1 ter seus efeitos cessados nos seguintes casos:<\/p>\r\n<p>I - por iniciativa do volunt\u00e1rio;<\/p>\r\n<p>II - por iniciativa do Colegiado da subunidade;<\/p>\r\n<p>III - por motivo de for\u00e7a maior e em casos de doen\u00e7a.<\/p>\r\n<p>\u00a7 1\u00ba Na ocorr\u00eancia da situa\u00e7\u00e3o prevista no inciso I, dever\u00e1 o volunt\u00e1rio comunicar a sua decis\u00e3o ao chefe da subunidade com anteced\u00eancia m\u00ednima de trinta dias.<\/p>\r\n<p>\u00a7 2\u00ba As situa\u00e7\u00f5es previstas nos incisos I, II e III dever\u00e3o ser formalizadas mediante <a href=\"https:\/\/www.ufsm.br\/pro-reitorias\/proplan\/resolucao-n-024-2008-termo-de-distrato\/\" target=\"_blank\"><font color=\"blue\"><u>Distrato, conforme o Anexo II<\/u><\/font><\/a>.<\/p>\r\n<p>\u00a7 3\u00ba Em qualquer das situa\u00e7\u00f5es previstas neste artigo, o desligamento do participante dever\u00e1 ser comunicado \u00e0 Pr\u00f3-Reitoria de Recursos Humanos.<\/p>\r\n\r\n<p>Art. 9\u00ba Durante a vig\u00eancia do termo de ades\u00e3o, o participante estar\u00e1 obrigatoriamente coberto por um seguro contra acidentes pessoais, a ser providenciado pela Universidade Federal de Santa Maria, por meio do repasse or\u00e7ament\u00e1rio da unidade universit\u00e1ria a qual o participante estiver vinculado \u00e0 Pr\u00f3-Reitoria de Administra\u00e7\u00e3o.<\/p>\r\n<p>Art. 10. Ao final da vig\u00eancia do termo de ades\u00e3o, o participante receber\u00e1 certificado comprobat\u00f3rio de sua atividade, emitido pelo Departamento de Registro e Controle Acad\u00eamico - DERCA e assinado pelo Reitor e pelo dirigente da respectiva subunidade.<\/p>\r\n<p>Art. 11. O diretor da unidade universit\u00e1ria poder\u00e1, atendendo \u00e0 solicita\u00e7\u00e3o do respectivo dirigente da subunidade, autorizar previamente despesas relacionadas com as atividades desenvolvidas pelo participante, observadas a disponibilidade or\u00e7ament\u00e1ria e as normas legais pertinentes.<\/p>\r\n<p>Art. 12. Ao participante ficar\u00e1 assegurado o direito de utiliza\u00e7\u00e3o da infra-estrutura de ensino e pesquisa e dos servi\u00e7os t\u00e9cnico-administrativos da Universidade necess\u00e1rios para o desenvolvimento do seu plano de atividades, bem como o direito de utiliza\u00e7\u00e3o das Bibliotecas Central e setoriais.<\/p>\r\n<p>Art. 13. A titularidade, a confiabilidade e os ganhos econ\u00f4micos relacionados \u00e0 cria\u00e7\u00e3o intelectual decorrente da presta\u00e7\u00e3o de servi\u00e7o de que trata esta resolu\u00e7\u00e3o estar\u00e3o sujeitos, em mat\u00e9ria de direito de propriedade intelectual, \u00e0 aplica\u00e7\u00e3o das disposi\u00e7\u00f5es legais vigentes.<\/p>\r\n<p>Art. 14. Esta resolu\u00e7\u00e3o entra em vigor na data de sua publica\u00e7\u00e3o, revogadas as disposi\u00e7\u00f5es em contr\u00e1rio.<\/p>\r\n\r\n<p>GABINETE DO REITOR DA UNIVERSIDADE FEDERAL DE SANTA MARIA, aos tr\u00eas dias do m\u00eas de novembro do ano dois mil e oito.<\/p>\r\n<\/div>\r\n<p>Clovis Silva Lima,<\/p>\r\n<p>Reitor.<\/p>\r\n\r\n<p><font color=\"red0000\">Este texto n\u00e3o substitui o documento original, publicado no Portal de Documentos.<\/font> Dispon\u00edvel em: <a href=\"https:\/\/portal.ufsm.br\/documentos\/publico\/documento.html?id=5226332\"><font color=\"blue\">https:\/\/portal.ufsm.br\/documentos\/publico\/documento.html?id=5226332<\/font><\/a>\r\n\r\n\t\t<\/div>\n\t\t\t\t<\/div>\n\t\t\t\t\t<\/div>\n\t\t<\/div>\n\t\t\t\t\t<\/div>\n\t\t<\/section>\n\t\t\t\t<\/div>\n\t\t","protected":false},"excerpt":{"rendered":"<p>RESOLU\u00c7\u00c3O N. 024\/2008 MINIST\u00c9RIO DA EDUCA\u00c7\u00c3O UNIVERSIDADE FEDERAL DE SANTA MARIA RESOLU\u00c7\u00c3O N. 024\/2008 Sistematiza o processo de participa\u00e7\u00e3o de Docentes de outras IES e Bolsistas Rec\u00e9m-Doutores e Rec\u00e9m-Mestres em atividades de Ensino, Pesquisa e Extens\u00e3o da UFSM O REITOR DA UNIVERSIDADE FEDERAL DE SANTA MARIA, no uso de suas atribui\u00e7\u00f5es legais e estatut\u00e1rias e [&hellip;]<\/p>\n","protected":false},"author":205,"featured_media":0,"parent":0,"menu_order":0,"comment_status":"closed","ping_status":"closed","template":"","meta":{"footnotes":""},"categories":[],"tags":[],"class_list":["post-3066","page","type-page","status-publish","hentry"],"acf":[],"_links":{"self":[{"href":"https:\/\/www.ufsm.br\/pro-reitorias\/proplan\/wp-json\/wp\/v2\/pages\/3066","targetHints":{"allow":["GET"]}}],"collection":[{"href":"https:\/\/www.ufsm.br\/pro-reitorias\/proplan\/wp-json\/wp\/v2\/pages"}],"about":[{"href":"https:\/\/www.ufsm.br\/pro-reitorias\/proplan\/wp-json\/wp\/v2\/types\/page"}],"author":[{"embeddable":true,"href":"https:\/\/www.ufsm.br\/pro-reitorias\/proplan\/wp-json\/wp\/v2\/users\/205"}],"replies":[{"embeddable":true,"href":"https:\/\/www.ufsm.br\/pro-reitorias\/proplan\/wp-json\/wp\/v2\/comments?post=3066"}],"version-history":[{"count":0,"href":"https:\/\/www.ufsm.br\/pro-reitorias\/proplan\/wp-json\/wp\/v2\/pages\/3066\/revisions"}],"wp:attachment":[{"href":"https:\/\/www.ufsm.br\/pro-reitorias\/proplan\/wp-json\/wp\/v2\/media?parent=3066"}],"wp:term":[{"taxonomy":"category","embeddable":true,"href":"https:\/\/www.ufsm.br\/pro-reitorias\/proplan\/wp-json\/wp\/v2\/categories?post=3066"},{"taxonomy":"post_tag","embeddable":true,"href":"https:\/\/www.ufsm.br\/pro-reitorias\/proplan\/wp-json\/wp\/v2\/tags?post=3066"}],"curies":[{"name":"wp","href":"https:\/\/api.w.org\/{rel}","templated":true}]}}