{"id":3073,"date":"2020-01-22T14:42:54","date_gmt":"2020-01-22T17:42:54","guid":{"rendered":"https:\/\/www.ufsm.br\/pro-reitorias\/proplan\/?page_id=3073"},"modified":"2020-05-25T14:57:05","modified_gmt":"2020-05-25T17:57:05","slug":"resolucao-n-024-2008-termo-de-distrato","status":"publish","type":"page","link":"https:\/\/www.ufsm.br\/pro-reitorias\/proplan\/resolucao-n-024-2008-termo-de-distrato","title":{"rendered":"Resolu\u00e7\u00e3o N. 024\/2008 &#8211; Termo de Distrato"},"content":{"rendered":"\t\t<div data-elementor-type=\"wp-page\" data-elementor-id=\"3073\" class=\"elementor elementor-3073\">\n\t\t\t\t\t\t<section class=\"elementor-section elementor-top-section elementor-element elementor-element-aa04345 elementor-section-boxed elementor-section-height-default elementor-section-height-default\" data-id=\"aa04345\" data-element_type=\"section\">\n\t\t\t\t\t\t<div class=\"elementor-container elementor-column-gap-default\">\n\t\t\t\t\t<div class=\"elementor-column elementor-col-100 elementor-top-column elementor-element elementor-element-845d686\" data-id=\"845d686\" data-element_type=\"column\">\n\t\t\t<div class=\"elementor-widget-wrap elementor-element-populated\">\n\t\t\t\t\t\t<div class=\"elementor-element elementor-element-b51e2d3 elementor-widget elementor-widget-html\" data-id=\"b51e2d3\" data-element_type=\"widget\" data-widget_type=\"html.default\">\n\t\t\t\t<div class=\"elementor-widget-container\">\n\t\t\t\r\n\r\n\r\n<title><b>RESOLU\u00c7\u00c3O N. 024\/2008 - Termo de Distrato<\/b><\/title>\r\n\r\n\r\n<div align=\"center\"><img decoding=\"async\" src=\"https:\/\/www.ufsm.br\/pro-reitorias\/proplan\/wp-content\/uploads\/sites\/344\/2019\/09\/brasao-da-republica-do-brasil-logo.png\" alt=\"Bras\u00e3o Rep\u00fablica Federativa do Brasil\" width=\"6%\" height=\"6%\"><\/div>    \r\n<h1><font color=\"blue\"><font size=\"5\"><div align=\"center\">MINIST\u00c9RIO DA EDUCA\u00c7\u00c3O<\/b><\/font><\/font><\/div><\/H1>\r\n<p><b><font color=\"0000blue\"><div align=\"center\">UNIVERSIDADE FEDERAL DE SANTA MARIA<\/b><\/font><\/div><\/p>\r\n\r\n<p><div align=\"center\"><b><a href=\"https:\/\/portal.ufsm.br\/documentos\/publico\/documento.html?id=12921631\"><font color=\"blue\">TERMO DE DISTRATO<\/font><\/a><\/b><\/div><\/p>\r\n<br>\r\n<br><div align=\"justify\">\r\n<div align=\"center\"><img decoding=\"async\" src=\"https:\/\/www.ufsm.br\/pro-reitorias\/proplan\/wp-content\/uploads\/sites\/344\/2020\/01\/RES_GR_2008_024-CABE\u00c7ALHO-TERMO-DE-DISTRATO.jpg\" alt=\"Termo de Distrato\" width=\"100%\" height=\"100%\"><\/div>    \r\n<p>\t\t\r\n<table><table width=\"55%\">\r\n<tr><td><p><b>TERMO DE DISTRATO<\/b><\/p>\r\n<br>\r\n<p>Pelo presente, a Universidade Federal de Santa Maria, doravante denominada PRIMEIRA DISTRATANTE, representada pelo seu Reitor, ................................................... CPF n ...................................... RG n ...................................... e ........................................... CPF n ...................................... RG n ......................................, interessado no Programa Especial para Participa\u00e7\u00e3o em Atividades de Ensino, Pesquisa e Extens\u00e3o, residente e domiciliado na ..............................................., na cidade de ................................. doravante denominado DISTRATANTE, resolvem, de comum acordo com fundamento na <a href=\"http:\/\/www.planalto.gov.br\/ccivil_03\/leis\/l9608.htm\" target=\"_blank\"><font color=\"blue\"><u>Lei n. 9.608\/98<\/u><\/font><\/a>, de .......\/ .......\/ ...........,  celebrar o presente TERMO DE DISTRATO mediante as seguintes condi\u00e7\u00f5es:<\/p>\r\n<p>- considerando a exist\u00eancia de um Termo de Ades\u00e3o firmado entre a PRIMEIRA DISTRATANTE E o SEGUNDO DISTRATANTE em .......\/ .......\/ ........... .<\/p>\r\n<p>- considerando que n\u00e3o h\u00e1 mais interesse das partes em manter vigente o Contrato de Ades\u00e3o supra mencionado, t\u00eam ambas entre si justo e acordado o presente DISTRATO, o qual se reger\u00e1 pelas cl\u00e1usulas e condi\u00e7\u00f5es seguintes:<\/p>\r\n<br>\r\n<p>CL\u00c1USULA PRIMEIRA<\/p>\r\n<p>A partir da presente data fica efetivamente distratado e revogado o Termo de Ades\u00e3o n ...... acima mencionado.<\/p>\r\n<br>\r\n<p>CL\u00c1USULA SEGUNDA<\/p>\r\n<p>As partes declaram-se quitadas, mutuante, de todas e quaisquer obriga\u00e7\u00f5es inerentes ao contrato ora resilido, aceitando o presente instrumento em seus expressos termos, para nada mais virem a reclamar uma da outra, seja a que t\u00edtulo for, com rela\u00e7\u00e3o ao referido Termo de .................<\/p>\r\n<br>\r\n<br>\r\n<br>\r\n<p>E por estarem justas e acertadas. formalizam as partes o presente TERMO DE DISTRATO, assinado em quatro vias de igual teor e na presen\u00e7a de duas testemunhas.<\/p>\r\n<br>\r\n<br>\r\n<p><div align=\"right\">Santa Maria, ....... de........................................ de...................<\/div><\/p>\r\n<br>\r\n<br>\r\n<p>Participante                                                                                                      <p><div align=\"right\">Clovis Silva Lima,<\/div><\/p>\r\n<p><div align=\"right\">Reitor da UFSM.<\/div><\/p>\r\n<br>\r\n<br>\r\n<br>\r\n<br>\r\n<p>Testemunhas:<\/p>\r\n<br>\r\n<br>\r\n<p>1 Nome:<\/p>\r\n<p>CPF<\/p>\r\n<br>\r\n<p>2 Nome:<\/p>\r\n<p>CPF<\/p>\r\n<br>\r\n<br>\r\n<br>\r\n<br>\r\n<br>\r\n<br>\r\n<\/td><\/div><\/tr>\r\n<\/div><\/table>\r\n\r\n<\/p>\r\n\r\n<p><font color=\"red0000\">Este texto n\u00e3o substitui o documento original, publicado no Portal de Documentos.<\/font> Dispon\u00edvel em: <a href=\"https:\/\/portal.ufsm.br\/documentos\/publico\/documento.html?id=12921631\"><font color=\"blue\">https:\/\/portal.ufsm.br\/documentos\/publico\/documento.html?id=12921631<\/font><\/a>\r\n\r\n\t\t<\/div>\n\t\t\t\t<\/div>\n\t\t\t\t\t<\/div>\n\t\t<\/div>\n\t\t\t\t\t<\/div>\n\t\t<\/section>\n\t\t\t\t<\/div>\n\t\t","protected":false},"excerpt":{"rendered":"<p>RESOLU\u00c7\u00c3O N. 024\/2008 &#8211; Termo de Distrato MINIST\u00c9RIO DA EDUCA\u00c7\u00c3O UNIVERSIDADE FEDERAL DE SANTA MARIA TERMO DE DISTRATO TERMO DE DISTRATO Pelo presente, a Universidade Federal de Santa Maria, doravante denominada PRIMEIRA DISTRATANTE, representada pelo seu Reitor, &#8230;&#8230;&#8230;&#8230;&#8230;&#8230;&#8230;&#8230;&#8230;&#8230;&#8230;&#8230;&#8230;&#8230;&#8230;&#8230;&#8230; CPF n &#8230;&#8230;&#8230;&#8230;&#8230;&#8230;&#8230;&#8230;&#8230;&#8230;&#8230;&#8230;.. RG n &#8230;&#8230;&#8230;&#8230;&#8230;&#8230;&#8230;&#8230;&#8230;&#8230;&#8230;&#8230;.. e &#8230;&#8230;&#8230;&#8230;&#8230;&#8230;&#8230;&#8230;&#8230;&#8230;&#8230;&#8230;&#8230;&#8230;. CPF n &#8230;&#8230;&#8230;&#8230;&#8230;&#8230;&#8230;&#8230;&#8230;&#8230;&#8230;&#8230;.. RG n &#8230;&#8230;&#8230;&#8230;&#8230;&#8230;&#8230;&#8230;&#8230;&#8230;&#8230;&#8230;.., interessado no Programa [&hellip;]<\/p>\n","protected":false},"author":205,"featured_media":0,"parent":0,"menu_order":0,"comment_status":"closed","ping_status":"closed","template":"","meta":{"footnotes":""},"categories":[],"tags":[],"class_list":["post-3073","page","type-page","status-publish","hentry"],"acf":[],"_links":{"self":[{"href":"https:\/\/www.ufsm.br\/pro-reitorias\/proplan\/wp-json\/wp\/v2\/pages\/3073","targetHints":{"allow":["GET"]}}],"collection":[{"href":"https:\/\/www.ufsm.br\/pro-reitorias\/proplan\/wp-json\/wp\/v2\/pages"}],"about":[{"href":"https:\/\/www.ufsm.br\/pro-reitorias\/proplan\/wp-json\/wp\/v2\/types\/page"}],"author":[{"embeddable":true,"href":"https:\/\/www.ufsm.br\/pro-reitorias\/proplan\/wp-json\/wp\/v2\/users\/205"}],"replies":[{"embeddable":true,"href":"https:\/\/www.ufsm.br\/pro-reitorias\/proplan\/wp-json\/wp\/v2\/comments?post=3073"}],"version-history":[{"count":0,"href":"https:\/\/www.ufsm.br\/pro-reitorias\/proplan\/wp-json\/wp\/v2\/pages\/3073\/revisions"}],"wp:attachment":[{"href":"https:\/\/www.ufsm.br\/pro-reitorias\/proplan\/wp-json\/wp\/v2\/media?parent=3073"}],"wp:term":[{"taxonomy":"category","embeddable":true,"href":"https:\/\/www.ufsm.br\/pro-reitorias\/proplan\/wp-json\/wp\/v2\/categories?post=3073"},{"taxonomy":"post_tag","embeddable":true,"href":"https:\/\/www.ufsm.br\/pro-reitorias\/proplan\/wp-json\/wp\/v2\/tags?post=3073"}],"curies":[{"name":"wp","href":"https:\/\/api.w.org\/{rel}","templated":true}]}}