{"id":3074,"date":"2020-01-22T14:42:49","date_gmt":"2020-01-22T17:42:49","guid":{"rendered":"https:\/\/www.ufsm.br\/pro-reitorias\/proplan\/?page_id=3074"},"modified":"2020-01-22T14:43:26","modified_gmt":"2020-01-22T17:43:26","slug":"resolucao-n-024-2008-termo-de-adesao","status":"publish","type":"page","link":"https:\/\/www.ufsm.br\/pro-reitorias\/proplan\/resolucao-n-024-2008-termo-de-adesao","title":{"rendered":"Resolu\u00e7\u00e3o N. 024\/2008 &#8211; Termo de Ades\u00e3o"},"content":{"rendered":"\t\t<div data-elementor-type=\"wp-page\" data-elementor-id=\"3074\" class=\"elementor elementor-3074\">\n\t\t\t\t\t\t<section class=\"elementor-section elementor-top-section elementor-element elementor-element-aeea528 elementor-section-boxed elementor-section-height-default elementor-section-height-default\" data-id=\"aeea528\" data-element_type=\"section\">\n\t\t\t\t\t\t<div class=\"elementor-container elementor-column-gap-default\">\n\t\t\t\t\t<div class=\"elementor-column elementor-col-100 elementor-top-column elementor-element elementor-element-9a0614f\" data-id=\"9a0614f\" data-element_type=\"column\">\n\t\t\t<div class=\"elementor-widget-wrap elementor-element-populated\">\n\t\t\t\t\t\t<div class=\"elementor-element elementor-element-baaf691 elementor-widget elementor-widget-html\" data-id=\"baaf691\" data-element_type=\"widget\" data-widget_type=\"html.default\">\n\t\t\t\t<div class=\"elementor-widget-container\">\n\t\t\t\r\n\r\n\r\n<title><b>RESOLU\u00c7\u00c3O N. 024\/2008 - Termo de Ades\u00e3o<\/b><\/title>\r\n\r\n\r\n<div align=\"center\"><img decoding=\"async\" src=\"https:\/\/www.ufsm.br\/pro-reitorias\/proplan\/wp-content\/uploads\/sites\/344\/2019\/09\/brasao-da-republica-do-brasil-logo.png\" alt=\"Bras\u00e3o Rep\u00fablica Federativa do Brasil\" width=\"6%\" height=\"6%\"><\/div>    \r\n<h1><font color=\"blue\"><font size=\"5\"><div align=\"center\">MINIST\u00c9RIO DA EDUCA\u00c7\u00c3O<\/b><\/font><\/font><\/div><\/H1>\r\n<p><b><font color=\"0000blue\"><div align=\"center\">UNIVERSIDADE FEDERAL DE SANTA MARIA<\/b><\/font><\/div><\/p>\r\n\r\n<p><div align=\"center\"><b><a href=\"https:\/\/portal.ufsm.br\/documentos\/publico\/documento.html?id=12921626\"><font color=\"blue\">TERMO DE ADES\u00c3O<\/font><\/a><\/b><\/div><\/p>\r\n<br>\r\n<div align=\"center\"><img decoding=\"async\" src=\"https:\/\/www.ufsm.br\/pro-reitorias\/proplan\/wp-content\/uploads\/sites\/344\/2020\/01\/RES_GR_2008_024-CABE\u00c7ALHO-TERMO-DE-ADES\u00c3O.jpg\" alt=\"Termo de Ades\u00e3o\" width=\"100%\" height=\"100%\"><\/div>    \r\n<p>\r\n<br><div align=\"justify\">\r\n<p>\t\t\r\n<table><table width=\"55%\">\r\n<tr><td><p><b>TERMO DE ADES\u00c3O<\/b><\/p>\r\n<br>\r\n<p>Pelo presente, a Universidade Federal de Santa Maria, doravante denominada UFSM, representada pelo seu Reitor, ................................................................................................ CPF n ........................................ RG n ........................................ e ........................................... CPF n ........................................ RG n ........................................, interessado no Programa Especial para Participa\u00e7\u00e3o em Atividades de Ensino, Pesquisa e Extens\u00e3o, residente e domiciliado na ............................................................., na cidade de ......................................... doravante denominado PARTICIPANTE, resolvem, de comum acordo e nos termos da Resolu\u00e7\u00e3o n ..........., de .......\/ .......\/ ..........., celebrar o presente TERMO DE ADES\u00c3O mediante as seguintes condi\u00e7\u00f5es:<\/p>\r\n<br>\r\n<p>CL\u00c1USULA PRIMEIRA<\/p>\r\n<p>O PARTICIPANTE realizar\u00e1, na junto ao Departamento de .............................................., no per\u00edodo de .......\/ .......\/ ..........., as atividades discriminadas no respectivo Programa de Trabalho, devidamente aprovado pelo Colegiado do Departamento e que, sob a forma de anexo, integra este Termo, observadas as normas institucionais pertinentes.<\/p>\r\n<br>\r\n<p>CL\u00c1USULA SEGUNDA<\/p>\r\n<p>No desempenho de suas atividades e em conson\u00e2ncia com as normas estabelecidas pela subunidade, ficar\u00e1 assegurado ao PARTICIPANTE o direito de utiliza\u00e7\u00e3o de toda a infra-estrutura de ensino e pesquisa e dos servi\u00e7os t\u00e9cnico-administrativos, bem como o direito de utiliza\u00e7\u00e3o da Biblioteca Universit\u00e1ria e do Restaurante Universit\u00e1rio.<\/p>\r\n<br>\r\n<p>CL\u00c1USULA TERCEIRA<\/p>\r\n<p>O desenvolvimento das atividades ser\u00e1 realizado de forma espont\u00e2nea, sem percebimento de contrapresta\u00e7\u00e3o financeira ou de qualquer remunera\u00e7\u00e3o e n\u00e3o gerar\u00e1 v\u00ednculo empregat\u00edcio com aUFSM, nem obriga\u00e7\u00f5es de natureza trabalhistas, previdenci\u00e1ria ou afins.<\/p>\r\n<br>\r\n<p>CL\u00c1USULA QUARTA<\/p>\r\n<p>As atividades a serem desenvolvidas pelo PARTICIPANTE que implicarem em despesas obedecer\u00e3o ao disposto na Resolu\u00e7\u00e3o .......\/ .......\/ ........... .<\/p>\r\n<br>\r\n<p>CL\u00c1USULA QUINTA<\/p>\r\n<p>A titularidade, a confidencialidade e os ganhos econ\u00f4micos relacionados \u00e0 cria\u00e7\u00e3o intelectual decorrente da presta\u00e7\u00e3o de servi\u00e7o volunt\u00e1rio, de que trata o presente Termo de Ades\u00e3o. Estar\u00e3o sujeitos, em mat\u00e9ria de direitos de propriedade intelectual, \u00e0 aplica\u00e7\u00e3o das disposi\u00e7\u00f5es legais vigentes.<\/p>\r\n<br>\r\n<br>\r\n<p>E por estarem justas e acertadas. formalizam as partes o presente TERMO DE ADES\u00c3O, assinado em duas vias de igual teor e na presen\u00e7a de duas testemunhas.<\/p>\r\n<br>\r\n<br>\r\n<p><div align=\"right\">Santa Maria, ....... de........................................ de...................<\/div><\/p>\r\n<br>\r\n<br>\r\n<p>Participante                                                                                                    <div align=\"right\">Clovis Silva Lima,<\/div><\/p>\r\n<p><div align=\"right\">Reitor da UFSM.<\/div><\/p>\r\n<br>\r\n<br>\r\n<br>\r\n<br>\r\n<p>Testemunhas:<\/p>\r\n<br>\r\n<br>\r\n<p>1 Nome:<\/p>\r\n<p>CPF<\/p>\r\n<br>\r\n<p>2 Nome:<\/p>\r\n<p>CPF<\/p>\r\n<br>\r\n<br>\r\n<br>\r\n<br>\r\n<br>\r\n<br>\r\n<\/td><\/div><\/tr>\r\n<\/div><\/table>\r\n\r\n<p><font color=\"red0000\">Este texto n\u00e3o substitui o documento original, publicado no Portal de Documentos.<\/font> Dispon\u00edvel em: <a href=\"https:\/\/portal.ufsm.br\/documentos\/publico\/documento.html?id=12921626\"><font color=\"blue\">https:\/\/portal.ufsm.br\/documentos\/publico\/documento.html?id=12921626<\/font><\/a>\r\n\r\n\t\t<\/div>\n\t\t\t\t<\/div>\n\t\t\t\t\t<\/div>\n\t\t<\/div>\n\t\t\t\t\t<\/div>\n\t\t<\/section>\n\t\t\t\t<\/div>\n\t\t","protected":false},"excerpt":{"rendered":"<p>RESOLU\u00c7\u00c3O N. 024\/2008 &#8211; Termo de Ades\u00e3o MINIST\u00c9RIO DA EDUCA\u00c7\u00c3O UNIVERSIDADE FEDERAL DE SANTA MARIA TERMO DE ADES\u00c3O TERMO DE ADES\u00c3O Pelo presente, a Universidade Federal de Santa Maria, doravante denominada UFSM, representada pelo seu Reitor, &#8230;&#8230;&#8230;&#8230;&#8230;&#8230;&#8230;&#8230;&#8230;&#8230;&#8230;&#8230;&#8230;&#8230;&#8230;&#8230;&#8230;&#8230;&#8230;&#8230;&#8230;&#8230;&#8230;&#8230;&#8230;&#8230;&#8230;&#8230;&#8230;&#8230;&#8230;&#8230; CPF n &#8230;&#8230;&#8230;&#8230;&#8230;&#8230;&#8230;&#8230;&#8230;&#8230;&#8230;&#8230;&#8230;. RG n &#8230;&#8230;&#8230;&#8230;&#8230;&#8230;&#8230;&#8230;&#8230;&#8230;&#8230;&#8230;&#8230;. e &#8230;&#8230;&#8230;&#8230;&#8230;&#8230;&#8230;&#8230;&#8230;&#8230;&#8230;&#8230;&#8230;&#8230;. CPF n &#8230;&#8230;&#8230;&#8230;&#8230;&#8230;&#8230;&#8230;&#8230;&#8230;&#8230;&#8230;&#8230;. RG n &#8230;&#8230;&#8230;&#8230;&#8230;&#8230;&#8230;&#8230;&#8230;&#8230;&#8230;&#8230;&#8230;., interessado no Programa Especial [&hellip;]<\/p>\n","protected":false},"author":205,"featured_media":0,"parent":0,"menu_order":0,"comment_status":"closed","ping_status":"closed","template":"","meta":{"footnotes":""},"categories":[],"tags":[],"class_list":["post-3074","page","type-page","status-publish","hentry"],"acf":[],"_links":{"self":[{"href":"https:\/\/www.ufsm.br\/pro-reitorias\/proplan\/wp-json\/wp\/v2\/pages\/3074","targetHints":{"allow":["GET"]}}],"collection":[{"href":"https:\/\/www.ufsm.br\/pro-reitorias\/proplan\/wp-json\/wp\/v2\/pages"}],"about":[{"href":"https:\/\/www.ufsm.br\/pro-reitorias\/proplan\/wp-json\/wp\/v2\/types\/page"}],"author":[{"embeddable":true,"href":"https:\/\/www.ufsm.br\/pro-reitorias\/proplan\/wp-json\/wp\/v2\/users\/205"}],"replies":[{"embeddable":true,"href":"https:\/\/www.ufsm.br\/pro-reitorias\/proplan\/wp-json\/wp\/v2\/comments?post=3074"}],"version-history":[{"count":0,"href":"https:\/\/www.ufsm.br\/pro-reitorias\/proplan\/wp-json\/wp\/v2\/pages\/3074\/revisions"}],"wp:attachment":[{"href":"https:\/\/www.ufsm.br\/pro-reitorias\/proplan\/wp-json\/wp\/v2\/media?parent=3074"}],"wp:term":[{"taxonomy":"category","embeddable":true,"href":"https:\/\/www.ufsm.br\/pro-reitorias\/proplan\/wp-json\/wp\/v2\/categories?post=3074"},{"taxonomy":"post_tag","embeddable":true,"href":"https:\/\/www.ufsm.br\/pro-reitorias\/proplan\/wp-json\/wp\/v2\/tags?post=3074"}],"curies":[{"name":"wp","href":"https:\/\/api.w.org\/{rel}","templated":true}]}}