{"id":3075,"date":"2020-01-22T14:52:41","date_gmt":"2020-01-22T17:52:41","guid":{"rendered":"https:\/\/www.ufsm.br\/pro-reitorias\/proplan\/?page_id=3075"},"modified":"2020-01-22T15:11:07","modified_gmt":"2020-01-22T18:11:07","slug":"anexo-4-regimento-pos","status":"publish","type":"page","link":"https:\/\/www.ufsm.br\/pro-reitorias\/proplan\/anexo-4-regimento-pos","title":{"rendered":"Anexo 4 &#8211; Regimento P\u00f3s"},"content":{"rendered":"\t\t<div data-elementor-type=\"wp-page\" data-elementor-id=\"3075\" class=\"elementor elementor-3075\">\n\t\t\t\t\t\t<section class=\"elementor-section elementor-top-section elementor-element elementor-element-506d21f elementor-section-boxed elementor-section-height-default elementor-section-height-default\" data-id=\"506d21f\" data-element_type=\"section\">\n\t\t\t\t\t\t<div class=\"elementor-container elementor-column-gap-default\">\n\t\t\t\t\t<div class=\"elementor-column elementor-col-100 elementor-top-column elementor-element elementor-element-6c460f7\" data-id=\"6c460f7\" data-element_type=\"column\">\n\t\t\t<div class=\"elementor-widget-wrap elementor-element-populated\">\n\t\t\t\t\t\t<div class=\"elementor-element elementor-element-44c44af elementor-widget elementor-widget-html\" data-id=\"44c44af\" data-element_type=\"widget\" data-widget_type=\"html.default\">\n\t\t\t\t<div class=\"elementor-widget-container\">\n\t\t\t\r\n\r\n\r\n<title><b>ANEXO 4 - REGIMENTO P\u00d3S<\/b><\/title>\r\n\r\n\r\n<div align=\"center\"><img decoding=\"async\" src=\"https:\/\/www.ufsm.br\/pro-reitorias\/proplan\/wp-content\/uploads\/sites\/344\/2019\/09\/brasao-da-republica-do-brasil-logo.png\" alt=\"Bras\u00e3o Rep\u00fablica Federativa do Brasil\" width=\"6%\" height=\"6%\"><\/div>    \r\n<h1><font color=\"blue\"><font size=\"5\"><div align=\"center\">MINIST\u00c9RIO DA EDUCA\u00c7\u00c3O<\/b><\/font><\/font><\/div><\/H1>\r\n<p><b><font color=\"0000blue\"><div align=\"center\">UNIVERSIDADE FEDERAL DE SANTA MARIA<\/b><\/font><\/div><\/p>\r\n\r\n<p><div align=\"center\"><b><a href=\"https:\/\/portal.ufsm.br\/documentos\/publico\/documento.html?id=12896485\"><font color=\"blue\"><strike>Anexo 4<\/strike><\/font><\/a><\/b><\/div><\/p>\r\n<br>\r\n<p><a href=\"https:\/\/www.ufsm.br\/pro-reitorias\/proplan\/resolucao-n-015-2014\/\"><font color=\"blue\">Revogado pela Resolu\u00e7\u00e3o N. 015\/2014<\/font><\/a><\/p>\r\n<br>\r\n<strike>\r\n<p><b><div align=\"center\">ATA DE DEFESA - ESPECIALIZA\u00c7\u00c3O<\/b><\/div><\/p>\r\n<br>\r\n<p>Ao(s) ________________________  dias,  do  m\u00eas  de ______________  do,  ano  de___,   \u00e0s  ____________ horas,  no(a) __________________________________, realizou-se a prova de Defesa de _______________________________________, intitulada ____________________________________________________________ \r\n_________________________________________________________________________________________________________________, de autoria do(a) candidato(a) ______________________________________________, aluno(a)  do  Programa de P\u00f3s-gradua\u00e7\u00e3o em ________________, em n\u00edvel de Especializa\u00e7\u00e3o. A Comiss\u00e3o Examinadora esteve constitu\u00edda pelos professores: _________________________, Presidente, ________________________________ e _________________________________. <\/p>\r\n<p>Conclu\u00eddos os trabalhos de apresenta\u00e7\u00e3o e argui\u00e7\u00e3o, o(a) candidato(a) foi _________________________ pela Comiss\u00e3o Examinadora. Foi concedido um prazo de (   ) dias, para o(a) candidato(a) efetuar as corre\u00e7\u00f5es sugeridas pela Comiss\u00e3o Examinadora e apresentar o trabalho em sua reda\u00e7\u00e3o definitiva, sob pena de n\u00e3o expedi\u00e7\u00e3o do Diploma. E, para constar, foi lavrada a presente ata, que vai assinada pelos membros da Comiss\u00e3o.<\/p>\r\n<br>\r\n<p><div align=\"center\">  _____________________________  &emsp;&emsp;&emsp;&emsp;&emsp;&emsp;&emsp;&emsp; ______________________________ <\/div><br> \r\n<p><div align=\"center\">  Primeiro-Examinador      &emsp;&emsp;&emsp;&emsp;&emsp;&emsp;&emsp;&emsp;&emsp;&emsp;&emsp;&emsp;&emsp;&emsp;&emsp;&emsp; Orientador-Presidente<\/div><br> \r\n<br>   \r\n<p><div align=\"center\"> _____________________________<\/div><br> \r\n<p><div align=\"center\">    Segundo-Examinador <\/div><br>\r\n<br>   \r\n  \r\n<p>(    ) Vide verso: Em caso de altera\u00e7\u00e3o do t\u00edtulo pela Comiss\u00e3o Examinadora<\/p>\r\n \r\n<table><table width=\"55%\">\r\n<tr><td width=\"80\"><p>\u00c0 PRPGP:<\/p><p>Certifico que o(a) candidato(a)  cumpriu com as exig\u00eancias da Comiss\u00e3o Examinadora e do Regulamento do Programa de P\u00f3s-Gradua\u00e7\u00e3o da UFSM.<\/p><p>Em _____\/_____\/_______<\/p><p>Coordenador:<\/p><\/td><td width=\"80\"><p>Ao DERCA:<\/p><p>Para emiss\u00e3o do Certificado\/Diploma.<\/p><br><p>Em _____\/_____\/_______<\/p><p>Pr\u00f3-Reitor:<\/p><\/td><\/div><\/tr>\r\n<\/div><\/table>\r\n<p>Por sugest\u00e3o da Comiss\u00e3o Examinadora, o novo t\u00edtulo passa a ser: ___________________________________________________________________________________________________________________________________<\/div><\/p>\r\n<p>___________________________________________________________________________________________________________________________________<\/div><\/p>\r\n<br>\r\n<br>\r\n<\/strike>\r\n<p><font color=\"red0000\">Este texto n\u00e3o substitui o documento original, publicado no Portal de Documentos.<\/font> Dispon\u00edvel em: <a href=\"https:\/\/portal.ufsm.br\/documentos\/publico\/documento.html?id=12896485\"><font color=\"blue\">https:\/\/portal.ufsm.br\/documentos\/publico\/documento.html?id=12896485<\/font><\/a>\r\n\r\n\t\t<\/div>\n\t\t\t\t<\/div>\n\t\t\t\t\t<\/div>\n\t\t<\/div>\n\t\t\t\t\t<\/div>\n\t\t<\/section>\n\t\t\t\t<\/div>\n\t\t","protected":false},"excerpt":{"rendered":"<p>ANEXO 4 &#8211; REGIMENTO P\u00d3S MINIST\u00c9RIO DA EDUCA\u00c7\u00c3O UNIVERSIDADE FEDERAL DE SANTA MARIA Anexo 4 Revogado pela Resolu\u00e7\u00e3o N. 015\/2014 ATA DE DEFESA &#8211; ESPECIALIZA\u00c7\u00c3O Ao(s) ________________________ dias, do m\u00eas de ______________ do, ano de___, \u00e0s ____________ horas, no(a) __________________________________, realizou-se a prova de Defesa de _______________________________________, intitulada ____________________________________________________________ _________________________________________________________________________________________________________________, de autoria do(a) candidato(a) ______________________________________________, [&hellip;]<\/p>\n","protected":false},"author":205,"featured_media":0,"parent":0,"menu_order":0,"comment_status":"closed","ping_status":"closed","template":"","meta":{"footnotes":""},"categories":[],"tags":[],"class_list":["post-3075","page","type-page","status-publish","hentry"],"acf":[],"_links":{"self":[{"href":"https:\/\/www.ufsm.br\/pro-reitorias\/proplan\/wp-json\/wp\/v2\/pages\/3075","targetHints":{"allow":["GET"]}}],"collection":[{"href":"https:\/\/www.ufsm.br\/pro-reitorias\/proplan\/wp-json\/wp\/v2\/pages"}],"about":[{"href":"https:\/\/www.ufsm.br\/pro-reitorias\/proplan\/wp-json\/wp\/v2\/types\/page"}],"author":[{"embeddable":true,"href":"https:\/\/www.ufsm.br\/pro-reitorias\/proplan\/wp-json\/wp\/v2\/users\/205"}],"replies":[{"embeddable":true,"href":"https:\/\/www.ufsm.br\/pro-reitorias\/proplan\/wp-json\/wp\/v2\/comments?post=3075"}],"version-history":[{"count":0,"href":"https:\/\/www.ufsm.br\/pro-reitorias\/proplan\/wp-json\/wp\/v2\/pages\/3075\/revisions"}],"wp:attachment":[{"href":"https:\/\/www.ufsm.br\/pro-reitorias\/proplan\/wp-json\/wp\/v2\/media?parent=3075"}],"wp:term":[{"taxonomy":"category","embeddable":true,"href":"https:\/\/www.ufsm.br\/pro-reitorias\/proplan\/wp-json\/wp\/v2\/categories?post=3075"},{"taxonomy":"post_tag","embeddable":true,"href":"https:\/\/www.ufsm.br\/pro-reitorias\/proplan\/wp-json\/wp\/v2\/tags?post=3075"}],"curies":[{"name":"wp","href":"https:\/\/api.w.org\/{rel}","templated":true}]}}