{"id":3076,"date":"2020-01-22T14:52:23","date_gmt":"2020-01-22T17:52:23","guid":{"rendered":"https:\/\/www.ufsm.br\/pro-reitorias\/proplan\/?page_id=3076"},"modified":"2020-01-22T15:00:07","modified_gmt":"2020-01-22T18:00:07","slug":"anexo-1-regimento-pos","status":"publish","type":"page","link":"https:\/\/www.ufsm.br\/pro-reitorias\/proplan\/anexo-1-regimento-pos","title":{"rendered":"Anexo 1 &#8211; Regimento P\u00f3s"},"content":{"rendered":"\t\t<div data-elementor-type=\"wp-page\" data-elementor-id=\"3076\" class=\"elementor elementor-3076\">\n\t\t\t\t\t\t<section class=\"elementor-section elementor-top-section elementor-element elementor-element-4e99bd1 elementor-section-boxed elementor-section-height-default elementor-section-height-default\" data-id=\"4e99bd1\" data-element_type=\"section\">\n\t\t\t\t\t\t<div class=\"elementor-container elementor-column-gap-default\">\n\t\t\t\t\t<div class=\"elementor-column elementor-col-100 elementor-top-column elementor-element elementor-element-b1adcef\" data-id=\"b1adcef\" data-element_type=\"column\">\n\t\t\t<div class=\"elementor-widget-wrap elementor-element-populated\">\n\t\t\t\t\t\t<div class=\"elementor-element elementor-element-87d7ecf elementor-widget elementor-widget-html\" data-id=\"87d7ecf\" data-element_type=\"widget\" data-widget_type=\"html.default\">\n\t\t\t\t<div class=\"elementor-widget-container\">\n\t\t\t\r\n\r\n\r\n<title><b>ANEXO 1 - REGIMENTO P\u00d3S<\/b><\/title>\r\n\r\n\r\n<div align=\"center\"><img decoding=\"async\" src=\"https:\/\/www.ufsm.br\/pro-reitorias\/proplan\/wp-content\/uploads\/sites\/344\/2019\/09\/brasao-da-republica-do-brasil-logo.png\" alt=\"Bras\u00e3o Rep\u00fablica Federativa do Brasil\" width=\"6%\" height=\"6%\"><\/div>    \r\n<h1><font color=\"blue\"><font size=\"5\"><div align=\"center\">MINIST\u00c9RIO DA EDUCA\u00c7\u00c3O<\/b><\/font><\/font><\/div><\/H1>\r\n<p><b><font color=\"0000blue\"><div align=\"center\">UNIVERSIDADE FEDERAL DE SANTA MARIA<\/b><\/font><\/div><\/p>\r\n\r\n<p><div align=\"center\"><b><a href=\"https:\/\/portal.ufsm.br\/documentos\/publico\/documento.html?id=12896461\"><font color=\"blue\"><strike>Anexo 1<\/strike><\/font><\/a><\/b><\/div><\/p>\r\n<br>\r\n<p><a href=\"https:\/\/www.ufsm.br\/pro-reitorias\/proplan\/resolucao-n-015-2014\/\"><font color=\"blue\">Revogado pela Resolu\u00e7\u00e3o N. 015\/2014<\/font><\/a><\/p>\r\n<br>\r\n<br>\r\n<strike>\r\n<p><b><div align=\"center\">Protocolo para Realiza\u00e7\u00e3o da Defesa de Exame de Qualifica\u00e7\u00e3o, de Monografia, de Disserta\u00e7\u00e3o ou de Tese (MDT)<\/b><\/div><\/p>\r\n<br>\r\n<p>Os processos de Defesa de Exame de Qualifica\u00e7\u00e3o, de Monografia, de Disserta\u00e7\u00e3o ou de Tese (MDT) dever\u00e3o seguir a seguinte tramita\u00e7\u00e3o:<\/p>\r\n<p>01. Instala\u00e7\u00e3o dos trabalhos pelo presidente da comiss\u00e3o examinadora;<\/p>\r\n<p>02. Apresenta\u00e7\u00e3o dos membros da comiss\u00e3o examinadora;<\/p>\r\n<p>03. Chamada do candidato pelo presidente da comiss\u00e3o examinadora, enunciando o nome completo e o t\u00edtulo da disserta\u00e7\u00e3o ou tese a ser defendida;<\/p>\r\n<p>04. O presidente da comiss\u00e3o examinadora concede a palavra ao candidato para, durante cinquenta minutos, no m\u00e1ximo, fazer a apresenta\u00e7\u00e3o da MDT;<\/p>\r\n<p>05. O presidente da comiss\u00e3o examinadora concede a palavra a cada examinador para arguir o candidato pelo tempo necess\u00e1rio, assegurando ao candidato suficiente tempo para resposta \u00e0s argui\u00e7\u00f5es formuladas;<\/p>\r\n<p>06. Conclu\u00edda a etapa das argui\u00e7\u00f5es e respostas, os membros da comiss\u00e3o examinadora devem se reunir em local privado para atribui\u00e7\u00e3o do conceito \u201cAprovado\u201d ou \u201cN\u00e3o-Aprovado\u201d ao candidato;<\/p>\r\n<p>07. O presidente procede \u00e0 leitura p\u00fablica da ata, com proclama\u00e7\u00e3o final (declinando o nome do candidato, o t\u00edtulo da MDT defendida e o julgamento) devidamente assinado por todos os seus integrantes e a seguir encerra os trabalhos.<\/p>\r\n<br>\r\n<br>\r\n<\/div>\r\n<p><font color=\"red0000\">Este texto n\u00e3o substitui o documento original, publicado no Portal de Documentos.<\/font> Dispon\u00edvel em: <a href=\"https:\/\/portal.ufsm.br\/documentos\/publico\/documento.html?id=12896461\"><font color=\"blue\">https:\/\/portal.ufsm.br\/documentos\/publico\/documento.html?id=12896461<\/font><\/a>\r\n<\/strike>\r\n\r\n\t\t<\/div>\n\t\t\t\t<\/div>\n\t\t\t\t\t<\/div>\n\t\t<\/div>\n\t\t\t\t\t<\/div>\n\t\t<\/section>\n\t\t\t\t<\/div>\n\t\t","protected":false},"excerpt":{"rendered":"<p>ANEXO 1 &#8211; REGIMENTO P\u00d3S MINIST\u00c9RIO DA EDUCA\u00c7\u00c3O UNIVERSIDADE FEDERAL DE SANTA MARIA Anexo 1 Revogado pela Resolu\u00e7\u00e3o N. 015\/2014 Protocolo para Realiza\u00e7\u00e3o da Defesa de Exame de Qualifica\u00e7\u00e3o, de Monografia, de Disserta\u00e7\u00e3o ou de Tese (MDT) Os processos de Defesa de Exame de Qualifica\u00e7\u00e3o, de Monografia, de Disserta\u00e7\u00e3o ou de Tese (MDT) dever\u00e3o seguir [&hellip;]<\/p>\n","protected":false},"author":205,"featured_media":0,"parent":0,"menu_order":0,"comment_status":"closed","ping_status":"closed","template":"","meta":{"footnotes":""},"categories":[],"tags":[],"class_list":["post-3076","page","type-page","status-publish","hentry"],"acf":[],"_links":{"self":[{"href":"https:\/\/www.ufsm.br\/pro-reitorias\/proplan\/wp-json\/wp\/v2\/pages\/3076","targetHints":{"allow":["GET"]}}],"collection":[{"href":"https:\/\/www.ufsm.br\/pro-reitorias\/proplan\/wp-json\/wp\/v2\/pages"}],"about":[{"href":"https:\/\/www.ufsm.br\/pro-reitorias\/proplan\/wp-json\/wp\/v2\/types\/page"}],"author":[{"embeddable":true,"href":"https:\/\/www.ufsm.br\/pro-reitorias\/proplan\/wp-json\/wp\/v2\/users\/205"}],"replies":[{"embeddable":true,"href":"https:\/\/www.ufsm.br\/pro-reitorias\/proplan\/wp-json\/wp\/v2\/comments?post=3076"}],"version-history":[{"count":0,"href":"https:\/\/www.ufsm.br\/pro-reitorias\/proplan\/wp-json\/wp\/v2\/pages\/3076\/revisions"}],"wp:attachment":[{"href":"https:\/\/www.ufsm.br\/pro-reitorias\/proplan\/wp-json\/wp\/v2\/media?parent=3076"}],"wp:term":[{"taxonomy":"category","embeddable":true,"href":"https:\/\/www.ufsm.br\/pro-reitorias\/proplan\/wp-json\/wp\/v2\/categories?post=3076"},{"taxonomy":"post_tag","embeddable":true,"href":"https:\/\/www.ufsm.br\/pro-reitorias\/proplan\/wp-json\/wp\/v2\/tags?post=3076"}],"curies":[{"name":"wp","href":"https:\/\/api.w.org\/{rel}","templated":true}]}}