{"id":3078,"date":"2020-01-22T15:12:19","date_gmt":"2020-01-22T18:12:19","guid":{"rendered":"https:\/\/www.ufsm.br\/pro-reitorias\/proplan\/?page_id=3078"},"modified":"2020-01-22T17:01:59","modified_gmt":"2020-01-22T20:01:59","slug":"anexo-5-regimento-pos","status":"publish","type":"page","link":"https:\/\/www.ufsm.br\/pro-reitorias\/proplan\/anexo-5-regimento-pos","title":{"rendered":"Anexo 5 &#8211; Regimento P\u00f3s"},"content":{"rendered":"\t\t<div data-elementor-type=\"wp-page\" data-elementor-id=\"3078\" class=\"elementor elementor-3078\">\n\t\t\t\t\t\t<section class=\"elementor-section elementor-top-section elementor-element elementor-element-71e7fb5 elementor-section-boxed elementor-section-height-default elementor-section-height-default\" data-id=\"71e7fb5\" data-element_type=\"section\">\n\t\t\t\t\t\t<div class=\"elementor-container elementor-column-gap-default\">\n\t\t\t\t\t<div class=\"elementor-column elementor-col-100 elementor-top-column elementor-element elementor-element-9eed28d\" data-id=\"9eed28d\" data-element_type=\"column\">\n\t\t\t<div class=\"elementor-widget-wrap elementor-element-populated\">\n\t\t\t\t\t\t<div class=\"elementor-element elementor-element-fc48d82 elementor-widget elementor-widget-html\" data-id=\"fc48d82\" data-element_type=\"widget\" data-widget_type=\"html.default\">\n\t\t\t\t<div class=\"elementor-widget-container\">\n\t\t\t\r\n\r\n\r\n<title><b>ANEXO 5 - REGIMENTO P\u00d3S<\/b><\/title>\r\n\r\n\r\n<div align=\"center\"><img decoding=\"async\" src=\"https:\/\/www.ufsm.br\/pro-reitorias\/proplan\/wp-content\/uploads\/sites\/344\/2019\/09\/brasao-da-republica-do-brasil-logo.png\" alt=\"Bras\u00e3o Rep\u00fablica Federativa do Brasil\" width=\"6%\" height=\"6%\"><\/div>    \r\n<h1><font color=\"blue\"><font size=\"5\"><div align=\"center\">MINIST\u00c9RIO DA EDUCA\u00c7\u00c3O<\/b><\/font><\/font><\/div><\/H1>\r\n<p><b><font color=\"0000blue\"><div align=\"center\">UNIVERSIDADE FEDERAL DE SANTA MARIA<\/b><\/font><\/div><\/p>\r\n\r\n<p><div align=\"center\"><b><a href=\"https:\/\/portal.ufsm.br\/documentos\/publico\/documento.html?id=12896488\"><font color=\"blue\"><strike>Anexo 5<\/strike><\/font><\/a><\/b><\/div><\/p>\r\n<br>\r\n<p><a href=\"https:\/\/www.ufsm.br\/pro-reitorias\/proplan\/resolucao-n-015-2014\/\"><font color=\"blue\">Revogado pela Resolu\u00e7\u00e3o N. 015\/2014<\/font><\/a><\/p>\r\n<br>\r\n<strike>\r\n<p><b><div align=\"center\">FICHA DE LIBERA\u00c7\u00c3O DISCENTE<\/b><\/div><\/p>\r\n<br>\r\n<p>ALUNO: ___________________________________________________________<\/p> \r\n<p>CURSO: ___________________________________________________________ <\/p>\r\n<br>\r\n<p>A assinatura e o carimbo no espa\u00e7o reservado a cada \u00f3rg\u00e3o significa que o(a) aluno(a) n\u00e3o est\u00e1 d\u00e9bito. <b>O aluno(a) n\u00e3o precisa passar no DERCA e na PRPGP.<\/b><\/p>\r\n<br>\r\n<p><div align=\"center\">  _____________________________  &emsp;&emsp;&emsp;&emsp;&emsp;&emsp;&emsp;&emsp; ______________________________ <\/div><br> \r\n<p><div align=\"center\">  EXAMINADOR 1      &emsp;&emsp;&emsp;&emsp;&emsp;&emsp;&emsp;&emsp;&emsp;&emsp;&emsp;&emsp;&emsp;&emsp;&emsp;&emsp; EXAMINADOR 2<\/div><br> \r\n<br>\r\n<br>\r\n\r\n<table>\r\n<tr><td class=\"align-top\"><div align=\"center\"><b>COORDENA\u00c7\u00c3O DO PROGRAMA<\/b><br><br><br><br><br><br><\/td><td class=\"align-top\"><div align=\"center\">PR\u00d3-REITORIA DE ASSUNTOS ESTUDANTIS<\/td><\/tr>\r\n<tr><td class=\"align-top\"><div align=\"center\">BIBLIOTECA CENTRAL<br><br><br><br><br><br><\/td><td class=\"align-top\"><div align=\"center\">BIBLIOTECA SETORIAL<\/td><\/tr>\r\n<tr><td class=\"align-top\"><div align=\"center\"><b>DERCA<\/b><br><br><br><br><br><br><\/td><td class=\"align-top\"><div align=\"center\">PR\u00d3-REITORIA DE P\u00d3S-GRADUA\u00c7\u00c3O E PESQUISA<\/td><\/tr>\r\n<\/div><\/table>\r\n<br>\r\n<br>\r\n<\/strike>\r\n<p><font color=\"red0000\">Este texto n\u00e3o substitui o documento original, publicado no Portal de Documentos.<\/font> Dispon\u00edvel em: <a href=\"https:\/\/portal.ufsm.br\/documentos\/publico\/documento.html?id=12896488\"><font color=\"blue\">https:\/\/portal.ufsm.br\/documentos\/publico\/documento.html?id=12896488<\/font><\/a>\r\n<\/strike>\r\n\r\n\t\t<\/div>\n\t\t\t\t<\/div>\n\t\t\t\t\t<\/div>\n\t\t<\/div>\n\t\t\t\t\t<\/div>\n\t\t<\/section>\n\t\t\t\t<\/div>\n\t\t","protected":false},"excerpt":{"rendered":"<p>ANEXO 5 &#8211; REGIMENTO P\u00d3S MINIST\u00c9RIO DA EDUCA\u00c7\u00c3O UNIVERSIDADE FEDERAL DE SANTA MARIA Anexo 5 Revogado pela Resolu\u00e7\u00e3o N. 015\/2014 FICHA DE LIBERA\u00c7\u00c3O DISCENTE ALUNO: ___________________________________________________________ CURSO: ___________________________________________________________ A assinatura e o carimbo no espa\u00e7o reservado a cada \u00f3rg\u00e3o significa que o(a) aluno(a) n\u00e3o est\u00e1 d\u00e9bito. O aluno(a) n\u00e3o precisa passar no DERCA e na [&hellip;]<\/p>\n","protected":false},"author":205,"featured_media":0,"parent":0,"menu_order":0,"comment_status":"closed","ping_status":"closed","template":"","meta":{"footnotes":""},"categories":[],"tags":[],"class_list":["post-3078","page","type-page","status-publish","hentry"],"acf":[],"_links":{"self":[{"href":"https:\/\/www.ufsm.br\/pro-reitorias\/proplan\/wp-json\/wp\/v2\/pages\/3078","targetHints":{"allow":["GET"]}}],"collection":[{"href":"https:\/\/www.ufsm.br\/pro-reitorias\/proplan\/wp-json\/wp\/v2\/pages"}],"about":[{"href":"https:\/\/www.ufsm.br\/pro-reitorias\/proplan\/wp-json\/wp\/v2\/types\/page"}],"author":[{"embeddable":true,"href":"https:\/\/www.ufsm.br\/pro-reitorias\/proplan\/wp-json\/wp\/v2\/users\/205"}],"replies":[{"embeddable":true,"href":"https:\/\/www.ufsm.br\/pro-reitorias\/proplan\/wp-json\/wp\/v2\/comments?post=3078"}],"version-history":[{"count":0,"href":"https:\/\/www.ufsm.br\/pro-reitorias\/proplan\/wp-json\/wp\/v2\/pages\/3078\/revisions"}],"wp:attachment":[{"href":"https:\/\/www.ufsm.br\/pro-reitorias\/proplan\/wp-json\/wp\/v2\/media?parent=3078"}],"wp:term":[{"taxonomy":"category","embeddable":true,"href":"https:\/\/www.ufsm.br\/pro-reitorias\/proplan\/wp-json\/wp\/v2\/categories?post=3078"},{"taxonomy":"post_tag","embeddable":true,"href":"https:\/\/www.ufsm.br\/pro-reitorias\/proplan\/wp-json\/wp\/v2\/tags?post=3078"}],"curies":[{"name":"wp","href":"https:\/\/api.w.org\/{rel}","templated":true}]}}