{"id":3079,"date":"2020-01-22T16:12:26","date_gmt":"2020-01-22T19:12:26","guid":{"rendered":"https:\/\/www.ufsm.br\/pro-reitorias\/proplan\/?page_id=3079"},"modified":"2020-05-25T15:03:52","modified_gmt":"2020-05-25T18:03:52","slug":"anexo-6-regimento-pos","status":"publish","type":"page","link":"https:\/\/www.ufsm.br\/pro-reitorias\/proplan\/anexo-6-regimento-pos","title":{"rendered":"Anexo 6 &#8211; Regimento P\u00f3s"},"content":{"rendered":"\t\t<div data-elementor-type=\"wp-page\" data-elementor-id=\"3079\" class=\"elementor elementor-3079\">\n\t\t\t\t\t\t<section class=\"elementor-section elementor-top-section elementor-element elementor-element-c71dc90 elementor-section-boxed elementor-section-height-default elementor-section-height-default\" data-id=\"c71dc90\" data-element_type=\"section\">\n\t\t\t\t\t\t<div class=\"elementor-container elementor-column-gap-default\">\n\t\t\t\t\t<div class=\"elementor-column elementor-col-100 elementor-top-column elementor-element elementor-element-f2003c4\" data-id=\"f2003c4\" data-element_type=\"column\">\n\t\t\t<div class=\"elementor-widget-wrap elementor-element-populated\">\n\t\t\t\t\t\t<div class=\"elementor-element elementor-element-3de80a1 elementor-widget elementor-widget-html\" data-id=\"3de80a1\" data-element_type=\"widget\" data-widget_type=\"html.default\">\n\t\t\t\t<div class=\"elementor-widget-container\">\n\t\t\t\r\n\r\n\r\n<title><b>ANEXO 6 - REGIMENTO P\u00d3S<\/b><\/title>\r\n\r\n\r\n<div align=\"center\"><img decoding=\"async\" src=\"https:\/\/www.ufsm.br\/pro-reitorias\/proplan\/wp-content\/uploads\/sites\/344\/2019\/09\/brasao-da-republica-do-brasil-logo.png\" alt=\"Bras\u00e3o Rep\u00fablica Federativa do Brasil\" width=\"6%\" height=\"6%\"><\/div>    \r\n<h1><font color=\"blue\"><font size=\"5\"><div align=\"center\">MINIST\u00c9RIO DA EDUCA\u00c7\u00c3O<\/b><\/font><\/font><\/div><\/H1>\r\n<p><b><font color=\"0000blue\"><div align=\"center\">UNIVERSIDADE FEDERAL DE SANTA MARIA<\/b><\/font><\/div><\/p>\r\n\r\n<p><div align=\"center\"><b><a href=\"https:\/\/portal.ufsm.br\/documentos\/publico\/documento.html?id=12896491\"><font color=\"blue\"><strike>Anexo 6<\/strike><\/font><\/a><\/b><\/div><\/p>\r\n<br>\r\n<p><a href=\"https:\/\/www.ufsm.br\/pro-reitorias\/proplan\/resolucao-n-015-2014\/\"><font color=\"blue\">Revogado pela Resolu\u00e7\u00e3o N. 015\/2014<\/font><\/a><\/p>\r\n<br>\r\n<strike>\r\n<p><b><div align=\"center\">TERMO DE CONFIDENCIALIDADE E SIGILO*<\/b><\/div><\/p>\r\n<br>\r\n<p>Considerando o v\u00ednculo permanente ou eventual entre o docente, t\u00e9cnico-administrativo, estagi\u00e1rio, aluno de gradua\u00e7\u00e3o ou p\u00f3s-gradua\u00e7\u00e3o, p\u00f3s-doutorando, professor visitante ou colaborador, doravante designado INVENTOR, e a Universidade Federal de Santa Maria, doravante designada UFSM.<\/p>\r\n\r\n<p>O INVENTOR entende que, durante seu v\u00ednculo com a UFSM, pode gerar ou receber informa\u00e7\u00e3o confidencial da Universidade e\/ou de seus docentes, t\u00e9cnico-administrativos, estagi\u00e1rios e\/ou alunos; poder\u00e1 se envolver na cria\u00e7\u00e3o, melhoria, escrita, edi\u00e7\u00e3o, revis\u00e3o, altera\u00e7\u00e3o, moderniza\u00e7\u00e3o, modifica\u00e7\u00e3o ou tratamento de processos, relat\u00f3rios, livretos, livros, manuais, outros documentos, ilustra\u00e7\u00f5es, tabela de dados, fotografias, desenhos, programas de computador, inven\u00e7\u00f5es ou outros dispositivos, sele\u00e7\u00e3o e caracteriza\u00e7\u00e3o de novas esp\u00e9cies, cepas, estirpes mutantes, de germoplasma ou de novas cultivares, ou organismos de qualquer natureza, bem como de seus constituintes ou produtos naturais ou bioengenheirados, marcas, materiais promocionais ou similares que contenham ou sejam considerados material confidencial e\/ou que tenham ou possam ter valor econ\u00f4mico.<\/p>\r\n\r\n<p>O INVENTOR concorda em n\u00e3o divulgar no meio externo \u00e0 UFSM, ou usar para seu benef\u00edcio ou de outra pessoa ou entidade que n\u00e3o a pr\u00f3pria UFSM, qualquer informa\u00e7\u00e3o gerada na UFSM que n\u00e3o for de conhecimento p\u00fablico na \u00e9poca de seu v\u00ednculo, ou que tenha se tornado p\u00fablica por vias n\u00e3o-autorizadas por um per\u00edodo superior a dois anos ap\u00f3s o encerramento de seu v\u00ednculo ou ap\u00f3s a obten\u00e7\u00e3o da prote\u00e7\u00e3o intelectual.<\/p>\r\n\r\n<p>O INVENTOR se obriga a obter autoriza\u00e7\u00e3o do coordenador do projeto, ou l\u00edder do seu grupo de pesquisa, para a apresenta\u00e7\u00e3o ou divulga\u00e7\u00e3o dos resultados do seu trabalho.<\/p>\r\n\r\n<p>O INVENTOR se declara ciente e de acordo com os termos na <a href=\"https:\/\/www.ufsm.br\/pro-reitorias\/proplan\/resolucao-n-019-2007\/\" target=\"_blank\"><font color=\"blue\"><u>Resolu\u00e7\u00e3o n.019\/07, de 6 de dezembro de 2007<\/u><\/font><\/a>, da Universidade Federal de Santa Maria, que regulamenta a prote\u00e7\u00e3o de direitos relativos \u00e0 propriedade intelectual no \u00e2mbito da UFSM.<\/p>\r\n\r\n<p><div align=\"center\">Santa Maria, _______ de ___________________ de 20 _____ .<\/div><\/p>\r\n<p><div align=\"center\">Nome: ___________________________________________________<\/div><\/p>\r\n<p><div align=\"center\">CPF: ____________________________________________________<\/div><\/p>\r\n<p><div align=\"center\">* Requer reconhecimento de firma<\/div><\/p>\r\n<br>\r\n<\/strike>\r\n<p><font color=\"red0000\">Este texto n\u00e3o substitui o documento original, publicado no Portal de Documentos.<\/font> Dispon\u00edvel em: <a href=\"https:\/\/portal.ufsm.br\/documentos\/publico\/documento.html?id=12896491\"><font color=\"blue\">https:\/\/portal.ufsm.br\/documentos\/publico\/documento.html?id=12896491<\/font><\/a>\r\n\r\n\r\n\t\t<\/div>\n\t\t\t\t<\/div>\n\t\t\t\t\t<\/div>\n\t\t<\/div>\n\t\t\t\t\t<\/div>\n\t\t<\/section>\n\t\t\t\t<\/div>\n\t\t","protected":false},"excerpt":{"rendered":"<p>ANEXO 6 &#8211; REGIMENTO P\u00d3S MINIST\u00c9RIO DA EDUCA\u00c7\u00c3O UNIVERSIDADE FEDERAL DE SANTA MARIA Anexo 6 Revogado pela Resolu\u00e7\u00e3o N. 015\/2014 TERMO DE CONFIDENCIALIDADE E SIGILO* Considerando o v\u00ednculo permanente ou eventual entre o docente, t\u00e9cnico-administrativo, estagi\u00e1rio, aluno de gradua\u00e7\u00e3o ou p\u00f3s-gradua\u00e7\u00e3o, p\u00f3s-doutorando, professor visitante ou colaborador, doravante designado INVENTOR, e a Universidade Federal de Santa [&hellip;]<\/p>\n","protected":false},"author":205,"featured_media":0,"parent":0,"menu_order":0,"comment_status":"closed","ping_status":"closed","template":"","meta":{"footnotes":""},"categories":[],"tags":[],"class_list":["post-3079","page","type-page","status-publish","hentry"],"acf":[],"_links":{"self":[{"href":"https:\/\/www.ufsm.br\/pro-reitorias\/proplan\/wp-json\/wp\/v2\/pages\/3079","targetHints":{"allow":["GET"]}}],"collection":[{"href":"https:\/\/www.ufsm.br\/pro-reitorias\/proplan\/wp-json\/wp\/v2\/pages"}],"about":[{"href":"https:\/\/www.ufsm.br\/pro-reitorias\/proplan\/wp-json\/wp\/v2\/types\/page"}],"author":[{"embeddable":true,"href":"https:\/\/www.ufsm.br\/pro-reitorias\/proplan\/wp-json\/wp\/v2\/users\/205"}],"replies":[{"embeddable":true,"href":"https:\/\/www.ufsm.br\/pro-reitorias\/proplan\/wp-json\/wp\/v2\/comments?post=3079"}],"version-history":[{"count":0,"href":"https:\/\/www.ufsm.br\/pro-reitorias\/proplan\/wp-json\/wp\/v2\/pages\/3079\/revisions"}],"wp:attachment":[{"href":"https:\/\/www.ufsm.br\/pro-reitorias\/proplan\/wp-json\/wp\/v2\/media?parent=3079"}],"wp:term":[{"taxonomy":"category","embeddable":true,"href":"https:\/\/www.ufsm.br\/pro-reitorias\/proplan\/wp-json\/wp\/v2\/categories?post=3079"},{"taxonomy":"post_tag","embeddable":true,"href":"https:\/\/www.ufsm.br\/pro-reitorias\/proplan\/wp-json\/wp\/v2\/tags?post=3079"}],"curies":[{"name":"wp","href":"https:\/\/api.w.org\/{rel}","templated":true}]}}