{"id":3086,"date":"2020-01-28T15:07:45","date_gmt":"2020-01-28T18:07:45","guid":{"rendered":"https:\/\/www.ufsm.br\/pro-reitorias\/proplan\/?page_id=3086"},"modified":"2020-05-25T15:07:20","modified_gmt":"2020-05-25T18:07:20","slug":"resolucao-n-002-2007","status":"publish","type":"page","link":"https:\/\/www.ufsm.br\/pro-reitorias\/proplan\/resolucao-n-002-2007","title":{"rendered":"Resolu\u00e7\u00e3o N. 002\/2007"},"content":{"rendered":"\t\t<div data-elementor-type=\"wp-page\" data-elementor-id=\"3086\" class=\"elementor elementor-3086\">\n\t\t\t\t\t\t<section class=\"elementor-section elementor-top-section elementor-element elementor-element-20aceb1 elementor-section-boxed elementor-section-height-default elementor-section-height-default\" data-id=\"20aceb1\" data-element_type=\"section\">\n\t\t\t\t\t\t<div class=\"elementor-container elementor-column-gap-default\">\n\t\t\t\t\t<div class=\"elementor-column elementor-col-100 elementor-top-column elementor-element elementor-element-0b1ef4a\" data-id=\"0b1ef4a\" data-element_type=\"column\">\n\t\t\t<div class=\"elementor-widget-wrap elementor-element-populated\">\n\t\t\t\t\t\t<div class=\"elementor-element elementor-element-0567645 elementor-widget elementor-widget-html\" data-id=\"0567645\" data-element_type=\"widget\" data-widget_type=\"html.default\">\n\t\t\t\t<div class=\"elementor-widget-container\">\n\t\t\t\r\n\r\n\r\n<title><b>RESOLU\u00c7\u00c3O N. 002\/2007<\/b><\/title>\r\n\r\n\r\n<div align=\"center\"><img decoding=\"async\" src=\"https:\/\/www.ufsm.br\/pro-reitorias\/proplan\/wp-content\/uploads\/sites\/344\/2019\/09\/brasao-da-republica-do-brasil-logo.png\" alt=\"Bras\u00e3o Rep\u00fablica Federativa do Brasil\" width=\"6%\" height=\"6%\"><\/div>    \r\n<h1><font color=\"blue\"><font size=\"5\"><div align=\"center\">MINIST\u00c9RIO DA EDUCA\u00c7\u00c3O<\/b><\/font><\/font><\/div><\/H1>\r\n<p><b><font color=\"0000blue\"><div align=\"center\">UNIVERSIDADE FEDERAL DE SANTA MARIA<\/b><\/font><\/div><\/p>\r\n\r\n<p><div align=\"center\"><b><a href=\"https:\/\/portal.ufsm.br\/documentos\/publico\/documento.html?id=4372736\"><font color=\"blue\">RESOLU\u00c7\u00c3O N. 002\/2007<\/font><\/a><\/b><\/div><\/p>\r\n<br>\r\n<p><div align=\"right\"><font color=\"800000\"><strike>Disciplina o uso de ve\u00edculos automotores de transporte rodovi\u00e1rio adquiridos com recursos de projetos, conv\u00eanios e\/ou contratos na Universidade Federal de Santa Maria.<\/strike><\/font><\/div><\/p>\r\n<br>\r\n<p><a href=\"https:\/\/www.ufsm.br\/pro-reitorias\/proplan\/resolucao-n-016-2007\/\"><font color=\"blue\">Revogada pela Resolu\u00e7\u00e3o N. 016\/2007<\/font><\/a><\/p>\r\n<br>\r\n<strike>\r\n<br><div align=\"justify\">\r\n<p>O REITOR DA UNIVERSIDADE FEDERAL DE SANTA MARIA, no uso de suas atribui\u00e7\u00f5es legais e estatut\u00e1rias e considerando:<\/p>\r\n<p>- a necessidade de disciplinar procedimentos internos e adequ\u00e1-los \u00e0s normas legais e vigentes;<\/p>\r\n<p>- o que estabelece o art. 207, da <a href=\"http:\/\/www.planalto.gov.br\/ccivil_03\/constituicao\/constituicao.htm\" target=\"_blank\"><font color=\"blue\"><u>Constitui\u00e7\u00e3o Federal<\/u><\/font><\/a> que garante \u00e0s universidades autonomia de gest\u00e3o financeira e patrimonial;<\/p>\r\n<p>- o que define o Estatuto da Universidade Federal de Santa Maria e regulamentado pelo Regimento Geral;<\/p>\r\n<p>- o que disp\u00f5e o <a href=\"http:\/\/www.planalto.gov.br\/ccivil_03\/decreto\/Antigos\/D99188.htm\" target=\"_blank\"><font color=\"blue\"><u>Decreto n. 99.188, de 17 de mar\u00e7o de 1990<\/u><\/font><\/a>, publicado no DOU, de 19.03.90; <a href=\"http:\/\/www.planalto.gov.br\/ccivil_03\/decreto\/Antigos\/D99214.htm\" target=\"_blank\"><font color=\"blue\"><u>Decreto n. 99.214, de 19 de abril de 1990<\/u><\/font><\/a>, publicado no DOU, de 20.04.90, a Instru\u00e7\u00e3o Normativa n. 04, de 26\/04\/90, da Secretaria da Administra\u00e7\u00e3o Federal, publicado no DOU, de 20\/04\/90, a <a href=\"http:\/\/www.lex.com.br\/doc_6224659_INSTRUCAO_NORMATIVA_N_9_DE_26_DE_AGOSTO_DE_1994.aspx\" target=\"_blank\"><font color=\"blue\"><u>Instru\u00e7\u00e3o Normativa n. 09 de, 26 de agosto de 1994, do MARE<\/u><\/font><\/a>, com publica\u00e7\u00e3o das altera\u00e7\u00f5es impostas pela <a href=\"http:\/\/www.comprasnet.gov.br\/legislacao\/in\/in06_97.htm\" target=\"_blank\"><font color=\"blue\"><u>Instru\u00e7\u00e3o Normativa n. 6, de 16 de junho de 1997, do MARE<\/u><\/font><\/a>;<\/p>\r\n<p>- o Parecer n. 039\/07, aprovado na 667\u00aa Sess\u00e3o do Conselho Universit\u00e1rio, de 4.04.2007, conforme Processo n. <a href=\"https:\/\/portal.ufsm.br\/documentos\/publico\/processo\/documento.html?idDocumento=2786241\" target=\"_blank\"><font color=\"blue\"><u>23081.000984\/2007-56<\/u><\/font><\/a>.<\/p>\r\n<br>\r\n<p><div align=\"center\">RESOLVE:<\/div><\/p>\r\n<br>\r\n<p>Art. 1\u00ba Os ve\u00edculos adquiridos com recursos de projetos, conv\u00eanios e\/ou contratos, dever\u00e3o ser utilizados exclusivamente nas atividades inerentes ao projeto, sendo expressamente proibido o seu uso para qualquer outra finalidade.<\/p>\r\n<p>Art. 2\u00ba Os ve\u00edculos adquiridos com recursos de projetos, conv\u00eanios e\/ou contratos, dever\u00e3o permanecer em locais previamente determinados pelos coordenadores destes; e os deslocamentos ficar\u00e3o sob sua responsabilidade e controle.<\/p>\r\n<p>Par\u00e1grafo \u00fanico. A permiss\u00e3o do uso desses ve\u00edculos a pessoas, mesmo que de participantes do projeto, conv\u00eanio e\/ou contrato, dever\u00e1 ser autorizada mediante documento de autoriza\u00e7\u00e3o, conforme modelo utilizado pela Prefeitura da Cidade Universit\u00e1ria. <\/p>\r\n\r\n<p>Art. 3\u00ba Os ve\u00edculos adquiridos com recursos de projetos, conv\u00eanio e\/ou contratos, dever\u00e3o ser identificados conforme modelo presente na Prefeitura da Cidade Universit\u00e1ria.<\/p>\r\n<p>Art. 4\u00ba Compete aos \u00f3rg\u00e3os da Administra\u00e7\u00e3o Superior e \u00e0 Divis\u00e3o de Servi\u00e7os Gerais da Prefeitura da Cidade Universit\u00e1ria a fiscaliza\u00e7\u00e3o e cumprimento das presentes normas.<\/p>\r\n<p>Par\u00e1grafo \u00fanico. No caso de transgress\u00e3o das normas, os infratores responder\u00e3o civil, administrativa e criminalmente pelos seus atos.<\/p>\r\n\r\n<p>GABINETE DO REITOR DA UNIVERSIDADE FEDERAL DE SANTA MARIA, aos nove dias do m\u00eas de abril do ano dois mil e sete.<\/p>\r\n<\/div>\r\n<p>Clovis Silva Lima,<\/p>\r\n<p>Reitor.<\/p>\r\n\r\n<p><font color=\"red0000\">Este texto n\u00e3o substitui o documento original, publicado no Portal de Documentos.<\/font> Dispon\u00edvel em: <a href=\"https:\/\/portal.ufsm.br\/documentos\/publico\/documento.html?id=4372736\"><font color=\"blue\">https:\/\/portal.ufsm.br\/documentos\/publico\/documento.html?id=4372736<\/font><\/a>\r\n<\/strike>\r\n\r\n\t\t<\/div>\n\t\t\t\t<\/div>\n\t\t\t\t\t<\/div>\n\t\t<\/div>\n\t\t\t\t\t<\/div>\n\t\t<\/section>\n\t\t\t\t<\/div>\n\t\t","protected":false},"excerpt":{"rendered":"<p>RESOLU\u00c7\u00c3O N. 002\/2007 MINIST\u00c9RIO DA EDUCA\u00c7\u00c3O UNIVERSIDADE FEDERAL DE SANTA MARIA RESOLU\u00c7\u00c3O N. 002\/2007 Disciplina o uso de ve\u00edculos automotores de transporte rodovi\u00e1rio adquiridos com recursos de projetos, conv\u00eanios e\/ou contratos na Universidade Federal de Santa Maria. Revogada pela Resolu\u00e7\u00e3o N. 016\/2007 O REITOR DA UNIVERSIDADE FEDERAL DE SANTA MARIA, no uso de suas atribui\u00e7\u00f5es [&hellip;]<\/p>\n","protected":false},"author":205,"featured_media":0,"parent":0,"menu_order":0,"comment_status":"closed","ping_status":"closed","template":"","meta":{"footnotes":""},"categories":[],"tags":[],"class_list":["post-3086","page","type-page","status-publish","hentry"],"acf":[],"_links":{"self":[{"href":"https:\/\/www.ufsm.br\/pro-reitorias\/proplan\/wp-json\/wp\/v2\/pages\/3086","targetHints":{"allow":["GET"]}}],"collection":[{"href":"https:\/\/www.ufsm.br\/pro-reitorias\/proplan\/wp-json\/wp\/v2\/pages"}],"about":[{"href":"https:\/\/www.ufsm.br\/pro-reitorias\/proplan\/wp-json\/wp\/v2\/types\/page"}],"author":[{"embeddable":true,"href":"https:\/\/www.ufsm.br\/pro-reitorias\/proplan\/wp-json\/wp\/v2\/users\/205"}],"replies":[{"embeddable":true,"href":"https:\/\/www.ufsm.br\/pro-reitorias\/proplan\/wp-json\/wp\/v2\/comments?post=3086"}],"version-history":[{"count":0,"href":"https:\/\/www.ufsm.br\/pro-reitorias\/proplan\/wp-json\/wp\/v2\/pages\/3086\/revisions"}],"wp:attachment":[{"href":"https:\/\/www.ufsm.br\/pro-reitorias\/proplan\/wp-json\/wp\/v2\/media?parent=3086"}],"wp:term":[{"taxonomy":"category","embeddable":true,"href":"https:\/\/www.ufsm.br\/pro-reitorias\/proplan\/wp-json\/wp\/v2\/categories?post=3086"},{"taxonomy":"post_tag","embeddable":true,"href":"https:\/\/www.ufsm.br\/pro-reitorias\/proplan\/wp-json\/wp\/v2\/tags?post=3086"}],"curies":[{"name":"wp","href":"https:\/\/api.w.org\/{rel}","templated":true}]}}