{"id":3088,"date":"2020-01-28T15:07:52","date_gmt":"2020-01-28T18:07:52","guid":{"rendered":"https:\/\/www.ufsm.br\/pro-reitorias\/proplan\/?page_id=3088"},"modified":"2020-05-25T15:08:11","modified_gmt":"2020-05-25T18:08:11","slug":"resolucao-n-004-2007","status":"publish","type":"page","link":"https:\/\/www.ufsm.br\/pro-reitorias\/proplan\/resolucao-n-004-2007","title":{"rendered":"Resolu\u00e7\u00e3o N. 004\/2007"},"content":{"rendered":"\t\t<div data-elementor-type=\"wp-page\" data-elementor-id=\"3088\" class=\"elementor elementor-3088\">\n\t\t\t\t\t\t<section class=\"elementor-section elementor-top-section elementor-element elementor-element-bf65faa elementor-section-boxed elementor-section-height-default elementor-section-height-default\" data-id=\"bf65faa\" data-element_type=\"section\">\n\t\t\t\t\t\t<div class=\"elementor-container elementor-column-gap-default\">\n\t\t\t\t\t<div class=\"elementor-column elementor-col-100 elementor-top-column elementor-element elementor-element-f1a3847\" data-id=\"f1a3847\" data-element_type=\"column\">\n\t\t\t<div class=\"elementor-widget-wrap elementor-element-populated\">\n\t\t\t\t\t\t<div class=\"elementor-element elementor-element-f953736 elementor-widget elementor-widget-html\" data-id=\"f953736\" data-element_type=\"widget\" data-widget_type=\"html.default\">\n\t\t\t\t<div class=\"elementor-widget-container\">\n\t\t\t\r\n\r\n\r\n<title><b>RESOLU\u00c7\u00c3O N. 004\/2007<\/b><\/title>\r\n\r\n\r\n<div align=\"center\"><img decoding=\"async\" src=\"https:\/\/www.ufsm.br\/pro-reitorias\/proplan\/wp-content\/uploads\/sites\/344\/2019\/09\/brasao-da-republica-do-brasil-logo.png\" alt=\"Bras\u00e3o Rep\u00fablica Federativa do Brasil\" width=\"6%\" height=\"6%\"><\/div>    \r\n<h1><font color=\"blue\"><font size=\"5\"><div align=\"center\">MINIST\u00c9RIO DA EDUCA\u00c7\u00c3O<\/b><\/font><\/font><\/div><\/H1>\r\n<p><b><font color=\"0000blue\"><div align=\"center\">UNIVERSIDADE FEDERAL DE SANTA MARIA<\/b><\/font><\/div><\/p>\r\n\r\n<p><div align=\"center\"><b><a href=\"https:\/\/portal.ufsm.br\/documentos\/publico\/documento.html?id=4372738\"><font color=\"blue\">RESOLU\u00c7\u00c3O N. 004\/2007<\/font><\/a><\/b><\/div><\/p>\r\n<br>\r\n<p><div align=\"right\"><font color=\"800000\"><strike>Disciplina o Uso de Ve\u00edculos Automotores de Transporte Rodovi\u00e1rio na Universidade Federal de Santa Maria e revoga a Resolu\u00e7\u00e3o-UFSM n. 018\/90.<\/strike><\/font><\/div><\/p>\r\n<br>\r\n<p><a href=\"https:\/\/www.ufsm.br\/pro-reitorias\/proplan\/resolucao-n-019-2008\/\"><font color=\"blue\">Revogada pela Resolu\u00e7\u00e3o N. 019\/2008<\/font><\/a><\/p>\r\n<br>\r\n<strike>\r\n<br><div align=\"justify\">\r\n<p>O REITOR DA UNIVERSIDADE FEDERAL DE SANTA MARIA, no uso de suas atribui\u00e7\u00f5es legais e estatut\u00e1rias e considerando:<\/p>\r\n<p>- a necessidade de disciplinar procedimentos internos e adequ\u00e1-los \u00e0s normas legais e vigentes;<\/p>\r\n<p>- O que estabelece o art. 207, da <a href=\"http:\/\/www.planalto.gov.br\/ccivil_03\/constituicao\/constituicao.htm\" target=\"_blank\"><font color=\"blue\"><u>Constitui\u00e7\u00e3o Federal<\/u><\/font><\/a> que garante \u00e0s Universidades Autonomia de Gest\u00e3o Financeira e Patrimonial;<\/p>\r\n<p>- o que define o Estatuto da Universidade Federal de Santa Maria e regulamentado pelo Regimento Geral;<\/p>\r\n<p>- O que disp\u00f5e o <a href=\"http:\/\/www.planalto.gov.br\/ccivil_03\/decreto\/Antigos\/D99188.htm\" target=\"_blank\"><font color=\"blue\"><u>Decreto n. 99.188, de 17 de mar\u00e7o de 1990<\/u><\/font><\/a>, publicado no DOU, de 19.03.90; <a href=\"http:\/\/www.planalto.gov.br\/ccivil_03\/decreto\/Antigos\/D99214.htm\" target=\"_blank\"><font color=\"blue\"><u>Decreto n. 99.214, de 19 de abril de 1990<\/u><\/font><\/a>, publicado no DOU, de 20.04.90, a Instru\u00e7\u00e3o Normativa n. 04, de 26\/04\/90, da Secretaria da Administra\u00e7\u00e3o Federal, publicado no DOU, de 20\/04\/90, a <a href=\"http:\/\/www.lex.com.br\/doc_6224659_INSTRUCAO_NORMATIVA_N_9_DE_26_DE_AGOSTO_DE_1994.aspx\" target=\"_blank\"><font color=\"blue\"><u>Instru\u00e7\u00e3o Normativa n. 09 de, 26 de agosto de 1994, do MARE<\/u><\/font><\/a>, com publica\u00e7\u00e3o das altera\u00e7\u00f5es impostas pela <a href=\"http:\/\/www.comprasnet.gov.br\/legislacao\/in\/in06_97.htm\" target=\"_blank\"><font color=\"blue\"><u>Instru\u00e7\u00e3o Normativa n. 6, de 16 de junho de 1997, do MARE<\/u><\/font><\/a>;<\/p>\r\n<p>- o Parecer n. 053\/07, aprovado na 668\u00aa Sess\u00e3o do Conselho Universit\u00e1rio, de 20.04.2007, conforme Processo n. <a href=\"https:\/\/portal.ufsm.br\/documentos\/publico\/processo\/documento.html?idDocumento=2780876\" target=\"_blank\"><font color=\"blue\"><u>23081.000779\/2007-91<\/u><\/font><\/a>.<\/p>\r\n<br>\r\n<p><div align=\"center\">RESOLVE:<\/div><\/p>\r\n<br>\r\n<p>Art. 1\u00ba Os ve\u00edculos da UFSM s\u00e3o classificados em Ve\u00edculos de Servi\u00e7o Grupo IV, de acordo com o que regulamenta a <a href=\"http:\/\/www.lex.com.br\/doc_6224659_INSTRUCAO_NORMATIVA_N_9_DE_26_DE_AGOSTO_DE_1994.aspx\" target=\"_blank\"><font color=\"blue\"><u>Instru\u00e7\u00e3o Normativa n. 09, de 26.08.94<\/u><\/font><\/a>, republicada pela <a href=\"http:\/\/www.comprasnet.gov.br\/legislacao\/in\/in06_97.htm\" target=\"_blank\"><font color=\"blue\"><u>Instru\u00e7\u00e3o Normativa n. 06, de 16.06.97<\/u><\/font><\/a>.<\/p>\r\n<p>\u00a7 1\u00ba s\u00e3o Ve\u00edculos de Servi\u00e7o destinados ao transporte de servidores, a servi\u00e7o aqueles do Grupo IV\/A.<\/p>\r\n<p>\u00a7 2\u00ba S\u00e3o Ve\u00edculos de Servi\u00e7o destinados ao transporte de materiais aqueles do Grupo IV\/B:<\/p>\r\n<p>I - Grupo IV\/B-1 (transporte de carga leve); e<\/p>\r\n<p>II - Grupo IV\/B-2 (transporte de carga pesada).<\/p>\r\n<p>\u00a7 3\u00ba S\u00e3o Ve\u00edculos de Servi\u00e7o do Grupo IV\/C aqueles utilizados em atividades relativas a:<\/p>\r\n<p>I - Grupo IV\/c-2 (sa\u00fade p\u00fablica); e<\/p>\r\n<p>II - Grupo IV\/C-4 (coleta de dados).<\/p>\r\n<p>\u00a7 4\u00ba S\u00e3o Ve\u00edculos de Servi\u00e7o destinados ao transporte coletivo aqueles pertencentes ao Grupo IV\/D.<\/p>\r\n<p>\u00a7 5\u00ba S\u00e3o Ve\u00edculos de Servi\u00e7o destinados ao transporte individual especial aqueles pertencentes ao Grupo IV\/E-1.<\/p>\r\n<p>\u00a7 6\u00ba S\u00e3o Ve\u00edculos de Servi\u00e7o classificados como outros ve\u00edculos aqueles pertencentes ao Grupo IV\/F.<\/p>\r\n\r\n<p>Art. 2\u00ba Os ve\u00edculos oficiais ser\u00e3o utilizados exclusivamente a servi\u00e7o, sendo expressamente proibido o seu uso no transporte pessoal, de acordo com o item 12.1., da <a href=\"http:\/\/www.lex.com.br\/doc_6224659_INSTRUCAO_NORMATIVA_N_9_DE_26_DE_AGOSTO_DE_1994.aspx\" target=\"_blank\"><font color=\"blue\"><u>Instru\u00e7\u00e3o Normativa n. 09 republicada no DOU, de 19\/06\/97<\/u><\/font><\/a>.<\/p>\r\n<p>Par\u00e1grafo \u00fanico. Pessoas sem v\u00ednculo com a UFSM s\u00f3 ser\u00e3o transportadas quando constarem seus nomes na autoriza\u00e7\u00e3o para uso do ve\u00edculo e tais pessoas estiverem ligadas \u00e0 atividade institucional, vedadas as \u201ccaronas\u201d de qualquer esp\u00e9cie.<\/p>\r\n\r\n<p>Art. 3\u00ba Todo ve\u00edculo oficial dever\u00e1 ser conduzido por \u201cmotorista oficial\u201d, devidamente habilitado; salvo as previs\u00f5es feitas pelo art. 10, <a href=\"http:\/\/www.planalto.gov.br\/ccivil_03\/leis\/L9327.htm\" target=\"_blank\"><font color=\"blue\"><u>Lei n. 9327, de 9\/12\/96<\/u><\/font><\/a>.<\/p>\r\n<p>Art. 4\u00ba Nenhum ve\u00edculo poder\u00e1 circular sem a \u201cFicha de Controle de Ve\u00edculo\u201d cujas informa\u00e7\u00f5es dever\u00e3o ser preenchidas diariamente pelo motorista (Anexo 1).<\/p>\r\n<p>Art. 5\u00ba Somente poder\u00e3o trafegar os ve\u00edculos que estiverem regularizados com:<\/p>\r\n<p>I - documenta\u00e7\u00e3o como certificado de propriedade, licenciamento e seguro obrigat\u00f3rio;<\/p>\r\n<p>II - equipamentos obrigat\u00f3rios tais como extintor de inc\u00eandio, cinto de seguran\u00e7a, tri\u00e2ngulo, outros; e<\/p>\r\n<p>III - boas condi\u00e7\u00f5es mec\u00e2nicas.<\/p>\r\n\r\n<p>Art. 6\u00ba Todos os ve\u00edculos oficiais, no encerramento do expediente di\u00e1rio, dever\u00e3o ser recolhidos \u00e0 garagem ou locais de estacionamento oficial, sendo proibida a guarda destes em locais n\u00e3o-determinados; ressalvado o item 12.4. da <a href=\"http:\/\/www.lex.com.br\/doc_6224659_INSTRUCAO_NORMATIVA_N_9_DE_26_DE_AGOSTO_DE_1994.aspx\" target=\"_blank\"><font color=\"blue\"><u>Instru\u00e7\u00e3o Normativa n. 09\/94, do MARE<\/u><\/font><\/a>.<\/p>\r\n<p>Art. 7\u00ba Dever\u00e3o ser devidamente preenchidos os formul\u00e1rios pr\u00f3prios de autoriza\u00e7\u00e3o para uso de ve\u00edculos da UFSM.<\/p>\r\n<p>Art. 8\u00ba A fim de possibilitar coordena\u00e7\u00e3o e controle mais eficazes na utiliza\u00e7\u00e3o de ve\u00edculos automotores da UFSM, estes dever\u00e3o ser centralizados no Setor de Transporte e Oficina da Prefeitura da Cidade Universit\u00e1ria, com exce\u00e7\u00e3o dos ve\u00edculos utilizados pelo:<\/p>\r\n<p>I - Centro de Educa\u00e7\u00e3o Superior Norte-RS\/UFSM \u2014 CESNORS e Col\u00e9gio Agr\u00edcola de Frederico Westphalen \u2014 CAFW, pela localiza\u00e7\u00e3o distanciada do Campus Universit\u00e1rio;<\/p>\r\n<p>II - Hospital Universit\u00e1rio de Santa Maria, Centro de Ci\u00eancias Rurais (Dire\u00e7\u00e3o, Hospital de Cl\u00ednicas Veterin\u00e1rias, Biot\u00e9rio Central e Zootecnia), Almoxarifado Central, Restaurante Universit\u00e1rio e Col\u00e9gio Polit\u00e9cnico da Universidade Federal de Santa Maria, em consequ\u00eancia das peculiaridades de suas atividades.<\/p>\r\n<p>\u00a7 1\u00ba No caso do CESNORS e CAFW, tanto as requisi\u00e7\u00f5es de transporte a servi\u00e7o, como as ordens de tr\u00e2nsito em viagens, ficar\u00e3o sob responsabilidade dos respectivos diretores.<\/p>\r\n<p>\u00a7 2\u00ba As requisi\u00e7\u00f5es de transporte a servi\u00e7o para o \u00e2mbito do munic\u00edpio, feitas pelos \u00f3rg\u00e3os descritos no item \u201cII\u201d deste artigo, ficar\u00e3o sob a responsabilidade dos respectivos dirigentes.<\/p>\r\n<p>\u00a7 3\u00ba As ordens de tr\u00e2nsito para viagens fora do \u00e2mbito do munic\u00edpio, ser\u00e3o de responsabilidade da:<\/p>\r\n<p>I - Dire\u00e7\u00e3o do CCR, quando requisitados pelo Biot\u00e9rio Central, Hospital de Cl\u00ednicas Veterin\u00e1rias e Zootecnia;<\/p>\r\n<p>II - Prefeitura da Cidade Universit\u00e1ria, quando requisitada pelo Almoxarifado Central e Restaurante Universit\u00e1rio;<\/p>\r\n<p>III - Dire\u00e7\u00e3o-Geral do HUSM, quando requisitadas pelas subunidades do pr\u00f3prio hospital; e<\/p>\r\n<p>IV - Dire\u00e7\u00e3o do Col\u00e9gio Polit\u00e9cnico da Universidade Federal de Santa Maria, quando a servi\u00e7o do pr\u00f3prio Col\u00e9gio.<\/p>\r\n<p>\u00a7 4\u00ba A perman\u00eancia de ve\u00edculos oficiais \u00e0 disposi\u00e7\u00e3o dos \u00f3rg\u00e3os citados nos incisos \u201cI\u201d e \u201cII\u201d, deste artigo n\u00e3o dever\u00e3o pressupor desobriga\u00e7\u00e3o ao cumprimento de normas e atos disciplinares de sua utiliza\u00e7\u00e3o.<\/p>\r\n\r\n<p>Art. 9\u00ba Nenhum ve\u00edculo poder\u00e1 trafegar fora dos limites dos \u201cCampi Universit\u00e1rios\u201d de Santa Maria, Frederico Westphalen e Palmeira das Miss\u00f5es sem que o motorista esteja munido da devida autoriza\u00e7\u00e3o:<\/p>\r\n<p>I - no munic\u00edpio, \u201cRequisi\u00e7\u00e3o de Transporte a Servi\u00e7o\u201d conforme modelo (Anexo 2); e<\/p>\r\n<p>II - fora do munic\u00edpio, \u201cOrdem de Tr\u00e2nsito em Viagem\u201d conforme modelo (Anexo 3).<\/p>\r\n\r\n<p>Art. 10. Para os ve\u00edculos centralizados na Prefeitura da Cidade Universit\u00e1ria, as ordens de tr\u00e2nsito em servi\u00e7o ser\u00e3o emitidas pela Chefia do Setor de Transporte e Oficina, sem a necessidade de autoriza\u00e7\u00e3o superior, para deslocamentos dentro do munic\u00edpio e, com autoriza\u00e7\u00e3o superior, para deslocamentos fora do munic\u00edpio.<\/p>\r\n<p>Art. 11. Para pedidos de \u201cservi\u00e7os internos\u201d provenientes dos \u00d3rg\u00e3os da Reitoria, no Pr\u00e9dio da Administra\u00e7\u00e3o Central, bastante distanciado do local onde se localiza o Setor de Transporte, e com a finalidade de eliminar o tr\u00e2nsito desnecess\u00e1rio de retorno a cada pedido, dever\u00e1 ser observado o seguinte:<\/p>\r\n<p>I - para atendimentos gerais, as solicita\u00e7\u00f5es dever\u00e3o ser feitas via telefone, observando-se o seguinte:<\/p>\r\n<p>a) efetuadas por servidor credenciado junto ao setor requisitante (dirigente do \u00f3rg\u00e3o ou secret\u00e1rio);<\/p>\r\n<p>b) os pedidos de ve\u00edculos com destino \u00e0 Imprensa Universit\u00e1ria, ao Laborat\u00f3rio de Manuten\u00e7\u00e3o de Inform\u00e1tica (LAMI), ao Almoxarifado Central e outros, dever\u00e3o ser anotados e atendidos quando da emiss\u00e3o de mais de uma solicita\u00e7\u00e3o para cada destino;<\/p>\r\n<p>c) os atendimentos individuais somente dever\u00e3o ser efetivados nos casos devidamente justificados, e<\/p>\r\n<p>d) o registro dever\u00e1 ser feito em formul\u00e1rio pr\u00f3prio com assinatura do usu\u00e1rio, conforme modelo proposto (Anexo 4).<\/p>\r\n<p>II - os servi\u00e7os de entrega de malotes e distribui\u00e7\u00e3o das correspond\u00eancias no Campus e Cidade dever\u00e3o ser atendidos por um ve\u00edculo previamente escalado pela Chefia do Setor de Transporte e Oficina; e<\/p>\r\n<p>III - os servi\u00e7os de banco, que porventura existirem resultante das atividades do Departamento de Contabilidade e Finan\u00e7as - DCF, dever\u00e3o ser atendidos por um ve\u00edculo previamente escalado pela Chefia do Setor de Transporte e Oficina.<\/p>\r\n\r\n<p>Art. 12. Para o atendimento dos \u201cservi\u00e7os externos\u201d (servi\u00e7os de transporte realizados fora do Campus Universit\u00e1rio e dentro do munic\u00edpio), dever\u00e1 ser observado o que segue:<\/p>\r\n<p>I - a solicita\u00e7\u00e3o ao Setor de Transporte e Oficina da Prefeitura da Cidade Universit\u00e1ria dever\u00e1 ser feita mediante a expedi\u00e7\u00e3o do formul\u00e1rio \u201crequisi\u00e7\u00e3o de transporte a servi\u00e7o\u201d, assinado pelo secret\u00e1rio ou dirigente do \u00f3rg\u00e3o requisitante;<\/p>\r\n<p>II - os servi\u00e7os extemos dever\u00e3o ser realizados em dias e hor\u00e1rios de expediente normal; e<\/p>\r\n<p>III - os atendimentos em dias e hor\u00e1rios fora do expediente, somente ser\u00e3o efetivados, quando devidamente autorizados pela Prefeitura da Cidade Universit\u00e1ria.<\/p>\r\n\r\n<p>Art. 13. Para viagens a servi\u00e7o, deslocamento em ve\u00edculos automotores da Institui\u00e7\u00e3o para fora do munic\u00edpio, dever\u00e1 ser observado o seguinte:<\/p>\r\n<p>I - somente poder\u00e3o ser autorizadas viagens a servi\u00e7o em ve\u00edculos oficiais, quando os pedidos vierem acompanhados de justificativa amplamente fundamentada e com a concord\u00e2ncia do dirigente da unidade, e desde que as viagens n\u00e3o possam ser realizadas por meio dos ve\u00edculos de linhas regulares de transporte coletivo de acordo com o item 12.1.5. da <a href=\"http:\/\/www.lex.com.br\/doc_6224659_INSTRUCAO_NORMATIVA_N_9_DE_26_DE_AGOSTO_DE_1994.aspx\" target=\"_blank\"><font color=\"blue\"><u>Instru\u00e7\u00e3o Normativa n. 9 republicada no Di\u00e1rio Oficial da Uni\u00e3o, de 19.7.1997<\/u><\/font><\/a>.<\/p>\r\n<p>II - sempre que as viagens a servi\u00e7o forem solicitadas para conex\u00e3o com v\u00f4os no Aeroporto Salgado Filho, em Porto Alegre, estas dever\u00e3o ser efetuadas atrav\u00e9s de linha regular de transporte coletivo, sendo que as exce\u00e7\u00f5es ser\u00e3o autorizadas ap\u00f3s an\u00e1lise do Gabinete do Magn\u00edfico Reitor.<\/p>\r\n<p>III - as viagens poder\u00e3o ser autorizadas, pela Prefeitura da Cidade Universit\u00e1ria, que expedir\u00e1 respectiva Ordem de Tr\u00e2nsito, exceto para os \u00f3rg\u00e3os previstos nos incisos le II, do art. 14, desta resolu\u00e7\u00e3o.<\/p>\r\n<p>IV - com exce\u00e7\u00e3o do Gabinete do Reitor e do Hospital Universit\u00e1rio, em casos de ambul\u00e2ncia, nenhum outro \u00f3rg\u00e3o da Universidade poder\u00e1 autorizar a sa\u00edda desse tipo de ve\u00edculo, para fora do munic\u00edpio ou emitir \u201cordem de tr\u00e2nsito para viagem\u201d;<\/p>\r\n\r\n<p>Art. 14. Para a realiza\u00e7\u00e3o de viagens em \u00f4nibus ou micro\u00f4nibus da UFSM -\u2014 somente para a Regi\u00e3o Sul do Pa\u00eds \u2014-, dever\u00e1 ser observado procedimento espec\u00edfico, exceto para os ve\u00edculos \u201cKombi\u201d que n\u00e3o necessitam do preenchimento do formul\u00e1rio-padr\u00e3o DAER.<\/p>\r\n<p>\u00a7 1\u00ba Somente ser\u00e3o autorizadas viagens que atendam \u00e0s finalidades e interesses da Universidade, no desenvolvimento das atividades de Ensino, Pesquisa e Extens\u00e3o.<\/p>\r\n<p>\u00a7 2\u00ba Q encaminhamento dos pedidos dever\u00e1 observar o prazo m\u00ednimo de setenta e duas horas, com exce\u00e7\u00e3o dos casos emergenciais.<\/p>\r\n<p>\u00a7 3\u00ba Os pedidos ser\u00e3o analisados, observadas as seguintes formalidades:<\/p>\r\n<p>I - para o Centro de Educa\u00e7\u00e3o Superior Norte-RS\/UFSM - CESNORS, o Col\u00e9gio Agr\u00edcola de Frederico Westphalen e o Col\u00e9gio Polit\u00e9cnico da Universidade Federal de Santa Maria devem ser tomadas as seguintes provid\u00eancias:<\/p>\r\n<p>a) encaminhamento de memorando \u00e0 dire\u00e7\u00e3o da unidade universit\u00e1ria ou dos col\u00e9gios, assinado pelo servidor respons\u00e1vel pela disciplina, em se tratando de viagem de ensino, contendo:<\/p>\r\n<p>1. ampla e detalhada justificativa do pedido;<\/p>\r\n<p>2. rela\u00e7\u00e3o nominal dos passageiros com suas respectivas matr\u00edculas na UFSM e n\u00famero da carteira de identidade;<\/p>\r\n<p>3. rela\u00e7\u00e3o nominal dos passageiros em formul\u00e1rio-padr\u00e3o DAER, com respectivos n\u00fameros das carteiras de identidade;<\/p>\r\n<p>4. nome do servidor do curso, respons\u00e1vel pela viagem, com sua matr\u00edcula na UFSM e n\u00famero da carteira de identidade.<\/p>\r\n<p>5. destino e itiner\u00e1rio da viagem que ser\u00e3o, obrigatoriamente, cumpridos;<\/p>\r\n<p>6. datas da sa\u00edda e previs\u00e3o de retorno, com hor\u00e1rios e locais da sa\u00edda e da chegada;<\/p>\r\n<p>7. indica\u00e7\u00e3o de recursos, se for o caso, para custeio das despesas (di\u00e1rias de motoristas, combust\u00edveis com acr\u00e9scimo de cinquenta por cento para despesas com manuten\u00e7\u00e3o do ve\u00edculo; e<\/p>\r\n<p>8. assinatura do termo de compromisso de viagem de estudo, pelo servidor respons\u00e1vel pela viagem, conforme modelo (Anexo 5).<\/p>\r\n<p>II - para o Centro de Ci\u00eancias Rurais:<\/p>\r\n<p>a) encaminhamento de memorando \u00e0 Dire\u00e7\u00e3o do Centro, assinado pelo servidor respons\u00e1vel pela disciplina, com visto do chefe do departamento, em se tratando de viagem de ensino, contendo:<\/p>\r\n<p>1. ampla e detalhada justificativa do pedido;<\/p>\r\n<p>2. rela\u00e7\u00e3o nominal dos passageiros, com suas respectivas matr\u00edculas na UFSM e n\u00famero da carteira de identidade;<\/p>\r\n<p>3. rela\u00e7\u00e3o nominal dos passageiros em formul\u00e1rio-padr\u00e3o DAER, com respectivos n\u00fameros das carteiras de identidade;<\/p>\r\n<p>4. destino e itiner\u00e1rio da viagem que ser\u00e1, obrigatoriamente, cumprido;<\/p>\r\n<p>5. nome do servidor do curso respons\u00e1vel pela viagem, com sua matr\u00edcula na UFSM e n\u00famero da carteira de identidade;<\/p>\r\n<p>6. datas da sa\u00edda e previs\u00e3o de retorno, com hor\u00e1rios e locais da sa\u00edda e da chegada;<\/p>\r\n<p>7. indica\u00e7\u00e3o de recursos, se for o caso, para custeio das despesas (di\u00e1rias de motoristas, combust\u00edveis com acr\u00e9scimo de cinquenta por cento para despesas com manuten\u00e7\u00e3o do ve\u00edculo); e<\/p>\r\n<p>8. assinatura do termo de compromisso de viagem de estudo, pelo servidor respons\u00e1vel pela viagem, conforme modelo (Anexo 5).<\/p>\r\n<p>III - para os demais \u00f3rg\u00e3os ou unidades universit\u00e1rias:<\/p>\r\n<p>a) encaminhamento de memorando \u00e0 Prefeitura da Cidade Universit\u00e1ria, assinado pelo servidor respons\u00e1vel pela disciplina, com visto do chefe do departamento e \u201cde acordo\u201d da dire\u00e7\u00e3o da unidade universit\u00e1ria, quando se tratar de viagem de ensino, ou assinado pelo dirigente do \u00f3rg\u00e3o em caso de viagens \u201ca servi\u00e7o\u201d, contendo:<\/p>\r\n<p>1. ampla e detalhada justificativa do pedido;<\/p>\r\n<p>2. rela\u00e7\u00e3o nominal dos passageiros, com suas respectivas matr\u00edculas na UFSM e n\u00famero da carteira de identidade;<\/p>\r\n<p>3. nome do servidor do curso respons\u00e1vel pela viagem com sua matr\u00edcula na UFSM e n\u00famero da carteira de identidade;<\/p>\r\n<p>4. rela\u00e7\u00e3o nominal dos passageiros em formul\u00e1rio-padr\u00e3o DAER, com respectivos n\u00fameros das carteiras de identidade;<\/p>\r\n<p>5. destino e itiner\u00e1rio da viagem que ser\u00e3o, obrigatoriamente, cumpridos;<\/p>\r\n<p>6. datas da sa\u00edda e previs\u00e3o de retomo, com hor\u00e1rios e locais da sa\u00edda e da chegada;<\/p>\r\n<p>7. indica\u00e7\u00e3o de recursos para custeios das despesas (di\u00e1rias de motoristas), combust\u00edveis com acr\u00e9scimo de cinquenta por cento para despesas com manuten\u00e7\u00e3o do ve\u00edculo);<\/p>\r\n<p>8. assinatura do termo de compromisso pelo servidor do curso respons\u00e1vel pela viagem de estudo, conforme modelo (Anexo 5).<\/p>\r\n<p>9. a utiliza\u00e7\u00e3o das ambul\u00e2ncias observar\u00e1 normas pr\u00f3prias.<\/p>\r\n\r\n<p>Art. 15. No caso de ve\u00edculos da \u00c1rea de Sa\u00fade - ambul\u00e2ncia, dever\u00e1 ser observado o que segue:<\/p>\r\n<p>1. as ambul\u00e2ncias dever\u00e3o ser utilizadas exclusivamente no transporte de pacientes, sendo expressamente proibido o seu uso para qualquer outra finalidade;<\/p>\r\n<p>2. as ambul\u00e2ncias dever\u00e3o permanecer em locais previamente determinados pela Dire\u00e7\u00e3o do Hospital Universit\u00e1rio, e os deslocamentos ficar\u00e3o sob seu controle;<\/p>\r\n<p>3. os deslocamentos nos atendimentos a pacientes dever\u00e3o ser registrados em formul\u00e1rio pr\u00f3prio;<\/p>\r\n<p>4. os afastamentos em viagens somente ser\u00e3o efetivados mediante autoriza\u00e7\u00e3o e preenchimento do formul\u00e1rio \u201cordem de tr\u00e2nsito para viagens\u201d pela Dire\u00e7\u00e3o do Hospital Universit\u00e1rio;<\/p>\r\n<p>5. na sua utiliza\u00e7\u00e3o, as ambul\u00e2ncias dever\u00e3o estar com seus equipamentos em perfeitas condi\u00e7\u00f5es de funcionamento; e<\/p>\r\n<p>6. a utiliza\u00e7\u00e3o das ambul\u00e2ncias observar\u00e1 normas pr\u00f3prias.<\/p>\r\n\r\n<p>Art. 16. No caso de outros ve\u00edculos da \u00c1rea de Sa\u00fade, dever\u00e1 ser observado o seguinte procedimento:<\/p>\r\n<p>\u00a71\u00ba Dentro do munic\u00edpio, estes ter\u00e3o livre tr\u00e2nsito, desde que observada a proibi\u00e7\u00e3o do transporte pessoal, n\u00e3o a servi\u00e7o, sendo que o controle di\u00e1rio ser\u00e1 feito pela Dire\u00e7\u00e3o do Hospital mediante o formul\u00e1rio \u201crequisi\u00e7\u00e3o de transporte a servi\u00e7o\u201d.<\/p>\r\n<p>\u00a7 2\u00ba As viagens somente ser\u00e3o autorizadas pela Dire\u00e7\u00e3o do HUSM, que expedir\u00e1 a \u201cordem de tr\u00e2nsito para viagem\u201d, mediante ampla justificativa demonstrando a extrema urg\u00eancia.<\/p>\r\n<p>\u00a7 3\u00ba Esses ve\u00edculos atender\u00e3o a servi\u00e7os no transporte de materiais e equipamentos hospitalares e no deslocamento de pessoal a servi\u00e7o em caso de urg\u00eancia (m\u00e9dicos, enfermeiros, outros).<\/p>\r\n\r\n<p>Art. 17. Os ve\u00edculos de transporte de materiais, dever\u00e3o ser utilizados exclusivamente no transporte de materiais e equipamentos a servi\u00e7o da Universidade.<\/p>\r\n<p>Art. 18. O transporte de materiais somente dever\u00e1 ser feito se a carga transportada for acompanhada de documento que comprove e autorize o servi\u00e7o.<\/p>\r\n<p>Art. 19. Compete aos \u00f3rg\u00e3os da Administra\u00e7\u00e3o Superior e Prefeitura da Cidade Universit\u00e1ria a fiscaliza\u00e7\u00e3o e cumprimento das presentes normas.<\/p>\r\n<p>Art. 20. Esta resolu\u00e7\u00e3o entrar\u00e1 em vigor na data de sua assinatura e revoga a <a href=\"https:\/\/www.ufsm.br\/pro-reitorias\/proplan\/resolucao-n-018-1990\/\" target=\"_blank\"><font color=\"blue\"><u>Resolu\u00e7\u00e3o-UFSM n. 018\/90<\/u><\/font><\/a>.<\/p>\r\n\r\n<p>GABINETE DO REITOR DA UNIVERSIDADE FEDERAL DE SANTA MARIA, aos sete dias do m\u00eas de maio do ano dois mil e sete.<\/p>\r\n<\/div>\r\n<p>Clovis Silva Lima,<\/p>\r\n<p>Reitor.<\/p>\r\n\r\n<p><font color=\"red0000\">Este texto n\u00e3o substitui o documento original, publicado no Portal de Documentos.<\/font> Dispon\u00edvel em: <a href=\"https:\/\/portal.ufsm.br\/documentos\/publico\/documento.html?id=4372738\"><font color=\"blue\">https:\/\/portal.ufsm.br\/documentos\/publico\/documento.html?id=4372738<\/font><\/a>\r\n<\/strike>\r\n\r\n\t\t<\/div>\n\t\t\t\t<\/div>\n\t\t\t\t\t<\/div>\n\t\t<\/div>\n\t\t\t\t\t<\/div>\n\t\t<\/section>\n\t\t\t\t<\/div>\n\t\t","protected":false},"excerpt":{"rendered":"<p>RESOLU\u00c7\u00c3O N. 004\/2007 MINIST\u00c9RIO DA EDUCA\u00c7\u00c3O UNIVERSIDADE FEDERAL DE SANTA MARIA RESOLU\u00c7\u00c3O N. 004\/2007 Disciplina o Uso de Ve\u00edculos Automotores de Transporte Rodovi\u00e1rio na Universidade Federal de Santa Maria e revoga a Resolu\u00e7\u00e3o-UFSM n. 018\/90. Revogada pela Resolu\u00e7\u00e3o N. 019\/2008 O REITOR DA UNIVERSIDADE FEDERAL DE SANTA MARIA, no uso de suas atribui\u00e7\u00f5es legais e [&hellip;]<\/p>\n","protected":false},"author":205,"featured_media":0,"parent":0,"menu_order":0,"comment_status":"closed","ping_status":"closed","template":"","meta":{"footnotes":""},"categories":[],"tags":[],"class_list":["post-3088","page","type-page","status-publish","hentry"],"acf":[],"_links":{"self":[{"href":"https:\/\/www.ufsm.br\/pro-reitorias\/proplan\/wp-json\/wp\/v2\/pages\/3088","targetHints":{"allow":["GET"]}}],"collection":[{"href":"https:\/\/www.ufsm.br\/pro-reitorias\/proplan\/wp-json\/wp\/v2\/pages"}],"about":[{"href":"https:\/\/www.ufsm.br\/pro-reitorias\/proplan\/wp-json\/wp\/v2\/types\/page"}],"author":[{"embeddable":true,"href":"https:\/\/www.ufsm.br\/pro-reitorias\/proplan\/wp-json\/wp\/v2\/users\/205"}],"replies":[{"embeddable":true,"href":"https:\/\/www.ufsm.br\/pro-reitorias\/proplan\/wp-json\/wp\/v2\/comments?post=3088"}],"version-history":[{"count":0,"href":"https:\/\/www.ufsm.br\/pro-reitorias\/proplan\/wp-json\/wp\/v2\/pages\/3088\/revisions"}],"wp:attachment":[{"href":"https:\/\/www.ufsm.br\/pro-reitorias\/proplan\/wp-json\/wp\/v2\/media?parent=3088"}],"wp:term":[{"taxonomy":"category","embeddable":true,"href":"https:\/\/www.ufsm.br\/pro-reitorias\/proplan\/wp-json\/wp\/v2\/categories?post=3088"},{"taxonomy":"post_tag","embeddable":true,"href":"https:\/\/www.ufsm.br\/pro-reitorias\/proplan\/wp-json\/wp\/v2\/tags?post=3088"}],"curies":[{"name":"wp","href":"https:\/\/api.w.org\/{rel}","templated":true}]}}