{"id":3091,"date":"2020-01-28T15:12:20","date_gmt":"2020-01-28T18:12:20","guid":{"rendered":"https:\/\/www.ufsm.br\/pro-reitorias\/proplan\/?page_id=3091"},"modified":"2022-06-01T10:35:45","modified_gmt":"2022-06-01T13:35:45","slug":"resolucao-n-007-2007","status":"publish","type":"page","link":"https:\/\/www.ufsm.br\/pro-reitorias\/proplan\/resolucao-n-007-2007","title":{"rendered":"Resolu\u00e7\u00e3o N. 007\/2007"},"content":{"rendered":"\t\t<div data-elementor-type=\"wp-page\" data-elementor-id=\"3091\" class=\"elementor elementor-3091\">\n\t\t\t\t\t\t<section class=\"elementor-section elementor-top-section elementor-element elementor-element-7e913c7 elementor-section-boxed elementor-section-height-default elementor-section-height-default\" data-id=\"7e913c7\" data-element_type=\"section\">\n\t\t\t\t\t\t<div class=\"elementor-container elementor-column-gap-default\">\n\t\t\t\t\t<div class=\"elementor-column elementor-col-100 elementor-top-column elementor-element elementor-element-4046fc8\" data-id=\"4046fc8\" data-element_type=\"column\">\n\t\t\t<div class=\"elementor-widget-wrap elementor-element-populated\">\n\t\t\t\t\t\t<div class=\"elementor-element elementor-element-994d4d4 elementor-widget elementor-widget-html\" data-id=\"994d4d4\" data-element_type=\"widget\" data-widget_type=\"html.default\">\n\t\t\t\t<div class=\"elementor-widget-container\">\n\t\t\t\ufeff\r\n\r\n\r\n<title><b>RESOLU\u00c7\u00c3O N. 007\/2007<\/b><\/title>\r\n\r\n\r\n<div align=\"center\"><img decoding=\"async\" src=\"https:\/\/www.ufsm.br\/pro-reitorias\/proplan\/wp-content\/uploads\/sites\/344\/2019\/09\/brasao-da-republica-do-brasil-logo.png\" alt=\"Bras\u00e3o Rep\u00fablica Federativa do Brasil\" width=\"6%\" height=\"6%\"><\/div>    \r\n<h1><font color=\"blue\"><font size=\"5\"><div align=\"center\">MINIST\u00c9RIO DA EDUCA\u00c7\u00c3O<\/b><\/font><\/font><\/div><\/H1>\r\n<p><b><font color=\"0000blue\"><div align=\"center\">UNIVERSIDADE FEDERAL DE SANTA MARIA<\/b><\/font><\/div><\/p>\r\n\r\n<p><div align=\"center\"><b><a href=\"https:\/\/portal.ufsm.br\/documentos\/publico\/documento.html?id=4372741\"><font color=\"blue\">RESOLU\u00c7\u00c3O N. 007\/2007<\/font><\/a><\/b><\/div><\/p>\r\n<br>\r\n<p><div align=\"right\"><font color=\"800000\"><strike>Cria o Departamento de Processamento de Energia El\u00e9trica do Centro de Tecnologia da Universidade Federal de Santa Maria.<\/strike><\/font><\/div><\/p>\r\n<br>\r\n<p><a href=\"https:\/\/www.ufsm.br\/pro-reitorias\/proplan\/resolucao-ufsm-n-094-2022\/\" target=\"_blank\"><font color=\"blue\">Revogada pela Resolu\u00e7\u00e3o UFSM N. 094\/2022<\/font><\/a>\r\n<br><div align=\"justify\">\r\n<strike>\r\n<p>O REITOR DA UNIVERSIDADE FEDERAL DE SANTA MARIA, no uso de suas atribui\u00e7\u00f5es legais e estatut\u00e1rias e considerando:<\/p>\r\n<p>- a proposta devidamente fundamentada e aprovada pelo Conselho do Centro de Tecnologia;<\/p>\r\n<p>- o parecer n. 035\/07, aprovado na 700\u00aa Sess\u00e3o do Conselho de Ensino, Pesquisa e Extens\u00e3o, de 11.05.2007, e o Parecer n. 072\/07, aprovado na 669\u00aa Sess\u00e3o do Conselho Universit\u00e1rio, de 05.06.2007, conforme Processo n. <a href=\"https:\/\/portal.ufsm.br\/documentos\/publico\/processo\/documento.html?idDocumento=1722000\" target=\"_blank\"><font color=\"blue\"><u>23081.012248\/2005-89<\/u><\/font><\/a>.<\/p>\r\n<br>\r\n<p><div align=\"center\">RESOLVE:<\/div><\/p>\r\n<br>\r\n<p>Art. 1\u00ba Criar o Departamento de Processamento de Energia El\u00e9trica (DPEE) do Centro de Tecnologia da Universidade Federal de Santa Maria.<\/p>\r\n<p>Art. 2\u00ba Caber\u00e1 \u00e0 Pr\u00f3-Reitoria de Planejamento proceder \u00e0 cria\u00e7\u00e3o do Departamento no Sistema de Classifica\u00e7\u00e3o Institucional, \u00e0 Pr\u00f3-Reitoria de Recursos Humanos a relota\u00e7\u00e3o dos recursos humanos, ao Departamento de Material e Patrim\u00f4nio a adequa\u00e7\u00e3o do registro dos m\u00f3veis e equipamentos e ao Departamento de Registro e Controle Acad\u00eamico a transfer\u00eancia das disciplinas.<\/p>\r\n<p>Art. 3\u00ba A subunidade funcionar\u00e1 sem as fun\u00e7\u00f5es gratificadas devidas aos titulares da Chefia de Departamento - FG1 e da Secretaria de Apoio Administrativo - FG7, at\u00e9 que haja um aumento no Quadro de Fun\u00e7\u00f5es da UFSM, ou que elas sejam disponibilizadas em raz\u00e3o de eventuais altera\u00e7\u00f5es na estrutura organizacional da UFSM.<\/p>\r\n<p>Art. 4\u00ba A complementa\u00e7\u00e3o do quadro de servidores t\u00e9cnico-administrativos da subunidade ser\u00e1 feita de acordo com a libera\u00e7\u00e3o de vagas para a Institui\u00e7\u00e3o pelo Minist\u00e9rio da Educa\u00e7\u00e3o.<\/p>\r\n<p>Art. 5\u00ba Esta resolu\u00e7\u00e3o entrar\u00e1 em vigor na data de sua assinatura e revoga as disposi\u00e7\u00f5es em contr\u00e1rio.<\/p>\r\n\r\n<p>GABINETE DO REITOR DA UNIVERSIDADE FEDERAL DE SANTA MARIA, aos cinco dias do m\u00eas de junho do ano dois mil e sete.<\/p>\r\n<\/div>\r\n<p>Clovis Silva Lima,<\/p>\r\n<p>Reitor.<\/p>\r\n<\/strike>\r\n<p><font color=\"red0000\">Este texto n\u00e3o substitui o documento original, publicado no Portal de Documentos.<\/font> Dispon\u00edvel em: <a href=\"https:\/\/portal.ufsm.br\/documentos\/publico\/documento.html?id=4372741\"><font color=\"blue\">https:\/\/portal.ufsm.br\/documentos\/publico\/documento.html?id=4372741<\/font><\/a>\r\n\r\n\t\t<\/div>\n\t\t\t\t<\/div>\n\t\t\t\t\t<\/div>\n\t\t<\/div>\n\t\t\t\t\t<\/div>\n\t\t<\/section>\n\t\t\t\t<\/div>\n\t\t","protected":false},"excerpt":{"rendered":"<p>\ufeff RESOLU\u00c7\u00c3O N. 007\/2007 MINIST\u00c9RIO DA EDUCA\u00c7\u00c3O UNIVERSIDADE FEDERAL DE SANTA MARIA RESOLU\u00c7\u00c3O N. 007\/2007 Cria o Departamento de Processamento de Energia El\u00e9trica do Centro de Tecnologia da Universidade Federal de Santa Maria. Revogada pela Resolu\u00e7\u00e3o UFSM N. 094\/2022 O REITOR DA UNIVERSIDADE FEDERAL DE SANTA MARIA, no uso de suas atribui\u00e7\u00f5es legais e estatut\u00e1rias [&hellip;]<\/p>\n","protected":false},"author":205,"featured_media":0,"parent":0,"menu_order":0,"comment_status":"closed","ping_status":"closed","template":"","meta":{"footnotes":""},"categories":[],"tags":[],"class_list":["post-3091","page","type-page","status-publish","hentry"],"acf":[],"_links":{"self":[{"href":"https:\/\/www.ufsm.br\/pro-reitorias\/proplan\/wp-json\/wp\/v2\/pages\/3091","targetHints":{"allow":["GET"]}}],"collection":[{"href":"https:\/\/www.ufsm.br\/pro-reitorias\/proplan\/wp-json\/wp\/v2\/pages"}],"about":[{"href":"https:\/\/www.ufsm.br\/pro-reitorias\/proplan\/wp-json\/wp\/v2\/types\/page"}],"author":[{"embeddable":true,"href":"https:\/\/www.ufsm.br\/pro-reitorias\/proplan\/wp-json\/wp\/v2\/users\/205"}],"replies":[{"embeddable":true,"href":"https:\/\/www.ufsm.br\/pro-reitorias\/proplan\/wp-json\/wp\/v2\/comments?post=3091"}],"version-history":[{"count":0,"href":"https:\/\/www.ufsm.br\/pro-reitorias\/proplan\/wp-json\/wp\/v2\/pages\/3091\/revisions"}],"wp:attachment":[{"href":"https:\/\/www.ufsm.br\/pro-reitorias\/proplan\/wp-json\/wp\/v2\/media?parent=3091"}],"wp:term":[{"taxonomy":"category","embeddable":true,"href":"https:\/\/www.ufsm.br\/pro-reitorias\/proplan\/wp-json\/wp\/v2\/categories?post=3091"},{"taxonomy":"post_tag","embeddable":true,"href":"https:\/\/www.ufsm.br\/pro-reitorias\/proplan\/wp-json\/wp\/v2\/tags?post=3091"}],"curies":[{"name":"wp","href":"https:\/\/api.w.org\/{rel}","templated":true}]}}