{"id":3093,"date":"2020-01-28T15:12:33","date_gmt":"2020-01-28T18:12:33","guid":{"rendered":"https:\/\/www.ufsm.br\/pro-reitorias\/proplan\/?page_id=3093"},"modified":"2020-01-28T15:15:48","modified_gmt":"2020-01-28T18:15:48","slug":"resolucao-n-008-2007-anexo-i","status":"publish","type":"page","link":"https:\/\/www.ufsm.br\/pro-reitorias\/proplan\/resolucao-n-008-2007-anexo-i","title":{"rendered":"Resolu\u00e7\u00e3o N. 008\/2007 &#8211; Anexo I"},"content":{"rendered":"\t\t<div data-elementor-type=\"wp-page\" data-elementor-id=\"3093\" class=\"elementor elementor-3093\">\n\t\t\t\t\t\t<section class=\"elementor-section elementor-top-section elementor-element elementor-element-262b15f elementor-section-boxed elementor-section-height-default elementor-section-height-default\" data-id=\"262b15f\" data-element_type=\"section\">\n\t\t\t\t\t\t<div class=\"elementor-container elementor-column-gap-default\">\n\t\t\t\t\t<div class=\"elementor-column elementor-col-100 elementor-top-column elementor-element elementor-element-5056230\" data-id=\"5056230\" data-element_type=\"column\">\n\t\t\t<div class=\"elementor-widget-wrap elementor-element-populated\">\n\t\t\t\t\t\t<div class=\"elementor-element elementor-element-5b01b25 elementor-widget elementor-widget-html\" data-id=\"5b01b25\" data-element_type=\"widget\" data-widget_type=\"html.default\">\n\t\t\t\t<div class=\"elementor-widget-container\">\n\t\t\t\r\n\r\n\r\n<title><b>RESOLU\u00c7\u00c3O N. 008\/2007-ANEXO I<\/b><\/title>\r\n\r\n\r\n<div align=\"center\"><img decoding=\"async\" src=\"https:\/\/www.ufsm.br\/pro-reitorias\/proplan\/wp-content\/uploads\/sites\/344\/2019\/09\/brasao-da-republica-do-brasil-logo.png\" alt=\"Bras\u00e3o Rep\u00fablica Federativa do Brasil\" width=\"6%\" height=\"6%\"><\/div>    \r\n<h1><font color=\"blue\"><font size=\"5\"><div align=\"center\">MINIST\u00c9RIO DA EDUCA\u00c7\u00c3O<\/b><\/font><\/font><\/div><\/H1>\r\n<p><b><font color=\"0000blue\"><div align=\"center\">UNIVERSIDADE FEDERAL DE SANTA MARIA<\/b><\/font><\/div><\/p>\r\n\r\n<p><div align=\"center\"><b><a href=\"https:\/\/portal.ufsm.br\/documentos\/publico\/documento.html?id=12929080\"><font color=\"blue\">RESOLU\u00c7\u00c3O N. 008\/2007 - ANEXO I<\/font><\/a><\/b><\/div><\/p>\r\n<br>\r\n<p><a href=\"https:\/\/www.ufsm.br\/pro-reitorias\/proplan\/resolucao-n-013-2010\/\"><font color=\"blue\">Revogada pela Resolu\u00e7\u00e3o N. 013\/2010<\/font><\/a><\/p>\r\n<br>\r\n<p><div align=\"right\"><strike><div align=\"center\">ANEXO (INSTRUMENTO I)<\/div><\/strike><\/div><\/p>\r\n<p><div align=\"right\"><strike><div align=\"center\">INSTRUMENTO DE AVALIA\u00c7\u00c3O DE DESEMPENHO FUNCIONAL DOS SERVIDORES T\u00c9CNICO-ADMINISTRATIVOS<\/div><\/strike><\/div><\/p>\r\n<p><div align=\"right\"><b><strike><div align=\"center\">AUTO-AVALIA\u00c7\u00c3O<\/div><\/strike><\/b><\/div><\/p>\r\n<br>\r\n<table><table width=\"75%\">\r\n<tr><td><b><strike>Perfil do avaliado<\/strike><\/b><\/td>\r\n<tr><td><p><strike>Nome:<\/p><p>Matr\u00edcula SIAPE:<\/p><p>Cargo\/Fun\u00e7\u00e3o:<\/p><p>Gratifica\u00e7\u00e3o:                 (   ) FG         (    ) CD               (     ) N\u00e3o possui<\/p><\/td><\/strike><\/tr>\r\n<tr><td><strike>Data da Avalia\u00e7\u00e3o: ........\/........\/........<\/td><\/strike><\/tr>\r\n<\/div><\/table>\r\n<br>\r\n<p><strike>Responda \u00e0s seguintes quest\u00f5es, conforme escala abaixo:<\/strike><\/p>\r\n<p><strike>1. Discordo plenamente<\/strike><\/p>\r\n<p><strike>2. Discordo em parte<\/strike><\/p>\r\n<p><strike>3. N\u00e3o concordo nem discordo<\/strike><\/p>\r\n<p><strike>4. Concordo em parte<\/strike><\/p>\r\n<p><strike>5. Concordo totalmente<\/strike><\/p>\r\n<br>\r\n<p><strike>CLIQUE NA OP\u00c7\u00c3O QUE MELHOR REPRESENTE A SUA OPINI\u00c3O COM RELA\u00c7\u00c3O \u00c0S AFIRMATIVAS ABAIXO:<\/strike><\/p>\r\n<br>\r\n<strike>\r\n<table><table width=\"75%\">\r\n<tr><th colspan=\"2\">Compet\u00eancias t\u00e9cnicas (espec\u00edficas para a realiza\u00e7\u00e3o do trabalho di\u00e1rio)<\/th><th width=\"50\">1<\/th><th width=\"50\">2<\/th><th width=\"50\">3<\/th><th width=\"50\">4<\/th><th width=\"50\">5<\/th><\/tr>\r\n<tr><td width=\"50\">1<\/td><td>Consigo me comunicar adequadamente, obtendo bons resultados em meu trabalho. (comunica\u00e7\u00e3o)<\/td><td><\/td><td><\/td><td><\/td><td><\/td><td><\/td><\/tr>\r\n<tr><td>2<\/td><td>Controlo satisfatoriamente as minhas atividades.<\/td><td><\/td><td><\/td><td><\/td><td><\/td><td><\/td><\/tr>\r\n<tr><td>3<\/td><td>Apresento conhecimento de minhas atribui\u00e7\u00f5es em geral de maneira satisfat\u00f3ria.<\/td><td><\/td><td><\/td><td><\/td><td><\/td><td><\/td><\/tr>\r\n<tr><td>4<\/td><td>Conhe\u00e7o as normas e regulamentos que envolvem meu trabalho.<\/td><td><\/td><td><\/td><td><\/td><td><\/td><td><\/td><\/tr>\r\n<tr><td>5<\/td><td>Atendo \u00e0s normas e aos regulamentos relacionados \u00e0s minhas atividades, de maneira satisfat\u00f3ria.<\/td><td><\/td><td><\/td><td><\/td><td><\/td><td><\/td><\/tr>\r\n<tr><td>6<\/td><td>Interajo com meus clientes internos e externos (usu\u00e1rios) de maneira satisfat\u00f3ria.<\/td><td><\/td><td><\/td><td><\/td><td><\/td><td><\/td><\/tr>\r\n<tr><td>7<\/td><td>Apresento-me comprometido com minhas atividades, desempenhando-as com seriedade.<\/td><td><\/td><td><\/td><td><\/td><td><\/td><td><\/td><\/tr>\r\n<tr><td>8<\/td><td>Assumo as tarefas com disposi\u00e7\u00e3o para ajudar o colegas a melhorarem o desempenho da equipe (coopera\u00e7\u00e3o)<\/td><td><\/td><td><\/td><td><\/td><td><\/td><td><\/td><\/tr>\r\n<tr><td>9<\/td><td>Busco o aperfei\u00e7oamento continuo de minhas atividades e de meu desempenho.<\/td><td><\/td><td><\/td><td><\/td><td><\/td><td><\/td><\/tr>\r\n<tr><td>10<\/td><td>Assumo as responsabilidades pelas minhas atividades de maneira satisfat\u00f3ria.<\/td><td><\/td><td><\/td><td><\/td><td><\/td><td><\/td><\/tr>\r\n<tr><td>11<\/td><td>Operacionalizo minhas atividades de maneira eficiente.<\/td><td><\/td><td><\/td><td><\/td><td><\/td><td><\/td><\/tr>\r\n<tr><td>12<\/td><td>Sou organizado na execu\u00e7\u00e3o de minhas atividades, priorizando tarefas e administrando meu tempo.<\/td><td><\/td><td><\/td><td><\/td><td><\/td><td><\/td><\/tr>\r\n<tr><td>13<\/td><td>Apresento-me apto para a solu\u00e7\u00e3o de poss\u00edveis problemas cotidianos de minhas atividades.<\/td><td><\/td><td><\/td><td><\/td><td><\/td><td><\/td><\/tr>\r\n<tr><td>14<\/td><td>Zelo pelas tarefas e equipamentos utilizados em minha rotina de trabalho.<\/td><td><\/td><td><\/td><td><\/td><td><\/td><td><\/td><\/tr>\r\n<\/div><\/table>\r\n<\/strike>\r\n<br>\r\n<strike>\r\n<table><table width=\"75%\">\r\n<tr><th colspan=\"2\">Compet\u00eancias subjetivas (relacionadas as atividades da UFSM como um todo)<\/th><th width=\"50\">1<\/th><th width=\"50\">2<\/th><th width=\"50\">3<\/th><th width=\"50\">4<\/th><th width=\"50\">5<\/th><\/tr>\r\n<tr><td width=\"50\">15<\/td><td>Possuo consci\u00eancia de que minhas atividades influenciam as atividades dos colegas e vice-versa (Vis\u00e3o Sist\u00eamica).<\/td><td><\/td><td><\/td><td><\/td><td><\/td><td><\/td><\/tr>\r\n<tr><td>16<\/td><td>Enrique\u00e7o minhas atividades por meio do compartilhamento de experi\u00eancias dentro do ambiente organizacional (Aprendizado Organizacional).<\/td><td><\/td><td><\/td><td><\/td><td><\/td><td><\/td><\/tr>\r\n<tr><td>17<\/td><td>Possuo capacidade de antecipar-me \u00e0s mudan\u00e7as e \u00e0s necessidades dos usu\u00e1rios internos e internos (Proatividade).<\/td><td><\/td><td><\/td><td><\/td><td><\/td><td><\/td><\/tr>\r\n<tr><td>18<\/td><td>Compreendo os fatores que afetam o trabalho a curto e longo prazo, permitindo tra\u00e7ar a\u00e7\u00f5es consistentes para o futuro desejado pela organiza\u00e7\u00e3o (Vis\u00e3o de Futuro).<\/td><td><\/td><td><\/td><td><\/td><td><\/td><td><\/td><\/tr>\r\n<tr><td>19<\/td><td>Assumo comportamentos adequados no trato com pessoas (Relacionamento)<\/td><td><\/td><td><\/td><td><\/td><td><\/td><td><\/td><\/tr>\r\n<\/div><\/table>\r\n<\/strike>\r\n<br>\r\n<strike>\r\n<table><table width=\"75%\">\r\n<tr><th colspan=\"2\">Condi\u00e7\u00f5es de trabalho<\/th><th width=\"50\">1<\/th><th width=\"50\">2<\/th><th width=\"50\">3<\/th><th width=\"50\">4<\/th><th width=\"50\">5<\/th><\/tr>\r\n<tr><td width=\"50\">20<\/td><td>A infra-estrutura do local de trabalho \u00e9 satisfat\u00f3ria (equipamentos, materiais de expediente, ilumina\u00e7\u00e3o, ventila\u00e7\u00e3o, ru\u00eddos, etc.).<\/td><td><\/td><td><\/td><td><\/td><td><\/td><td><\/td><\/tr>\r\n<tr><td>21<\/td><td>A manuten\u00e7\u00e3o do local de trabalho \u00e9 adequada (pr\u00e9dios, corredores, elevadores, sinaliza\u00e7\u00e3o, etc.).<\/td><td><\/td><td><\/td><td><\/td><td><\/td><td><\/td><\/tr>\r\n<tr><td>22<\/td><td>A limpeza do local de trabalho \u00e9 adequada.<\/td><td><\/td><td><\/td><td><\/td><td><\/td><td><\/td><\/tr>\r\n<tr><td>23<\/td><td>A quantidade (volume de trabalho) de trabalho que tenho para desempenhar \u00e9 adequada a minha carga hor\u00e1ria semanal.<\/td><td><\/td><td><\/td><td><\/td><td><\/td><td><\/td><\/tr>\r\n<tr><td>24<\/td><td>A Institui\u00e7\u00e3o oferta oportunidades satisfat\u00f3rias de lazer e cultura.<\/td><td><\/td><td><\/td><td><\/td><td><\/td><td><\/td><\/tr>\r\n<\/div><\/table>\r\n<\/strike>\r\n<br>\r\n<strike>\r\n<p><b>Sugest\u00f5es\/cr\u00edticas:<\/b><\/p>\r\n<p>_______________________________________________________________________________________________<\/p>\r\n<p>_______________________________________________________________________________________________<\/p>\r\n<p>_______________________________________________________________________________________________<\/p>\r\n<p>________________________________________________________________________________<\/p>\r\n<br>\r\n<p><font color=\"red0000\">Este texto n\u00e3o substitui o documento original, publicado no Portal de Documentos.<\/font> Dispon\u00edvel em: <a href=\"https:\/\/portal.ufsm.br\/documentos\/publico\/documento.html?id=12929080\"><font color=\"blue\">https:\/\/portal.ufsm.br\/documentos\/publico\/documento.html?id=12929080<\/font><\/a>\r\n<\/strike>\r\n\r\n\t\t<\/div>\n\t\t\t\t<\/div>\n\t\t\t\t\t<\/div>\n\t\t<\/div>\n\t\t\t\t\t<\/div>\n\t\t<\/section>\n\t\t\t\t<\/div>\n\t\t","protected":false},"excerpt":{"rendered":"<p>RESOLU\u00c7\u00c3O N. 008\/2007-ANEXO I MINIST\u00c9RIO DA EDUCA\u00c7\u00c3O UNIVERSIDADE FEDERAL DE SANTA MARIA RESOLU\u00c7\u00c3O N. 008\/2007 &#8211; ANEXO I Revogada pela Resolu\u00e7\u00e3o N. 013\/2010 ANEXO (INSTRUMENTO I) INSTRUMENTO DE AVALIA\u00c7\u00c3O DE DESEMPENHO FUNCIONAL DOS SERVIDORES T\u00c9CNICO-ADMINISTRATIVOS AUTO-AVALIA\u00c7\u00c3O Perfil do avaliado Nome: Matr\u00edcula SIAPE: Cargo\/Fun\u00e7\u00e3o: Gratifica\u00e7\u00e3o: ( ) FG ( ) CD ( ) N\u00e3o possui Data [&hellip;]<\/p>\n","protected":false},"author":205,"featured_media":0,"parent":0,"menu_order":0,"comment_status":"closed","ping_status":"closed","template":"","meta":{"footnotes":""},"categories":[],"tags":[],"class_list":["post-3093","page","type-page","status-publish","hentry"],"acf":[],"_links":{"self":[{"href":"https:\/\/www.ufsm.br\/pro-reitorias\/proplan\/wp-json\/wp\/v2\/pages\/3093","targetHints":{"allow":["GET"]}}],"collection":[{"href":"https:\/\/www.ufsm.br\/pro-reitorias\/proplan\/wp-json\/wp\/v2\/pages"}],"about":[{"href":"https:\/\/www.ufsm.br\/pro-reitorias\/proplan\/wp-json\/wp\/v2\/types\/page"}],"author":[{"embeddable":true,"href":"https:\/\/www.ufsm.br\/pro-reitorias\/proplan\/wp-json\/wp\/v2\/users\/205"}],"replies":[{"embeddable":true,"href":"https:\/\/www.ufsm.br\/pro-reitorias\/proplan\/wp-json\/wp\/v2\/comments?post=3093"}],"version-history":[{"count":0,"href":"https:\/\/www.ufsm.br\/pro-reitorias\/proplan\/wp-json\/wp\/v2\/pages\/3093\/revisions"}],"wp:attachment":[{"href":"https:\/\/www.ufsm.br\/pro-reitorias\/proplan\/wp-json\/wp\/v2\/media?parent=3093"}],"wp:term":[{"taxonomy":"category","embeddable":true,"href":"https:\/\/www.ufsm.br\/pro-reitorias\/proplan\/wp-json\/wp\/v2\/categories?post=3093"},{"taxonomy":"post_tag","embeddable":true,"href":"https:\/\/www.ufsm.br\/pro-reitorias\/proplan\/wp-json\/wp\/v2\/tags?post=3093"}],"curies":[{"name":"wp","href":"https:\/\/api.w.org\/{rel}","templated":true}]}}