{"id":3094,"date":"2020-01-28T15:12:37","date_gmt":"2020-01-28T18:12:37","guid":{"rendered":"https:\/\/www.ufsm.br\/pro-reitorias\/proplan\/?page_id=3094"},"modified":"2020-01-28T15:16:21","modified_gmt":"2020-01-28T18:16:21","slug":"resolucao-n-008-2007-anexo-ii","status":"publish","type":"page","link":"https:\/\/www.ufsm.br\/pro-reitorias\/proplan\/resolucao-n-008-2007-anexo-ii","title":{"rendered":"Resolu\u00e7\u00e3o N. 008\/2007 &#8211; Anexo II"},"content":{"rendered":"\t\t<div data-elementor-type=\"wp-page\" data-elementor-id=\"3094\" class=\"elementor elementor-3094\">\n\t\t\t\t\t\t<section class=\"elementor-section elementor-top-section elementor-element elementor-element-22590b7 elementor-section-boxed elementor-section-height-default elementor-section-height-default\" data-id=\"22590b7\" data-element_type=\"section\">\n\t\t\t\t\t\t<div class=\"elementor-container elementor-column-gap-default\">\n\t\t\t\t\t<div class=\"elementor-column elementor-col-100 elementor-top-column elementor-element elementor-element-5bba5c1\" data-id=\"5bba5c1\" data-element_type=\"column\">\n\t\t\t<div class=\"elementor-widget-wrap elementor-element-populated\">\n\t\t\t\t\t\t<div class=\"elementor-element elementor-element-5329fa5 elementor-widget elementor-widget-html\" data-id=\"5329fa5\" data-element_type=\"widget\" data-widget_type=\"html.default\">\n\t\t\t\t<div class=\"elementor-widget-container\">\n\t\t\t\r\n\r\n\r\n<title><b>RESOLU\u00c7\u00c3O N. 008\/2007-ANEXO II<\/b><\/title>\r\n\r\n\r\n<div align=\"center\"><img decoding=\"async\" src=\"https:\/\/www.ufsm.br\/pro-reitorias\/proplan\/wp-content\/uploads\/sites\/344\/2019\/09\/brasao-da-republica-do-brasil-logo.png\" alt=\"Bras\u00e3o Rep\u00fablica Federativa do Brasil\" width=\"6%\" height=\"6%\"><\/div>    \r\n<h1><font color=\"blue\"><font size=\"5\"><div align=\"center\">MINIST\u00c9RIO DA EDUCA\u00c7\u00c3O<\/b><\/font><\/font><\/div><\/H1>\r\n<p><b><font color=\"0000blue\"><div align=\"center\">UNIVERSIDADE FEDERAL DE SANTA MARIA<\/b><\/font><\/div><\/p>\r\n\r\n<p><div align=\"center\"><b><a href=\"https:\/\/portal.ufsm.br\/documentos\/publico\/documento.html?id=12929076\"><font color=\"blue\">RESOLU\u00c7\u00c3O N. 008\/2007 - ANEXO II<\/font><\/a><\/b><\/div><\/p>\r\n<br>\r\n<p><a href=\"https:\/\/www.ufsm.br\/pro-reitorias\/proplan\/resolucao-n-013-2010\/\"><font color=\"blue\">Revogada pela Resolu\u00e7\u00e3o N. 013\/2010<\/font><\/a><\/p>\r\n<br>\r\n<p><div align=\"right\"><strike><div align=\"center\">ANEXO (INSTRUMENTO II)<\/div><\/strike><\/div><\/p>\r\n<p><div align=\"right\"><strike><div align=\"center\">INSTRUMENTO DE AVALIA\u00c7\u00c3O DE DESEMPENHO FUNCIONAL DOS SERVIDORES T\u00c9CNICO-ADMINISTRATIVOS<\/div><\/strike><\/div><\/p>\r\n<p><div align=\"right\"><b><strike><div align=\"center\">AVALIA\u00c7\u00c3O DE DESEMPENHO INDIVIDUAL PELO CHEFE IMEDIATO<\/div><\/strike><\/b><\/div><\/p>\r\n<br>\r\n<table><table width=\"75%\">\r\n<tr><td><b><strike>Identifica\u00e7\u00e3o do avaliado<\/strike><\/b><\/td>\r\n<tr><td><p><strike>Nome:<\/p><p>Matr\u00edcula SIAPE:<\/p><p>Cargo\/Fun\u00e7\u00e3o:<\/p><br><br><br><p>Lota\u00e7\u00e3o:<\/p><p>Gratifica\u00e7\u00e3o:                 (   ) FG         (    ) CD               (     ) N\u00e3o possui<\/p><\/td><\/strike><\/tr>\r\n<tr><td><strike>Data da Avalia\u00e7\u00e3o: ........\/........\/........<\/td><\/strike><\/tr>\r\n<\/div><\/table>\r\n<br>\r\n<p><strike>Responda \u00e0s seguintes quest\u00f5es, conforme escala abaixo:<\/strike><\/p>\r\n<p><strike>1. Discordo plenamente<\/strike><\/p>\r\n<p><strike>2. Discordo em parte<\/strike><\/p>\r\n<p><strike>3. N\u00e3o concordo nem discordo<\/strike><\/p>\r\n<p><strike>4. Concordo em parte<\/strike><\/p>\r\n<p><strike>5. Concordo totalmente<\/strike><\/p>\r\n<br>\r\n<p><strike>CLIQUE NA OP\u00c7\u00c3O QUE MELHOR REPRESENTE A SUA OPINI\u00c3O COM RELA\u00c7\u00c3O \u00c0S AFIRMATIVAS ABAIXO:<\/strike><\/p>\r\n<br>\r\n<strike>\r\n<table><table width=\"75%\">\r\n<tr><th colspan=\"2\">Compet\u00eancias t\u00e9cnicas do servidor em avalia\u00e7\u00e3o (espec\u00edficas para a realiza\u00e7\u00e3o do trabalho di\u00e1rio)<\/th><th width=\"50\">1<\/th><th width=\"50\">2<\/th><th width=\"50\">3<\/th><th width=\"50\">4<\/th><th width=\"50\">5<\/th><\/tr>\r\n<tr><td width=\"50\">1<\/td><td>Consegue se comunicar adequadamente, obtendo bons resultados em seu trabalho. (comunica\u00e7\u00e3o)<\/td><td><\/td><td><\/td><td><\/td><td><\/td><td><\/td><\/tr>\r\n<tr><td>2<\/td><td>Controla satisfatoriamente as suas atividades<\/td><td><\/td><td><\/td><td><\/td><td><\/td><td><\/td><\/tr>\r\n<tr><td>3<\/td><td>Apresenta conhecimento de suas atribui\u00e7\u00f5es em geral de maneira satisfat\u00f3ria.<\/td><td><\/td><td><\/td><td><\/td><td><\/td><td><\/td><\/tr>\r\n<tr><td>4<\/td><td>Conhece as normas e regulamentos que  envolvem seu trabalho.<\/td><td><\/td><td><\/td><td><\/td><td><\/td><td><\/td><\/tr>\r\n<tr><td>5<\/td><td>Atende \u00e0s normas e aos regulamentos relacionados \u00e0s suas atividades, de maneira satisfat\u00f3ria.<\/td><td><\/td><td><\/td><td><\/td><td><\/td><td><\/td><\/tr>\r\n<tr><td>6<\/td><td>Interage com seus clientes internos e externos (usu\u00e1rios) de maneira satisfat\u00f3ria.<\/td><td><\/td><td><\/td><td><\/td><td><\/td><td><\/td><\/tr>\r\n<tr><td>7<\/td><td>Apresenta-se comprometido com suas atividades, desempenhando-as com seriedade.<\/td><td><\/td><td><\/td><td><\/td><td><\/td><td><\/td><\/tr>\r\n<tr><td>8<\/td><td>Assume as tarefas com disposi\u00e7\u00e3o para ajudar os colegas a melhorarem o desempenho da equipe (coopera\u00e7\u00e3o)<\/td><td><\/td><td><\/td><td><\/td><td><\/td><td><\/td><\/tr>\r\n<tr><td>9<\/td><td>Busca o aperfei\u00e7oamento continuo de suas atividades e de seu desempenho.<\/td><td><\/td><td><\/td><td><\/td><td><\/td><td><\/td><\/tr>\r\n<tr><td>10<\/td><td>Assume as responsabilidades pelas suas atividades de maneira satisfat\u00f3ria.<\/td><td><\/td><td><\/td><td><\/td><td><\/td><td><\/td><\/tr>\r\n<tr><td>11<\/td><td>Operacionaliza suas atividades de maneira eficie<\/td><td><\/td><td><\/td><td><\/td><td><\/td><td><\/td><\/tr>\r\n<tr><td>12<\/td><td>\u00c9 organizado na execu\u00e7\u00e3o de suas atividades, priorizando tarefas e administrando seu tempo.<\/td><td><\/td><td><\/td><td><\/td><td><\/td><td><\/td><\/tr>\r\n<tr><td>13<\/td><td>Apresenta-se apto para a solu\u00e7\u00e3o de poss\u00edveis problemas cotidianos de suas atividades.<\/td><td><\/td><td><\/td><td><\/td><td><\/td><td><\/td><\/tr>\r\n<tr><td>14<\/td><td>Zela pelas tarefas e equipamentos utilizados em sua rotina de trabalho.<\/td><td><\/td><td><\/td><td><\/td><td><\/td><td><\/td><\/tr>\r\n<\/div><\/table>\r\n<\/strike>\r\n<br>\r\n<strike>\r\n<table><table width=\"75%\">\r\n<tr><th colspan=\"2\">Compet\u00eancias subjetivas do servidor em avalia\u00e7\u00e3o (relacionadas as atividades da UFSM como um todo)<\/th><th width=\"50\">1<\/th><th width=\"50\">2<\/th><th width=\"50\">3<\/th><th width=\"50\">4<\/th><th width=\"50\">5<\/th><\/tr>\r\n<tr><td width=\"50\">15<\/td><td>Possui consci\u00eancia de que suas atividades influenciam as atividades dos colegas e vice-versa (Vis\u00e3o Sist\u00eamica).<\/td><td><\/td><td><\/td><td><\/td><td><\/td><td><\/td><\/tr>\r\n<tr><td>16<\/td><td>Enriquece suas atividades por meio do compartilhamento de experi\u00eancias dentro do ambiente organizacional (Aprendizado Organizacional).<\/td><td><\/td><td><\/td><td><\/td><td><\/td><td><\/td><\/tr>\r\n<tr><td>17<\/td><td>Possui capacidade de antecipar-me \u00e0s mudan\u00e7as e \u00e0s necessidades dos usu\u00e1rios internos e externos (Proatividade).<\/td><td><\/td><td><\/td><td><\/td><td><\/td><td><\/td><\/tr>\r\n<tr><td>18<\/td><td>Compreende os fatores que afetam o trabalho a curto e longo prazo, permitindo tra\u00e7ar a\u00e7\u00f5es consistentes para o futuro desejado pela organiza\u00e7\u00e3o (Vis\u00e3o de Futuro).<\/td><td><\/td><td><\/td><td><\/td><td><\/td><td><\/td><\/tr>\r\n<tr><td>19<\/td><td>Assume comportamentos adequados no trato com pessoas (Relacionamento)<\/td><td><\/td><td><\/td><td><\/td><td><\/td><td><\/td><\/tr>\r\n<\/div><\/table>\r\n<\/strike>\r\n<br>\r\n<strike>\r\n<p><b>Sugest\u00f5es\/cr\u00edticas:<\/b><\/p>\r\n<p>_______________________________________________________________________________________________<\/p>\r\n<p>_______________________________________________________________________________________________<\/p>\r\n<p>_______________________________________________________________________________________________<\/p>\r\n<p>________________________________________________________________________________<\/p>\r\n<br>\r\n<p><font color=\"red0000\">Este texto n\u00e3o substitui o documento original, publicado no Portal de Documentos.<\/font> Dispon\u00edvel em: <a href=\"https:\/\/portal.ufsm.br\/documentos\/publico\/documento.html?id=12929076\"><font color=\"blue\">https:\/\/portal.ufsm.br\/documentos\/publico\/documento.html?id=12929076<\/font><\/a>\r\n<\/strike>\r\n\r\n\t\t<\/div>\n\t\t\t\t<\/div>\n\t\t\t\t\t<\/div>\n\t\t<\/div>\n\t\t\t\t\t<\/div>\n\t\t<\/section>\n\t\t\t\t<\/div>\n\t\t","protected":false},"excerpt":{"rendered":"<p>RESOLU\u00c7\u00c3O N. 008\/2007-ANEXO II MINIST\u00c9RIO DA EDUCA\u00c7\u00c3O UNIVERSIDADE FEDERAL DE SANTA MARIA RESOLU\u00c7\u00c3O N. 008\/2007 &#8211; ANEXO II Revogada pela Resolu\u00e7\u00e3o N. 013\/2010 ANEXO (INSTRUMENTO II) INSTRUMENTO DE AVALIA\u00c7\u00c3O DE DESEMPENHO FUNCIONAL DOS SERVIDORES T\u00c9CNICO-ADMINISTRATIVOS AVALIA\u00c7\u00c3O DE DESEMPENHO INDIVIDUAL PELO CHEFE IMEDIATO Identifica\u00e7\u00e3o do avaliado Nome: Matr\u00edcula SIAPE: Cargo\/Fun\u00e7\u00e3o: Lota\u00e7\u00e3o: Gratifica\u00e7\u00e3o: ( ) FG ( [&hellip;]<\/p>\n","protected":false},"author":205,"featured_media":0,"parent":0,"menu_order":0,"comment_status":"closed","ping_status":"closed","template":"","meta":{"footnotes":""},"categories":[],"tags":[],"class_list":["post-3094","page","type-page","status-publish","hentry"],"acf":[],"_links":{"self":[{"href":"https:\/\/www.ufsm.br\/pro-reitorias\/proplan\/wp-json\/wp\/v2\/pages\/3094","targetHints":{"allow":["GET"]}}],"collection":[{"href":"https:\/\/www.ufsm.br\/pro-reitorias\/proplan\/wp-json\/wp\/v2\/pages"}],"about":[{"href":"https:\/\/www.ufsm.br\/pro-reitorias\/proplan\/wp-json\/wp\/v2\/types\/page"}],"author":[{"embeddable":true,"href":"https:\/\/www.ufsm.br\/pro-reitorias\/proplan\/wp-json\/wp\/v2\/users\/205"}],"replies":[{"embeddable":true,"href":"https:\/\/www.ufsm.br\/pro-reitorias\/proplan\/wp-json\/wp\/v2\/comments?post=3094"}],"version-history":[{"count":0,"href":"https:\/\/www.ufsm.br\/pro-reitorias\/proplan\/wp-json\/wp\/v2\/pages\/3094\/revisions"}],"wp:attachment":[{"href":"https:\/\/www.ufsm.br\/pro-reitorias\/proplan\/wp-json\/wp\/v2\/media?parent=3094"}],"wp:term":[{"taxonomy":"category","embeddable":true,"href":"https:\/\/www.ufsm.br\/pro-reitorias\/proplan\/wp-json\/wp\/v2\/categories?post=3094"},{"taxonomy":"post_tag","embeddable":true,"href":"https:\/\/www.ufsm.br\/pro-reitorias\/proplan\/wp-json\/wp\/v2\/tags?post=3094"}],"curies":[{"name":"wp","href":"https:\/\/api.w.org\/{rel}","templated":true}]}}