{"id":3096,"date":"2020-01-28T15:17:41","date_gmt":"2020-01-28T18:17:41","guid":{"rendered":"https:\/\/www.ufsm.br\/pro-reitorias\/proplan\/?page_id=3096"},"modified":"2020-07-20T13:46:31","modified_gmt":"2020-07-20T16:46:31","slug":"resolucao-n-010-2007","status":"publish","type":"page","link":"https:\/\/www.ufsm.br\/pro-reitorias\/proplan\/resolucao-n-010-2007","title":{"rendered":"Resolu\u00e7\u00e3o N. 010\/2007"},"content":{"rendered":"\t\t<div data-elementor-type=\"wp-page\" data-elementor-id=\"3096\" class=\"elementor elementor-3096\">\n\t\t\t\t\t\t<section class=\"elementor-section elementor-top-section elementor-element elementor-element-2afddea elementor-section-boxed elementor-section-height-default elementor-section-height-default\" data-id=\"2afddea\" data-element_type=\"section\">\n\t\t\t\t\t\t<div class=\"elementor-container elementor-column-gap-default\">\n\t\t\t\t\t<div class=\"elementor-column elementor-col-100 elementor-top-column elementor-element elementor-element-8ec9f08\" data-id=\"8ec9f08\" data-element_type=\"column\">\n\t\t\t<div class=\"elementor-widget-wrap elementor-element-populated\">\n\t\t\t\t\t\t<div class=\"elementor-element elementor-element-2e2ab71 elementor-widget elementor-widget-html\" data-id=\"2e2ab71\" data-element_type=\"widget\" data-widget_type=\"html.default\">\n\t\t\t\t<div class=\"elementor-widget-container\">\n\t\t\t\r\n\r\n\r\n<title><b>RESOLU\u00c7\u00c3O N. 010\/2007<\/b><\/title>\r\n\r\n\r\n<div align=\"center\"><img decoding=\"async\" src=\"https:\/\/www.ufsm.br\/pro-reitorias\/proplan\/wp-content\/uploads\/sites\/344\/2019\/09\/brasao-da-republica-do-brasil-logo.png\" alt=\"Bras\u00e3o Rep\u00fablica Federativa do Brasil\" width=\"6%\" height=\"6%\"><\/div>    \r\n<h1><font color=\"blue\"><font size=\"5\"><div align=\"center\">MINIST\u00c9RIO DA EDUCA\u00c7\u00c3O<\/b><\/font><\/font><\/div><\/H1>\r\n<p><b><font color=\"0000blue\"><div align=\"center\">UNIVERSIDADE FEDERAL DE SANTA MARIA<\/b><\/font><\/div><\/p>\r\n\r\n<p><div align=\"center\"><b><a href=\"https:\/\/portal.ufsm.br\/documentos\/publico\/documento.html?id=4372744\"><font color=\"blue\">RESOLU\u00c7\u00c3O N. 010\/2007<\/font><\/a><\/b><\/div><\/p>\r\n<br>\r\n<p><div align=\"right\"><font color=\"800000\"><strike>Altera os art. 11 e 17, do Estatuto da Universidade Federal de Santa Maria que disp\u00f5em, respectivamente, sobre a composi\u00e7\u00e3o dos Conselhos Universit\u00e1rio, e de Ensino, Pesquisa e Extens\u00e3o.<\/strike><\/font><\/div><\/p>\r\n<br>\r\n<p><a href=\"https:\/\/www.ufsm.br\/pro-reitorias\/proplan\/resolucao-n-022-2020\/\" target=\"_blank\"><font color=\"blue\">Revogada pela Resolu\u00e7\u00e3o N. 022\/2020<\/font><\/a><\/p>\r\n<br>\r\n<br><div align=\"justify\">\r\n<strike>\r\n<p>O REITOR DA UNIVERSIDADE FEDERAL DE SANTA MARIA, no uso de suas atribui\u00e7\u00f5es legais e estatut\u00e1rias e considerando:<\/p>\r\n<p>- a necessidade de regulamentar a representatividade e a efetiva participa\u00e7\u00e3o nas decis\u00f5es acad\u00eamicas e administrativas da UFSM do rec\u00e9m-criado Centro de Educa\u00e7\u00e3o Superior Norte-RS\/UFSM \u2014 CESNORS, Unidade Universit\u00e1ria integrante da estrutura organizacional da Institui\u00e7\u00e3o;<\/p>\r\n<p>- a cria\u00e7\u00e3o da classe de Professor Associado na categoria docente, conforme disp\u00f5e a <a href=\"http:\/\/www.planalto.gov.br\/ccivil_03\/_ato2004-2006\/2006\/mpv\/295.htm\" target=\"_blank\"><font color=\"blue\"><u>Medida Provis\u00f3ria n. 295, de 29 de maio de 2006<\/u><\/font><\/a>;<\/p>\r\n<p>- o Parecer n. 08\/07, aprovado na 671\u00aa Sess\u00e3o, do Conselho Universit\u00e1rio, de 20.07.07, conforme Processo n. <a href=\"https:\/\/portal.ufsm.br\/documentos\/publico\/processo\/documento.html?idDocumento=2808651\" target=\"_blank\"><font color=\"blue\"><u>23081.001828\/2007-11<\/u><\/font><\/a>.<\/p>\r\n<br>\r\n<p><div align=\"center\">RESOLVE:<\/div><\/p>\r\n<br>\r\n<p>Art. 1\u00ba Alterar a composi\u00e7\u00e3o dos Conselhos Universit\u00e1rio, e de Ensino, Pesquisa e Extens\u00e3o de que trata os art. 11 e 17 respectivamente, que passam a e ter a seguinte reda\u00e7\u00e3o:<\/p>\r\n<p>a) \u201cArt. 11. O Conselho Universit\u00e1rio, Colegiado m\u00e1ximo de delibera\u00e7\u00e3o coletiva para assuntos administrativos e de defini\u00e7\u00e3o da pol\u00edtica geral da UFSM, ser\u00e1 composto de:<\/p>\r\n<p>I - Reitor, como Presidente;<\/p>\r\n<p>II - Vice-Reitor;<\/p>\r\n<p>III - nove diretores de centro de ensino;<\/p>\r\n<p>IV - Coordenador de ensino m\u00e9dio e tecnol\u00f3gico;<\/p>\r\n<p>V - um representante da categoria docente do Ensino M\u00e9dio e Tecnol\u00f3gico;<\/p>\r\n<p>VI - um representante da categoria docente, por classe;<\/p>\r\n<p>VII - dezoito representantes da categoria docente dos centros de ensino;<\/p>\r\n<p>VIII - cinco representantes da categoria t\u00e9cnico-administrativa;<\/p>\r\n<p>IX - seis representantes da categoria dos discentes, e<\/p>\r\n<p>X - quatro representantes da comunidade local e regional\u201d.<\/p>\r\n<p>b) \u201cArt. 17. O Conselho de Ensino, Pesquisa e Extens\u00e3o comp\u00f5e-se dos seguintes membros:<\/p>\r\n<p>I - Reitor, como Presidente;<\/p>\r\n<p>II - Vice-Reitor, como Vice-Presidente;<\/p>\r\n<p>III - tr\u00eas representantes de cada centro de ensino;<\/p>\r\n<p>IV - representante dos professores titulares;<\/p>\r\n<p>V - representante dos professores associados;<\/p>\r\n<p>VI - representante dos professores adjuntos;<\/p>\r\n<p>VII - representante dos professores assistentes;<\/p>\r\n<p>VIII - representante dos professores auxiliares;<\/p>\r\n<p>IX - dois representantes dos docentes do ensino m\u00e9dio e tecnol\u00f3gico;<\/p>\r\n<p>X - quatro representantes do grupo de servidores t\u00e9cnico-administrativos; e<\/p>\r\n<p>XI - onze representantes do corpo discente\u201d.<\/p>\r\n\r\n<p>Art. 2\u00ba Esta resolu\u00e7\u00e3o entra em vigor na data de sua publica\u00e7\u00e3o, revogadas as disposi\u00e7\u00f5es em contr\u00e1rio.<\/p>\r\n\r\n<p>GABINETE DO REITOR DA UNIVERSIDADE FEDERAL DE SANTA MARIA, aos vinte e tr\u00eas dias do m\u00eas de julho do ano dois mil e sete.<\/p>\r\n<\/div>\r\n<p>Clovis Silva Lima,<\/p>\r\n<p>Reitor.<\/p>\r\n<\/strike>\r\n\r\n<p><font color=\"red0000\">Este texto n\u00e3o substitui o documento original, publicado no Portal de Documentos.<\/font> Dispon\u00edvel em: <a href=\"https:\/\/portal.ufsm.br\/documentos\/publico\/documento.html?id=4372744\"><font color=\"blue\">https:\/\/portal.ufsm.br\/documentos\/publico\/documento.html?id=4372744<\/font><\/a>\r\n\r\n\t\t<\/div>\n\t\t\t\t<\/div>\n\t\t\t\t\t<\/div>\n\t\t<\/div>\n\t\t\t\t\t<\/div>\n\t\t<\/section>\n\t\t\t\t<\/div>\n\t\t","protected":false},"excerpt":{"rendered":"<p>RESOLU\u00c7\u00c3O N. 010\/2007 MINIST\u00c9RIO DA EDUCA\u00c7\u00c3O UNIVERSIDADE FEDERAL DE SANTA MARIA RESOLU\u00c7\u00c3O N. 010\/2007 Altera os art. 11 e 17, do Estatuto da Universidade Federal de Santa Maria que disp\u00f5em, respectivamente, sobre a composi\u00e7\u00e3o dos Conselhos Universit\u00e1rio, e de Ensino, Pesquisa e Extens\u00e3o. Revogada pela Resolu\u00e7\u00e3o N. 022\/2020 O REITOR DA UNIVERSIDADE FEDERAL DE SANTA [&hellip;]<\/p>\n","protected":false},"author":205,"featured_media":0,"parent":0,"menu_order":0,"comment_status":"closed","ping_status":"closed","template":"","meta":{"footnotes":""},"categories":[],"tags":[],"class_list":["post-3096","page","type-page","status-publish","hentry"],"acf":[],"_links":{"self":[{"href":"https:\/\/www.ufsm.br\/pro-reitorias\/proplan\/wp-json\/wp\/v2\/pages\/3096","targetHints":{"allow":["GET"]}}],"collection":[{"href":"https:\/\/www.ufsm.br\/pro-reitorias\/proplan\/wp-json\/wp\/v2\/pages"}],"about":[{"href":"https:\/\/www.ufsm.br\/pro-reitorias\/proplan\/wp-json\/wp\/v2\/types\/page"}],"author":[{"embeddable":true,"href":"https:\/\/www.ufsm.br\/pro-reitorias\/proplan\/wp-json\/wp\/v2\/users\/205"}],"replies":[{"embeddable":true,"href":"https:\/\/www.ufsm.br\/pro-reitorias\/proplan\/wp-json\/wp\/v2\/comments?post=3096"}],"version-history":[{"count":0,"href":"https:\/\/www.ufsm.br\/pro-reitorias\/proplan\/wp-json\/wp\/v2\/pages\/3096\/revisions"}],"wp:attachment":[{"href":"https:\/\/www.ufsm.br\/pro-reitorias\/proplan\/wp-json\/wp\/v2\/media?parent=3096"}],"wp:term":[{"taxonomy":"category","embeddable":true,"href":"https:\/\/www.ufsm.br\/pro-reitorias\/proplan\/wp-json\/wp\/v2\/categories?post=3096"},{"taxonomy":"post_tag","embeddable":true,"href":"https:\/\/www.ufsm.br\/pro-reitorias\/proplan\/wp-json\/wp\/v2\/tags?post=3096"}],"curies":[{"name":"wp","href":"https:\/\/api.w.org\/{rel}","templated":true}]}}