{"id":3098,"date":"2020-01-28T15:17:48","date_gmt":"2020-01-28T18:17:48","guid":{"rendered":"https:\/\/www.ufsm.br\/pro-reitorias\/proplan\/?page_id=3098"},"modified":"2020-05-25T15:12:32","modified_gmt":"2020-05-25T18:12:32","slug":"resolucao-n-012-2007","status":"publish","type":"page","link":"https:\/\/www.ufsm.br\/pro-reitorias\/proplan\/resolucao-n-012-2007","title":{"rendered":"Resolu\u00e7\u00e3o N. 012\/2007"},"content":{"rendered":"\t\t<div data-elementor-type=\"wp-page\" data-elementor-id=\"3098\" class=\"elementor elementor-3098\">\n\t\t\t\t\t\t<section class=\"elementor-section elementor-top-section elementor-element elementor-element-e99f3ea elementor-section-boxed elementor-section-height-default elementor-section-height-default\" data-id=\"e99f3ea\" data-element_type=\"section\">\n\t\t\t\t\t\t<div class=\"elementor-container elementor-column-gap-default\">\n\t\t\t\t\t<div class=\"elementor-column elementor-col-100 elementor-top-column elementor-element elementor-element-662ec92\" data-id=\"662ec92\" data-element_type=\"column\">\n\t\t\t<div class=\"elementor-widget-wrap elementor-element-populated\">\n\t\t\t\t\t\t<div class=\"elementor-element elementor-element-50dc95b elementor-widget elementor-widget-html\" data-id=\"50dc95b\" data-element_type=\"widget\" data-widget_type=\"html.default\">\n\t\t\t\t<div class=\"elementor-widget-container\">\n\t\t\t\r\n\r\n\r\n<title><b>RESOLU\u00c7\u00c3O N. 012\/2007<\/b><\/title>\r\n\r\n\r\n<div align=\"center\"><img decoding=\"async\" src=\"https:\/\/www.ufsm.br\/pro-reitorias\/proplan\/wp-content\/uploads\/sites\/344\/2019\/09\/brasao-da-republica-do-brasil-logo.png\" alt=\"Bras\u00e3o Rep\u00fablica Federativa do Brasil\" width=\"6%\" height=\"6%\"><\/div>    \r\n<h1><font color=\"blue\"><font size=\"5\"><div align=\"center\">MINIST\u00c9RIO DA EDUCA\u00c7\u00c3O<\/b><\/font><\/font><\/div><\/H1>\r\n<p><b><font color=\"0000blue\"><div align=\"center\">UNIVERSIDADE FEDERAL DE SANTA MARIA<\/b><\/font><\/div><\/p>\r\n\r\n<p><div align=\"center\"><b><a href=\"https:\/\/portal.ufsm.br\/documentos\/publico\/documento.html?id=4372746\"><font color=\"blue\">RESOLU\u00c7\u00c3O N. 012\/2007<\/font><\/a><\/b><\/div><\/p>\r\n<br>\r\n<p><div align=\"right\"><font color=\"800000\"><strike>Disp\u00f5e, no \u00e2mbito da Universidade Federal de Santa Maria, sobre a revalida\u00e7\u00e3o, em n\u00edvel nacional, de certificados e t\u00edtulos de p\u00f3s-gradua\u00e7\u00e3o expedidos por institui\u00e7\u00f5es de ensino superior estrangeiras.<\/strike><\/font><\/div><\/p>\r\n<br>\r\n<p><a href=\"https:\/\/www.ufsm.br\/pro-reitorias\/proplan\/resolucao-n-004-2017\/\"><font color=\"blue\">Revogada pela Resolu\u00e7\u00e3o N. 004\/2017<\/font><\/a><\/p>\r\n<br>\r\n<strike>\r\n<br><div align=\"justify\">\r\n<p>O REITOR DA UNIVERSIDADE FEDERAL DE SANTA MARIA, no uso de suas atribui\u00e7\u00f5es legais e estatut\u00e1rias e considerando:<\/p>\r\n<p>- o que disp\u00f5e a Lei 9394\/1996, art. 48, \u00a7 3\u00ba, <a href=\"http:\/\/www.planalto.gov.br\/ccivil_03\/leis\/l9394.htm\" target=\"_blank\"><font color=\"blue\"><u>Lei de Diretrizes e Bases da Educa\u00e7\u00e3o - LDB<\/u><\/font><\/a> e a <a href=\"http:\/\/portal.mec.gov.br\/seed\/arquivos\/pdf\/tvescola\/leis\/CES0101.pdf\" target=\"_blank\"><font color=\"blue\"><u>Resolu\u00e7\u00e3o n. 01\/2001, do Conselho Nacional de Educa\u00e7\u00e3o<\/u><\/font><\/a>;<\/p>\r\n<p>- o Parecer n. 055\/07, aprovado na 707\u00aa Sess\u00e3o do Conselho de Ensino, Pesquisa e Extens\u00e3o, de 24.08.2007, conforme Processo n. <a href=\"https:\/\/portal.ufsm.br\/documentos\/publico\/processo\/documento.html?idDocumento=2960582\" target=\"_blank\"><font color=\"blue\"><u>23081.010264\/2007-07<\/u><\/font><\/a>.<\/p>\r\n<br>\r\n<p><div align=\"center\">RESOLVE:<\/div><\/p>\r\n<br>\r\n<p>Art. 1\u00ba A Universidade Federal de Santa Maria revalidar\u00e1 diplomas e Certificados de cursos de p\u00f3s-gradua\u00e7\u00e3o expedidos por institui\u00e7\u00f5es estrangeiras, em conformidade com a legisla\u00e7\u00e3o pertinente, para efeito de serem declarados equivalente aos por ela conferidos. <\/p>\r\n<p>\u00a7 1\u00ba N\u00e3o se enquadram nesta norma os t\u00edtulos acad\u00eamicos obtidos nas modalidades semipresencial ou a dist\u00e2ncia, diretamente, ou mediante qualquer forma de associa\u00e7\u00e3o com institui\u00e7\u00f5es brasileiras, excetuando-se os que tenham sido obtidos em cursos avaliados pela Coordena\u00e7\u00e3o de Aperfei\u00e7oamento de Pessoal de N\u00edvel Superior - CAPES.<\/p>\r\n<p>\u00a7 2\u00ba Para o prop\u00f3sito da presente resolu\u00e7\u00e3o, revalida\u00e7\u00e3o \u00e9 o ato administrativo de estabelecimento de equival\u00eancia de graus, t\u00edtulos, diplomas e certificados a hom\u00f3logos emitidos pela UFSM, devendo ser registrado e apostilado em livro pr\u00f3prio e ter\u00e1 validade nacional como prova da forma\u00e7\u00e3o recebida por seu titular.<\/p>\r\n\r\n<p>Art. 2\u00ba Compete ao Conselho de Ensino, Pesquisa e Extens\u00e3o - CEPE, baseada em recomenda\u00e7\u00e3o conclusiva de Comiss\u00e3o de Avalia\u00e7\u00e3o indicada pela Pr\u00f3-Reitoria de P\u00f3s-Gradua\u00e7\u00e3o e Pesquisa - PRPGP, emitir parecer sobre a equival\u00eancia dos estudos correspondentes aos graus, t\u00edtulos, diplomas e certificados em processo de revalida\u00e7\u00e3o.<\/p>\r\n<p>Par\u00e1grafo \u00fanico. A Comiss\u00e3o de Avalia\u00e7\u00e3o dever\u00e1 ser composta de professores portadores de t\u00edtulo de doutor em \u00e1rea de conhecimento compat\u00edvel com a do t\u00edtulo pretendido.<\/p>\r\n\r\n<p>Art. 3\u00ba Poder\u00e3o ser submetidos \u00e0 revalida\u00e7\u00e3o os graus, t\u00edtulos, diplomas e certificados expedidos por institui\u00e7\u00f5es estrangeiras de ensino superior correspondentes a cursos ou programas devidamente credenciados pelo Conselho Nacional de Educa\u00e7\u00e3o e ministrados pela UFSM em \u00e1rea do conhecimento afim, e de n\u00edvel igual ou superior ao t\u00edtulo estrangeiro.<\/p>\r\n<p>Art. 4\u00ba O processo de revalida\u00e7\u00e3o ser\u00e1 instaurado mediante requerimento do interessado, acompanhado dos seguintes documentos:<\/p>\r\n<p>I - requerimento espec\u00edfico solicitando a revalida\u00e7\u00e3o em n\u00edvel nacional de certificados e t\u00edtulos de p\u00f3s-gradua\u00e7\u00e3o, dirigido ao Reitor;<\/p>\r\n<p>II - comprovante de titula\u00e7\u00e3o;<\/p>\r\n<p>III - hist\u00f3rico escolar do Curso de P\u00f3s-Gradua\u00e7\u00e3o ou uma justificativa quando a Institui\u00e7\u00e3o n\u00e3o fornecer;<\/p>\r\n<p>IV - c\u00f3pia da disserta\u00e7\u00e3o ou da tese;<\/p>\r\n<p>V - comprovante de concess\u00e3o de licen\u00e7a de afastamento, se servidor;<\/p>\r\n<p>VI - c\u00f3pia do passaporte, das p\u00e1ginas de identifica\u00e7\u00e3o e as carimbadas pelo servi\u00e7o de imigra\u00e7\u00e3o; e<\/p>\r\n<p>VII - taxa de revalida\u00e7\u00e3o de diploma ou certificado, a ser recolhida em nome da Institui\u00e7\u00e3o, junto a uma das ag\u00eancias do Banco do Brasil.<\/p>\r\n<p>\u00a7 1\u00ba Ser\u00e1 obrigat\u00f3ria a tradu\u00e7\u00e3o dos documentos, excetuando-se a tese ou a disserta\u00e7\u00e3o, escritos em l\u00edngua estrangeira, realizada por tradutor juramentado.<\/p>\r\n<p>\u00a7 2\u00ba A tradu\u00e7\u00e3o dos documentos ser\u00e1 dispensada quando os documentos originais estiverem no idioma espanhol.<\/p>\r\n<p>\u00a7 3\u00ba Os documentos emitidos por estabelecimentos de ensino estrangeiro dever\u00e3o estar todos autenticados pelo Consulado Brasileiro no pa\u00eds de origem.<\/p>\r\n<p>\u00a7 4\u00ba A comprova\u00e7\u00e3o dos t\u00edtulos acad\u00eamicos obtidos em cursos de mestrado e doutorado ser\u00e1 mediante a apresenta\u00e7\u00e3o de diploma, e em curso de especializa\u00e7\u00e3o, mediante o certificado.<\/p>\r\n<p>\u00a7 5\u00ba No caso de servidores da Institui\u00e7\u00e3o, excepcionalmente, o requerente poder\u00e1 apresentar, em substitui\u00e7\u00e3o ao diploma, certificado de obten\u00e7\u00e3o de t\u00edtulo (mestrado\/doutorado) devidamente reconhecido pela autoridade Consular Brasileira no pa\u00eds de origem, o qual ter\u00e1 validade pelo prazo de dois anos, a contar da data do protocolo de pedido de revalida\u00e7\u00e3o da titula\u00e7\u00e3o, quando, ent\u00e3o, dever\u00e1 apresentar o respectivo diploma, sob pena de invalida\u00e7\u00e3o dos atos anteriores, sendo que, nesses casos, o parecer da comiss\u00e3o de avalia\u00e7\u00e3o deve fazer constar refer\u00eancia explicita ao prazo de validade deste.<\/p>\r\n\r\n<p>Art. 5\u00ba O requerimento do interessado e demais documentos pertinentes, reunidos em processo devidamente protocolado no setor competente da UFSM, ser\u00e3o enviados \u00e0 PRPGP para an\u00e1lise da documenta\u00e7\u00e3o apresentada, exame das c\u00f3pias e respectivos originais e posterior encaminhamento do processo \u00e0 Comiss\u00e3o de Avalia\u00e7\u00e3o indicada para proceder a an\u00e1lise do m\u00e9rito e emiss\u00e3o da recomenda\u00e7\u00e3o.<\/p>\r\n<p>Art. 6\u00ba A Comiss\u00e3o de Avalia\u00e7\u00e3o dever\u00e1 examinar, entre outros, os seguintes aspectos:<\/p>\r\n<p>I - qualifica\u00e7\u00e3o conferida pelo t\u00edtulo;<\/p>\r\n<p>II - adequa\u00e7\u00e3o da documenta\u00e7\u00e3o; e<\/p>\r\n<p>III - equival\u00eancia do curso realizado no exterior com o brasileiro.<\/p>\r\n<p>Par\u00e1grafo \u00fanico. A Comiss\u00e3o de Avalia\u00e7\u00e3o poder\u00e1 solicitar informa\u00e7\u00f5es ou documenta\u00e7\u00e3o complementares que, a seu crit\u00e9rio, forem consideradas necess\u00e1rias.<\/p>\r\n\r\n<p>Art. 7\u00ba Caso surgirem d\u00favidas sobre a equival\u00eancia do t\u00edtulo obtido em estudos realizados no exterior, a Comiss\u00e3o de Avalia\u00e7\u00e3o dever\u00e1 observar o disposto no art. 7\u00ba, da Resolu\u00e7\u00e3o 03, de 10 de junho de 1985, do Conselho Federal de Educa\u00e7\u00e3o.<\/p>\r\n<p>Art. 8\u00ba N\u00e3o ser\u00e3o aceitas solicita\u00e7\u00f5es de revalida\u00e7\u00e3o em n\u00edvel de p\u00f3s-gradua\u00e7\u00e3o, dos seguintes t\u00edtulos:<\/p>\r\n<p>I - \"Licence\" e \"Maitrise\" expedidos por institui\u00e7\u00f5es francesas;<\/p>\r\n<p>II - \"Premiere Licence\" e \"Deuxieme Licence\" expedidos por institui\u00e7\u00f5es belgas;<\/p>\r\n<p>III - \"Juris Doctor\" expedido por institui\u00e7\u00f5es norte-americanas; e<\/p>\r\n<p>IV - \"Specializzazione\" ou \"Perfezionamento\u201d expedidos por institui\u00e7\u00f5es italianas ap\u00f3s 1984.<\/p>\r\n\r\n<p>Art. 9\u00ba S\u00e3o v\u00e1lidos e equivalentes ao t\u00edtulo de Doutor de P\u00f3s-Gradua\u00e7\u00e3o brasileira, os t\u00edtulos estrangeiros de \u201cDoctor of Phylosophy, Doctor, Doktor, Doutor ou Docteur\u201d, obtidos em IES dos seguintes pa\u00edses: Estados Unidos, Canad\u00e1, Inglaterra, B\u00e9lgica, Holanda e Alemanha.<\/p>\r\n<p>\u00a7 1\u00ba A validade e equival\u00eancia dos t\u00edtulos expedidos por Universidades de outros pa\u00edses se subordinam \u00e0s prescri\u00e7\u00f5es dos conv\u00eanios celebrados entre esses e o Brasil.<\/p>\r\n<p>\u00a7 2\u00ba A validade dos t\u00edtulos previstos no \u201ccaput\u201d deste artigo ser\u00e1 examinada nos termos e nas condi\u00e7\u00f5es previstas no art. 3\u00ba, desta resolu\u00e7\u00e3o.<\/p>\r\n\r\n<p>Art. 10. A equival\u00eancia dos diplomas franceses de \u201cDoctorat\u201d, com o t\u00edtulo de doutor da p\u00f3s-gradua\u00e7\u00e3o brasileira, obedecer\u00e1 aos seguintes crit\u00e9rios:<\/p>\r\n<p>I - o \u201cDoctorat d'\u00e9tat\u201d corresponde ao doutorado em sua plenitude;<\/p>\r\n<p>II - o T\u00edtulo de \u201cDocteur Ingenieur\u201d, concedido a portadores de diploma de gradua\u00e7\u00e3o em Engenharia, assegura o preenchimento dos requisitos com o doutorado brasileiro;<\/p>\r\n<p>III - o t\u00edtulo de \u201cDotoral d'lll\u00e9me Cycle\u201d ser\u00e1 reconhecido em n\u00edvel do doutorado brasileiro, emitidos a partir de novembro de 1988 Lei de 23\/11\/88, do e Minist\u00e9rio Nacional de Juventude e Esportes da Fran\u00e7a), e se anterior a esta data ser\u00e1 equivalente ao mestrado brasileiro;<\/p>\r\n<p>IV - o t\u00edtulo de \u201cDocteur d'Universit\u00e9\u201d, emitido a partir de 23\/11\/88, ser\u00e1 reconhecido em n\u00edvel de doutorado brasileiro, e se anterior a esta data ser\u00e1 equivalente ao mestrado brasileiro; e<\/p>\r\n<p>V - o t\u00edtulo de \u201cDocteur\u201d emitido, a partir de novembro de 1988, ser\u00e1 equivalente ao doutorado brasileiro.<\/p>\r\n<p>Par\u00e1grafo \u00fanico. A validade dos t\u00edtulos previstos no \u201ccaput\u201d deste artigo ser\u00e1 examinada nos termos e nas condi\u00e7\u00f5es previstas no art. 3\u00ba, desta resolu\u00e7\u00e3o.<\/p>\r\n\r\n<p>Art. 11. S\u00e3o v\u00e1lidos e equivalentes ao t\u00edtulo de Mestre da P\u00f3s-Gradua\u00e7\u00e3o brasileira, os t\u00edtulos estrangeiros de:<\/p>\r\n<p>I - \u201cMaster\u201d obtido em cursos realizados nos seguintes pa\u00edses: Estados Unidos, \u00c1ustria, Canad\u00e1, Inglaterra, Alemanha e Holanda;<\/p>\r\n<p>II - \u201cDiploma de Estudos Aprofundados\u201d (\u201cDipl\u00f4me d'Etudes Aproffondies - DEA\u201d) quando cumulativamente com \u201cM\u00e9moire\u201d, expedido por universidades francesas, e<\/p>\r\n<p>III - o \u201cDiplom\u201d, com \u00e1rea afim, expedido por IES da Alemanha.<\/p>\r\n<p>Par\u00e1grafo \u00fanico. A validade dos t\u00edtulos previstos no \u201ccaput\u201d deste artigo ser\u00e1 examinada nos termos e nas condi\u00e7\u00f5es previstas no art. 3\u00ba, desta resolu\u00e7\u00e3o.<\/p>\r\n\r\n<p>Art. 12. S\u00e3o v\u00e1lidos em n\u00edvel de Especializa\u00e7\u00e3o da P\u00f3s-Gradua\u00e7\u00e3o brasileira:<\/p>\r\n<p>I - os \u201cDiplomas de Estudos Aprofundados\u201d (\u201cDipl\u00f4me d'Etudes Aproffondies - DEA\u201d, \u201cDiplomas de Estudos Superiores Especializados\u201d (\u201cDipl\u00f4me d'Etudes Superieures Specialiss\u00e9 - DESS\u201d) e os \u201cDiplomas do 3\u00ba Ciclo\u201d (\u201cDipl\u00f4me d'lll\u00e9me Cycle\u201d), sem \u201cm\u00e9moire\u201d expedidos por Universidades da Fran\u00e7a; e<\/p>\r\n<p>II - os Diplomas de Aperfei\u00e7oamento (\u201cPerfezionamento\u201d) expedidos por Universidades da It\u00e1lia.<\/p>\r\n\r\n<p>Art. 13. Os t\u00edtulos acad\u00eamicos e certificados emitidos por institui\u00e7\u00f5es estrangeiras de ensino superior, n\u00e3o-previstas nesta resolu\u00e7\u00e3o, poder\u00e3o ser avaliados pela comiss\u00e3o de julgamento de equival\u00eancia, nas condi\u00e7\u00f5es previstas no art. 3\u00ba.<\/p>\r\n<p>Art. 14. Conclu\u00eddo o processo de revalida\u00e7\u00e3o, o diploma ou certificado ser\u00e1 apostilado e seu termo de apostila assinado pelo dirigente da Institui\u00e7\u00e3o, procedendo conforme o previsto na legisla\u00e7\u00e3o para os t\u00edtulos conferidos por institui\u00e7\u00f5es de ensino superior brasileiras.<\/p>\r\n<p>Par\u00e1grafo \u00fanico. A Institui\u00e7\u00e3o manter\u00e1 registro dos diplomas e certificados apostilados em livro pr\u00f3prio.<\/p>\r\n\r\n<p>Art. 15. Esta resolu\u00e7\u00e3o entra em vigor na data de sua publica\u00e7\u00e3o, revoga a <a href=\"https:\/\/www.ufsm.br\/pro-reitorias\/proplan\/resolucao-n-016-1997\/\" target=\"_blank\"><font color=\"blue\"><u>Resolu\u00e7\u00e3o n. 16\/97, de 19.11.97<\/u><\/font><\/a>, e as demais disposi\u00e7\u00f5es em contr\u00e1rio.<\/p>\r\n\r\n<p>GABINETE DO REITOR DA UNIVERSIDADE FEDERAL DE SANTA MARIA, aos vinte e oito dias do m\u00eas de agosto do ano dois mil e sete.<\/p>\r\n<\/div>\r\n<p>Clovis Silva Lima,<\/p>\r\n<p>Reitor.<\/p>\r\n\r\n<p><font color=\"red0000\">Este texto n\u00e3o substitui o documento original, publicado no Portal de Documentos.<\/font> Dispon\u00edvel em: <a href=\"https:\/\/portal.ufsm.br\/documentos\/publico\/documento.html?id=4372746\"><font color=\"blue\">https:\/\/portal.ufsm.br\/documentos\/publico\/documento.html?id=4372746<\/font><\/a>\r\n<\/strike>\r\n\r\n\t\t<\/div>\n\t\t\t\t<\/div>\n\t\t\t\t\t<\/div>\n\t\t<\/div>\n\t\t\t\t\t<\/div>\n\t\t<\/section>\n\t\t\t\t<\/div>\n\t\t","protected":false},"excerpt":{"rendered":"<p>RESOLU\u00c7\u00c3O N. 012\/2007 MINIST\u00c9RIO DA EDUCA\u00c7\u00c3O UNIVERSIDADE FEDERAL DE SANTA MARIA RESOLU\u00c7\u00c3O N. 012\/2007 Disp\u00f5e, no \u00e2mbito da Universidade Federal de Santa Maria, sobre a revalida\u00e7\u00e3o, em n\u00edvel nacional, de certificados e t\u00edtulos de p\u00f3s-gradua\u00e7\u00e3o expedidos por institui\u00e7\u00f5es de ensino superior estrangeiras. Revogada pela Resolu\u00e7\u00e3o N. 004\/2017 O REITOR DA UNIVERSIDADE FEDERAL DE SANTA MARIA, [&hellip;]<\/p>\n","protected":false},"author":205,"featured_media":0,"parent":0,"menu_order":0,"comment_status":"closed","ping_status":"closed","template":"","meta":{"footnotes":""},"categories":[],"tags":[],"class_list":["post-3098","page","type-page","status-publish","hentry"],"acf":[],"_links":{"self":[{"href":"https:\/\/www.ufsm.br\/pro-reitorias\/proplan\/wp-json\/wp\/v2\/pages\/3098","targetHints":{"allow":["GET"]}}],"collection":[{"href":"https:\/\/www.ufsm.br\/pro-reitorias\/proplan\/wp-json\/wp\/v2\/pages"}],"about":[{"href":"https:\/\/www.ufsm.br\/pro-reitorias\/proplan\/wp-json\/wp\/v2\/types\/page"}],"author":[{"embeddable":true,"href":"https:\/\/www.ufsm.br\/pro-reitorias\/proplan\/wp-json\/wp\/v2\/users\/205"}],"replies":[{"embeddable":true,"href":"https:\/\/www.ufsm.br\/pro-reitorias\/proplan\/wp-json\/wp\/v2\/comments?post=3098"}],"version-history":[{"count":0,"href":"https:\/\/www.ufsm.br\/pro-reitorias\/proplan\/wp-json\/wp\/v2\/pages\/3098\/revisions"}],"wp:attachment":[{"href":"https:\/\/www.ufsm.br\/pro-reitorias\/proplan\/wp-json\/wp\/v2\/media?parent=3098"}],"wp:term":[{"taxonomy":"category","embeddable":true,"href":"https:\/\/www.ufsm.br\/pro-reitorias\/proplan\/wp-json\/wp\/v2\/categories?post=3098"},{"taxonomy":"post_tag","embeddable":true,"href":"https:\/\/www.ufsm.br\/pro-reitorias\/proplan\/wp-json\/wp\/v2\/tags?post=3098"}],"curies":[{"name":"wp","href":"https:\/\/api.w.org\/{rel}","templated":true}]}}