{"id":3102,"date":"2020-01-29T08:32:54","date_gmt":"2020-01-29T11:32:54","guid":{"rendered":"https:\/\/www.ufsm.br\/pro-reitorias\/proplan\/?page_id=3102"},"modified":"2021-01-04T09:05:39","modified_gmt":"2021-01-04T12:05:39","slug":"resolucao-n-016-2007","status":"publish","type":"page","link":"https:\/\/www.ufsm.br\/pro-reitorias\/proplan\/resolucao-n-016-2007","title":{"rendered":"Resolu\u00e7\u00e3o N. 016\/2007"},"content":{"rendered":"\t\t<div data-elementor-type=\"wp-page\" data-elementor-id=\"3102\" class=\"elementor elementor-3102\">\n\t\t\t\t\t\t<section class=\"elementor-section elementor-top-section elementor-element elementor-element-0581f79 elementor-section-boxed elementor-section-height-default elementor-section-height-default\" data-id=\"0581f79\" data-element_type=\"section\">\n\t\t\t\t\t\t<div class=\"elementor-container elementor-column-gap-default\">\n\t\t\t\t\t<div class=\"elementor-column elementor-col-100 elementor-top-column elementor-element elementor-element-bec10b9\" data-id=\"bec10b9\" data-element_type=\"column\">\n\t\t\t<div class=\"elementor-widget-wrap elementor-element-populated\">\n\t\t\t\t\t\t<div class=\"elementor-element elementor-element-83934e7 elementor-widget elementor-widget-html\" data-id=\"83934e7\" data-element_type=\"widget\" data-widget_type=\"html.default\">\n\t\t\t\t<div class=\"elementor-widget-container\">\n\t\t\t\n\n\n<title><b>RESOLU\u00c7\u00c3O N. 016\/2007<\/b><\/title>\n\n\n<div align=\"center\"><img decoding=\"async\" src=\"https:\/\/www.ufsm.br\/pro-reitorias\/proplan\/wp-content\/uploads\/sites\/344\/2019\/09\/brasao-da-republica-do-brasil-logo.png\" alt=\"Bras\u00e3o Rep\u00fablica Federativa do Brasil\" width=\"6%\" height=\"6%\"><\/div>    \n<h1><font color=\"blue\"><font size=\"5\"><div align=\"center\">MINIST\u00c9RIO DA EDUCA\u00c7\u00c3O<\/b><\/font><\/font><\/div><\/H1>\n<p><b><font color=\"0000blue\"><div align=\"center\">UNIVERSIDADE FEDERAL DE SANTA MARIA<\/b><\/font><\/div><\/p>\n\n<p><div align=\"center\"><b><a href=\"https:\/\/portal.ufsm.br\/documentos\/publico\/documento.html?id=4372750\"><font color=\"blue\">RESOLU\u00c7\u00c3O N. 016\/2007<\/font><\/a><\/b><\/div><\/p>\n<br>\n<p><div align=\"right\"><font color=\"800000\">Disciplina o uso de ve\u00edculos automotores de transporte rodovi\u00e1rio adquiridos com recursos de projetos, conv\u00eanios elou contratos na Universidade Federal de Santa Maria e revoga a Resolu\u00e7\u00e3o N.002\/2007.<\/font><\/div><\/p>\n<br>\n<p><a href=\"https:\/\/www.ufsm.br\/pro-reitorias\/proplan\/resolucao-n-033-2020\/\" target=\"_blank\"><font color=\"blue\">Revogada pela Resolu\u00e7\u00e3o N. 033\/2020<\/font><\/a><\/p>\n<br><div align=\"justify\">\n<strike>\n<p>O REITOR DA UNIVERSIDADE FEDERAL DE SANTA MARIA, no uso de suas atribui\u00e7\u00f5es legais e estatut\u00e1rias e considerando:<\/p>\n<p>- a necessidade de disciplinar procedimentos internos e adequ\u00e1-los \u00e0s normas legais e vigentes;<\/p>\n<p>- o que estabelece o art. 207, da <a href=\"http:\/\/www.planalto.gov.br\/ccivil_03\/constituicao\/constituicao.htm\" target=\"_blank\"><font color=\"blue\"><u>Constitui\u00e7\u00e3o Federal<\/u><\/font><\/a> que garante \u00e0s universidades autonomia de gest\u00e3o financeira e patrimonial;<\/p>\n<p>- o que define o Estatuto da Universidade Federal de Santa Maria e regulamentado pelo Regimento Geral;<\/p>\n<p>- o que disp\u00f5e o <a href=\"http:\/\/www.planalto.gov.br\/ccivil_03\/decreto\/Antigos\/D99188.htm\" target=\"_blank\"><font color=\"blue\"><u>Decreto n. 99.188, de 17 de mar\u00e7o de 1990<\/u><\/font><\/a>, publicado no DOU, de 19.03.90; <a href=\"http:\/\/www.planalto.gov.br\/ccivil_03\/decreto\/Antigos\/D99214.htm\" target=\"_blank\"><font color=\"blue\"><u>Decreto n. 99.214, de 19 de abril de 1990<\/u><\/font><\/a>, publicado no DOU, de 20.04.90, a Instru\u00e7\u00e3o Normativa n. 04, de 26\/04\/90, da Secretaria da Administra\u00e7\u00e3o Federal, publicado no DOU, de 20\/04\/90, a <a href=\"https:\/\/www.comprasgovernamentais.gov.br\/index.php\/legislacao\/instrucoes-normativas\/420-instrucao-normativa-n-1-de-21-de-junho-de-2007-revogada-pela-in-n-3-de-15-de-maio-de-2008\" target=\"_blank\"><font color=\"blue\"><u>Instru\u00e7\u00e3o Normativa n. 01 de, 21 de julho de 2007, do MPOG-SLTI<\/u><\/font><\/a>;<\/p>\n<p>- o Parecer n. 039\/07, aprovado na 667\u00aa Sess\u00e3o do Conselho Universit\u00e1rio, de 4.04.2007, conforme Processo n. <a href=\"https:\/\/portal.ufsm.br\/documentos\/publico\/processo\/documento.html?idDocumento=2786241\" target=\"_blank\"><font color=\"blue\"><u>23081.000984\/2007-56<\/u><\/font><\/a>.<\/p>\n<br>\n<p><div align=\"center\">RESOLVE:<\/div><\/p>\n<br>\n<p>Art. 1\u00ba Os ve\u00edculos adquiridos com recursos de projetos, conv\u00eanios e\/ou contratos, dever\u00e3o ser utilizados exclusivamente nas atividades inerentes ao projeto, sendo expressamente proibido o seu uso para qualquer outra finalidade.<\/p>\n\n<p>Art. 2\u00ba Os ve\u00edculos adquiridos com recursos de projetos, conv\u00eanios e\/ou contratos, dever\u00e3o permanecer em locais previamente determinados pelas Funda\u00e7\u00f5es de Apoio e os coordenadores destes ficar\u00e3o respons\u00e1veis pelos deslocamentos e controle.<\/p>\n<p>Par\u00e1grafo \u00fanico. A permiss\u00e3o do uso desses ve\u00edculos a pessoas, mesmo que de participantes do projeto, conv\u00eanio e\/ou contrato, dever\u00e1 ser autorizado pela respectiva Funda\u00e7\u00e3o de Apoio.<\/p>\n\n<p>Art. 3\u00ba Os ve\u00edculos adquiridos com recursos de projetos, conv\u00eanios e\/ou contratos, via Funda\u00e7\u00f5es de Apoio, dever\u00e3o ser identificados com as siglas das institui\u00e7\u00f5es envolvidas no projeto seguidas da express\u00e3o \u201cuso exclusivo em servi\u00e7o\u201d.<\/p>\n<p>Par\u00e1grafo \u00fanico. Ao t\u00e9rmino da execu\u00e7\u00e3o do projeto, os ve\u00edculos dever\u00e3o ser imediatamente entregues \u00e0 Prefeitura da Cidade Universit\u00e1ria pela Funda\u00e7\u00e3o de Apoio e incorporados ao patrim\u00f4nio da UFSM.\n\n<p>Art. 4\u00ba Compete aos \u00f3rg\u00e3os da Administra\u00e7\u00e3o Superior e \u00e0s Funda\u00e7\u00f5es de Apoio a fiscaliza\u00e7\u00e3o e cumprimento das disposi\u00e7\u00f5es desta Resolu\u00e7\u00e3o.<\/p>\n<p>Par\u00e1grafo \u00fanico. No caso de transgress\u00e3o, os infratores responder\u00e3o civil, administrativa e criminalmente pelos seus atos.<\/p>\n\n<p>Art. 5\u00ba Esta Resolu\u00e7\u00e3o entra em vigor na data de sua publica\u00e7\u00e3o e revoga a <a href=\"https:\/\/www.ufsm.br\/pro-reitorias\/proplan\/resolucao-n-002-2007\/\" target=\"_blank\"><font color=\"blue\"><u>Resolu\u00e7\u00e3o N.002\/2007<\/u><\/font><\/a>.<\/p>\n\n<p>GABINETE DO REITOR DA UNIVERSIDADE FEDERAL DE SANTA MARIA, aos dois dias do m\u00eas de outubro do ano dois mil e sete.<\/p>\n<\/div>\n<p>Clovis Silva Lima,<\/p>\n<p>Reitor.<\/p>\n<\/strike>\n<p><font color=\"red0000\">Este texto n\u00e3o substitui o documento original, publicado no Portal de Documentos.<\/font> Dispon\u00edvel em: <a href=\"https:\/\/portal.ufsm.br\/documentos\/publico\/documento.html?id=4372750\"><font color=\"blue\">https:\/\/portal.ufsm.br\/documentos\/publico\/documento.html?id=4372750<\/font><\/a>\n\n\t\t<\/div>\n\t\t\t\t<\/div>\n\t\t\t\t\t<\/div>\n\t\t<\/div>\n\t\t\t\t\t<\/div>\n\t\t<\/section>\n\t\t\t\t<\/div>\n\t\t","protected":false},"excerpt":{"rendered":"<p>RESOLU\u00c7\u00c3O N. 016\/2007 MINIST\u00c9RIO DA EDUCA\u00c7\u00c3O UNIVERSIDADE FEDERAL DE SANTA MARIA RESOLU\u00c7\u00c3O N. 016\/2007 Disciplina o uso de ve\u00edculos automotores de transporte rodovi\u00e1rio adquiridos com recursos de projetos, conv\u00eanios elou contratos na Universidade Federal de Santa Maria e revoga a Resolu\u00e7\u00e3o N.002\/2007. Revogada pela Resolu\u00e7\u00e3o N. 033\/2020 O REITOR DA UNIVERSIDADE FEDERAL DE SANTA MARIA, [&hellip;]<\/p>\n","protected":false},"author":205,"featured_media":0,"parent":0,"menu_order":0,"comment_status":"closed","ping_status":"closed","template":"","meta":{"footnotes":""},"categories":[],"tags":[],"class_list":["post-3102","page","type-page","status-publish","hentry"],"acf":[],"_links":{"self":[{"href":"https:\/\/www.ufsm.br\/pro-reitorias\/proplan\/wp-json\/wp\/v2\/pages\/3102","targetHints":{"allow":["GET"]}}],"collection":[{"href":"https:\/\/www.ufsm.br\/pro-reitorias\/proplan\/wp-json\/wp\/v2\/pages"}],"about":[{"href":"https:\/\/www.ufsm.br\/pro-reitorias\/proplan\/wp-json\/wp\/v2\/types\/page"}],"author":[{"embeddable":true,"href":"https:\/\/www.ufsm.br\/pro-reitorias\/proplan\/wp-json\/wp\/v2\/users\/205"}],"replies":[{"embeddable":true,"href":"https:\/\/www.ufsm.br\/pro-reitorias\/proplan\/wp-json\/wp\/v2\/comments?post=3102"}],"version-history":[{"count":0,"href":"https:\/\/www.ufsm.br\/pro-reitorias\/proplan\/wp-json\/wp\/v2\/pages\/3102\/revisions"}],"wp:attachment":[{"href":"https:\/\/www.ufsm.br\/pro-reitorias\/proplan\/wp-json\/wp\/v2\/media?parent=3102"}],"wp:term":[{"taxonomy":"category","embeddable":true,"href":"https:\/\/www.ufsm.br\/pro-reitorias\/proplan\/wp-json\/wp\/v2\/categories?post=3102"},{"taxonomy":"post_tag","embeddable":true,"href":"https:\/\/www.ufsm.br\/pro-reitorias\/proplan\/wp-json\/wp\/v2\/tags?post=3102"}],"curies":[{"name":"wp","href":"https:\/\/api.w.org\/{rel}","templated":true}]}}