{"id":3103,"date":"2020-01-29T08:32:57","date_gmt":"2020-01-29T11:32:57","guid":{"rendered":"https:\/\/www.ufsm.br\/pro-reitorias\/proplan\/?page_id=3103"},"modified":"2023-12-26T15:12:22","modified_gmt":"2023-12-26T18:12:22","slug":"resolucao-n-017-2007","status":"publish","type":"page","link":"https:\/\/www.ufsm.br\/pro-reitorias\/proplan\/resolucao-n-017-2007","title":{"rendered":"Resolu\u00e7\u00e3o N. 017\/2007"},"content":{"rendered":"\t\t<div data-elementor-type=\"wp-page\" data-elementor-id=\"3103\" class=\"elementor elementor-3103\">\n\t\t\t\t\t\t<section class=\"elementor-section elementor-top-section elementor-element elementor-element-6448348 elementor-section-boxed elementor-section-height-default elementor-section-height-default\" data-id=\"6448348\" data-element_type=\"section\">\n\t\t\t\t\t\t<div class=\"elementor-container elementor-column-gap-default\">\n\t\t\t\t\t<div class=\"elementor-column elementor-col-100 elementor-top-column elementor-element elementor-element-8fcc5af\" data-id=\"8fcc5af\" data-element_type=\"column\">\n\t\t\t<div class=\"elementor-widget-wrap elementor-element-populated\">\n\t\t\t\t\t\t<div class=\"elementor-element elementor-element-c13f865 elementor-widget elementor-widget-html\" data-id=\"c13f865\" data-element_type=\"widget\" data-widget_type=\"html.default\">\n\t\t\t\t<div class=\"elementor-widget-container\">\n\t\t\t\r\n\r\n\r\n<title><b>RESOLU\u00c7\u00c3O N. 017\/2007<\/b><\/title>\r\n\r\n\r\n<div align=\"center\"><img decoding=\"async\" src=\"https:\/\/www.ufsm.br\/pro-reitorias\/proplan\/wp-content\/uploads\/sites\/344\/2019\/09\/brasao-da-republica-do-brasil-logo.png\" alt=\"Bras\u00e3o Rep\u00fablica Federativa do Brasil\" width=\"6%\" height=\"6%\"><\/div>    \r\n<h1><font color=\"blue\"><font size=\"5\"><div align=\"center\">MINIST\u00c9RIO DA EDUCA\u00c7\u00c3O<\/b><\/font><\/font><\/div><\/H1>\r\n<p><b><font color=\"0000blue\"><div align=\"center\">UNIVERSIDADE FEDERAL DE SANTA MARIA<\/b><\/font><\/div><\/p>\r\n\r\n<p><div align=\"center\"><b><a href=\"https:\/\/portal.ufsm.br\/documentos\/publico\/documento.html?id=4372751\"><font color=\"blue\">RESOLU\u00c7\u00c3O N. 017\/2007<\/font><\/a><\/b><\/div><\/p>\r\n<br>\r\n<p><div align=\"right\"><font color=\"800000\"><strike>Aprova novos valores das taxas e emolumentos da Universidade Federal de Santa.<\/strike><\/font><\/div><\/p>\r\n<br>\r\n<p><a href=\"https:\/\/www.ufsm.br\/pro-reitorias\/proplan\/resolucao-ufsm-n-148-2023\" target=\"_blank\"><font color=\"blue\">Revogada pela Resolu\u00e7\u00e3o UFSM N. 148\/2023<\/font><\/a><\/p>\r\n<br>\r\n<br><div align=\"justify\">\r\n<strike>\r\n<p>O REITOR DA UNIVERSIDADE FEDERAL DE SANTA MARIA, no uso de suas atribui\u00e7\u00f5es legais e estatut\u00e1rias e considerando:<\/p>\r\n<p>- Que a tabela de taxas e emolumentos da UFSM n\u00e3o sofre reajuste desde o ano 2000;<\/p>\r\n<p>- o Parecer n. 02\/05 aprovado na 153\u00aa Sess\u00e3o do Conselho de Curadores, de 11.07.05 que recomenda a revis\u00e3o geral da tabela, evitando-se, dessa maneira, um grande n\u00famero de solicita\u00e7\u00f5es isoladas do mesmo teor;<\/p>\r\n<p>- o Parecer n. 05\/06 aprovado na 156\u00aa Sess\u00e3o de Conselho de Curadores, de 14.03.06, o qual aprova a atualiza\u00e7\u00e3o da tabela de taxas e emolumentos da UFSM com base no \u00edndice de infla\u00e7\u00e3o o \u00cdndice Geral de Pre\u00e7os de Mercado (IGPM) que, no per\u00edodo compreendido entre o ano 2000 e 2005, variou cerca de setenta e um por cento;<\/p>\r\n<p>- o Parecer n. 05\/07, aprovado na 162\u00aa Sess\u00e3o do Conselho de Curadores, de 8.10.07;<\/p>\r\n<p>- 0 Parecer n. 04\/07 aprovado na 676\u00aa Sess\u00e3o do Conselho Universit\u00e1rio, de 30.11.2007, conforme Processo n. <a href=\"https:\/\/portal.ufsm.br\/documentos\/publico\/processo\/documento.html?idDocumento=2830909\" target=\"_blank\"><font color=\"blue\"><u>23081.002745\/2007-31<\/u><\/font><\/a>.<\/p>\r\n<br>\r\n<p><div align=\"center\">RESOLVE:<\/div><\/p>\r\n<br>\r\n<p>Art. 1\u00ba Aprovar os novos valores das taxas e emolumentos da Universidade Federal de Santa Maria constantes da tabela anexa.<\/p>\r\n<p>Art. 2\u00ba Os valores das taxas e emolumentos constantes da tabela, ser\u00e3o reajustados anualmente, tomando por base o \u00edndice de infla\u00e7\u00e3o medido pelo \u00cdndice Geral de Pre\u00e7os de Mercado (IGP-M)<\/p>\r\n<p>Art. 3\u00ba Os valores das taxas de emolumentos constantes na tabela sofrer\u00e3o arredondamentos estat\u00edsticos, para mais ou menos, conforme a natureza dos custos de sua composi\u00e7\u00e3o.<\/p>\r\n<p>Art. 4\u00ba Fica extinta a taxa de expedi\u00e7\u00e3o da primeira via do diploma em raz\u00e3o de ser um documento de maior demanda e constituir-se num produto final e obrigat\u00f3rio.<\/p>\r\n<p>Art. 5\u00ba Esta resolu\u00e7\u00e3o entra em vigor na data de sua assinatura e revoga as disposi\u00e7\u00f5es em contr\u00e1rio.<\/p>\r\n\r\n<p>GABINETE DO REITOR DA UNIVERSIDADE FEDERAL DE SANTA MARIA, aos quatro dias do m\u00eas de dezembro do ano dois mil e sete.<\/p>\r\n<\/div>\r\n<p>Clovis Silva Lima,<\/p>\r\n<p>Reitor.<\/p>\r\n<\/strike>\r\n<p><font color=\"red0000\">Este texto n\u00e3o substitui o documento original, publicado no Portal de Documentos.<\/font> Dispon\u00edvel em: <a href=\"https:\/\/portal.ufsm.br\/documentos\/publico\/documento.html?id=4372751\"><font color=\"blue\">https:\/\/portal.ufsm.br\/documentos\/publico\/documento.html?id=4372751<\/font><\/a>\r\n\r\n\t\t<\/div>\n\t\t\t\t<\/div>\n\t\t\t\t\t<\/div>\n\t\t<\/div>\n\t\t\t\t\t<\/div>\n\t\t<\/section>\n\t\t\t\t<\/div>\n\t\t","protected":false},"excerpt":{"rendered":"<p>RESOLU\u00c7\u00c3O N. 017\/2007 MINIST\u00c9RIO DA EDUCA\u00c7\u00c3O UNIVERSIDADE FEDERAL DE SANTA MARIA RESOLU\u00c7\u00c3O N. 017\/2007 Aprova novos valores das taxas e emolumentos da Universidade Federal de Santa. Revogada pela Resolu\u00e7\u00e3o UFSM N. 148\/2023 O REITOR DA UNIVERSIDADE FEDERAL DE SANTA MARIA, no uso de suas atribui\u00e7\u00f5es legais e estatut\u00e1rias e considerando: &#8211; Que a tabela de [&hellip;]<\/p>\n","protected":false},"author":205,"featured_media":0,"parent":0,"menu_order":0,"comment_status":"closed","ping_status":"closed","template":"","meta":{"footnotes":""},"categories":[],"tags":[],"class_list":["post-3103","page","type-page","status-publish","hentry"],"acf":[],"_links":{"self":[{"href":"https:\/\/www.ufsm.br\/pro-reitorias\/proplan\/wp-json\/wp\/v2\/pages\/3103","targetHints":{"allow":["GET"]}}],"collection":[{"href":"https:\/\/www.ufsm.br\/pro-reitorias\/proplan\/wp-json\/wp\/v2\/pages"}],"about":[{"href":"https:\/\/www.ufsm.br\/pro-reitorias\/proplan\/wp-json\/wp\/v2\/types\/page"}],"author":[{"embeddable":true,"href":"https:\/\/www.ufsm.br\/pro-reitorias\/proplan\/wp-json\/wp\/v2\/users\/205"}],"replies":[{"embeddable":true,"href":"https:\/\/www.ufsm.br\/pro-reitorias\/proplan\/wp-json\/wp\/v2\/comments?post=3103"}],"version-history":[{"count":0,"href":"https:\/\/www.ufsm.br\/pro-reitorias\/proplan\/wp-json\/wp\/v2\/pages\/3103\/revisions"}],"wp:attachment":[{"href":"https:\/\/www.ufsm.br\/pro-reitorias\/proplan\/wp-json\/wp\/v2\/media?parent=3103"}],"wp:term":[{"taxonomy":"category","embeddable":true,"href":"https:\/\/www.ufsm.br\/pro-reitorias\/proplan\/wp-json\/wp\/v2\/categories?post=3103"},{"taxonomy":"post_tag","embeddable":true,"href":"https:\/\/www.ufsm.br\/pro-reitorias\/proplan\/wp-json\/wp\/v2\/tags?post=3103"}],"curies":[{"name":"wp","href":"https:\/\/api.w.org\/{rel}","templated":true}]}}