{"id":3104,"date":"2020-01-29T08:33:08","date_gmt":"2020-01-29T11:33:08","guid":{"rendered":"https:\/\/www.ufsm.br\/pro-reitorias\/proplan\/?page_id=3104"},"modified":"2023-12-26T15:12:34","modified_gmt":"2023-12-26T18:12:34","slug":"resolucao-n-017-2007-anexo","status":"publish","type":"page","link":"https:\/\/www.ufsm.br\/pro-reitorias\/proplan\/resolucao-n-017-2007-anexo","title":{"rendered":"Resolu\u00e7\u00e3o N. 017\/2007-Anexo"},"content":{"rendered":"\t\t<div data-elementor-type=\"wp-page\" data-elementor-id=\"3104\" class=\"elementor elementor-3104\">\n\t\t\t\t\t\t<section class=\"elementor-section elementor-top-section elementor-element elementor-element-5c4285b elementor-section-boxed elementor-section-height-default elementor-section-height-default\" data-id=\"5c4285b\" data-element_type=\"section\">\n\t\t\t\t\t\t<div class=\"elementor-container elementor-column-gap-default\">\n\t\t\t\t\t<div class=\"elementor-column elementor-col-100 elementor-top-column elementor-element elementor-element-46bb228\" data-id=\"46bb228\" data-element_type=\"column\">\n\t\t\t<div class=\"elementor-widget-wrap elementor-element-populated\">\n\t\t\t\t\t\t<div class=\"elementor-element elementor-element-d386799 elementor-widget elementor-widget-html\" data-id=\"d386799\" data-element_type=\"widget\" data-widget_type=\"html.default\">\n\t\t\t\t<div class=\"elementor-widget-container\">\n\t\t\t\r\n\r\n\r\n<title><b>RESOLU\u00c7\u00c3O N. 017\/2007-ANEXO<\/b><\/title>\r\n\r\n\r\n<div align=\"center\"><img decoding=\"async\" src=\"https:\/\/www.ufsm.br\/pro-reitorias\/proplan\/wp-content\/uploads\/sites\/344\/2019\/09\/brasao-da-republica-do-brasil-logo.png\" alt=\"Bras\u00e3o Rep\u00fablica Federativa do Brasil\" width=\"6%\" height=\"6%\"><\/div>    \r\n<h1><font color=\"blue\"><font size=\"5\"><div align=\"center\">MINIST\u00c9RIO DA EDUCA\u00c7\u00c3O<\/b><\/font><\/font><\/div><\/H1>\r\n<p><b><font color=\"0000blue\"><div align=\"center\">UNIVERSIDADE FEDERAL DE SANTA MARIA<\/b><\/font><\/div><\/p>\r\n\r\n<p><div align=\"center\"><b><a href=\"https:\/\/portal.ufsm.br\/documentos\/publico\/documento.html?id=12928085\"><font color=\"blue\">RESOLU\u00c7\u00c3O N. 017\/2007 - ANEXO<\/font><\/a><\/b><\/div><\/p>\r\n<br>\r\n<p><a href=\"https:\/\/www.ufsm.br\/pro-reitorias\/proplan\/resolucao-ufsm-n-148-2023\" target=\"_blank\"><font color=\"blue\">Revogada pela Resolu\u00e7\u00e3o UFSM N. 148\/2023<\/font><\/a><\/p>\r\n<br>\r\n<strike>\r\n<p><b><div align=\"center\">ANEXO<\/b><\/div><\/p>\r\n<p><b><div align=\"center\">Tabela de Taxas e Emolumentos<\/b><\/div><\/p>\r\n<br>\r\n<table><table width=\"75%\">\r\n<tr><td><b>Especifica\u00e7\u00e3o<\/b><\/td><td><b>Valor em 20\/09\/2000<\/b><\/td><td><b>Valor atualizado*<\/b><\/td><td><b>Valor Proposto<\/b><\/td><\/tr>\r\n<tr><td>Revalida\u00e7\u00e3o\/reconhecimento de diploma<\/td><td>R$ 130,00<\/td><td>R$ 222,75<\/td><\/td><\/tr>\r\n<tr><td>Inscri\u00e7\u00e3o \u00e0 sele\u00e7\u00e3o para cursos de p\u00f3s-gradua\u00e7\u00e3o:doutorado, mestrado, resid\u00eancia m\u00e9dica e para cursos de aperfei\u00e7oamento e especializa\u00e7\u00e3o<\/td><td>R$ 30,00<\/td><td>R$ 51,40<\/td><td>R$ 51,00<\/td><\/tr>\r\n<tr><td>Registro de diploma (cursos fora da UFSM)<\/td><td>R$ 13,00<\/td><td>R$ 22,27<\/td><td>R$ 22,00<\/td><\/tr>\r\n<tr><td>Taxa de sufici\u00eancia em l\u00edngua estrangeira.<\/td><td>R$ 10,00<\/td><td>R$ 17,13<\/td><td>R$ 17,00<\/td><\/tr>\r\n<tr><td>Expedi\u00e7\u00e3o 2\u00ba via de diploma<\/td><td>R$ 50,00<\/td><td>R$ 85,67<\/td><td>R$ 86,00<\/td><\/tr>\r\n<tr><td>Apostila de diploma<\/td><td>R$ 10,00<\/td><td>R$ 17,13<\/td><td>R$ 17,00<\/td><\/tr>\r\n<tr><td>Inscri\u00e7\u00e3o \u00e0 sele\u00e7\u00e3o para ingresso e ou reingresso aos cursos de gradua\u00e7\u00e3o<\/td><td>R$ 20,00<\/td><td>R$ 34,27<\/td><td>R$ 34,00<\/td><\/tr>\r\n<tr><td>Abertura de processo de transfer\u00eancia ex-officio de funcion\u00e1rios p\u00fablicos federais civis e militares<\/td><td>R$ 15,00<\/td><td>R$ 25,70<\/td><td>R$ 26,00<\/td><\/tr>\r\n<tr><td>Programas did\u00e1ticos (por disciplina)<\/td><td>R$ 0,30<\/td><td>R$ 0,51<\/td><td>R$ 0,50<\/td><\/tr>\r\n<\/div><\/table>\r\n<br>\r\n<p>*Valor atualizado pelo IGP-M<\/p>\r\n<br>\r\n<\/strike>\r\n<p><font color=\"red0000\">Este texto n\u00e3o substitui o documento original, publicado no Portal de Documentos.<\/font> Dispon\u00edvel em: <a href=\"https:\/\/portal.ufsm.br\/documentos\/publico\/documento.html?id=12928085\"><font color=\"blue\">https:\/\/portal.ufsm.br\/documentos\/publico\/documento.html?id=12928085<\/font><\/a>\r\n\r\n\r\n\t\t<\/div>\n\t\t\t\t<\/div>\n\t\t\t\t\t<\/div>\n\t\t<\/div>\n\t\t\t\t\t<\/div>\n\t\t<\/section>\n\t\t\t\t<\/div>\n\t\t","protected":false},"excerpt":{"rendered":"<p>RESOLU\u00c7\u00c3O N. 017\/2007-ANEXO MINIST\u00c9RIO DA EDUCA\u00c7\u00c3O UNIVERSIDADE FEDERAL DE SANTA MARIA RESOLU\u00c7\u00c3O N. 017\/2007 &#8211; ANEXO Revogada pela Resolu\u00e7\u00e3o UFSM N. 148\/2023 ANEXO Tabela de Taxas e Emolumentos Especifica\u00e7\u00e3o Valor em 20\/09\/2000 Valor atualizado* Valor Proposto Revalida\u00e7\u00e3o\/reconhecimento de diploma R$ 130,00 R$ 222,75 Inscri\u00e7\u00e3o \u00e0 sele\u00e7\u00e3o para cursos de p\u00f3s-gradua\u00e7\u00e3o:doutorado, mestrado, resid\u00eancia m\u00e9dica e para [&hellip;]<\/p>\n","protected":false},"author":205,"featured_media":0,"parent":0,"menu_order":0,"comment_status":"closed","ping_status":"closed","template":"","meta":{"footnotes":""},"categories":[],"tags":[],"class_list":["post-3104","page","type-page","status-publish","hentry"],"acf":[],"_links":{"self":[{"href":"https:\/\/www.ufsm.br\/pro-reitorias\/proplan\/wp-json\/wp\/v2\/pages\/3104","targetHints":{"allow":["GET"]}}],"collection":[{"href":"https:\/\/www.ufsm.br\/pro-reitorias\/proplan\/wp-json\/wp\/v2\/pages"}],"about":[{"href":"https:\/\/www.ufsm.br\/pro-reitorias\/proplan\/wp-json\/wp\/v2\/types\/page"}],"author":[{"embeddable":true,"href":"https:\/\/www.ufsm.br\/pro-reitorias\/proplan\/wp-json\/wp\/v2\/users\/205"}],"replies":[{"embeddable":true,"href":"https:\/\/www.ufsm.br\/pro-reitorias\/proplan\/wp-json\/wp\/v2\/comments?post=3104"}],"version-history":[{"count":0,"href":"https:\/\/www.ufsm.br\/pro-reitorias\/proplan\/wp-json\/wp\/v2\/pages\/3104\/revisions"}],"wp:attachment":[{"href":"https:\/\/www.ufsm.br\/pro-reitorias\/proplan\/wp-json\/wp\/v2\/media?parent=3104"}],"wp:term":[{"taxonomy":"category","embeddable":true,"href":"https:\/\/www.ufsm.br\/pro-reitorias\/proplan\/wp-json\/wp\/v2\/categories?post=3104"},{"taxonomy":"post_tag","embeddable":true,"href":"https:\/\/www.ufsm.br\/pro-reitorias\/proplan\/wp-json\/wp\/v2\/tags?post=3104"}],"curies":[{"name":"wp","href":"https:\/\/api.w.org\/{rel}","templated":true}]}}