{"id":3108,"date":"2020-01-29T08:38:27","date_gmt":"2020-01-29T11:38:27","guid":{"rendered":"https:\/\/www.ufsm.br\/pro-reitorias\/proplan\/?page_id=3108"},"modified":"2020-01-29T08:40:14","modified_gmt":"2020-01-29T11:40:14","slug":"resolucao-n-019-2007-anexo-1","status":"publish","type":"page","link":"https:\/\/www.ufsm.br\/pro-reitorias\/proplan\/resolucao-n-019-2007-anexo-1","title":{"rendered":"Resolu\u00e7\u00e3o N. 019\/2007-Anexo 1"},"content":{"rendered":"\t\t<div data-elementor-type=\"wp-page\" data-elementor-id=\"3108\" class=\"elementor elementor-3108\">\n\t\t\t\t\t\t<section class=\"elementor-section elementor-top-section elementor-element elementor-element-c3993d5 elementor-section-boxed elementor-section-height-default elementor-section-height-default\" data-id=\"c3993d5\" data-element_type=\"section\">\n\t\t\t\t\t\t<div class=\"elementor-container elementor-column-gap-default\">\n\t\t\t\t\t<div class=\"elementor-column elementor-col-100 elementor-top-column elementor-element elementor-element-bc12274\" data-id=\"bc12274\" data-element_type=\"column\">\n\t\t\t<div class=\"elementor-widget-wrap elementor-element-populated\">\n\t\t\t\t\t\t<div class=\"elementor-element elementor-element-69f9fc2 elementor-widget elementor-widget-html\" data-id=\"69f9fc2\" data-element_type=\"widget\" data-widget_type=\"html.default\">\n\t\t\t\t<div class=\"elementor-widget-container\">\n\t\t\t\r\n\r\n\r\n<title><b>RESOLU\u00c7\u00c3O N. 019\/2007 - ANEXO 1<\/b><\/title>\r\n\r\n\r\n<div align=\"center\"><img decoding=\"async\" src=\"https:\/\/www.ufsm.br\/pro-reitorias\/proplan\/wp-content\/uploads\/sites\/344\/2019\/09\/brasao-da-republica-do-brasil-logo.png\" alt=\"Bras\u00e3o Rep\u00fablica Federativa do Brasil\" width=\"6%\" height=\"6%\"><\/div>    \r\n<h1><font color=\"blue\"><font size=\"5\"><div align=\"center\">MINIST\u00c9RIO DA EDUCA\u00c7\u00c3O<\/b><\/font><\/font><\/div><\/H1>\r\n<p><b><font color=\"0000blue\"><div align=\"center\">UNIVERSIDADE FEDERAL DE SANTA MARIA<\/b><\/font><\/div><\/p>\r\n\r\n<p><div align=\"center\"><b><a href=\"https:\/\/portal.ufsm.br\/documentos\/publico\/documento.html?id=12928110\"><font color=\"blue\">RESOLU\u00c7\u00c3O N. 019\/2007 - ANEXO 1<\/font><\/a><\/b><\/div><\/p>\r\n<br>\r\n<p><div align=\"right\"><font color=\"800000\"><strike>Termo de Confidencialidade e Sigilo<\/strike><\/font><\/div><\/p>\r\n<br>\r\n<p><a href=\"https:\/\/www.ufsm.br\/pro-reitorias\/proplan\/resolucao-n-001-2015\/\"><font color=\"blue\">Revogada pela Resolu\u00e7\u00e3o N. 001\/2015<\/font><\/a><\/p>\r\n<br>\r\n<strike>\r\n<br><div align=\"justify\">\r\n<p>Considerando o v\u00ednculo permanente ou eventual entre o docente, t\u00e9cnico-administrativo, estagi\u00e1rio, aluno de gradua\u00e7\u00e3o ou p\u00f3s-gradua\u00e7\u00e3o, p\u00f3s-doutorando, professor visitante ou colaborador, doravante designado INVENTOR, e a Universidade Federal de Santa Maria, doravante designada UFSM.<\/p>\r\n<br>\r\n<p>O INVENTOR entende que, durante seu v\u00ednculo com a UFSM, pode gerar ou receber informa\u00e7\u00e3o confidencial da Universidade e\/ou de seus docentes, t\u00e9cnico- administrativos, estagi\u00e1rios e\/ou alunos; poder\u00e1 se envolver na cria\u00e7\u00e3o, melhoria, escrita, edi\u00e7\u00e3o, revis\u00e3o, altera\u00e7\u00e3o, moderniza\u00e7\u00e3o, modifica\u00e7\u00e3o ou tratamento de processos, relat\u00f3rios, livretos, livros, manuais, outros documentos, ilustra\u00e7\u00f5es, tabela de dados, fotografias, desenhos, programas de computador, inven\u00e7\u00f5es ou outros dispositivos, sele\u00e7\u00e3o e caracteriza\u00e7\u00e3o de novas esp\u00e9cies, cepas, estirpes mutantes, de germoplasma ou de novas cultivares, ou organismos de qualquer natureza, bem como de seus constituintes ou produtos naturais ou bioengenheirados, marcas, materiais promocionais ou similares que contenham ou sejam considerados material confidencial e\/ou que tenham ou possam ter valor econ\u00f4mico.<\/p>\r\n<br>\r\n<p>O INVENTOR concorda em n\u00e3o divulgar no meio externo \u00e0 UFSM, ou usar para seu benef\u00edcio ou de outra pessoa ou entidade que n\u00e3o a pr\u00f3pria UFSM, qualquer informa\u00e7\u00e3o gerada na UFSM que n\u00e3o for de conhecimento p\u00fablico na \u00e9poca de seu v\u00ednculo ou que tenha se tornado p\u00fablica por vias n\u00e3o-autorizadas por um per\u00edodo superior a dois anos ap\u00f3s o encerramento de seu v\u00ednculo ou ap\u00f3s a obten\u00e7\u00e3o da prote\u00e7\u00e3o intelectual.<\/p>\r\n<br>\r\n<p>O INVENTOR se obriga a obter autoriza\u00e7\u00e3o do coordenador do projeto ou l\u00edder do seu grupo de pesquisa para a apresenta\u00e7\u00e3o ou divulga\u00e7\u00e3o dos resultados do seu trabalho.<\/p>\r\n<br>\r\n<p>O INVENTOR se declara ciente e de acordo com os termos na Resolu\u00e7\u00e3o n. 000\/07, de 00.00.2007, da Universidade Federal de Santa Maria que regulamenta a prote\u00e7\u00e3o de direitos relativos \u00e0 propriedade intelectual no \u00e2mbito da UFSM.<\/p>\r\n<br>\r\n<p>Santa Maria, ____de________________ de_____.<\/p>\r\n<br>\r\n<p>INVENTOR: _____________________________________<\/p>\r\n<br>\r\n<p>Nome:<\/p>\r\n<br>\r\n<p>CPF:<\/p>\r\n<br>\r\n\r\n<p><font color=\"red0000\">Este texto n\u00e3o substitui o documento original, publicado no Portal de Documentos.<\/font> Dispon\u00edvel em: <a href=\"https:\/\/portal.ufsm.br\/documentos\/publico\/documento.html?id=12928110\"><font color=\"blue\">https:\/\/portal.ufsm.br\/documentos\/publico\/documento.html?id=12928110<\/font><\/a>\r\n<\/strike>\r\n\r\n\t\t<\/div>\n\t\t\t\t<\/div>\n\t\t\t\t\t<\/div>\n\t\t<\/div>\n\t\t\t\t\t<\/div>\n\t\t<\/section>\n\t\t\t\t<\/div>\n\t\t","protected":false},"excerpt":{"rendered":"<p>RESOLU\u00c7\u00c3O N. 019\/2007 &#8211; ANEXO 1 MINIST\u00c9RIO DA EDUCA\u00c7\u00c3O UNIVERSIDADE FEDERAL DE SANTA MARIA RESOLU\u00c7\u00c3O N. 019\/2007 &#8211; ANEXO 1 Termo de Confidencialidade e Sigilo Revogada pela Resolu\u00e7\u00e3o N. 001\/2015 Considerando o v\u00ednculo permanente ou eventual entre o docente, t\u00e9cnico-administrativo, estagi\u00e1rio, aluno de gradua\u00e7\u00e3o ou p\u00f3s-gradua\u00e7\u00e3o, p\u00f3s-doutorando, professor visitante ou colaborador, doravante designado INVENTOR, e [&hellip;]<\/p>\n","protected":false},"author":205,"featured_media":0,"parent":0,"menu_order":0,"comment_status":"closed","ping_status":"closed","template":"","meta":{"footnotes":""},"categories":[],"tags":[],"class_list":["post-3108","page","type-page","status-publish","hentry"],"acf":[],"_links":{"self":[{"href":"https:\/\/www.ufsm.br\/pro-reitorias\/proplan\/wp-json\/wp\/v2\/pages\/3108","targetHints":{"allow":["GET"]}}],"collection":[{"href":"https:\/\/www.ufsm.br\/pro-reitorias\/proplan\/wp-json\/wp\/v2\/pages"}],"about":[{"href":"https:\/\/www.ufsm.br\/pro-reitorias\/proplan\/wp-json\/wp\/v2\/types\/page"}],"author":[{"embeddable":true,"href":"https:\/\/www.ufsm.br\/pro-reitorias\/proplan\/wp-json\/wp\/v2\/users\/205"}],"replies":[{"embeddable":true,"href":"https:\/\/www.ufsm.br\/pro-reitorias\/proplan\/wp-json\/wp\/v2\/comments?post=3108"}],"version-history":[{"count":0,"href":"https:\/\/www.ufsm.br\/pro-reitorias\/proplan\/wp-json\/wp\/v2\/pages\/3108\/revisions"}],"wp:attachment":[{"href":"https:\/\/www.ufsm.br\/pro-reitorias\/proplan\/wp-json\/wp\/v2\/media?parent=3108"}],"wp:term":[{"taxonomy":"category","embeddable":true,"href":"https:\/\/www.ufsm.br\/pro-reitorias\/proplan\/wp-json\/wp\/v2\/categories?post=3108"},{"taxonomy":"post_tag","embeddable":true,"href":"https:\/\/www.ufsm.br\/pro-reitorias\/proplan\/wp-json\/wp\/v2\/tags?post=3108"}],"curies":[{"name":"wp","href":"https:\/\/api.w.org\/{rel}","templated":true}]}}