{"id":3109,"date":"2020-01-29T08:38:39","date_gmt":"2020-01-29T11:38:39","guid":{"rendered":"https:\/\/www.ufsm.br\/pro-reitorias\/proplan\/?page_id=3109"},"modified":"2020-01-29T08:41:57","modified_gmt":"2020-01-29T11:41:57","slug":"resolucao-n-019-2007-anexo-2","status":"publish","type":"page","link":"https:\/\/www.ufsm.br\/pro-reitorias\/proplan\/resolucao-n-019-2007-anexo-2","title":{"rendered":"Resolu\u00e7\u00e3o N. 019\/2007-Anexo 2"},"content":{"rendered":"\t\t<div data-elementor-type=\"wp-page\" data-elementor-id=\"3109\" class=\"elementor elementor-3109\">\n\t\t\t\t\t\t<section class=\"elementor-section elementor-top-section elementor-element elementor-element-316989f elementor-section-boxed elementor-section-height-default elementor-section-height-default\" data-id=\"316989f\" data-element_type=\"section\">\n\t\t\t\t\t\t<div class=\"elementor-container elementor-column-gap-default\">\n\t\t\t\t\t<div class=\"elementor-column elementor-col-100 elementor-top-column elementor-element elementor-element-db05cd9\" data-id=\"db05cd9\" data-element_type=\"column\">\n\t\t\t<div class=\"elementor-widget-wrap elementor-element-populated\">\n\t\t\t\t\t\t<div class=\"elementor-element elementor-element-b55b44b elementor-widget elementor-widget-html\" data-id=\"b55b44b\" data-element_type=\"widget\" data-widget_type=\"html.default\">\n\t\t\t\t<div class=\"elementor-widget-container\">\n\t\t\t\r\n\r\n\r\n<title><b>RESOLU\u00c7\u00c3O N. 019\/2007 - ANEXO 2<\/b><\/title>\r\n\r\n\r\n<div align=\"center\"><img decoding=\"async\" src=\"https:\/\/www.ufsm.br\/pro-reitorias\/proplan\/wp-content\/uploads\/sites\/344\/2019\/09\/brasao-da-republica-do-brasil-logo.png\" alt=\"Bras\u00e3o Rep\u00fablica Federativa do Brasil\" width=\"6%\" height=\"6%\"><\/div>    \r\n<h1><font color=\"blue\"><font size=\"5\"><div align=\"center\">MINIST\u00c9RIO DA EDUCA\u00c7\u00c3O<\/b><\/font><\/font><\/div><\/H1>\r\n<p><b><font color=\"0000blue\"><div align=\"center\">UNIVERSIDADE FEDERAL DE SANTA MARIA<\/b><\/font><\/div><\/p>\r\n\r\n<p><div align=\"center\"><b><a href=\"https:\/\/portal.ufsm.br\/documentos\/publico\/documento.html?id=12928116\"><font color=\"blue\">RESOLU\u00c7\u00c3O N. 019\/2007 - ANEXO 2<\/font><\/a><\/b><\/div><\/p>\r\n<br>\r\n<p><div align=\"right\"><font color=\"800000\"><strike>Formul\u00e1rio para Cadastro de Inven\u00e7\u00f5es<\/strike><\/font><\/div><\/p>\r\n<br>\r\n<p><a href=\"https:\/\/www.ufsm.br\/pro-reitorias\/proplan\/resolucao-n-001-2015\/\"><font color=\"blue\">Revogada pela Resolu\u00e7\u00e3o N. 001\/2015<\/font><\/a><\/p>\r\n<br>\r\n<strike>\r\n<br><div align=\"justify\">\r\n<p>Ao Senhor Diretor do N\u00facleo de Inova\u00e7\u00e3o e Transfer\u00eancia de Tecnologia,<\/p>\r\n<p>Universidade Federal de Santa Maria,\r\n<p>Cidade Universit\u00e1ria \u201cProf. Mariano da Rocha Filho\u201d, av. Roraima n. 1000, Bairro Camobi,<\/p>\r\n<p>Pr\u00e9dio da Administra\u00e7\u00e3o Central, 5\u00ba andar, Sala 524,<\/p>\r\n<p>97105-900 Santa Maria, RS.<\/p>\r\n<br>\r\n<p>Senhor Diretor:<\/p>\r\n<br>\r\n<p>Eu, (nome completo), (matr\u00edcula \u00fanica), lotado e com exerc\u00edcio no(a) (unidade, CPG ou departamento), encaminho ao NIT os documentos abaixo relacionados, a fim de proceder \u00e0 Busca de Anterioridade junto ao Instituto Nacional de Propriedade Industrial da Inven\u00e7\u00e3o denominada \"     \"\/p&gt;\r\n<br>\r\n<p>Rela\u00e7\u00e3o de documentos anexos:<\/p>\r\n<br>\r\n<table><table width=\"75%\">\r\n<tr><td width=\"50\"><\/td><td><b>Material<\/b><\/td><td width=\"50\"><b>N. de p\u00e1ginas<\/b><\/td><\/tr>\r\n<tr><td>(   )<\/td><td>Relat\u00f3rio de Inven\u00e7\u00e3o<\/td><td><\/td><\/tr>\r\n<tr><td>(   )<\/td><td>Desenhos, se necess\u00e1rios<\/td><td><\/td><\/tr>\r\n<tr><td>(   )<\/td><td>Publica\u00e7\u00f5es relacionadas ao presente invento<\/td><td><\/td><\/tr>\r\n<tr><td>(   )<\/td><td>C\u00f3pia de material de divulga\u00e7\u00e3o e\/ou atestados de participa\u00e7\u00e3o em eventos e\/ou c\u00f3pia de anais, em que o invento tenha sido divulgado\/apresentado.<\/td><td><\/td><\/tr>\r\n<tr><td>(   )<\/td><td>C\u00f3pia eletr\u00f4nica do Cadastro de Inven\u00e7\u00e3o para Busca Pr\u00e9via<\/td><td><\/td><\/tr>\r\n<tr><td>(   )<\/td><td><p>Outros documentos julgados pertinentes:<\/p>\r\n<p>- ............................<\/p>\r\n<p>- ............................<\/p>\r\n<p>- ............................<\/p><\/td><td><\/td><\/tr>\r\n<\/div><\/table>\r\n<br>\r\n<p>Santa Maria, RS ____de ____________ de 200___ .<\/p>\r\n<br>\r\n\r\n\r\n<p>Assinatura<\/p>\r\n<br>\r\n\r\n\r\n<p>Recebido no NIT\/UFSM em ____\/_____\/______<\/p>\r\n<br>\r\n\r\n\r\n\r\n\r\n<p><font color=\"red0000\">Este texto n\u00e3o substitui o documento original, publicado no Portal de Documentos.<\/font> Dispon\u00edvel em: <a href=\"https:\/\/portal.ufsm.br\/documentos\/publico\/documento.html?id=12928116\"><font color=\"blue\">https:\/\/portal.ufsm.br\/documentos\/publico\/documento.html?id=12928116<\/font><\/a>\r\n<\/strike>\r\n\r\n\t\t<\/div>\n\t\t\t\t<\/div>\n\t\t\t\t\t<\/div>\n\t\t<\/div>\n\t\t\t\t\t<\/div>\n\t\t<\/section>\n\t\t\t\t<\/div>\n\t\t","protected":false},"excerpt":{"rendered":"<p>&lt;b&gt;RESOLU\u00c7\u00c3O N. 019\/2007 &#8211; ANEXO 2&lt;\/b&gt; MINIST\u00c9RIO DA EDUCA\u00c7\u00c3O UNIVERSIDADE FEDERAL DE SANTA MARIA RESOLU\u00c7\u00c3O N. 019\/2007 &#8211; ANEXO 2 Formul\u00e1rio para Cadastro de Inven\u00e7\u00f5es Revogada pela Resolu\u00e7\u00e3o N. 001\/2015 Ao Senhor Diretor do N\u00facleo de Inova\u00e7\u00e3o e Transfer\u00eancia de Tecnologia, Universidade Federal de Santa Maria, Cidade Universit\u00e1ria \u201cProf. Mariano da Rocha Filho\u201d, av. Roraima [&hellip;]<\/p>\n","protected":false},"author":205,"featured_media":0,"parent":0,"menu_order":0,"comment_status":"closed","ping_status":"closed","template":"","meta":{"footnotes":""},"categories":[],"tags":[],"class_list":["post-3109","page","type-page","status-publish","hentry"],"acf":[],"_links":{"self":[{"href":"https:\/\/www.ufsm.br\/pro-reitorias\/proplan\/wp-json\/wp\/v2\/pages\/3109","targetHints":{"allow":["GET"]}}],"collection":[{"href":"https:\/\/www.ufsm.br\/pro-reitorias\/proplan\/wp-json\/wp\/v2\/pages"}],"about":[{"href":"https:\/\/www.ufsm.br\/pro-reitorias\/proplan\/wp-json\/wp\/v2\/types\/page"}],"author":[{"embeddable":true,"href":"https:\/\/www.ufsm.br\/pro-reitorias\/proplan\/wp-json\/wp\/v2\/users\/205"}],"replies":[{"embeddable":true,"href":"https:\/\/www.ufsm.br\/pro-reitorias\/proplan\/wp-json\/wp\/v2\/comments?post=3109"}],"version-history":[{"count":0,"href":"https:\/\/www.ufsm.br\/pro-reitorias\/proplan\/wp-json\/wp\/v2\/pages\/3109\/revisions"}],"wp:attachment":[{"href":"https:\/\/www.ufsm.br\/pro-reitorias\/proplan\/wp-json\/wp\/v2\/media?parent=3109"}],"wp:term":[{"taxonomy":"category","embeddable":true,"href":"https:\/\/www.ufsm.br\/pro-reitorias\/proplan\/wp-json\/wp\/v2\/categories?post=3109"},{"taxonomy":"post_tag","embeddable":true,"href":"https:\/\/www.ufsm.br\/pro-reitorias\/proplan\/wp-json\/wp\/v2\/tags?post=3109"}],"curies":[{"name":"wp","href":"https:\/\/api.w.org\/{rel}","templated":true}]}}