{"id":3111,"date":"2020-01-29T08:42:09","date_gmt":"2020-01-29T11:42:09","guid":{"rendered":"https:\/\/www.ufsm.br\/pro-reitorias\/proplan\/?page_id=3111"},"modified":"2020-01-29T08:43:47","modified_gmt":"2020-01-29T11:43:47","slug":"resolucao-n-019-2007-anexo-3","status":"publish","type":"page","link":"https:\/\/www.ufsm.br\/pro-reitorias\/proplan\/resolucao-n-019-2007-anexo-3","title":{"rendered":"Resolu\u00e7\u00e3o N. 019\/2007-Anexo 3"},"content":{"rendered":"\t\t<div data-elementor-type=\"wp-page\" data-elementor-id=\"3111\" class=\"elementor elementor-3111\">\n\t\t\t\t\t\t<section class=\"elementor-section elementor-top-section elementor-element elementor-element-fbd4aff elementor-section-boxed elementor-section-height-default elementor-section-height-default\" data-id=\"fbd4aff\" data-element_type=\"section\">\n\t\t\t\t\t\t<div class=\"elementor-container elementor-column-gap-default\">\n\t\t\t\t\t<div class=\"elementor-column elementor-col-100 elementor-top-column elementor-element elementor-element-ddf7004\" data-id=\"ddf7004\" data-element_type=\"column\">\n\t\t\t<div class=\"elementor-widget-wrap elementor-element-populated\">\n\t\t\t\t\t\t<div class=\"elementor-element elementor-element-f7bec5a elementor-widget elementor-widget-html\" data-id=\"f7bec5a\" data-element_type=\"widget\" data-widget_type=\"html.default\">\n\t\t\t\t<div class=\"elementor-widget-container\">\n\t\t\t\r\n\r\n\r\n<title><b>RESOLU\u00c7\u00c3O N. 019\/2007 - ANEXO 3<\/b><\/title>\r\n\r\n\r\n<div align=\"center\"><img decoding=\"async\" src=\"https:\/\/www.ufsm.br\/pro-reitorias\/proplan\/wp-content\/uploads\/sites\/344\/2019\/09\/brasao-da-republica-do-brasil-logo.png\" alt=\"Bras\u00e3o Rep\u00fablica Federativa do Brasil\" width=\"6%\" height=\"6%\"><\/div>    \r\n<h1><font color=\"blue\"><font size=\"5\"><div align=\"center\">MINIST\u00c9RIO DA EDUCA\u00c7\u00c3O<\/b><\/font><\/font><\/div><\/H1>\r\n<p><b><font color=\"0000blue\"><div align=\"center\">UNIVERSIDADE FEDERAL DE SANTA MARIA<\/b><\/font><\/div><\/p>\r\n\r\n<p><div align=\"center\"><b><a href=\"https:\/\/portal.ufsm.br\/documentos\/publico\/documento.html?id=12928120\"><font color=\"blue\">RESOLU\u00c7\u00c3O N. 019\/2007 - ANEXO 3<\/font><\/a><\/b><\/div><\/p>\r\n<br>\r\n<p><div align=\"right\"><font color=\"800000\"><strike>Cadastro de Inven\u00e7\u00e3o<\/strike><\/font><\/div><\/p>\r\n<br>\r\n<p><a href=\"https:\/\/www.ufsm.br\/pro-reitorias\/proplan\/resolucao-n-001-2015\/\"><font color=\"blue\">Revogada pela Resolu\u00e7\u00e3o N. 001\/2015<\/font><\/a><\/p>\r\n<br>\r\n<strike>\r\n<br><div align=\"justify\">\r\n<p>T\u00edtulo: _______________________________________________________________________________________<\/p>\r\n<p>_______________________________________________________________________________________________<\/p>\r\n<p>Inventor(es)*:_________________________________________________________________________________<\/p>\r\n<p>_______________________________________________________________________________________________<\/p>\r\n<p>* Identificar o autor principal da inven\u00e7\u00e3o e respons\u00e1vel pela correspond\u00eancia<\/p>\r\n<p>Departamento\/\u00f3rg\u00e3o:<\/p>\r\n<p>_______________________________________________________________________________________________<\/p>\r\n<p>\u00c1rea de interesse (definir \u00e1rea da classifica\u00e7\u00e3o internacional e\/ou brasileira): ______________<\/p>\r\n<p>_______________________________________________________________________________________________<\/p>\r\n<p>Objetivos: ____________________________________________________________________________________<\/p>\r\n<p>_______________________________________________________________________________________________<\/p>\r\n<p>_______________________________________________________________________________________________<\/p>\r\n<p>_____________\r\n<p>Resumo (Indique, se poss\u00edvel, solu\u00e7\u00f5es j\u00e1 existentes para o problema e dados que subsidiem uma busca, como artigos, documentos de patentes e ilustra\u00e7\u00f5es):<\/p>\r\n<br>\r\n<br>\r\n<br>\r\n<br>\r\n<br>\r\n<p>Palavras-chave:<\/p>\r\n<p>_______________________________________________________________________________________________<\/p>\r\n<p>Key words: ____________________________________________________________________________________<\/p>\r\n<p>Observa\u00e7\u00f5es: __________________________________________________________________________________<\/p>\r\n<p>_______________________________________________________________________________________________<\/p>\r\n<p>_______________________________________________________________________________________________<\/p>\r\n<p>_______________________________________________________________________________________________<\/p>\r\n<p>_______________________________________________________________________________________________<\/p>\r\n<p>_______________________________________________________________________________________________<\/p>\r\n\r\n\r\n\r\n\r\n<p><font color=\"red0000\">Este texto n\u00e3o substitui o documento original, publicado no Portal de Documentos.<\/font> Dispon\u00edvel em: <a href=\"https:\/\/portal.ufsm.br\/documentos\/publico\/documento.html?id=12928120\"><font color=\"blue\">https:\/\/portal.ufsm.br\/documentos\/publico\/documento.html?id=12928120<\/font><\/a>\r\n<\/strike>\r\n\r\n\t\t<\/div>\n\t\t\t\t<\/div>\n\t\t\t\t\t<\/div>\n\t\t<\/div>\n\t\t\t\t\t<\/div>\n\t\t<\/section>\n\t\t\t\t<\/div>\n\t\t","protected":false},"excerpt":{"rendered":"<p>RESOLU\u00c7\u00c3O N. 019\/2007 &#8211; ANEXO 3 MINIST\u00c9RIO DA EDUCA\u00c7\u00c3O UNIVERSIDADE FEDERAL DE SANTA MARIA RESOLU\u00c7\u00c3O N. 019\/2007 &#8211; ANEXO 3 Cadastro de Inven\u00e7\u00e3o Revogada pela Resolu\u00e7\u00e3o N. 001\/2015 T\u00edtulo: _______________________________________________________________________________________ _______________________________________________________________________________________________ Inventor(es)*:_________________________________________________________________________________ _______________________________________________________________________________________________ * Identificar o autor principal da inven\u00e7\u00e3o e respons\u00e1vel pela correspond\u00eancia Departamento\/\u00f3rg\u00e3o: _______________________________________________________________________________________________ \u00c1rea de interesse (definir \u00e1rea da classifica\u00e7\u00e3o internacional e\/ou [&hellip;]<\/p>\n","protected":false},"author":205,"featured_media":0,"parent":0,"menu_order":0,"comment_status":"closed","ping_status":"closed","template":"","meta":{"footnotes":""},"categories":[],"tags":[],"class_list":["post-3111","page","type-page","status-publish","hentry"],"acf":[],"_links":{"self":[{"href":"https:\/\/www.ufsm.br\/pro-reitorias\/proplan\/wp-json\/wp\/v2\/pages\/3111","targetHints":{"allow":["GET"]}}],"collection":[{"href":"https:\/\/www.ufsm.br\/pro-reitorias\/proplan\/wp-json\/wp\/v2\/pages"}],"about":[{"href":"https:\/\/www.ufsm.br\/pro-reitorias\/proplan\/wp-json\/wp\/v2\/types\/page"}],"author":[{"embeddable":true,"href":"https:\/\/www.ufsm.br\/pro-reitorias\/proplan\/wp-json\/wp\/v2\/users\/205"}],"replies":[{"embeddable":true,"href":"https:\/\/www.ufsm.br\/pro-reitorias\/proplan\/wp-json\/wp\/v2\/comments?post=3111"}],"version-history":[{"count":0,"href":"https:\/\/www.ufsm.br\/pro-reitorias\/proplan\/wp-json\/wp\/v2\/pages\/3111\/revisions"}],"wp:attachment":[{"href":"https:\/\/www.ufsm.br\/pro-reitorias\/proplan\/wp-json\/wp\/v2\/media?parent=3111"}],"wp:term":[{"taxonomy":"category","embeddable":true,"href":"https:\/\/www.ufsm.br\/pro-reitorias\/proplan\/wp-json\/wp\/v2\/categories?post=3111"},{"taxonomy":"post_tag","embeddable":true,"href":"https:\/\/www.ufsm.br\/pro-reitorias\/proplan\/wp-json\/wp\/v2\/tags?post=3111"}],"curies":[{"name":"wp","href":"https:\/\/api.w.org\/{rel}","templated":true}]}}