{"id":3116,"date":"2020-01-30T07:09:15","date_gmt":"2020-01-30T10:09:15","guid":{"rendered":"https:\/\/www.ufsm.br\/pro-reitorias\/proplan\/?page_id=3116"},"modified":"2023-12-26T15:09:49","modified_gmt":"2023-12-26T18:09:49","slug":"resolucao-n-003-2006","status":"publish","type":"page","link":"https:\/\/www.ufsm.br\/pro-reitorias\/proplan\/resolucao-n-003-2006","title":{"rendered":"Resolu\u00e7\u00e3o N. 003\/2006"},"content":{"rendered":"\t\t<div data-elementor-type=\"wp-page\" data-elementor-id=\"3116\" class=\"elementor elementor-3116\">\n\t\t\t\t\t\t<section class=\"elementor-section elementor-top-section elementor-element elementor-element-24038ed elementor-section-boxed elementor-section-height-default elementor-section-height-default\" data-id=\"24038ed\" data-element_type=\"section\">\n\t\t\t\t\t\t<div class=\"elementor-container elementor-column-gap-default\">\n\t\t\t\t\t<div class=\"elementor-column elementor-col-100 elementor-top-column elementor-element elementor-element-ca6ba4f\" data-id=\"ca6ba4f\" data-element_type=\"column\">\n\t\t\t<div class=\"elementor-widget-wrap elementor-element-populated\">\n\t\t\t\t\t\t<div class=\"elementor-element elementor-element-09b731c elementor-widget elementor-widget-html\" data-id=\"09b731c\" data-element_type=\"widget\" data-widget_type=\"html.default\">\n\t\t\t\t<div class=\"elementor-widget-container\">\n\t\t\t\r\n\r\n\r\n<title><b>RESOLU\u00c7\u00c3O N. 003\/2006<\/b><\/title>\r\n\r\n\r\n<div align=\"center\"><img decoding=\"async\" src=\"https:\/\/www.ufsm.br\/pro-reitorias\/proplan\/wp-content\/uploads\/sites\/344\/2019\/09\/brasao-da-republica-do-brasil-logo.png\" alt=\"Bras\u00e3o Rep\u00fablica Federativa do Brasil\" width=\"6%\" height=\"6%\"><\/div>    \r\n<h1><font color=\"blue\"><font size=\"5\"><div align=\"center\">MINIST\u00c9RIO DA EDUCA\u00c7\u00c3O<\/b><\/font><\/font><\/div><\/H1>\r\n<p><b><font color=\"0000blue\"><div align=\"center\">UNIVERSIDADE FEDERAL DE SANTA MARIA<\/b><\/font><\/div><\/p>\r\n\r\n<p><div align=\"center\"><b><a href=\"https:\/\/portal.ufsm.br\/documentos\/publico\/documento.html?id=4391583\"><font color=\"blue\">RESOLU\u00c7\u00c3O N. 003\/2006<\/font><\/a><\/b><\/div><\/p>\r\n<br>\r\n<p><div align=\"right\"><font color=\"800000\"><strike>Estabelece o valor da taxa para inscri\u00e7\u00e3o em concurso p\u00fablico ou prova de sele\u00e7\u00e3o para ingresso no Servi\u00e7o P\u00fablico Federal.<\/strike><\/font><\/div><\/p>\r\n<br>\r\n<p><a href=\"https:\/\/www.ufsm.br\/pro-reitorias\/proplan\/resolucao-ufsm-n-148-2023\" target=\"_blank\"><font color=\"blue\">Revogada pela Resolu\u00e7\u00e3o UFSM N. 148\/2023<\/font><\/a><\/p>\r\n<br>\r\n<br><div align=\"justify\">\r\n<strike>\r\n<p>O REITOR DA UNIVERSIDADE FEDERAL DE SANTA MARIA, no uso de suas atribui\u00e7\u00f5es legais e estatut\u00e1rias e considerando:<\/p>\r\n<p>- a necessidade de institucionalizar o valor da taxa a ser cobrada por ocasi\u00e3o da sele\u00e7\u00e3o de candidatos para ingresso no Servi\u00e7o P\u00fablico Federal;\/p&gt;\r\n<p>- a necessidade de manter a equival\u00eancia com os valores cobrados por outras institui\u00e7\u00f5es federais de ensino;\/p&gt;\r\n<p>- o <a href=\"http:\/\/www.planalto.gov.br\/ccivil_03\/decreto\/2002\/D4175.htm\" target=\"_blank\"><font color=\"blue\"><u>Decreto n. 4.175, de 27 de mar\u00e7o de 2002<\/u><\/font><\/a>;\/p&gt;\r\n<p>- a <a href=\"http:\/\/pesquisa.in.gov.br\/imprensa\/jsp\/visualiza\/index.jsp?jornal=1&amp;pagina=105&amp;data=07\/11\/2002\" target=\"_blank\"><font color=\"blue\"><u>Portaria n. 450, de 6 de novembro de 2002, do Minist\u00e9rio do Planejamento, Or\u00e7amento e Gest\u00e3o<\/u><\/font><\/a>;\/p&gt;\r\n<p>- o Parecer n. 04\/06, aprovado na 156\u00aa Sess\u00e3o do Conselho de Curadores, de 14.03.2006, referente ao Processo n. <a href=\"https:\/\/portal.ufsm.br\/documentos\/publico\/processo\/documento.html?idDocumento=1761799\" target=\"_blank\"><font color=\"blue\"><u>23081.014749\/2005-08<\/u><\/font><\/a>.<\/p>\r\n<br>\r\n<p><div align=\"center\">RESOLVE:<\/div><\/p>\r\n<br>\r\n<p>Art. 1\u00ba Estabelecer o valor da taxa para inscri\u00e7\u00e3o em concurso p\u00fablico ou prova de sele\u00e7\u00e3o \u2014 em dois v\u00edrgula cinco por cento da remunera\u00e7\u00e3o fixada para a refer\u00eancia inicial do cargo ou emprego objeto da sele\u00e7\u00e3o \u2014 admitido o arredondamento da import\u00e2ncia resultante para a centena ou metade de centena superior.<\/p>\r\n<p>Par\u00e1grafo \u00fanico. Para a categoria dos servidores t\u00e9cnico-administrativos, ser\u00e1 acrescido \u00e0 taxa de inscri\u00e7\u00e3o o valor dos servi\u00e7os banc\u00e1rios.<\/p>\r\n\r\n<p>Art. 2\u00ba Esta resolu\u00e7\u00e3o entra em vigor na data de sua publica\u00e7\u00e3o, revogadas as disposi\u00e7\u00f5es em contr\u00e1rio.<\/p>\r\n\r\n<p>GABINETE DO REITOR DA UNIVERSIDADE FEDERAL DE SANTA MARIA, aos dezessete dias do m\u00eas de mar\u00e7o do ano dois mil e seis.<\/p>\r\n\r\n<\/div>\r\n<p>Clovis Silva Lima,<\/p>\r\n<p>Reitor.<\/p>\r\n<\/strike>\r\n<p><font color=\"red0000\">Este texto n\u00e3o substitui o documento original, publicado no Portal de Documentos.<\/font> Dispon\u00edvel em: <a href=\"https:\/\/portal.ufsm.br\/documentos\/publico\/documento.html?id=4391583\"><font color=\"blue\">https:\/\/portal.ufsm.br\/documentos\/publico\/documento.html?id=4391583<\/font><\/a>\r\n\r\n\t\t<\/div>\n\t\t\t\t<\/div>\n\t\t\t\t\t<\/div>\n\t\t<\/div>\n\t\t\t\t\t<\/div>\n\t\t<\/section>\n\t\t\t\t<\/div>\n\t\t","protected":false},"excerpt":{"rendered":"<p>RESOLU\u00c7\u00c3O N. 003\/2006 MINIST\u00c9RIO DA EDUCA\u00c7\u00c3O UNIVERSIDADE FEDERAL DE SANTA MARIA RESOLU\u00c7\u00c3O N. 003\/2006 Estabelece o valor da taxa para inscri\u00e7\u00e3o em concurso p\u00fablico ou prova de sele\u00e7\u00e3o para ingresso no Servi\u00e7o P\u00fablico Federal. Revogada pela Resolu\u00e7\u00e3o UFSM N. 148\/2023 O REITOR DA UNIVERSIDADE FEDERAL DE SANTA MARIA, no uso de suas atribui\u00e7\u00f5es legais e [&hellip;]<\/p>\n","protected":false},"author":205,"featured_media":0,"parent":0,"menu_order":0,"comment_status":"closed","ping_status":"closed","template":"","meta":{"footnotes":""},"categories":[],"tags":[],"class_list":["post-3116","page","type-page","status-publish","hentry"],"acf":[],"_links":{"self":[{"href":"https:\/\/www.ufsm.br\/pro-reitorias\/proplan\/wp-json\/wp\/v2\/pages\/3116","targetHints":{"allow":["GET"]}}],"collection":[{"href":"https:\/\/www.ufsm.br\/pro-reitorias\/proplan\/wp-json\/wp\/v2\/pages"}],"about":[{"href":"https:\/\/www.ufsm.br\/pro-reitorias\/proplan\/wp-json\/wp\/v2\/types\/page"}],"author":[{"embeddable":true,"href":"https:\/\/www.ufsm.br\/pro-reitorias\/proplan\/wp-json\/wp\/v2\/users\/205"}],"replies":[{"embeddable":true,"href":"https:\/\/www.ufsm.br\/pro-reitorias\/proplan\/wp-json\/wp\/v2\/comments?post=3116"}],"version-history":[{"count":0,"href":"https:\/\/www.ufsm.br\/pro-reitorias\/proplan\/wp-json\/wp\/v2\/pages\/3116\/revisions"}],"wp:attachment":[{"href":"https:\/\/www.ufsm.br\/pro-reitorias\/proplan\/wp-json\/wp\/v2\/media?parent=3116"}],"wp:term":[{"taxonomy":"category","embeddable":true,"href":"https:\/\/www.ufsm.br\/pro-reitorias\/proplan\/wp-json\/wp\/v2\/categories?post=3116"},{"taxonomy":"post_tag","embeddable":true,"href":"https:\/\/www.ufsm.br\/pro-reitorias\/proplan\/wp-json\/wp\/v2\/tags?post=3116"}],"curies":[{"name":"wp","href":"https:\/\/api.w.org\/{rel}","templated":true}]}}