{"id":3119,"date":"2020-01-30T07:09:06","date_gmt":"2020-01-30T10:09:06","guid":{"rendered":"https:\/\/www.ufsm.br\/pro-reitorias\/proplan\/?page_id=3119"},"modified":"2020-05-25T15:19:11","modified_gmt":"2020-05-25T18:19:11","slug":"resolucao-n-001-2006","status":"publish","type":"page","link":"https:\/\/www.ufsm.br\/pro-reitorias\/proplan\/resolucao-n-001-2006","title":{"rendered":"Resolu\u00e7\u00e3o N. 001\/2006"},"content":{"rendered":"\t\t<div data-elementor-type=\"wp-page\" data-elementor-id=\"3119\" class=\"elementor elementor-3119\">\n\t\t\t\t\t\t<section class=\"elementor-section elementor-top-section elementor-element elementor-element-17d375f elementor-section-boxed elementor-section-height-default elementor-section-height-default\" data-id=\"17d375f\" data-element_type=\"section\">\n\t\t\t\t\t\t<div class=\"elementor-container elementor-column-gap-default\">\n\t\t\t\t\t<div class=\"elementor-column elementor-col-100 elementor-top-column elementor-element elementor-element-cfa7a9a\" data-id=\"cfa7a9a\" data-element_type=\"column\">\n\t\t\t<div class=\"elementor-widget-wrap elementor-element-populated\">\n\t\t\t\t\t\t<div class=\"elementor-element elementor-element-77e7315 elementor-widget elementor-widget-html\" data-id=\"77e7315\" data-element_type=\"widget\" data-widget_type=\"html.default\">\n\t\t\t\t<div class=\"elementor-widget-container\">\n\t\t\t\r\n\r\n\r\n<title><b>RESOLU\u00c7\u00c3O N. 001\/2006<\/b><\/title>\r\n\r\n\r\n<div align=\"center\"><img decoding=\"async\" src=\"https:\/\/www.ufsm.br\/pro-reitorias\/proplan\/wp-content\/uploads\/sites\/344\/2019\/09\/brasao-da-republica-do-brasil-logo.png\" alt=\"Bras\u00e3o Rep\u00fablica Federativa do Brasil\" width=\"6%\" height=\"6%\"><\/div>    \r\n<h1><font color=\"blue\"><font size=\"5\"><div align=\"center\">MINIST\u00c9RIO DA EDUCA\u00c7\u00c3O<\/b><\/font><\/font><\/div><\/H1>\r\n<p><b><font color=\"0000blue\"><div align=\"center\">UNIVERSIDADE FEDERAL DE SANTA MARIA<\/b><\/font><\/div><\/p>\r\n\r\n<p><div align=\"center\"><b><a href=\"https:\/\/portal.ufsm.br\/documentos\/publico\/documento.html?id=4391586\"><font color=\"blue\">RESOLU\u00c7\u00c3O N. 001\/2006<\/font><\/a><\/b><\/div><\/p>\r\n<br>\r\n<p><div align=\"right\"><font color=\"800000\">Altera a denomina\u00e7\u00e3o do Col\u00e9gio Agr\u00edcola de Santa Maria para Col\u00e9gio Polit\u00e9cnico da Universidade Federal de Santa Maria.<\/font><\/div><\/p>\r\n<br>\r\n<br><div align=\"justify\">\r\n<p>O REITOR DA UNIVERSIDADE FEDERAL DE SANTA MARIA, no uso de suas atribui\u00e7\u00f5es legais e estatut\u00e1rias e considerando:<\/p>\r\n<p>- as diretrizes da <a href=\"http:\/\/www.planalto.gov.br\/ccivil_03\/leis\/1950-1969\/L4759.htm\" target=\"_blank\"><font color=\"blue\"><u>Lei N. 4.759\/65<\/u><\/font><\/a>;<\/p>\r\n<p>- que atualmente o Col\u00e9gio Agr\u00edcola de Santa Maria - CASM oferece cursos de ensino m\u00e9dio, cursos de Educa\u00e7\u00e3o Profissional T\u00e9cnica de n\u00edvel m\u00e9dio, e cursos p\u00f3s-m\u00e9dio, de forma integrada, articulada, concomitante e subsequente ao ensino m\u00e9dio, conforme disp\u00f5em o <a href=\"http:\/\/www.planalto.gov.br\/ccivil_03\/_ato2004-2006\/2004\/decreto\/d5154.htm\" target=\"_blank\"><font color=\"blue\"><u>Decreto N. 5.154, de 23.06.04<\/u><\/font><\/a>, e a <a href=\"http:\/\/portal.mec.gov.br\/cne\/arquivos\/pdf\/rceb001_05.pdf\" target=\"_blank\"><font color=\"blue\"><u>Resolu\u00e7\u00e3o CNE\/CEB N. 1 de 03.02.05<\/u><\/font><\/a>;<\/p>\r\n<p>- que os cursos oferecidos pelo Col\u00e9gio Agr\u00edcola de Santa Maria - CASM s\u00e3o de diferentes \u00e1reas, extrapolando a natureza para o qual foi criado, ou seja, para oferecer cursos relacionados ao setor prim\u00e1rio da economia;<\/p>\r\n<p>- que a altera\u00e7\u00e3o proposta atende aos planos regionais com o oferecimento de cursos nas mais diversas \u00e1reas de acordo com a demanda, formando profissionais aptos a colaborarem com o desenvolvimento do pais;<\/p>\r\n<p>- a proposta teve a aprova\u00e7\u00e3o do Colegiado do Col\u00e9gio Agr\u00edcola de Santa Maria, na 3\u00ba Sess\u00e3o, de 8 de junho de 2005;<\/p>\r\n<p>- O parecer N. 16\/06 da Comiss\u00e3o de Legisla\u00e7\u00e3o e Regimentos, aprovada na 653\u00aa Sess\u00e3o do Conselho Universit\u00e1rio, de 16.02.06, conforme Processo N. <a href=\"https:\/\/portal.ufsm.br\/documentos\/publico\/processo\/documento.html?idDocumento=1510917\" target=\"_blank\"><font color=\"blue\"><u>23081.012136\/2005-28<\/u><\/font><\/a>.<\/p>\r\n<br>\r\n<p><div align=\"center\">RESOLVE:<\/div><\/p>\r\n<br>\r\n<p>Art. 1\u00ba Alterar a denomina\u00e7\u00e3o do Col\u00e9gio Agr\u00edcola de Santa Maria para Col\u00e9gio Polit\u00e9cnico da Universidade Federal de Santa Maria.<\/p>\r\n<p>Art. 2\u00ba Caber\u00e1 \u00e0 Pr\u00f3-Reitoria de Planejamento proceder \u00e0 altera\u00e7\u00e3o da denomina\u00e7\u00e3o do Col\u00e9gio no Sistema de Classifica\u00e7\u00e3o Institucional, \u00e0 Pr\u00f3-Reitoria de Recursos Humanos a relota\u00e7\u00e3o dos recursos humanos e ao Departamento de Material e Patrim\u00f4nio a adequa\u00e7\u00e3o do registro dos bens m\u00f3veis e equipamentos.<\/p>\r\n<p>Art. 3\u00ba Esta resolu\u00e7\u00e3o entra em vigor na data de sua publica\u00e7\u00e3o, revogadas as disposi\u00e7\u00f5es em contr\u00e1rio.<\/p>\r\n\r\n<p>GABINETE DO REITOR DA UNIVERSIDADE FEDERAL DE SANTA MARIA, aos vinte e dois dias do m\u00eas de fevereiro do ano dois mil e seis.<\/p>\r\n<\/div>\r\n<p>Clovis Silva Lima,<\/p>\r\n<p>Reitor.<\/p>\r\n\r\n<p><font color=\"red0000\">Este texto n\u00e3o substitui o documento original, publicado no Portal de Documentos.<\/font> Dispon\u00edvel em: <a href=\"https:\/\/portal.ufsm.br\/documentos\/publico\/documento.html?id=4391586\"><font color=\"blue\">https:\/\/portal.ufsm.br\/documentos\/publico\/documento.html?id=4391586<\/font><\/a>\r\n\r\n\t\t<\/div>\n\t\t\t\t<\/div>\n\t\t\t\t\t<\/div>\n\t\t<\/div>\n\t\t\t\t\t<\/div>\n\t\t<\/section>\n\t\t\t\t<\/div>\n\t\t","protected":false},"excerpt":{"rendered":"<p>RESOLU\u00c7\u00c3O N. 001\/2006 MINIST\u00c9RIO DA EDUCA\u00c7\u00c3O UNIVERSIDADE FEDERAL DE SANTA MARIA RESOLU\u00c7\u00c3O N. 001\/2006 Altera a denomina\u00e7\u00e3o do Col\u00e9gio Agr\u00edcola de Santa Maria para Col\u00e9gio Polit\u00e9cnico da Universidade Federal de Santa Maria. O REITOR DA UNIVERSIDADE FEDERAL DE SANTA MARIA, no uso de suas atribui\u00e7\u00f5es legais e estatut\u00e1rias e considerando: &#8211; as diretrizes da Lei [&hellip;]<\/p>\n","protected":false},"author":205,"featured_media":0,"parent":0,"menu_order":0,"comment_status":"closed","ping_status":"closed","template":"","meta":{"footnotes":""},"categories":[],"tags":[],"class_list":["post-3119","page","type-page","status-publish","hentry"],"acf":[],"_links":{"self":[{"href":"https:\/\/www.ufsm.br\/pro-reitorias\/proplan\/wp-json\/wp\/v2\/pages\/3119","targetHints":{"allow":["GET"]}}],"collection":[{"href":"https:\/\/www.ufsm.br\/pro-reitorias\/proplan\/wp-json\/wp\/v2\/pages"}],"about":[{"href":"https:\/\/www.ufsm.br\/pro-reitorias\/proplan\/wp-json\/wp\/v2\/types\/page"}],"author":[{"embeddable":true,"href":"https:\/\/www.ufsm.br\/pro-reitorias\/proplan\/wp-json\/wp\/v2\/users\/205"}],"replies":[{"embeddable":true,"href":"https:\/\/www.ufsm.br\/pro-reitorias\/proplan\/wp-json\/wp\/v2\/comments?post=3119"}],"version-history":[{"count":0,"href":"https:\/\/www.ufsm.br\/pro-reitorias\/proplan\/wp-json\/wp\/v2\/pages\/3119\/revisions"}],"wp:attachment":[{"href":"https:\/\/www.ufsm.br\/pro-reitorias\/proplan\/wp-json\/wp\/v2\/media?parent=3119"}],"wp:term":[{"taxonomy":"category","embeddable":true,"href":"https:\/\/www.ufsm.br\/pro-reitorias\/proplan\/wp-json\/wp\/v2\/categories?post=3119"},{"taxonomy":"post_tag","embeddable":true,"href":"https:\/\/www.ufsm.br\/pro-reitorias\/proplan\/wp-json\/wp\/v2\/tags?post=3119"}],"curies":[{"name":"wp","href":"https:\/\/api.w.org\/{rel}","templated":true}]}}