{"id":3120,"date":"2020-01-30T07:24:53","date_gmt":"2020-01-30T10:24:53","guid":{"rendered":"https:\/\/www.ufsm.br\/pro-reitorias\/proplan\/?page_id=3120"},"modified":"2020-07-20T13:43:04","modified_gmt":"2020-07-20T16:43:04","slug":"resolucao-n-007-2006","status":"publish","type":"page","link":"https:\/\/www.ufsm.br\/pro-reitorias\/proplan\/resolucao-n-007-2006","title":{"rendered":"Resolu\u00e7\u00e3o N. 007\/2006"},"content":{"rendered":"\t\t<div data-elementor-type=\"wp-page\" data-elementor-id=\"3120\" class=\"elementor elementor-3120\">\n\t\t\t\t\t\t<section class=\"elementor-section elementor-top-section elementor-element elementor-element-f1d5c31 elementor-section-boxed elementor-section-height-default elementor-section-height-default\" data-id=\"f1d5c31\" data-element_type=\"section\">\n\t\t\t\t\t\t<div class=\"elementor-container elementor-column-gap-default\">\n\t\t\t\t\t<div class=\"elementor-column elementor-col-100 elementor-top-column elementor-element elementor-element-ddb484b\" data-id=\"ddb484b\" data-element_type=\"column\">\n\t\t\t<div class=\"elementor-widget-wrap elementor-element-populated\">\n\t\t\t\t\t\t<div class=\"elementor-element elementor-element-72aa8ab elementor-widget elementor-widget-html\" data-id=\"72aa8ab\" data-element_type=\"widget\" data-widget_type=\"html.default\">\n\t\t\t\t<div class=\"elementor-widget-container\">\n\t\t\t\r\n\r\n\r\n<title><b>RESOLU\u00c7\u00c3O N. 007\/2006<\/b><\/title>\r\n\r\n\r\n<div align=\"center\"><img decoding=\"async\" src=\"https:\/\/www.ufsm.br\/pro-reitorias\/proplan\/wp-content\/uploads\/sites\/344\/2019\/09\/brasao-da-republica-do-brasil-logo.png\" alt=\"Bras\u00e3o Rep\u00fablica Federativa do Brasil\" width=\"6%\" height=\"6%\"><\/div>    \r\n<h1><font color=\"blue\"><font size=\"5\"><div align=\"center\">MINIST\u00c9RIO DA EDUCA\u00c7\u00c3O<\/b><\/font><\/font><\/div><\/H1>\r\n<p><b><font color=\"0000blue\"><div align=\"center\">UNIVERSIDADE FEDERAL DE SANTA MARIA<\/b><\/font><\/div><\/p>\r\n\r\n<p><div align=\"center\"><b><a href=\"https:\/\/portal.ufsm.br\/documentos\/publico\/documento.html?id=4391596\"><font color=\"blue\">RESOLU\u00c7\u00c3O N. 007\/2006<\/font><\/a><\/b><\/div><\/p>\r\n<br>\r\n<p><div align=\"right\"><font color=\"800000\"><strike>Cria o Gabinete de Projetos da Coordenadoria de Ensino M\u00e9dio e Tecnol\u00f3gico - GAP\/CEMTEC e d\u00e1 outras provid\u00eancias.<\/strike><\/font><\/div><\/p>\r\n<br>\r\n<p><a href=\"https:\/\/www.ufsm.br\/pro-reitorias\/proplan\/resolucao-n-022-2020\/\" target=\"_blank\"><font color=\"blue\">Revogada pela Resolu\u00e7\u00e3o N. 022\/2020<\/font><\/a><\/p>\r\n<br>\r\n<br><div align=\"justify\">\r\n<strike>\r\n<p>O REITOR DA UNIVERSIDADE FEDERAL DE SANTA MARIA, no uso de suas atribui\u00e7\u00f5es legais e estatut\u00e1rias e considerando:<\/p>\r\n<p>- que cada unidade universit\u00e1ria (centros) possui em sua estrutura organizacional um Gabinete de Projetos - GAP, respons\u00e1vel pelo apoio t\u00e9cnico-administrativo, registro e acompanhamento de projetos de ensino; pesquisa; extens\u00e3o e desenvolvimento institucional, cient\u00edfico e tecnol\u00f3gico;<\/p>\r\n<p>- que a Pr\u00f3-Reitoria de Planejamento \u00e9 atualmente o \u00f3rg\u00e3o respons\u00e1vel por esse apoio \u00e0s subunidades da Reitoria e aos projetos institucionais (multidisciplinares);<\/p>\r\n<p>- que os Col\u00e9gios de Ensino M\u00e9dio e Tecnol\u00f3gico est\u00e3o vinculados \u00e0 Coordenadoria de Ensino M\u00e9dio e Tecnol\u00f3gico que \u00e9 um \u00f3rg\u00e3o subordinado \u00e0 Reitoria e, portanto, tem seus projetos registrados na Pr\u00f3-Reitoria de Planejamento;<\/p>\r\n<p>- que existe a necessidade de se evitarem a dispers\u00e3o, a duplicidade ou aus\u00eancia de informa\u00e7\u00f5es atualizadas e sistematizadas sobre o Ensino M\u00e9dio e Tecnol\u00f3gico;<\/p>\r\n<p>- que existe a necessidade de incentivar o quadro de docentes do Ensino M\u00e9dio e Tecnol\u00f3gico a desenvolverem projetos com vistas \u00e0 capta\u00e7\u00e3o de maiores recursos para o desenvolvimento dessa \u00e1rea e de centralizar o apoio t\u00e9cnico e registro dessas atividades;<\/p>\r\n<p>- o Parecer 033\/06 da Comiss\u00e3o de Legisla\u00e7\u00e3o e Regimentos, aprovado na 655\u00aa Sess\u00e3o do Conselho Universit\u00e1rio, de 12\/04\/06, referente ao Processo n. <a href=\"https:\/\/portal.ufsm.br\/documentos\/publico\/processo\/documento.html?idDocumento=2170275\" target=\"_blank\"><font color=\"blue\"><u>23081.001443\/2006-64<\/u><\/font><\/a>.<\/p>\r\n<br>\r\n<p><div align=\"center\">RESOLVE:<\/div><\/p>\r\n<br>\r\n<p>Art. 1\u00ba Criar o Gabinete de Projetos da Coordenadoria de Ensino M\u00e9dio e Tecnol\u00f3gico - GAP\/CEMTEC.<\/p>\r\n<p>Art. 2\u00ba O Gabinete de Projetos da Coordenadoria de Ensino M\u00e9dio e Tecnol\u00f3gico - GAP\/CEMTEC tem por finalidade o apoio t\u00e9cnico-administrativo, registro, acompanhamento e avalia\u00e7\u00e3o dos projetos de ensino; pesquisa; extens\u00e3o e desenvolvimento institucional, cient\u00edfico e tecnol\u00f3gico da Universidade Federal de Santa Maria.<\/p>\r\n<p>Art. 3\u00ba As Fun\u00e7\u00f5es Gratificadas FG4 e FG7 a serem atribu\u00eddas ao chefe do Gabinete de Projetos e ao Secret\u00e1rio de Apoio Administrativo, respectivamente, somente ser\u00e3o disponibilizadas quando do aumento do Quadro de Fun\u00e7\u00f5es e\/ou de uma readequa\u00e7\u00e3o da estrutura atual da Institui\u00e7\u00e3o.<\/p>\r\n<p>Art 4\u00ba O Gabinete de Projetos da Coordenadoria de Ensino M\u00e9dio e Tecnol\u00f3gico \u2014 GAP\/CEMTEC ser\u00e1 regido por regimento interno pr\u00f3prio.<\/p>\r\n<p>Art. 5\u00ba Esta resolu\u00e7\u00e3o entra em vigor na data de sua publica\u00e7\u00e3o, revogadas as disposi\u00e7\u00f5es em contr\u00e1rio.<\/p>\r\n\r\n<p>GABINETE DO REITOR DA UNIVERSIDADE FEDERAL DE SANTA MARIA, aos dezoito dias do m\u00eas de abril do ano dois mil e seis.<\/p>\r\n<\/div>\r\n<p>Clovis Silva Lima,<\/p>\r\n<p>Reitor.<\/p>\r\n<\/strike>\r\n\r\n<p><font color=\"red0000\">Este texto n\u00e3o substitui o documento original, publicado no Portal de Documentos.<\/font> Dispon\u00edvel em: <a href=\"https:\/\/portal.ufsm.br\/documentos\/publico\/documento.html?id=4391596\"><font color=\"blue\">https:\/\/portal.ufsm.br\/documentos\/publico\/documento.html?id=4391596<\/font><\/a>\r\n\r\n\t\t<\/div>\n\t\t\t\t<\/div>\n\t\t\t\t\t<\/div>\n\t\t<\/div>\n\t\t\t\t\t<\/div>\n\t\t<\/section>\n\t\t\t\t<\/div>\n\t\t","protected":false},"excerpt":{"rendered":"<p>RESOLU\u00c7\u00c3O N. 007\/2006 MINIST\u00c9RIO DA EDUCA\u00c7\u00c3O UNIVERSIDADE FEDERAL DE SANTA MARIA RESOLU\u00c7\u00c3O N. 007\/2006 Cria o Gabinete de Projetos da Coordenadoria de Ensino M\u00e9dio e Tecnol\u00f3gico &#8211; GAP\/CEMTEC e d\u00e1 outras provid\u00eancias. Revogada pela Resolu\u00e7\u00e3o N. 022\/2020 O REITOR DA UNIVERSIDADE FEDERAL DE SANTA MARIA, no uso de suas atribui\u00e7\u00f5es legais e estatut\u00e1rias e considerando: [&hellip;]<\/p>\n","protected":false},"author":205,"featured_media":0,"parent":0,"menu_order":0,"comment_status":"closed","ping_status":"closed","template":"","meta":{"footnotes":""},"categories":[],"tags":[],"class_list":["post-3120","page","type-page","status-publish","hentry"],"acf":[],"_links":{"self":[{"href":"https:\/\/www.ufsm.br\/pro-reitorias\/proplan\/wp-json\/wp\/v2\/pages\/3120","targetHints":{"allow":["GET"]}}],"collection":[{"href":"https:\/\/www.ufsm.br\/pro-reitorias\/proplan\/wp-json\/wp\/v2\/pages"}],"about":[{"href":"https:\/\/www.ufsm.br\/pro-reitorias\/proplan\/wp-json\/wp\/v2\/types\/page"}],"author":[{"embeddable":true,"href":"https:\/\/www.ufsm.br\/pro-reitorias\/proplan\/wp-json\/wp\/v2\/users\/205"}],"replies":[{"embeddable":true,"href":"https:\/\/www.ufsm.br\/pro-reitorias\/proplan\/wp-json\/wp\/v2\/comments?post=3120"}],"version-history":[{"count":0,"href":"https:\/\/www.ufsm.br\/pro-reitorias\/proplan\/wp-json\/wp\/v2\/pages\/3120\/revisions"}],"wp:attachment":[{"href":"https:\/\/www.ufsm.br\/pro-reitorias\/proplan\/wp-json\/wp\/v2\/media?parent=3120"}],"wp:term":[{"taxonomy":"category","embeddable":true,"href":"https:\/\/www.ufsm.br\/pro-reitorias\/proplan\/wp-json\/wp\/v2\/categories?post=3120"},{"taxonomy":"post_tag","embeddable":true,"href":"https:\/\/www.ufsm.br\/pro-reitorias\/proplan\/wp-json\/wp\/v2\/tags?post=3120"}],"curies":[{"name":"wp","href":"https:\/\/api.w.org\/{rel}","templated":true}]}}