{"id":3122,"date":"2020-01-30T07:25:00","date_gmt":"2020-01-30T10:25:00","guid":{"rendered":"https:\/\/www.ufsm.br\/pro-reitorias\/proplan\/?page_id=3122"},"modified":"2020-07-20T13:42:09","modified_gmt":"2020-07-20T16:42:09","slug":"resolucao-n-006-2006","status":"publish","type":"page","link":"https:\/\/www.ufsm.br\/pro-reitorias\/proplan\/resolucao-n-006-2006","title":{"rendered":"Resolu\u00e7\u00e3o N. 006\/2006"},"content":{"rendered":"\t\t<div data-elementor-type=\"wp-page\" data-elementor-id=\"3122\" class=\"elementor elementor-3122\">\n\t\t\t\t\t\t<section class=\"elementor-section elementor-top-section elementor-element elementor-element-955cfbb elementor-section-boxed elementor-section-height-default elementor-section-height-default\" data-id=\"955cfbb\" data-element_type=\"section\">\n\t\t\t\t\t\t<div class=\"elementor-container elementor-column-gap-default\">\n\t\t\t\t\t<div class=\"elementor-column elementor-col-100 elementor-top-column elementor-element elementor-element-4ff26db\" data-id=\"4ff26db\" data-element_type=\"column\">\n\t\t\t<div class=\"elementor-widget-wrap elementor-element-populated\">\n\t\t\t\t\t\t<div class=\"elementor-element elementor-element-a5a9a0f elementor-widget elementor-widget-html\" data-id=\"a5a9a0f\" data-element_type=\"widget\" data-widget_type=\"html.default\">\n\t\t\t\t<div class=\"elementor-widget-container\">\n\t\t\t\r\n\r\n\r\n<title><b>RESOLU\u00c7\u00c3O N. 006\/2006<\/b><\/title>\r\n\r\n\r\n<div align=\"center\"><img decoding=\"async\" src=\"https:\/\/www.ufsm.br\/pro-reitorias\/proplan\/wp-content\/uploads\/sites\/344\/2019\/09\/brasao-da-republica-do-brasil-logo.png\" alt=\"Bras\u00e3o Rep\u00fablica Federativa do Brasil\" width=\"6%\" height=\"6%\"><\/div>    \r\n<h1><font color=\"blue\"><font size=\"5\"><div align=\"center\">MINIST\u00c9RIO DA EDUCA\u00c7\u00c3O<\/b><\/font><\/font><\/div><\/H1>\r\n<p><b><font color=\"0000blue\"><div align=\"center\">UNIVERSIDADE FEDERAL DE SANTA MARIA<\/b><\/font><\/div><\/p>\r\n\r\n<p><div align=\"center\"><b><a href=\"https:\/\/portal.ufsm.br\/documentos\/publico\/documento.html?id=4391595\"><font color=\"blue\">RESOLU\u00c7\u00c3O N. 006\/2006<\/font><\/a><\/b><\/div><\/p>\r\n<br>\r\n<p><div align=\"right\"><font color=\"800000\"><strike>Cria o Centro de Tecnologia de Alegrete, o Centro de Ci\u00eancias Rurais de S\u00e3o Gabriel, o Centro de Ci\u00eancias Sociais de S\u00e3o Borja, o Centro de Ci\u00eancias Agr\u00e1rias de Itaqui e o Centro de Ci\u00eancias da Sa\u00fade de Uruguaiana que, temporariamente, far\u00e3o parte da estrutura organizacional da UFSM at\u00e9 que seja criada a Universidade Federal do Pampa.<\/strike><\/font><\/div><\/p>\r\n<br>\r\n<p><a href=\"https:\/\/www.ufsm.br\/pro-reitorias\/proplan\/resolucao-n-022-2020\/\" target=\"_blank\"><font color=\"blue\">Revogada pela Resolu\u00e7\u00e3o N. 022\/2020<\/font><\/a><\/p>\r\n<br>\r\n<br><div align=\"justify\">\r\n<strike>\r\n<p>O REITOR DA UNIVERSIDADE FEDERAL DE SANTA MARIA, no uso de suas atribui\u00e7\u00f5es legais e estatut\u00e1rias e considerando:<\/p>\r\n<p>- que a expans\u00e3o da rede de ensino superior e a amplia\u00e7\u00e3o do investimento em ci\u00eancia e tecnologia s\u00e3o objetivos centrais do governo federal;<\/p>\r\n<p>- a necessidade de ampliar a oferta de educa\u00e7\u00e3o superior no estado do Rio Grande do Sul, favorecendo a interioriza\u00e7\u00e3o desse n\u00edvel de ensino;<\/p>\r\n<p>- que o desenvolvimento da Metade Sul do estado do Rio Grande do Sul requer a forma\u00e7\u00e3o de pessoal de n\u00edvel superior;<\/p>\r\n<p>- que a cria\u00e7\u00e3o de campi universit\u00e1rios ir\u00e1 fixar os jovens na regi\u00e3o da Metade Sul do Rio Grande do Sul possibilitando a aquisi\u00e7\u00e3o de conhecimento e forma\u00e7\u00e3o profissional sem a necessidade de deslocamento do interior para as grandes cidades;<\/p>\r\n<p>- o acordo da Coopera\u00e7\u00e3o T\u00e9cnica celebrado entre o Minist\u00e9rio da Educa\u00e7\u00e3o, a Universidade Federal de Pelotas e a Universidade Federal de Santa Maria para a implanta\u00e7\u00e3o dos campi universit\u00e1rios de Bag\u00e9, Santana do Livramento, Ca\u00e7apava do Sul, Dom Pedrito, Jaguar\u00e3o, S\u00e3o Gabriel, Alegrete, S\u00e3o Borja, Uruguaiana e Itaqui;<\/p>\r\n<p>- O Parecer n. 036\/06 da Comiss\u00e3o de Legisla\u00e7\u00e3o e Regimentos aprovado na 665\u00aa Sess\u00e3o do Conselho Universit\u00e1rio, de 12\/04\/06, referente ao Processo n. <a href=\"https:\/\/portal.ufsm.br\/documentos\/publico\/processo\/documento.html?idDocumento=2410878\" target=\"_blank\"><font color=\"blue\"><u>23081.003106\/2006-10<\/u><\/font><\/a>.<\/p>\r\n<br>\r\n<p><div align=\"center\">RESOLVE:<\/div><\/p>\r\n<br>\r\n<p>Art. 1\u00ba Criar o Centro de Tecnologia de Alegrete, o Centro de Ci\u00eancias Rurais de S\u00e3o Gabriel, o Centro de Ci\u00eancias Sociais de S\u00e3o Borja, o Centro de Ci\u00eancias Agr\u00e1rias de Itaqui e o Centro de Ci\u00eancias da Sa\u00fade de Uruguaiana que, temporariamente, far\u00e3o parte da estrutura organizacional da UFSM at\u00e9 que seja criada a Universidade Federal do Pampa.<\/p>\r\n<p>Art. 2\u00ba Os centros previstos no artigo anterior ser\u00e3o regidos pelo Estatuto e Regimento Geral da UFSM e pelo Regimento pr\u00f3prio que vier a ser aprovado.<\/p>\r\n<p>Art. 3\u00ba A Categoria e Finalidade, a Organiza\u00e7\u00e3o (estrutura organizacional), a Compet\u00eancia da Unidade, a Atribui\u00e7\u00e3o dos Dirigentes e as Disposi\u00e7\u00f5es Gerais e Transit\u00f3rios ser\u00e3o estabelecidos em regimento interno pr\u00f3prio.<\/p>\r\n<p>Art. 4\u00ba Os segmentos docente, discente e t\u00e9cnico-administrativo dos Centros n\u00e3o ter\u00e3o representa\u00e7\u00e3o nos Conselhos Superiores da UFSM em raz\u00e3o do car\u00e1ter tempor\u00e1rio da vincula\u00e7\u00e3o a esta Universidade.<\/p>\r\n<p>Art. 5\u00ba Das decis\u00f5es do Conselho do Centro de cada unidade universit\u00e1ria da futura Universidade Federal do Pampa, caber\u00e3o recursos aos Conselhos Superiores da UFSM.<\/p>\r\n<p>Art. 6\u00ba Esta resolu\u00e7\u00e3o entra em vigor na data de sua publica\u00e7\u00e3o, revogadas as disposi\u00e7\u00f5es em contr\u00e1rio.<\/p>\r\n\r\n<p>GABINETE DO REITOR DA UNIVERSIDADE FEDERAL DE SANTA MARIA, aos dezoito dias do m\u00eas de abril do ano dois mil e seis.<\/p>\r\n<\/div>\r\n<p>Clovis Silva Lima,<\/p>\r\n<p>Reitor.<\/p>\r\n<\/strike>\r\n\r\n<p><font color=\"red0000\">Este texto n\u00e3o substitui o documento original, publicado no Portal de Documentos.<\/font> Dispon\u00edvel em: <a href=\"https:\/\/portal.ufsm.br\/documentos\/publico\/documento.html?id=4391595\"><font color=\"blue\">https:\/\/portal.ufsm.br\/documentos\/publico\/documento.html?id=4391595<\/font><\/a>\r\n\r\n\t\t<\/div>\n\t\t\t\t<\/div>\n\t\t\t\t\t<\/div>\n\t\t<\/div>\n\t\t\t\t\t<\/div>\n\t\t<\/section>\n\t\t\t\t<\/div>\n\t\t","protected":false},"excerpt":{"rendered":"<p>RESOLU\u00c7\u00c3O N. 006\/2006 MINIST\u00c9RIO DA EDUCA\u00c7\u00c3O UNIVERSIDADE FEDERAL DE SANTA MARIA RESOLU\u00c7\u00c3O N. 006\/2006 Cria o Centro de Tecnologia de Alegrete, o Centro de Ci\u00eancias Rurais de S\u00e3o Gabriel, o Centro de Ci\u00eancias Sociais de S\u00e3o Borja, o Centro de Ci\u00eancias Agr\u00e1rias de Itaqui e o Centro de Ci\u00eancias da Sa\u00fade de Uruguaiana que, temporariamente, [&hellip;]<\/p>\n","protected":false},"author":205,"featured_media":0,"parent":0,"menu_order":0,"comment_status":"closed","ping_status":"closed","template":"","meta":{"footnotes":""},"categories":[],"tags":[],"class_list":["post-3122","page","type-page","status-publish","hentry"],"acf":[],"_links":{"self":[{"href":"https:\/\/www.ufsm.br\/pro-reitorias\/proplan\/wp-json\/wp\/v2\/pages\/3122","targetHints":{"allow":["GET"]}}],"collection":[{"href":"https:\/\/www.ufsm.br\/pro-reitorias\/proplan\/wp-json\/wp\/v2\/pages"}],"about":[{"href":"https:\/\/www.ufsm.br\/pro-reitorias\/proplan\/wp-json\/wp\/v2\/types\/page"}],"author":[{"embeddable":true,"href":"https:\/\/www.ufsm.br\/pro-reitorias\/proplan\/wp-json\/wp\/v2\/users\/205"}],"replies":[{"embeddable":true,"href":"https:\/\/www.ufsm.br\/pro-reitorias\/proplan\/wp-json\/wp\/v2\/comments?post=3122"}],"version-history":[{"count":0,"href":"https:\/\/www.ufsm.br\/pro-reitorias\/proplan\/wp-json\/wp\/v2\/pages\/3122\/revisions"}],"wp:attachment":[{"href":"https:\/\/www.ufsm.br\/pro-reitorias\/proplan\/wp-json\/wp\/v2\/media?parent=3122"}],"wp:term":[{"taxonomy":"category","embeddable":true,"href":"https:\/\/www.ufsm.br\/pro-reitorias\/proplan\/wp-json\/wp\/v2\/categories?post=3122"},{"taxonomy":"post_tag","embeddable":true,"href":"https:\/\/www.ufsm.br\/pro-reitorias\/proplan\/wp-json\/wp\/v2\/tags?post=3122"}],"curies":[{"name":"wp","href":"https:\/\/api.w.org\/{rel}","templated":true}]}}