{"id":3125,"date":"2020-01-31T08:37:36","date_gmt":"2020-01-31T11:37:36","guid":{"rendered":"https:\/\/www.ufsm.br\/pro-reitorias\/proplan\/?page_id=3125"},"modified":"2020-01-31T08:38:43","modified_gmt":"2020-01-31T11:38:43","slug":"regulamento-geral-dos-estagios-academicos-no-hvu-da-ufsm-2006","status":"publish","type":"page","link":"https:\/\/www.ufsm.br\/pro-reitorias\/proplan\/regulamento-geral-dos-estagios-academicos-no-hvu-da-ufsm-2006","title":{"rendered":"Regulamento Geral dos Est\u00e1gios Acad\u00eamicos no HVU da UFSM (2006)"},"content":{"rendered":"\t\t<div data-elementor-type=\"wp-page\" data-elementor-id=\"3125\" class=\"elementor elementor-3125\">\n\t\t\t\t\t\t<section class=\"elementor-section elementor-top-section elementor-element elementor-element-389c2a5 elementor-section-boxed elementor-section-height-default elementor-section-height-default\" data-id=\"389c2a5\" data-element_type=\"section\">\n\t\t\t\t\t\t<div class=\"elementor-container elementor-column-gap-default\">\n\t\t\t\t\t<div class=\"elementor-column elementor-col-100 elementor-top-column elementor-element elementor-element-526b698\" data-id=\"526b698\" data-element_type=\"column\">\n\t\t\t<div class=\"elementor-widget-wrap elementor-element-populated\">\n\t\t\t\t\t\t<div class=\"elementor-element elementor-element-c0435d5 elementor-widget elementor-widget-html\" data-id=\"c0435d5\" data-element_type=\"widget\" data-widget_type=\"html.default\">\n\t\t\t\t<div class=\"elementor-widget-container\">\n\t\t\t\r\n\r\n\r\n<title><b>Regulamento Geral dos Est\u00e1gios Acad\u00eamicos no Hospital Veterin\u00e1rio da UFSM<\/b><\/title>\r\n\r\n\r\n<div align=\"center\"><img decoding=\"async\" src=\"https:\/\/www.ufsm.br\/pro-reitorias\/proplan\/wp-content\/uploads\/sites\/344\/2019\/09\/brasao-da-republica-do-brasil-logo.png\" alt=\"Bras\u00e3o Rep\u00fablica Federativa do Brasil\" width=\"6%\" height=\"6%\"><\/div>    \r\n<h1><font color=\"blue\"><font size=\"5\"><div align=\"center\">MINIST\u00c9RIO DA EDUCA\u00c7\u00c3O<\/b><\/font><\/font><\/div><\/H1>\r\n<p><b><font color=\"0000blue\"><div align=\"center\">UNIVERSIDADE FEDERAL DE SANTA MARIA<\/b><\/font><\/div><\/p>\r\n<p><div align=\"center\">CENTRO DE CI\u00caNCIAS RURAIS<\/div><\/p>\r\n<p><div align=\"center\"><b>HOSPITAL VETERIN\u00c1RIO DA UFSM<\/b><\/div><\/p>\r\n<br>\r\n<p><div align=\"center\"><b><a href=\"https:\/\/portal.ufsm.br\/documentos\/publico\/documento.html?id=12928376\"><font color=\"blue\">REGULAMENTO GERAL DOS EST\u00c1GIOS ACAD\u00caMICOS NO HOSPITAL VETERIN\u00c1RIO DA UFSM<\/font><\/a><\/b><\/div><\/p>\r\n<br>\r\n<p><div align=\"right\"><font color=\"800000\">Aprova o Regulamento Geral dos Est\u00e1gios Acad\u00eamicos no Hospital Veterin\u00e1rio da Universidade Federal de Santa Maria.<\/font><\/div><\/p>\r\n<br>\r\n<br><div align=\"justify\">\r\n<p><div align=\"center\"><b>CAP\u00cdTULO I<\/b><\/div><\/p>\r\n<p><div align=\"center\"><b>DO EST\u00c1GIO<\/b><\/div><\/p>\r\n<br>\r\n<p>Art. 1\u00ba Para fins do disposto neste Regulamento, consideram-se Est\u00e1gios Acad\u00eamicos as atividades programadas, orientadas e avaliadas que proporcionam ao acad\u00eamico a aprendizagem profissional, por meio de sua participa\u00e7\u00e3o em situa\u00e7\u00f5es reais de vida e trabalho na \u00e1rea f\u00edsica do Hospital Veterin\u00e1rio (HV) da Universidade Federal de Santa Maria (UFSM) e nos seus diferentes setores.<\/p>\r\n<p>\u00a7 1\u00ba A participa\u00e7\u00e3o do acad\u00eamico estagi\u00e1rio nas atividades previstas no caput deste Artigo ser\u00e1 de responsabilidade do HV, e ter\u00e1 a orienta\u00e7\u00e3o de um docente do Curso de Medicina Veterin\u00e1ria\/CCR\/UFSM pertencente ao quadro cl\u00ednico do HV ou um profissional pertencente ao seu corpo cl\u00ednico e\/ou t\u00e9cnico.<\/p>\r\n<p>\u00a7  2\u00ba As atividades de Est\u00e1gio ser\u00e3o coordenadas e supervisionadas por uma Comiss\u00e3o especialmente designada para esse fim pelo Diretor do HV e referendada pelo Conselho Diretor cujas atribui\u00e7\u00f5es se encontram especificadas no item correspondente \u00e0s compet\u00eancias, sendo que das decis\u00f5es da Comiss\u00e3o de Est\u00e1gios caber\u00e3o recursos ao Conselho Diretor do HV e ao Conselho do Centro de Ci\u00eancias Rurais, nessa ordem.<\/p>\r\n\r\n<p>Art. 2\u00ba Todos os est\u00e1gios oferecidos pelo HV ser\u00e3o na forma de atividades de extens\u00e3o e integrantes de um projeto de Extens\u00e3o elaborado e coordenado pela Dire\u00e7\u00e3o do HV, para fins de treinamento\/est\u00e1gio de acad\u00eamicos que visem a propiciar a complementa\u00e7\u00e3o do ensino e da aprendizagem.<\/p>\r\n<br>\r\n<p><div align=\"center\"><b>CAP\u00cdTULO II<\/b><\/div><\/p>\r\n<p><div align=\"center\"><b>MODALIDADES DE EST\u00c1GIOS<\/b><\/div><\/p>\r\n<br>\r\n<p>Art. 3\u00ba O HV ter\u00e1 as seguintes modalidades de est\u00e1gios:<\/p>\r\n<p>I - curricular supervisionado para alunos da UFSM;<\/p>\r\n<p>II - curricular supervisionado para alunos de institui\u00e7\u00f5es conveniadas;<\/p>\r\n<p>III - extracurricular para alunos da UFSM;<\/p>\r\n<p>IV - extracurricular para alunos de institui\u00e7\u00f5es conveniadas; e<\/p>\r\n<p>V - est\u00e1gios de curta dura\u00e7\u00e3o, na condi\u00e7\u00e3o de visitantes, para acad\u00eamicos.<\/p>\r\n<p>Art. 4\u00ba Poder\u00e3o participar dos est\u00e1gios oferecidos pelo HV os acad\u00eamicos regularmente matriculados no Curso de Medicina Veterin\u00e1ria da UFSM, no ensino oficial e particular em n\u00edvel superior, profissionalizante ou t\u00e9cnico, devidamente registrados no Conselho Estadual de Educa\u00e7\u00e3o.<\/p>\r\n<p>Par\u00e1grafo \u00fanico. Acad\u00eamicos de outras institui\u00e7\u00f5es de ensino dever\u00e3o ter registro como estagi\u00e1rios na UFSM, oficializado mediante de conv\u00eanio.<\/p>\r\n<br>\r\n<p><div align=\"center\"><b>CAP\u00cdTULO III<\/b><\/div><\/p>\r\n<p><div align=\"center\"><b>DA REGULAMENTA\u00c7\u00c3O DOS EST\u00c1GIOS<\/b><\/div><\/p>\r\n<br>\r\n<p>Art. 5\u00ba A Comiss\u00e3o de Est\u00e1gios do HV, em reuni\u00e3o espec\u00edfica, ouvidos os orientadores de est\u00e1gio, propor\u00e1 ao Conselho Diretor o n\u00famero de vagas nas diferentes modalidades a serem oferecidas para o semestre seguinte, o per\u00edodo de realiza\u00e7\u00e3o de est\u00e1gios e o hor\u00e1rio a ser cumprido pelos estagi\u00e1rios, assim como o per\u00edodo de inscri\u00e7\u00e3o e a forma, e a data de sele\u00e7\u00e3o, sendo que as informa\u00e7\u00f5es ser\u00e3o divulgadas pelo site da UFSM, na forma de edital pelo menos noventa dias antes do in\u00edcio do semestre letivo.<\/p>\r\n<br>\r\n<p><div align=\"center\"><b>Se\u00e7\u00e3o I<\/b><\/div><\/p>\r\n<p><div align=\"center\"><b>Dos Est\u00e1gios Curriculares Supervisionados para Alunos da UFSM<\/b><\/div><\/p>\r\n<br>\r\n<p>Art. 6\u00ba A participa\u00e7\u00e3o dos acad\u00eamicos do Curso de Medicina Veterin\u00e1ria, ou outros da UFSM, nos Est\u00e1gios Curriculares Supervisionados no HV, dar-se-\u00e1 mediante um termo de compromisso firmado entre o acad\u00eamico e o HV, com a interveni\u00eancia da Coordena\u00e7\u00e3o do Curso.<\/p>\r\n<p>\u00a7 1\u00ba O Coordenador do Curso dever\u00e1 encaminhar \u00e0 Dire\u00e7\u00e3o do HV, por meio do candidato ao est\u00e1gio, os seguintes dados:<\/p>\r\n<p>I - nome completo do aluno;<\/p>\r\n<p>II - nome do Professor Supervisor do est\u00e1gio e do Orientador;<\/p>\r\n<p>III - carga hor\u00e1ria m\u00ednima exigida;<\/p>\r\n<p>IV - poss\u00edveis obriga\u00e7\u00f5es paralelas a serem cumpridas, desde que previstas no curr\u00edculo e devidamente regulamentadas, com o respectivo hor\u00e1rio; e<\/p>\r\n<p>V - comprova\u00e7\u00e3o de ap\u00f3lice de seguro contra acidentes.<\/p>\r\n\r\n<p>\u00a7  2\u00ba De posse das informa\u00e7\u00f5es acima, o candidato ao est\u00e1gio dever\u00e1 efetuar sua inscri\u00e7\u00e3o junto ao HV, com preenchimento de formul\u00e1rio pr\u00f3prio, at\u00e9 sessenta dias antes do in\u00edcio do est\u00e1gio.<\/p>\r\n<p>\u00a7  3\u00ba Est\u00e1gios Curriculares Supervisionados de alunos de outros cursos da UFSM dever\u00e3o ocorrer em setores do HV de \u00e1reas do conhecimento espec\u00edfico para a sua forma\u00e7\u00e3o profissional.<\/p>\r\n<br>\r\n<p><div align=\"center\"><b>Se\u00e7\u00e3o II<\/b><\/div><\/p>\r\n<p><div align=\"center\"><b>Dos Est\u00e1gios Curriculares Supervisionados para Alunos de Outras Institui\u00e7\u00f5es de Ensino<\/b><\/div><\/p>\r\n<br>\r\n<p>Art. 7\u00ba A participa\u00e7\u00e3o de acad\u00eamicos pertencentes a outras institui\u00e7\u00f5es de ensino superior, profissionalizante ou t\u00e9cnico, de direito p\u00fablico ou privado, dever\u00e1 ser antecedida pela assinatura de um conv\u00eanio entre a UFSM e a institui\u00e7\u00e3o de ensino de origem do aluno, e a assinatura de um termo de compromisso entre o aluno e a coordena\u00e7\u00e3o do respectivo curso com o HV.<\/p>\r\n<p>\u00a7  1\u00ba E condi\u00e7\u00e3o pr\u00e9via a exist\u00eancia de vaga, sem preju\u00edzo das vagas oferecidas para os Est\u00e1gios Curriculares Supervisionados da UFSM<\/p>\r\n<p>\u00a7  2\u00ba O coordenador do curso dever\u00e1 encaminhar \u00e0 Dire\u00e7\u00e3o do HV os seguintes dados:<\/p>\r\n<p>I - nome do estagi\u00e1rio;<\/p>\r\n<p>II - nome do Professor Supervisor do est\u00e1gio e do Orientador,<\/p>\r\n<p>III - setores onde os est\u00e1gios ser\u00e3o desenvolvidos (se espec\u00edficos); e<\/p>\r\n<p>IV - carga hor\u00e1ria m\u00ednima exigida;<\/p>\r\n<p>V - comprova\u00e7\u00e3o de ap\u00f3lice de seguro contra acidentes.<\/p>\r\n<p>\u00a7  3\u00ba De posse das informa\u00e7\u00f5es acima, o aluno dever\u00e1 efetuar sua inscri\u00e7\u00e3o junto ao HV, pessoalmente ou por correio, com preenchimento de formul\u00e1rio pr\u00f3prio, at\u00e9 sessenta dias antes do in\u00edcio previsto do est\u00e1gio<\/p>\r\n<br>\r\n<p><div align=\"center\"><b>Se\u00e7\u00e3o III<\/b><\/div><\/p>\r\n<p><div align=\"center\"><b>Dos Est\u00e1gios Extracurriculares para Alunos do Curso de Medicina Veterin\u00e1ria da UFSM<\/b><\/div><\/p>\r\n<br>\r\n<p>Art. 8\u00ba Para autoriza\u00e7\u00e3o de est\u00e1gio extracurricular para alunos do Curso de Medicina Veterin\u00e1ria da UFSM, s\u00e3o necess\u00e1rias as seguintes condi\u00e7\u00f5es:<\/p>\r\n<p>I - exist\u00eancia de vagas, sem preju\u00edzo para os est\u00e1gios curriculares;<\/p>\r\n<p>II - dura\u00e7\u00e3o do est\u00e1gio, com data de in\u00edcio e t\u00e9rmino;<\/p>\r\n<p>III - carta de apresenta\u00e7\u00e3o do coordenador do curso, com antecipa\u00e7\u00e3o m\u00ednima de quinze dias antes do in\u00edcio previsto do est\u00e1gio;<\/p>\r\n<p>IV - termo de compromisso aceitando as normas e regulamentos do est\u00e1gio, assim como as normas de funcionamento do HV;<\/p>\r\n<p>V - apresenta\u00e7\u00e3o de ap\u00f3lice de seguro contra acidentes; e<\/p>\r\n<p>VI - preenchimento de formul\u00e1rio de inscri\u00e7\u00e3o junto ao HV com aten\u00e7\u00e3o ao especificado no art. 4\u00ba deste regulamento.<\/p>\r\n<p>\u00a7  1\u00ba Ao t\u00e9rmino do est\u00e1gio, o aluno receber\u00e1 seu certificado mediante entrega no HV de sua avalia\u00e7\u00e3o de est\u00e1gio, assinado pelo orientador de est\u00e1gio e comprovante de frequ\u00eancia operacionalizada pelo HV, com o n\u00famero de horas efetivamente cumpridas que dever\u00e1 ser de, no m\u00ednimo, quarenta horas.<\/p>\r\n<p>\u00a7  2\u00ba O orientador do est\u00e1gio receber\u00e1 igualmente um certificado referente \u00e0 orienta\u00e7\u00e3o.<\/p>\r\n<br>\r\n<p><div align=\"center\"><b>Se\u00e7\u00e3o IV<\/b><\/div><\/p>\r\n<p><div align=\"center\"><b>Dos Est\u00e1gios Extracurriculares para Alunos de Institui\u00e7\u00f5es Conveniadas com a UFSM<\/b><\/div><\/p>\r\n<br>\r\n<p>Art. 9\u00ba Para autoriza\u00e7\u00e3o de est\u00e1gio extracurricular para alunos de institui\u00e7\u00f5es conveniadas, s\u00e3o necess\u00e1rias as seguintes condi\u00e7\u00f5es:<\/p>\r\n<p>I - exist\u00eancia de vagas, sem preju\u00edzo para os est\u00e1gios curriculares do Curso de Medicina Veterin\u00e1ria e de outros cursos da UFSM e de institui\u00e7\u00f5es conveniadas e os extracurriculares dos alunos do Curso de Medicina Veterin\u00e1ria da UFSM;<\/p>\r\n<p>II - carta de apresenta\u00e7\u00e3o do coordenador do curso com antecipa\u00e7\u00e3o m\u00ednima de trinta dias antes da data solicitada para o est\u00e1gio, com a proposi\u00e7\u00e3o de sua dura\u00e7\u00e3o, data de in\u00edcio e t\u00e9rmino, assim como a \u00e1rea de est\u00e1gio pretendida;<\/p>\r\n<p>III - o aluno deve ter cursado, ou estar cursando, com aproveitamento, as disciplinas da \u00e1rea solicitada;<\/p>\r\n<p>IV - termo de compromisso aceitando as normas e regulamentos do est\u00e1gio, assim como as normas de funcionamento do HV;<\/p>\r\n<p>V - apresenta\u00e7\u00e3o de ap\u00f3lice de seguros contra acidentes; e<\/p>\r\n<p>VI - preenchimento de formul\u00e1rio de inscri\u00e7\u00e3o para o est\u00e1gio junto ao HV.<\/p>\r\n<p>\u00a7  1\u00ba Ao t\u00e9rmino de est\u00e1gio o aluno receber\u00e1 seu certificado mediante entrega no HV de sua avalia\u00e7\u00e3o de est\u00e1gio assinado pelo orientador do est\u00e1gio e comprovante de frequ\u00eancia operacionalizada pelo HV, com o n\u00famero de horas efetivamente cumpridas que dever\u00e1 ser de, no m\u00ednimo, quarenta horas.<\/p>\r\n<p>\u00a7  2\u00ba O orientador do est\u00e1gio receber\u00e1 igualmente um certificado referente \u00e0 orienta\u00e7\u00e3o.<\/p>\r\n<br>\r\n<p><div align=\"center\"><b>Se\u00e7\u00e3o V<\/b><\/div><\/p>\r\n<p><div align=\"center\"><b>Dos Est\u00e1gios de Curta Dura\u00e7\u00e3o, na Condi\u00e7\u00e3o de Visitantes, para Acad\u00eamicos<\/b><\/div><\/p>\r\n<br>\r\n<p>Art. 10. Est\u00e1gios de curta dura\u00e7\u00e3o, na condi\u00e7\u00e3o de visitantes, ser\u00e3o oferecidos a acad\u00eamicos, em car\u00e1ter excepcional, na forma de atividade de extens\u00e3o, com dura\u00e7\u00e3o m\u00e1xima de trinta dias.<\/p>\r\n<p>Art. 11. Para autoriza\u00e7\u00e3o de est\u00e1gios como visitante \u00e9 necess\u00e1rio o preenchimento das seguintes condi\u00e7\u00f5es:<\/p>\r\n<p>I - exist\u00eancia de vagas, sem preju\u00edzo para os est\u00e1gios curriculares supervisionados e extracurriculares de acad\u00eamicos da UFSM e de institui\u00e7\u00f5es conveniadas;<\/p>\r\n<p>II - concord\u00e2ncia da Dire\u00e7\u00e3o do HV e do professor. orientador;<\/p>\r\n<p>III - data de in\u00edcio e t\u00e9rmino do est\u00e1gio, com aten\u00e7\u00e3o \u00e0 dura\u00e7\u00e3o m\u00e1xima prevista no art. 10 deste regulamento;<\/p>\r\n<p>IV - preenchimento de formul\u00e1rio de inscri\u00e7\u00e3o junto ao HV, com anteced\u00eancia m\u00ednima de quinze dias da data prevista para o in\u00edcio do est\u00e1gio; e<\/p>\r\n<p>V - apresenta\u00e7\u00e3o de ap\u00f3lice de seguro contra acidentes.<\/p>\r\n<p>\u00a7  1\u00ba Ao t\u00e9rmino de est\u00e1gio, o aluno receber\u00e1 seu certificado mediante entrega no HV de sua avalia\u00e7\u00e3o de est\u00e1gio assinado pelo orientador do est\u00e1gio e comprovante de frequ\u00eancia operacionalizada pelo HV, com o n\u00famero de horas efetivamente cumpridas.<\/p>\r\n<p>\u00a7  2\u00ba O orientador do est\u00e1gio receber\u00e1 igualmente um certificado referente \u00e0 orienta\u00e7\u00e3o.<\/p>\r\n<br>\r\n<p><div align=\"center\"><b>CAP\u00cdTULO IV<\/b><\/div><\/p>\r\n<p><div align=\"center\"><b>DA REGULAMENTA\u00c7\u00c3O DOS PROJETOS DE EST\u00c1GIO<\/b><\/div><\/p>\r\n<br>\r\n<p>Art. 12. Os est\u00e1gios acad\u00eamicos para alunos da UFSM e de institui\u00e7\u00f5es conveniadas realizados no HV ser\u00e3o oferecidos na forma de atividade de extens\u00e3o, mediante participa\u00e7\u00e3o do estagi\u00e1rio em projetos de extens\u00e3o espec\u00edficos ou do HV.<\/p>\r\n<p>\u00a7  1\u00ba Os projetos devem propiciar a complementa\u00e7\u00e3o do ensino e da aprendizagem, planejadas, executadas, acompanhadas e avaliadas em conformidade com as atividades e normas do HV e dos curr\u00edculos e programas dos cursos para se constitu\u00edrem em instrumentos de integra\u00e7\u00e3o do estagi\u00e1rio com o treinamento pr\u00e1tico, cient\u00edfico, de aperfei\u00e7oamento e de relacionamento humano.<\/p>\r\n<p>\u00a7  2\u00ba Os projetos de est\u00e1gios no HV ser\u00e3o elaborados considerando a sua capacidade de atendimento, disponibilidade de servi\u00e7os e de orienta\u00e7\u00e3o.<\/p>\r\n\r\n<p>Art. 13. Cada projeto de est\u00e1gio dever\u00e1 ter um orientador\/coordenador respons\u00e1vel pela programa\u00e7\u00e3o, planejamento e execu\u00e7\u00e3o das atividades do estagi\u00e1rio e, no caso de est\u00e1gios curriculares, um professor supervisor do est\u00e1gio, do curso ou da institui\u00e7\u00e3o conveniada cuja fun\u00e7\u00e3o ser\u00e1 a de auxiliar e subsidiar o orientador\/coordenador do est\u00e1gio.<\/p>\r\n<p>Par\u00e1grafo \u00fanico. Poder\u00e3o ser orientadores\/coordenadores de projetos de est\u00e1gio:<\/p>\r\n<p>I - servidores docentes e t\u00e9cnico-administrativos ativos da UFSM, com forma\u00e7\u00e3o t\u00e9cnica na \u00e1rea do est\u00e1gio; e<\/p>\r\n<p>II - bolsistas rec\u00e9m-doutores, sem v\u00ednculo empregat\u00edcio com a UFSM cuja participa\u00e7\u00e3o tenha sido aprovada pelo Conselho-Diretor do HV tomando por base a an\u00e1lise de uma proposta de trabalho.<\/p>\r\n\r\n<p>Art. 14. As propostas de est\u00e1gio, com exce\u00e7\u00e3o dos curriculares supervisionados, dever\u00e3o ser encaminhadas para a dire\u00e7\u00e3o do HV, com anteced\u00eancia m\u00ednima de acordo com o previsto para as diferentes modalidades.<\/p>\r\n<p>Art. 15. O relat\u00f3rio final do est\u00e1gio dever\u00e1 conter os seguintes itens:<\/p>\r\n<p>I - dados de identifica\u00e7\u00e3o do estagi\u00e1rio e do orientador;<\/p>\r\n<p>II - atividades realizadas e problemas evidenciados;<\/p>\r\n<p>III - resultados obtidos e as intera\u00e7\u00f5es com as atividades de ensino, pesquisa e extens\u00e3o;<\/p>\r\n<p>IV - conclus\u00f5es incluindo a avalia\u00e7\u00e3o do est\u00e1gio; e<\/p>\r\n<p>V - sugest\u00f5es e recomenda\u00e7\u00f5es quando for o caso.<\/p>\r\n<p>Par\u00e1grafo \u00fanico. O relat\u00f3rio final de est\u00e1gio, com exce\u00e7\u00e3o dos curriculares que tem normas espec\u00edficas, dever\u00e1 ser elaborado pelo estagi\u00e1rio, e possuir o visto do orientador com encaminhamento \u00e0 dire\u00e7\u00e3o do EV para an\u00e1lise, juntamente com a comprova\u00e7\u00e3o da frequ\u00eancia pela Comiss\u00e3o de Est\u00e1gios e posterior elabora\u00e7\u00e3o do certificado pertinente quando for o caso.<\/p>\r\n<br>\r\n<p><div align=\"center\"><b>CAP\u00cdTULO V<\/b><\/div><\/p>\r\n<p><div align=\"center\"><b>DA COMPOSI\u00c7\u00c3O DA COMISS\u00c3O DE EST\u00c1GIOS<\/b><\/div><\/p>\r\n<br>\r\n<p>Art. 16. A Comiss\u00e3o de Est\u00e1gios ser\u00e1 composta por cinco membros com a seguinte constitui\u00e7\u00e3o:<\/p>\r\n<p>I - Diretor do HV, como presidente;<\/p>\r\n<p>II - dois membros do Departamento de Cl\u00ednica de Pequenos Animais, e<\/p>\r\n<p>III - dois membros do Departamento de Cl\u00ednica de Grandes Animais.<\/p>\r\n<p>\u00a7 1\u00ba Todos os membros da Comiss\u00e3o de Est\u00e1gio dever\u00e3o ser integrantes do corpo cl\u00ednico do HV.<\/p>\r\n\r\n<p>Art. 17. Os membros da Comiss\u00e3o de Est\u00e1gio, com exce\u00e7\u00e3o do Diretor do HV, ser\u00e3o indicados pelo chefe do departamento correspondente ao Conselho Diretor do HV a quem cabe referend\u00e1-los ou n\u00e3o, e ter\u00e3o mandatos de dois anos.<\/p>\r\n<p>Par\u00e1grafo \u00fanico. O Diretor do HV solicitar\u00e1 a emiss\u00e3o de portaria de designa\u00e7\u00e3o da Comiss\u00e3o de Est\u00e1gio ao Diretor do Centro de Ci\u00eancias Rurais.<\/p>\r\n<br>\r\n<p><div align=\"center\"><b>CAP\u00cdTULO VI<\/b><\/div><\/p>\r\n<p><div align=\"center\"><b>DAS COMPET\u00caNCIAS DA COMISS\u00c3O DE EST\u00c1GIOS<\/b><\/div><\/p>\r\n<br>\r\n<p>Art. 18. Compete \u00e0 Comiss\u00e3o de Est\u00e1gio:<\/p>\r\n<p>I - coordenar e supervisionar as atividades de est\u00e1gio no HV;<\/p>\r\n<p>II - zelar pelo cumprimento da legisla\u00e7\u00e3o aplic\u00e1vel aos est\u00e1gios;<\/p>\r\n<p>III - elaborar propostas de altera\u00e7\u00e3o deste regulamento, submetendo-o \u00e0 aprova\u00e7\u00e3o do Conselho-Diretor do HV que o encaminhar\u00e1 aos tr\u00e2mites competentes,<\/p>\r\n<p>IV - articular-se com outros \u00f3rg\u00e3os da Universidade ou de institui\u00e7\u00f5es\/e empresas de iniciativa privada para tratar de conv\u00eanios e de assuntos gerais relativos a est\u00e1gios;<\/p>\r\n<p>V - emitir e providenciar a assinatura do presidente, juntamente com a do Diretor do HV e a do orientador, nos certificados de est\u00e1gio tendo por base a an\u00e1lise pr\u00e9via do orientador do est\u00e1gio e a frequ\u00eancia do estagi\u00e1rio;<\/p>\r\n<p>VI - manter cadastro dos campos\/servi\u00e7os de est\u00e1gio no HV;<\/p>\r\n<p>VII - manter cadastro das vagas de est\u00e1gio previstas em cada modalidade, para o semestre subsequente;<\/p>\r\n<p>VIII - apresentar ao Conselho Diretor do HV, ao fim de cada semestre, o relat\u00f3rio dos est\u00e1gios efetivamente realizados em suas diversas modalidades;<\/p>\r\n<p>IX - analisar e conferir a documenta\u00e7\u00e3o apresentada pelos candidatos a est\u00e1gios, conforme o previsto para as diferentes modalidades de est\u00e1gio oferecidos;<\/p>\r\n<p>X - estabelecer as normas para a sele\u00e7\u00e3o de estagi\u00e1rios; e<\/p>\r\n<p>XI - selecionar os estagi\u00e1rios para os diferentes per\u00edodos, juntamente com os orientadores.<\/p>\r\n<br>\r\n<p><div align=\"center\"><b>CAP\u00cdTULO VII<\/b><\/div><\/p>\r\n<p><div align=\"center\"><b>DAS OBRIGA\u00c7\u00d5ES DO ORIENTADOR DE EST\u00c1GIO<\/b><\/div><\/p>\r\n<br>\r\n<p>Art. 19. Incumbe ao Orientador do Est\u00e1gio:<\/p>\r\n<p>I - auxiliar o acad\u00eamico na planifica\u00e7\u00e3o das atividades a serem desenvolvidas, assim como acompanhar as atividades do estagi\u00e1rio;<\/p>\r\n<p>II - avaliar permanentemente as atividades do estagi\u00e1rio e, caso julgar conveniente, propor \u00e0 Comiss\u00e3o de Est\u00e1gio a sua interrup\u00e7\u00e3o;<\/p>\r\n<p>III - proceder \u00e0 avalia\u00e7\u00e3o do estagi\u00e1rio de acordo com formul\u00e1rio fornecido pela Comiss\u00e3o de Est\u00e1gio;<\/p>\r\n<p>IV - cumprir o presente Regulamento Geral dos Est\u00e1gios Acad\u00eamicos no HV; e<\/p>\r\n<p>V - contribuir com propostas e sugest\u00f5es para a melhoria dos est\u00e1gios no HV.<\/p>\r\n<br>\r\n<p><div align=\"center\"><b>CAP\u00cdTULO VIII<\/b><\/div><\/p>\r\n<p><div align=\"center\"><b>DAS ATRIBUI\u00c7\u00d5ES DO ESTAGI\u00c1RIO<\/b><\/div><\/p>\r\n<br>\r\n<p>Art. 20. Incumbe ao estagi\u00e1rio:<\/p>\r\n<p>I - conhecer e cumprir as normas de funcionamento do Hospital Veterin\u00e1rio;<\/p>\r\n<p>II - cumprir a escala de plant\u00f5es para os quais for destacado;<\/p>\r\n<p>III - cumprir os hor\u00e1rios estipulados; e<\/p>\r\n<p>IV - obedecer \u00e0 hierarquia estabelecida no HV<\/p>\r\n<br>\r\n<p><div align=\"center\"><b>CAP\u00cdTULO IX<\/b><\/div><\/p>\r\n<p><div align=\"center\"><b>DO CUSTEIO DE EST\u00c1GIOS<\/b><\/div><\/p>\r\n<br>\r\n<p>Art. 21. Os est\u00e1gios poder\u00e3o ser custeados por meio de:<\/p>\r\n<p>I - recursos or\u00e7ament\u00e1rios da Institui\u00e7\u00e3o previstos em projetos por meio do Fundo de Incentivo \u00e0 Extens\u00e3o (FIEX), conforme normas do Conselho Universit\u00e1rio e delibera\u00e7\u00e3o de destina\u00e7\u00e3o via C\u00e2mara de Extens\u00e3o;<\/p>\r\n<p>II - recursos provindos de conv\u00eanios e\/ou parcerias institucionais, por meio dos poderes p\u00fablicos municipais, estaduais e\/ou federais;<\/p>\r\n<p>III - recursos oriundos de conv\u00eanios, patroc\u00ednio, doa\u00e7\u00e3o (incentivados ou n\u00e3o) e\/ou parcerias institucionais com a iniciativa privada;<\/p>\r\n<p>IV - recursos oriundos de conv\u00eanios e\/ou parcerias institucionais com organiza\u00e7\u00f5es n\u00e3o-governamentais (ONGs) e de organiza\u00e7\u00f5es sociais civis (OSCs); e<\/p>\r\n<p>V - taxas de custeio de est\u00e1gios, calculadas considerando os gastos com materiais de consumo, material permanente e bolsas para estagi\u00e1rios e\/ou orientadores, detalhadas em or\u00e7amento do projeto. <\/p>\r\n<br>\r\n<p><div align=\"center\"><b>CAP\u00cdTULO X<\/b><\/div><\/p>\r\n<p><div align=\"center\"><b>DAS DISPOSI\u00c7\u00d5ES GERAIS<\/b><\/div><\/p>\r\n<br>\r\n<p>Art. 22. Os casos omissos ser\u00e3o resolvidos pela Comiss\u00e3o de Est\u00e1gios do AV ou Conselho-Diretor do HV, nessa ordem.<\/p>\r\n\r\n<p><font color=\"red0000\">Este texto n\u00e3o substitui o documento original, publicado no Portal de Documentos.<\/font> Dispon\u00edvel em: <a href=\"https:\/\/portal.ufsm.br\/documentos\/publico\/documento.html?id=12928376\"><font color=\"blue\">https:\/\/portal.ufsm.br\/documentos\/publico\/documento.html?id=12928376<\/font><\/a>\r\n\r\n\r\n\t\t<\/div>\n\t\t\t\t<\/div>\n\t\t\t\t\t<\/div>\n\t\t<\/div>\n\t\t\t\t\t<\/div>\n\t\t<\/section>\n\t\t\t\t<\/div>\n\t\t","protected":false},"excerpt":{"rendered":"<p>Regulamento Geral dos Est\u00e1gios Acad\u00eamicos no Hospital Veterin\u00e1rio da UFSM MINIST\u00c9RIO DA EDUCA\u00c7\u00c3O UNIVERSIDADE FEDERAL DE SANTA MARIA CENTRO DE CI\u00caNCIAS RURAIS HOSPITAL VETERIN\u00c1RIO DA UFSM REGULAMENTO GERAL DOS EST\u00c1GIOS ACAD\u00caMICOS NO HOSPITAL VETERIN\u00c1RIO DA UFSM Aprova o Regulamento Geral dos Est\u00e1gios Acad\u00eamicos no Hospital Veterin\u00e1rio da Universidade Federal de Santa Maria. CAP\u00cdTULO I DO [&hellip;]<\/p>\n","protected":false},"author":205,"featured_media":0,"parent":0,"menu_order":0,"comment_status":"closed","ping_status":"closed","template":"","meta":{"footnotes":""},"categories":[],"tags":[],"class_list":["post-3125","page","type-page","status-publish","hentry"],"acf":[],"_links":{"self":[{"href":"https:\/\/www.ufsm.br\/pro-reitorias\/proplan\/wp-json\/wp\/v2\/pages\/3125","targetHints":{"allow":["GET"]}}],"collection":[{"href":"https:\/\/www.ufsm.br\/pro-reitorias\/proplan\/wp-json\/wp\/v2\/pages"}],"about":[{"href":"https:\/\/www.ufsm.br\/pro-reitorias\/proplan\/wp-json\/wp\/v2\/types\/page"}],"author":[{"embeddable":true,"href":"https:\/\/www.ufsm.br\/pro-reitorias\/proplan\/wp-json\/wp\/v2\/users\/205"}],"replies":[{"embeddable":true,"href":"https:\/\/www.ufsm.br\/pro-reitorias\/proplan\/wp-json\/wp\/v2\/comments?post=3125"}],"version-history":[{"count":0,"href":"https:\/\/www.ufsm.br\/pro-reitorias\/proplan\/wp-json\/wp\/v2\/pages\/3125\/revisions"}],"wp:attachment":[{"href":"https:\/\/www.ufsm.br\/pro-reitorias\/proplan\/wp-json\/wp\/v2\/media?parent=3125"}],"wp:term":[{"taxonomy":"category","embeddable":true,"href":"https:\/\/www.ufsm.br\/pro-reitorias\/proplan\/wp-json\/wp\/v2\/categories?post=3125"},{"taxonomy":"post_tag","embeddable":true,"href":"https:\/\/www.ufsm.br\/pro-reitorias\/proplan\/wp-json\/wp\/v2\/tags?post=3125"}],"curies":[{"name":"wp","href":"https:\/\/api.w.org\/{rel}","templated":true}]}}