{"id":3127,"date":"2020-01-31T08:45:05","date_gmt":"2020-01-31T11:45:05","guid":{"rendered":"https:\/\/www.ufsm.br\/pro-reitorias\/proplan\/?page_id=3127"},"modified":"2020-05-25T15:21:36","modified_gmt":"2020-05-25T18:21:36","slug":"resolucao-n-011-2006","status":"publish","type":"page","link":"https:\/\/www.ufsm.br\/pro-reitorias\/proplan\/resolucao-n-011-2006","title":{"rendered":"Resolu\u00e7\u00e3o N. 011\/2006"},"content":{"rendered":"\t\t<div data-elementor-type=\"wp-page\" data-elementor-id=\"3127\" class=\"elementor elementor-3127\">\n\t\t\t\t\t\t<section class=\"elementor-section elementor-top-section elementor-element elementor-element-ba1360f elementor-section-boxed elementor-section-height-default elementor-section-height-default\" data-id=\"ba1360f\" data-element_type=\"section\">\n\t\t\t\t\t\t<div class=\"elementor-container elementor-column-gap-default\">\n\t\t\t\t\t<div class=\"elementor-column elementor-col-100 elementor-top-column elementor-element elementor-element-3698ef3\" data-id=\"3698ef3\" data-element_type=\"column\">\n\t\t\t<div class=\"elementor-widget-wrap elementor-element-populated\">\n\t\t\t\t\t\t<div class=\"elementor-element elementor-element-b6c5807 elementor-widget elementor-widget-html\" data-id=\"b6c5807\" data-element_type=\"widget\" data-widget_type=\"html.default\">\n\t\t\t\t<div class=\"elementor-widget-container\">\n\t\t\t\r\n\r\n\r\n<title><b>RESOLU\u00c7\u00c3O N. 011\/2006<\/b><\/title>\r\n\r\n\r\n<div align=\"center\"><img decoding=\"async\" src=\"https:\/\/www.ufsm.br\/pro-reitorias\/proplan\/wp-content\/uploads\/sites\/344\/2019\/09\/brasao-da-republica-do-brasil-logo.png\" alt=\"Bras\u00e3o Rep\u00fablica Federativa do Brasil\" width=\"6%\" height=\"6%\"><\/div>    \r\n<h1><font color=\"blue\"><font size=\"5\"><div align=\"center\">MINIST\u00c9RIO DA EDUCA\u00c7\u00c3O<\/b><\/font><\/font><\/div><\/H1>\r\n<p><b><font color=\"0000blue\"><div align=\"center\">UNIVERSIDADE FEDERAL DE SANTA MARIA<\/b><\/font><\/div><\/p>\r\n\r\n<p><div align=\"center\"><b><a href=\"https:\/\/portal.ufsm.br\/documentos\/publico\/documento.html?id=4391587\"><font color=\"blue\">RESOLU\u00c7\u00c3O N. 011\/2006<\/font><\/a><\/b><\/div><\/p>\r\n<br>\r\n<p><div align=\"right\"><font color=\"800000\"><strike>Regulamenta o valor do pagamento das taxas pelos usu\u00e1rios em atraso na devolu\u00e7\u00e3o de material bibliogr\u00e1fico da Biblioteca Central e Bibliotecas Setoriais.<\/strike><\/font><\/div><\/p>\r\n<br>\r\n<p><a href=\"https:\/\/www.ufsm.br\/pro-reitorias\/proplan\/resolucao-n-014-2009\/\"><font color=\"blue\">Revogada pela Resolu\u00e7\u00e3o N. 014\/2009<\/font><\/a><\/p>\r\n<br>\r\n<strike>\r\n<br><div align=\"justify\">\r\n<p>O REITOR DA UNIVERSIDADE FEDERAL DE SANTA MARIA, no uso de suas atribui\u00e7\u00f5es legais e estatut\u00e1rias e considerando:<\/p>\r\n<p>- a necessidade de atendimento do disposto no inciso II, do art. 6\u00ba, do Regulamento de Empr\u00e9stimo de Material Bibliogr\u00e1fico, constante da <a href=\"https:\/\/www.ufsm.br\/pro-reitorias\/proplan\/resolucao-n-012-2005\/\" target=\"_blank\"><font color=\"blue\"><u>Resolu\u00e7\u00e3o UFSM n. 012\/05, de 29.08.05<\/u><\/font><\/a>;<\/p>\r\n<p>- a reivindica\u00e7\u00e3o do Diret\u00f3rio Central dos Estudantes de fixar o valor da taxa de multa pelo atraso na devolu\u00e7\u00e3o de material bibliogr\u00e1fico;<\/p>\r\n<p>- a contraproposta da Dire\u00e7\u00e3o da Biblioteca Central;<\/p>\r\n<p>- o Parecer de Curadores n. 006\/06\/06, aprovado na 157\u00ba Sess\u00e3o do Conselho de Curadores, de 22.05.06;<\/p>\r\n<p>- o Parecer n. 004\/06, do Conselho Universit\u00e1rio, aprovado na 657\u00ba Sess\u00e3o, de 30.06.06, referente ao Processo n. <a href=\"https:\/\/portal.ufsm.br\/documentos\/publico\/processo\/documento.html?idDocumento=2401000\" target=\"_blank\"><font color=\"blue\"><u>23081.002819\/2006-58<\/u><\/font><\/a>.<\/p>\r\n<br>\r\n<p><div align=\"center\">RESOLVE:<\/div><\/p>\r\n<br>\r\n<p>Art. 1\u00ba Regulamentar o valor do pagamento das taxas pelos usu\u00e1rios em atraso na devolu\u00e7\u00e3o de material bibliogr\u00e1fico da Biblioteca Central e Bibliotecas Setoriais, que ser\u00e1 assim fixado, para quita\u00e7\u00e3o do d\u00e9bito:\r\n<p>I - para livros da cole\u00e7\u00e3o reserva, um virgula cinco por cento do valor da Bolsa Estudantil por unidade emprestada e por hora de atraso; e\r\n<p>II - para outros materiais, um virgula cinco por cento do valor da Bolsa Estudantil por unidade emprestada e por dia de atraso.\r\n\r\n<p>Art. 2\u00ba Para efeitos de c\u00e1lculo do valor da taxa pelo usu\u00e1rio em atraso, ser\u00e3o computados somente os dias \u00fateis.\r\n<p>Art. 3\u00ba Fica estabelecido, como per\u00edodo m\u00e1ximo para integraliza\u00e7\u00e3o do pagamento da taxa por atraso na devolu\u00e7\u00e3o do material bibliogr\u00e1fico, o per\u00edodo da matricula do semestre subsequente.\r\n<p>Art. 4\u00ba Esta resolu\u00e7\u00e3o entra em vigor na data de sua publica\u00e7\u00e3o, revogadas as disposi\u00e7\u00f5es em contr\u00e1rio.<\/p>\r\n\r\n<p>GABINETE DO REITOR DA UNIVERSIDADE FEDERAL DE SANTA MARIA, aos quatro dias do m\u00eas de julho do ano dois mil e seis.<\/p>\r\n<\/div>\r\n<p>Clovis Silva Lima,<\/p>\r\n<p>Reitor.<\/p>\r\n\r\n<p><font color=\"red0000\">Este texto n\u00e3o substitui o documento original, publicado no Portal de Documentos.<\/font> Dispon\u00edvel em: <a href=\"https:\/\/portal.ufsm.br\/documentos\/publico\/documento.html?id=4391587\"><font color=\"blue\">https:\/\/portal.ufsm.br\/documentos\/publico\/documento.html?id=4391587<\/font><\/a>\r\n<\/strike>\r\n\r\n\t\t<\/div>\n\t\t\t\t<\/div>\n\t\t\t\t\t<\/div>\n\t\t<\/div>\n\t\t\t\t\t<\/div>\n\t\t<\/section>\n\t\t\t\t<\/div>\n\t\t","protected":false},"excerpt":{"rendered":"<p>RESOLU\u00c7\u00c3O N. 011\/2006 MINIST\u00c9RIO DA EDUCA\u00c7\u00c3O UNIVERSIDADE FEDERAL DE SANTA MARIA RESOLU\u00c7\u00c3O N. 011\/2006 Regulamenta o valor do pagamento das taxas pelos usu\u00e1rios em atraso na devolu\u00e7\u00e3o de material bibliogr\u00e1fico da Biblioteca Central e Bibliotecas Setoriais. Revogada pela Resolu\u00e7\u00e3o N. 014\/2009 O REITOR DA UNIVERSIDADE FEDERAL DE SANTA MARIA, no uso de suas atribui\u00e7\u00f5es legais [&hellip;]<\/p>\n","protected":false},"author":205,"featured_media":0,"parent":0,"menu_order":0,"comment_status":"closed","ping_status":"closed","template":"","meta":{"footnotes":""},"categories":[],"tags":[],"class_list":["post-3127","page","type-page","status-publish","hentry"],"acf":[],"_links":{"self":[{"href":"https:\/\/www.ufsm.br\/pro-reitorias\/proplan\/wp-json\/wp\/v2\/pages\/3127","targetHints":{"allow":["GET"]}}],"collection":[{"href":"https:\/\/www.ufsm.br\/pro-reitorias\/proplan\/wp-json\/wp\/v2\/pages"}],"about":[{"href":"https:\/\/www.ufsm.br\/pro-reitorias\/proplan\/wp-json\/wp\/v2\/types\/page"}],"author":[{"embeddable":true,"href":"https:\/\/www.ufsm.br\/pro-reitorias\/proplan\/wp-json\/wp\/v2\/users\/205"}],"replies":[{"embeddable":true,"href":"https:\/\/www.ufsm.br\/pro-reitorias\/proplan\/wp-json\/wp\/v2\/comments?post=3127"}],"version-history":[{"count":0,"href":"https:\/\/www.ufsm.br\/pro-reitorias\/proplan\/wp-json\/wp\/v2\/pages\/3127\/revisions"}],"wp:attachment":[{"href":"https:\/\/www.ufsm.br\/pro-reitorias\/proplan\/wp-json\/wp\/v2\/media?parent=3127"}],"wp:term":[{"taxonomy":"category","embeddable":true,"href":"https:\/\/www.ufsm.br\/pro-reitorias\/proplan\/wp-json\/wp\/v2\/categories?post=3127"},{"taxonomy":"post_tag","embeddable":true,"href":"https:\/\/www.ufsm.br\/pro-reitorias\/proplan\/wp-json\/wp\/v2\/tags?post=3127"}],"curies":[{"name":"wp","href":"https:\/\/api.w.org\/{rel}","templated":true}]}}