{"id":3131,"date":"2020-01-31T08:47:43","date_gmt":"2020-01-31T11:47:43","guid":{"rendered":"https:\/\/www.ufsm.br\/pro-reitorias\/proplan\/?page_id=3131"},"modified":"2020-07-20T13:44:18","modified_gmt":"2020-07-20T16:44:18","slug":"resolucao-n-015-2006","status":"publish","type":"page","link":"https:\/\/www.ufsm.br\/pro-reitorias\/proplan\/resolucao-n-015-2006","title":{"rendered":"Resolu\u00e7\u00e3o N. 015\/2006"},"content":{"rendered":"\t\t<div data-elementor-type=\"wp-page\" data-elementor-id=\"3131\" class=\"elementor elementor-3131\">\n\t\t\t\t\t\t<section class=\"elementor-section elementor-top-section elementor-element elementor-element-800d53f elementor-section-boxed elementor-section-height-default elementor-section-height-default\" data-id=\"800d53f\" data-element_type=\"section\">\n\t\t\t\t\t\t<div class=\"elementor-container elementor-column-gap-default\">\n\t\t\t\t\t<div class=\"elementor-column elementor-col-100 elementor-top-column elementor-element elementor-element-169c2a9\" data-id=\"169c2a9\" data-element_type=\"column\">\n\t\t\t<div class=\"elementor-widget-wrap elementor-element-populated\">\n\t\t\t\t\t\t<div class=\"elementor-element elementor-element-707267c elementor-widget elementor-widget-html\" data-id=\"707267c\" data-element_type=\"widget\" data-widget_type=\"html.default\">\n\t\t\t\t<div class=\"elementor-widget-container\">\n\t\t\t\r\n\r\n\r\n<title><b>RESOLU\u00c7\u00c3O N. 015\/2006<\/b><\/title>\r\n\r\n\r\n<div align=\"center\"><img decoding=\"async\" src=\"https:\/\/www.ufsm.br\/pro-reitorias\/proplan\/wp-content\/uploads\/sites\/344\/2019\/09\/brasao-da-republica-do-brasil-logo.png\" alt=\"Bras\u00e3o Rep\u00fablica Federativa do Brasil\" width=\"6%\" height=\"6%\"><\/div>    \r\n<h1><font color=\"blue\"><font size=\"5\"><div align=\"center\">MINIST\u00c9RIO DA EDUCA\u00c7\u00c3O<\/b><\/font><\/font><\/div><\/H1>\r\n<p><b><font color=\"0000blue\"><div align=\"center\">UNIVERSIDADE FEDERAL DE SANTA MARIA<\/b><\/font><\/div><\/p>\r\n\r\n<p><div align=\"center\"><b><a href=\"https:\/\/portal.ufsm.br\/documentos\/publico\/documento.html?id=4391591\"><font color=\"blue\">RESOLU\u00c7\u00c3O N. 015\/2006<\/font><\/a><\/b><\/div><\/p>\r\n<br>\r\n<p><div align=\"right\"><font color=\"800000\"><strike>Estabelece o hor\u00e1rio especial de funcionamento na Universidade Federal de Santa Maria e d\u00e1 outras provid\u00eancias.<\/strike><\/font><\/div><\/p>\r\n<br>\r\n<p><a href=\"https:\/\/www.ufsm.br\/pro-reitorias\/proplan\/resolucao-n-022-2020\/\" target=\"_blank\"><font color=\"blue\">Revogada pela Resolu\u00e7\u00e3o N. 022\/2020<\/font><\/a><\/p>\r\n<br>\r\n<br><div align=\"justify\">\r\n<strike>\r\n<p>O REITOR DA UNIVERSIDADE FEDERAL DE SANTA MARIA, no uso de suas atribui\u00e7\u00f5es legais e estatut\u00e1rias e considerando:<\/p>\r\n<p>- O recesso previsto no Calend\u00e1rio Escolar da UFSM;<\/p>\r\n<p>- o per\u00edodo de realiza\u00e7\u00e3o do Vestibular 2007;<\/p>\r\n<p>- o Of\u00edcio-Circular n. 12\/SRH\/MP que trata das comemora\u00e7\u00f5es das Festas de Fim de Ano (Natal e Ano-Novo).<\/p>\r\n<br>\r\n<p><div align=\"center\">RESOLVE:<\/div><\/p>\r\n<br>\r\n<p>Art. 1\u00ba Fixar, para o per\u00edodo de 26 de dezembro de 2006 a 14 de janeiro de 2007, o seguinte hor\u00e1rio de funcionamento da Universidade Federal de Santa Maria:<\/p>\r\n<p>I - das 6 \u00e0s 23 horas.<\/p>\r\n\r\n<p>Art. 2\u00ba O hor\u00e1rio de atendimento externo da Reitoria e dos demais \u00f3rg\u00e3os administrativos da Universidade, no per\u00edodo acima, ser\u00e1 cumprido entre:<\/p>\r\n<p>I - 7h30min e 13h30min.<\/p>\r\n<p>Par\u00e1grafo \u00fanico. As unidades universit\u00e1rias que, em consequ\u00eancia de suas peculiaridades especiais de funcionamento, necessitarem de amplia\u00e7\u00e3o de hor\u00e1rio, far\u00e3o turnos de revezamento de modo que seja alcan\u00e7ado o objetivo da presente resolu\u00e7\u00e3o.<\/p>\r\n\r\n<p>Art. 3\u00ba Excepcionalmente, nos dias 26 de dezembro de 2006 e 2 de janeiro de 2007, o hor\u00e1rio de atendimento da Reitoria e dos demais \u00f3rg\u00e3os administrativos da Universidade ser\u00e1 das 13 \u00e0s 19 horas.<\/p>\r\n<p>Art. 4\u00ba Durante o per\u00edodo de realiza\u00e7\u00e3o do Vestibular de 2007, o hor\u00e1rio a ser cumprido no expediente normal ser\u00e1:<\/p>\r\n<p>I - das 14 \u00e0s 18 horas nos dias 9,10 e 11 de janeiro de 2007, e<\/p>\r\n<p>II - das 8 horas \u00e0s 12 horas no dia 12 de janeiro de 2007.<\/p>\r\n<p>Par\u00e1grafo \u00fanico. Para efeito de programa\u00e7\u00e3o interna das unidades, dever\u00e1 ser considerada atividade priorit\u00e1ria, no per\u00edodo de sua aplica\u00e7\u00e3o, o Vestibular 2007, sobrepondo-se, em consequ\u00eancia, \u00e0s demais atividades.<\/p>\r\n\r\n<p>GABINETE DO REITOR DA UNIVERSIDADE FEDERAL DE SANTA MARIA, aos 14 dias do m\u00eas de dezembro do ano dois mil e seis.<\/p>\r\n<\/div>\r\n<p>Clovis Silva Lima,<\/p>\r\n<p>Reitor.<\/p>\r\n<\/strike>\r\n\r\n<p><font color=\"red0000\">Este texto n\u00e3o substitui o documento original, publicado no Portal de Documentos.<\/font> Dispon\u00edvel em: <a href=\"https:\/\/portal.ufsm.br\/documentos\/publico\/documento.html?id=4391591\"><font color=\"blue\">https:\/\/portal.ufsm.br\/documentos\/publico\/documento.html?id=4391591<\/font><\/a>\r\n\r\n\r\n\t\t<\/div>\n\t\t\t\t<\/div>\n\t\t\t\t\t<\/div>\n\t\t<\/div>\n\t\t\t\t\t<\/div>\n\t\t<\/section>\n\t\t\t\t<\/div>\n\t\t","protected":false},"excerpt":{"rendered":"<p>RESOLU\u00c7\u00c3O N. 015\/2006 MINIST\u00c9RIO DA EDUCA\u00c7\u00c3O UNIVERSIDADE FEDERAL DE SANTA MARIA RESOLU\u00c7\u00c3O N. 015\/2006 Estabelece o hor\u00e1rio especial de funcionamento na Universidade Federal de Santa Maria e d\u00e1 outras provid\u00eancias. Revogada pela Resolu\u00e7\u00e3o N. 022\/2020 O REITOR DA UNIVERSIDADE FEDERAL DE SANTA MARIA, no uso de suas atribui\u00e7\u00f5es legais e estatut\u00e1rias e considerando: &#8211; O [&hellip;]<\/p>\n","protected":false},"author":205,"featured_media":0,"parent":0,"menu_order":0,"comment_status":"closed","ping_status":"closed","template":"","meta":{"footnotes":""},"categories":[],"tags":[],"class_list":["post-3131","page","type-page","status-publish","hentry"],"acf":[],"_links":{"self":[{"href":"https:\/\/www.ufsm.br\/pro-reitorias\/proplan\/wp-json\/wp\/v2\/pages\/3131","targetHints":{"allow":["GET"]}}],"collection":[{"href":"https:\/\/www.ufsm.br\/pro-reitorias\/proplan\/wp-json\/wp\/v2\/pages"}],"about":[{"href":"https:\/\/www.ufsm.br\/pro-reitorias\/proplan\/wp-json\/wp\/v2\/types\/page"}],"author":[{"embeddable":true,"href":"https:\/\/www.ufsm.br\/pro-reitorias\/proplan\/wp-json\/wp\/v2\/users\/205"}],"replies":[{"embeddable":true,"href":"https:\/\/www.ufsm.br\/pro-reitorias\/proplan\/wp-json\/wp\/v2\/comments?post=3131"}],"version-history":[{"count":0,"href":"https:\/\/www.ufsm.br\/pro-reitorias\/proplan\/wp-json\/wp\/v2\/pages\/3131\/revisions"}],"wp:attachment":[{"href":"https:\/\/www.ufsm.br\/pro-reitorias\/proplan\/wp-json\/wp\/v2\/media?parent=3131"}],"wp:term":[{"taxonomy":"category","embeddable":true,"href":"https:\/\/www.ufsm.br\/pro-reitorias\/proplan\/wp-json\/wp\/v2\/categories?post=3131"},{"taxonomy":"post_tag","embeddable":true,"href":"https:\/\/www.ufsm.br\/pro-reitorias\/proplan\/wp-json\/wp\/v2\/tags?post=3131"}],"curies":[{"name":"wp","href":"https:\/\/api.w.org\/{rel}","templated":true}]}}