{"id":3132,"date":"2020-01-31T08:47:47","date_gmt":"2020-01-31T11:47:47","guid":{"rendered":"https:\/\/www.ufsm.br\/pro-reitorias\/proplan\/?page_id=3132"},"modified":"2020-05-25T15:29:31","modified_gmt":"2020-05-25T18:29:31","slug":"resolucao-n-016-2006","status":"publish","type":"page","link":"https:\/\/www.ufsm.br\/pro-reitorias\/proplan\/resolucao-n-016-2006","title":{"rendered":"Resolu\u00e7\u00e3o N. 016\/2006"},"content":{"rendered":"\t\t<div data-elementor-type=\"wp-page\" data-elementor-id=\"3132\" class=\"elementor elementor-3132\">\n\t\t\t\t\t\t<section class=\"elementor-section elementor-top-section elementor-element elementor-element-8d7f1ea elementor-section-boxed elementor-section-height-default elementor-section-height-default\" data-id=\"8d7f1ea\" data-element_type=\"section\">\n\t\t\t\t\t\t<div class=\"elementor-container elementor-column-gap-default\">\n\t\t\t\t\t<div class=\"elementor-column elementor-col-100 elementor-top-column elementor-element elementor-element-14961b1\" data-id=\"14961b1\" data-element_type=\"column\">\n\t\t\t<div class=\"elementor-widget-wrap elementor-element-populated\">\n\t\t\t\t\t\t<div class=\"elementor-element elementor-element-b243485 elementor-widget elementor-widget-html\" data-id=\"b243485\" data-element_type=\"widget\" data-widget_type=\"html.default\">\n\t\t\t\t<div class=\"elementor-widget-container\">\n\t\t\t\r\n\r\n\r\n<title><b>RESOLU\u00c7\u00c3O N. 016\/2006<\/b><\/title>\r\n\r\n\r\n<div align=\"center\"><img decoding=\"async\" src=\"https:\/\/www.ufsm.br\/pro-reitorias\/proplan\/wp-content\/uploads\/sites\/344\/2019\/09\/brasao-da-republica-do-brasil-logo.png\" alt=\"Bras\u00e3o Rep\u00fablica Federativa do Brasil\" width=\"6%\" height=\"6%\"><\/div>    \r\n<h1><font color=\"blue\"><font size=\"5\"><div align=\"center\">MINIST\u00c9RIO DA EDUCA\u00c7\u00c3O<\/b><\/font><\/font><\/div><\/H1>\r\n<p><b><font color=\"0000blue\"><div align=\"center\">UNIVERSIDADE FEDERAL DE SANTA MARIA<\/b><\/font><\/div><\/p>\r\n\r\n<p><div align=\"center\"><b><a href=\"https:\/\/portal.ufsm.br\/documentos\/publico\/documento.html?id=4391592\"><font color=\"blue\">RESOLU\u00c7\u00c3O N. 016\/2006<\/font><\/a><\/b><\/div><\/p>\r\n<br>\r\n<p><div align=\"right\"><font color=\"800000\">Aprova a reestrutura\u00e7\u00e3o da Divis\u00e3o de Arquivo Geral da Universidade Federal de Santa Maria e d\u00e1 outras provid\u00eancias.<\/font><\/div><\/p>\r\n<br>\r\n<br><div align=\"justify\">\r\n<p>O VICE-REITOR DA UNIVERSIDADE FEDERAL DE SANTA MARIA, no uso de suas atribui\u00e7\u00f5es legais e estatut\u00e1rias e considerando:<\/p>\r\n<p>- a necessidade de estabelecer a similaridade de tratamento para subunidades que possuem a mesma equival\u00eancia hier\u00e1rquica;<\/p>\r\n<p>- que o funcionamento e fortalecimento da rede de arquivos setoriais da Universidade exige maior autonomia e poder de decis\u00e3o no que se refere \u00e0 aplica\u00e7\u00e3o e execu\u00e7\u00e3o de orienta\u00e7\u00f5es e normaliza\u00e7\u00f5es emanadas do Arquivo Geral;<\/p>\r\n<p>- que a otimiza\u00e7\u00e3o dos processos arquiv\u00edsticos para a Administra\u00e7\u00e3o e para a Universidade proporciona a melhoria do acesso e da preserva\u00e7\u00e3o de documentos e garantia de elimina\u00e7\u00f5es racionais, preservando direitos jur\u00eddicos e fiscais da Institui\u00e7\u00e3o e a sua pr\u00f3pria mem\u00f3ria;<\/p>\r\n<p>- a necessidade de intensificar as rela\u00e7\u00f5es entre pr\u00e1tica-ensino, estimulando a inser\u00e7\u00e3o dos alunos do Curso de Arquivologia, desenvolvendo a\u00e7\u00f5es em parcerias no Laborat\u00f3rio de Microfilmagens, nos arquivos setoriais e no arquivo permanente;<\/p>\r\n<p>- o crescimento significativo da quantidade e da diversidade das informa\u00e7\u00f5es contidas nos acervos da UFSM, provocando o aumento no volume de atividades e no n\u00edvel de responsabilidade sobre a guarda, preserva\u00e7\u00e3o e difus\u00e3o dessas informa\u00e7\u00f5es;<\/p>\r\n<p>- o Parecer n. 114\/06, aprovado na 663\u00aa Sess\u00e3o do Conselho Universit\u00e1rio, de 22 de dezembro de 2006, referente ao Processo n. <a href=\"https:\/\/portal.ufsm.br\/documentos\/publico\/processo\/documento.html?idDocumento=2431246\" target=\"_blank\"><font color=\"blue\"><u>23081.004036\/2006-17<\/u><\/font><\/a>.<\/p>\r\n<br>\r\n<p><div align=\"center\">RESOLVE:<\/div><\/p>\r\n<br>\r\n<p>Art. 1\u00ba Aprovar a reestrutura\u00e7\u00e3o da Divis\u00e3o de Arquivo Geral para Departamento de Arquivo Geral e a sua mudan\u00e7a na categoria de \u00d3rg\u00e3o Executivo da Administra\u00e7\u00e3o Central para \u00d3rg\u00e3o Suplementar Central.<\/p>\r\n<p>Art. 2\u00ba Caber\u00e1 \u00e0 Pr\u00f3-Reitoria de Planejamento proceder \u00e0 altera\u00e7\u00e3o do nome e da categoria funcional da subunidade no Sistema de Classifica\u00e7\u00e3o Institucional, \u00e0 Pr\u00f3-Reitoria de Recursos Humanos a relota\u00e7\u00e3o dos recursos humanos e ao Departamento de Material e Patrim\u00f4nio a adequa\u00e7\u00e3o do registro de m\u00f3veis e equipamentos.<\/p>\r\n<p>Art. 3\u00ba A subunidade dever\u00e1 funcionar com a nova estrutura, mas com as fun\u00e7\u00f5es de confian\u00e7a existentes at\u00e9 que haja aumento no quadro de fun\u00e7\u00f5es da UFSM ou que elas sejam dispostas em raz\u00e3o de eventuais altera\u00e7\u00f5es da sua estrutura organizacional, e que a complementa\u00e7\u00e3o do quadro de recursos humanos da subunidade seja feito de acordo com a libera\u00e7\u00e3o, pelo MEC, de vagas para a Institui\u00e7\u00e3o.<\/p>\r\n<p>Art. 4\u00ba Esta resolu\u00e7\u00e3o entrar\u00e1 em vigor na data de sua publica\u00e7\u00e3o, revogadas as disposi\u00e7\u00f5es em contr\u00e1rio.<\/p>\r\n\r\n<p>GABINETE DO REITOR DA UNIVERSIDADE FEDERAL DE SANTA MARIA, aos vinte e seis dias do m\u00eas de dezembro do ano dois mil e seis.<\/p>\r\n<\/div>\r\n<p>Felipe Martins M\u00fcller,<\/p>\r\n<p>Vice-Reitor, no exerc\u00edcio da Reitoria.<\/p>\r\n\r\n<p><font color=\"red0000\">Este texto n\u00e3o substitui o documento original, publicado no Portal de Documentos.<\/font> Dispon\u00edvel em: <a href=\"https:\/\/portal.ufsm.br\/documentos\/publico\/documento.html?id=4391592\"><font color=\"blue\">https:\/\/portal.ufsm.br\/documentos\/publico\/documento.html?id=4391592<\/font><\/a>\r\n\r\n\r\n\t\t<\/div>\n\t\t\t\t<\/div>\n\t\t\t\t\t<\/div>\n\t\t<\/div>\n\t\t\t\t\t<\/div>\n\t\t<\/section>\n\t\t\t\t<\/div>\n\t\t","protected":false},"excerpt":{"rendered":"<p>RESOLU\u00c7\u00c3O N. 016\/2006 MINIST\u00c9RIO DA EDUCA\u00c7\u00c3O UNIVERSIDADE FEDERAL DE SANTA MARIA RESOLU\u00c7\u00c3O N. 016\/2006 Aprova a reestrutura\u00e7\u00e3o da Divis\u00e3o de Arquivo Geral da Universidade Federal de Santa Maria e d\u00e1 outras provid\u00eancias. O VICE-REITOR DA UNIVERSIDADE FEDERAL DE SANTA MARIA, no uso de suas atribui\u00e7\u00f5es legais e estatut\u00e1rias e considerando: &#8211; a necessidade de estabelecer [&hellip;]<\/p>\n","protected":false},"author":205,"featured_media":0,"parent":0,"menu_order":0,"comment_status":"closed","ping_status":"closed","template":"","meta":{"footnotes":""},"categories":[],"tags":[],"class_list":["post-3132","page","type-page","status-publish","hentry"],"acf":[],"_links":{"self":[{"href":"https:\/\/www.ufsm.br\/pro-reitorias\/proplan\/wp-json\/wp\/v2\/pages\/3132","targetHints":{"allow":["GET"]}}],"collection":[{"href":"https:\/\/www.ufsm.br\/pro-reitorias\/proplan\/wp-json\/wp\/v2\/pages"}],"about":[{"href":"https:\/\/www.ufsm.br\/pro-reitorias\/proplan\/wp-json\/wp\/v2\/types\/page"}],"author":[{"embeddable":true,"href":"https:\/\/www.ufsm.br\/pro-reitorias\/proplan\/wp-json\/wp\/v2\/users\/205"}],"replies":[{"embeddable":true,"href":"https:\/\/www.ufsm.br\/pro-reitorias\/proplan\/wp-json\/wp\/v2\/comments?post=3132"}],"version-history":[{"count":0,"href":"https:\/\/www.ufsm.br\/pro-reitorias\/proplan\/wp-json\/wp\/v2\/pages\/3132\/revisions"}],"wp:attachment":[{"href":"https:\/\/www.ufsm.br\/pro-reitorias\/proplan\/wp-json\/wp\/v2\/media?parent=3132"}],"wp:term":[{"taxonomy":"category","embeddable":true,"href":"https:\/\/www.ufsm.br\/pro-reitorias\/proplan\/wp-json\/wp\/v2\/categories?post=3132"},{"taxonomy":"post_tag","embeddable":true,"href":"https:\/\/www.ufsm.br\/pro-reitorias\/proplan\/wp-json\/wp\/v2\/tags?post=3132"}],"curies":[{"name":"wp","href":"https:\/\/api.w.org\/{rel}","templated":true}]}}