{"id":3138,"date":"2020-02-03T08:06:04","date_gmt":"2020-02-03T11:06:04","guid":{"rendered":"https:\/\/www.ufsm.br\/pro-reitorias\/proplan\/?page_id=3138"},"modified":"2020-05-26T08:48:23","modified_gmt":"2020-05-26T11:48:23","slug":"resolucao-n-005-2005","status":"publish","type":"page","link":"https:\/\/www.ufsm.br\/pro-reitorias\/proplan\/resolucao-n-005-2005","title":{"rendered":"Resolu\u00e7\u00e3o N. 005\/2005"},"content":{"rendered":"\t\t<div data-elementor-type=\"wp-page\" data-elementor-id=\"3138\" class=\"elementor elementor-3138\">\n\t\t\t\t\t\t<section class=\"elementor-section elementor-top-section elementor-element elementor-element-8763284 elementor-section-boxed elementor-section-height-default elementor-section-height-default\" data-id=\"8763284\" data-element_type=\"section\">\n\t\t\t\t\t\t<div class=\"elementor-container elementor-column-gap-default\">\n\t\t\t\t\t<div class=\"elementor-column elementor-col-100 elementor-top-column elementor-element elementor-element-b218324\" data-id=\"b218324\" data-element_type=\"column\">\n\t\t\t<div class=\"elementor-widget-wrap elementor-element-populated\">\n\t\t\t\t\t\t<div class=\"elementor-element elementor-element-5f9c9cd elementor-widget elementor-widget-html\" data-id=\"5f9c9cd\" data-element_type=\"widget\" data-widget_type=\"html.default\">\n\t\t\t\t<div class=\"elementor-widget-container\">\n\t\t\t\r\n\r\n\r\n<title><b>RESOLU\u00c7\u00c3O N. 005\/2005<\/b><\/title>\r\n\r\n\r\n<div align=\"center\"><img decoding=\"async\" src=\"https:\/\/www.ufsm.br\/pro-reitorias\/proplan\/wp-content\/uploads\/sites\/344\/2019\/09\/brasao-da-republica-do-brasil-logo.png\" alt=\"Bras\u00e3o Rep\u00fablica Federativa do Brasil\" width=\"6%\" height=\"6%\"><\/div>    \r\n<h1><font color=\"blue\"><font size=\"5\"><div align=\"center\">MINIST\u00c9RIO DA EDUCA\u00c7\u00c3O<\/b><\/font><\/font><\/div><\/H1>\r\n<p><b><font color=\"0000blue\"><div align=\"center\">UNIVERSIDADE FEDERAL DE SANTA MARIA<\/b><\/font><\/div><\/p>\r\n\r\n<p><div align=\"center\"><b><a href=\"https:\/\/portal.ufsm.br\/documentos\/publico\/documento.html?id=4392992\"><font color=\"blue\">RESOLU\u00c7\u00c3O N. 005\/2005<\/font><\/a><\/b><\/div><\/p>\r\n<br>\r\n<p><div align=\"right\"><font color=\"800000\"><strike>Altera a denomina\u00e7\u00e3o do N\u00facleo de Propriedade Intelectual \u2014 NPI da Pr\u00f3-Reitoria de P\u00f3s-Gradua\u00e7\u00e3o e Pesquisa para N\u00facleo de Inova\u00e7\u00e3o e Transfer\u00eancia de Tecnologia \u2014 NIT, expede nova regulamenta\u00e7\u00e3o e revoga a Resolu\u00e7\u00e3o n. 010\/01.<\/strike><\/font><\/div><\/p>\r\n<br>\r\n<p><a href=\"https:\/\/www.ufsm.br\/pro-reitorias\/proplan\/resolucao-n-019-2007\/\"><font color=\"blue\">Revogada pela Resolu\u00e7\u00e3o N. 019\/2007<\/font><\/a><\/p>\r\n<p><a href=\"https:\/\/www.ufsm.br\/pro-reitorias\/proplan\/resolucao-n-001-2015\/\"><font color=\"blue\">Revogada pela Resolu\u00e7\u00e3o N. 001\/2015<\/font><\/a><\/p>\r\n<br>\r\n<strike>\r\n<br><div align=\"justify\">\r\n<p>O REITOR DA UNIVERSIDADE FEDERAL DE SANTA MARIA, no uso de suas atribui\u00e7\u00f5es legais e estatut\u00e1rias, e considerando:<\/p>\r\n<p>- A necessidade de adequar a denomina\u00e7\u00e3o do N\u00facleo de Propriedade Intelectual \u00e0 natureza de suas atividades;<\/p>\r\n<p>- a necessidade de regulamentar uma pol\u00edtica de prote\u00e7\u00e3o do desenvolvimento e dos resultados de pesquisas no \u00e2mbito da Universidade Federal de Santa Maria (direitos autorais, programas de computador, propriedade industrial, cultivares e transfer\u00eancia de tecnologia);<\/p>\r\n<p>- a <a href=\"http:\/\/www.planalto.gov.br\/ccivil_03\/Leis\/L9279.htm\" target=\"_blank\"><font color=\"blue\"><u>Lei 9.279, de 14.05.1996<\/u><\/font><\/a>, que disp\u00f5e sobre a Propriedade Industrial;<\/p>\r\n<p>- a <a href=\"http:\/\/www.planalto.gov.br\/ccivil_03\/LEIS\/L9456.htm\" target=\"_blank\"><font color=\"blue\"><u>Lei 9.456, de 25.04.1997<\/u><\/font><\/a>, que disp\u00f5e sobre a prote\u00e7\u00e3o de cultivares;<\/p>\r\n<p>- a <a href=\"http:\/\/www.planalto.gov.br\/ccivil_03\/leis\/l9610.htm\" target=\"_blank\"><font color=\"blue\"><u>Lei 9.610, de 19.02.1998<\/u><\/font><\/a>, que disp\u00f5e sobre Direitos Autorais;<\/p>\r\n<p>- a <a href=\"http:\/\/www.planalto.gov.br\/ccivil_03\/leis\/L9609.htm\" target=\"_blank\"><font color=\"blue\"><u>Lei 9.609, de 22.04.1998<\/u><\/font><\/a> que disp\u00f5e sobre a prote\u00e7\u00e3o de propriedade do programa de computador;<\/p>\r\n<p>- o <a href=\"http:\/\/www.planalto.gov.br\/ccivil_03\/decreto\/D2553.htm\" target=\"_blank\"><font color=\"blue\"><u>Decreto 2.553, de 16.04.1998<\/u><\/font><\/a>, e a <a href=\"http:\/\/www.finep.gov.br\/component\/content\/article?id=4883:portaria-mct-n-88-de-23-de-abril-de-1998\" target=\"_blank\"><font color=\"blue\"><u>Portaria 88 do MCT, de 23.04.1998<\/u><\/font><\/a>, que tratam do compartilhamento de ganhos econ\u00f4micos resultantes da explora\u00e7\u00e3o de resultados de cria\u00e7\u00e3o intelectual protegidos por direitos de propriedade intelectual;<\/p>\r\n<p>- a legisla\u00e7\u00e3o complementar e a <a href=\"http:\/\/www.planalto.gov.br\/ccivil_03\/_ato2004-2006\/2004\/lei\/l10.973.htm\" target=\"_blank\"><font color=\"blue\"><u>Lei de Inova\u00e7\u00e3o Tecnol\u00f3gica<\/u><\/font><\/a>;<\/p>\r\n<p>- que o registro da propriedade intelectual \u00e9 um patrim\u00f4nio de valor inestim\u00e1vel e que a comercializa\u00e7\u00e3o de patentes se constitui num potencial aporte de recursos adicionais para a UFSM;<\/p>\r\n<p>- O Parecer n. 10\/05, da Comiss\u00e3o de Legisla\u00e7\u00e3o e Regimentos, de 11 de mar\u00e7o de 2005, aprovado na 645\u00aa Sess\u00e3o do Conselho Universit\u00e1rio, de 15.04.2005, referente ao Processo n. <a href=\"https:\/\/portal.ufsm.br\/documentos\/publico\/processo\/documento.html?idDocumento=1391424\" target=\"_blank\"><font color=\"blue\"><u>23081.000017\/2005-22<\/u><\/font><\/a>.<\/p>\r\n<br>\r\n<p><div align=\"center\">RESOLVE:<\/div><\/p>\r\n<br>\r\n<p>Art. 1\u00ba Alterar a denomina\u00e7\u00e3o do N\u00facleo de Propriedade Intelectual \u2014 NPI, da Pr\u00f3-Reitoria de P\u00f3s-Gradua\u00e7\u00e3o e Pesquisa, para N\u00facleo de Inova\u00e7\u00e3o e Transfer\u00eancia de Tecnologia \u2014 NIT.<\/p>\r\n<p>Art. 2\u00ba S\u00e3o objetivos do NIT:<\/p>\r\n<p>I - elaborar e zelar pela manuten\u00e7\u00e3o de pol\u00edticas institucionais de prote\u00e7\u00e3o \u00e0s inova\u00e7\u00f5es, no \u00e2mbito da UFSM;<\/p>\r\n<p>II - promover e opinar para que haja uma adequada prote\u00e7\u00e3o das inova\u00e7\u00f5es geradas no \u00e2mbito da UFSM; e<\/p>\r\n<p>III - promover a integra\u00e7\u00e3o da UFSM com o setor produtivo para a gera\u00e7\u00e3o e Transfer\u00eancia de Tecnologias.<\/p>\r\n\r\n<p>Art. 3\u00ba Todo pesquisador dever\u00e1, obrigatoriamente, informar ao NIT suas inova\u00e7\u00f5es obrigando-se, na defesa do interesse da Universidade, a manter confiabilidade sobre estas e apoiar a Universidade nas atividades de prote\u00e7\u00e3o.<\/p>\r\n<p>\u00a7 1\u00ba A obriga\u00e7\u00e3o de confiabilidade estende-se a todo pessoal envolvido no processo at\u00e9 a data de obten\u00e7\u00e3o da prote\u00e7\u00e3o (Anexo 1).<\/p>\r\n<p>\u00a7 2\u00ba A informa\u00e7\u00e3o oficial de uma inova\u00e7\u00e3o ser\u00e1 feita pelo pesquisador, por meio do preenchimento e envio ao NIT do formul\u00e1rio para cadastro de inova\u00e7\u00f5es no \u00e2mbito da UFSM (Anexo 2).<\/p>\r\n\r\n<p>Art. 4\u00ba Ser\u00e3o propriedade exclusiva da UFSM quaisquer inventos, direitos autorais, programas de computador, desenho industrial, marcas, indica\u00e7\u00f5es geogr\u00e1ficas, modelos de utilidade, prote\u00e7\u00e3o de cultivares, direitos sobre as informa\u00e7\u00f5es n\u00e3o-divulgadas, bem como os direitos decorrentes de outros tipos de prote\u00e7\u00e3o que venham a ser adotadas pela lei brasileira, desenvolvidos no \u00e2mbito da Universidade, desde que decorram da aplica\u00e7\u00e3o de recursos humanos, or\u00e7ament\u00e1rios e\/ou de utiliza\u00e7\u00e3o de recursos como dados, meios, informa\u00e7\u00f5es e equipamentos da Universidade e\/ou realizados durante o hor\u00e1rio de trabalho, independentemente da natureza do v\u00ednculo entre esta e o inventor.<\/p>\r\n<p>Art. 5\u00ba O direito de propriedade mencionado poder\u00e1 ser exercido em conjunto com outras institui\u00e7\u00f5es participantes do projeto gerador do invento ou obra intelectual, desde que, no documento contratual celebrado pelos participantes, tenha havido expressa previs\u00e3o de co-participa\u00e7\u00e3o na propriedade.<\/p>\r\n<p>Art. 6\u00ba A Universidade se incumbir\u00e1 da formaliza\u00e7\u00e3o, encaminhamento, acompanhamento e despesa dos pedidos junto aos \u00f3rg\u00e3os competentes, no Pa\u00eds e\/ou no exterior.<\/p>\r\n<p>Art. 7\u00ba As despesas de dep\u00f3sito ou registro de pedido de prote\u00e7\u00e3o \u00e0s inova\u00e7\u00f5es, os encargos peri\u00f3dicos de manuten\u00e7\u00e3o da prote\u00e7\u00e3o, bem como quaisquer encargos administrativos e judiciais ser\u00e3o deduzidos do valor total dos ganhos a serem compartilhados.<\/p>\r\n<p>Art. 8\u00ba A UFSM, por meio do NIT, far\u00e1 a seguinte destina\u00e7\u00e3o dos resultados financeiros do artigo anterior obtidos pela explora\u00e7\u00e3o dos direitos:<\/p>\r\n<p>I - um ter\u00e7o para o(s) autor(es), a t\u00edtulo de incentivo pelo resultado da prote\u00e7\u00e3o da invoca\u00e7\u00e3o;<\/p>\r\n<p>II - um ter\u00e7o para o(s) departamento(s) e\/ou \u00f3rg\u00e3o(s) da UFSM a que perten\u00e7am os autores, e<\/p>\r\n<p>III - um ter\u00e7o para o N\u00facleo de Inova\u00e7\u00e3o e Transfer\u00eancia de Tecnologia.<\/p>\r\n\r\n<p>Art. 9\u00ba Caber\u00e1 \u00e0 UFSM, na medida de seu interesse, estipular a prote\u00e7\u00e3o \u00e0s inova\u00e7\u00f5es geradas em suas unidades universit\u00e1rias e apoiar a Transfer\u00eancia de Tecnologias para o setor produtivo para explorar economicamente os inventos de sua propriedade.<\/p>\r\n<p>Art. 10 A an\u00e1lise do interesse da Universidade para a prote\u00e7\u00e3o das inova\u00e7\u00f5es dever\u00e1 levar em conta a viabilidade t\u00e9cnica e econ\u00f4mica do produto ou processo desenvolvido pelo pesquisador.<\/p>\r\n<p>\u00a7 1\u00ba Caber\u00e1 ao NIT a an\u00e1lise do interesse de que trata o presente artigo.<\/p>\r\n<p>\u00a7 2\u00ba Quando o resultado do estudo da viabilidade t\u00e9cnica e econ\u00f4mica apontar para a n\u00e3o-prote\u00e7\u00e3o ou utiliza\u00e7\u00e3o da inova\u00e7\u00e3o, a UFSM dever\u00e1 renunciar ao direito de requerer o respectivo registro, cedendo gratuitamente o direito de o fazer em seu nome.<\/p>\r\n\r\n<p>Art. 11 A UFSM se reserva o direito de transferir, vender, licenciar ou realizar qualquer forma de acordo com terceiros, visando a explorar economicamente os inventos de sua propriedade, observados, na hip\u00f3tese do art. 8\u00ba, os limites de sua co-participa\u00e7\u00e3o.<\/p>\r\n<p>Art. 12 A premia\u00e7\u00e3o de parcela do valor das vantagens auferidas pela UFSM com a explora\u00e7\u00e3o de uma inova\u00e7\u00e3o destinada ao servidor n\u00e3o se incorpora, a qualquer t\u00edtulo, aos seus vencimentos.<\/p>\r\n<p>Art. 13 Caber\u00e1 ao NIT definir e implementar as normas operacionais necess\u00e1rias \u00e0 formaliza\u00e7\u00e3o, ao encaminhamento, e ao acompanhamento dos processos de prote\u00e7\u00e3o \u00e0s inova\u00e7\u00f5es, tais como propriedade industrial, direito do autor, programa de computador e cultivares.<\/p>\r\n<p>Art. 14 Os crimes contra a Propriedade Industrial s\u00e3o pass\u00edveis das penalidades previstas em lei.<\/p>\r\n<p>Art. 15 Esta resolu\u00e7\u00e3o entra em vigor na data de sua publica\u00e7\u00e3o e revoga a <a href=\"https:\/\/www.ufsm.br\/pro-reitorias\/proplan\/resolucao-n-010-2001\/\" target=\"_blank\"><font color=\"blue\"><u>resolu\u00e7\u00e3o n. 10\/2001, de 5.10.2001<\/u><\/font><\/a>.<\/p>\r\n\r\n<p>GABINETE DO REITOR DA UNIVERSIDADE FEDERAL DE SANTA MARIA, aos dezenove dias do m\u00eas de abril do ano de dois mil e cinco.<\/p>\r\n<\/div>\r\n<p>Paulo Jorge Sarkis,<\/p>\r\n<p>Reitor.<\/p>\r\n<\/strike>\r\n<p><font color=\"red0000\">Este texto n\u00e3o substitui o documento original, publicado no Portal de Documentos.<\/font> Dispon\u00edvel em: <a href=\"https:\/\/portal.ufsm.br\/documentos\/publico\/documento.html?id=4392992\"><font color=\"blue\">https:\/\/portal.ufsm.br\/documentos\/publico\/documento.html?id=4392992<\/font><\/a>\r\n\r\n\t\t<\/div>\n\t\t\t\t<\/div>\n\t\t\t\t\t<\/div>\n\t\t<\/div>\n\t\t\t\t\t<\/div>\n\t\t<\/section>\n\t\t\t\t<\/div>\n\t\t","protected":false},"excerpt":{"rendered":"<p>RESOLU\u00c7\u00c3O N. 005\/2005 MINIST\u00c9RIO DA EDUCA\u00c7\u00c3O UNIVERSIDADE FEDERAL DE SANTA MARIA RESOLU\u00c7\u00c3O N. 005\/2005 Altera a denomina\u00e7\u00e3o do N\u00facleo de Propriedade Intelectual \u2014 NPI da Pr\u00f3-Reitoria de P\u00f3s-Gradua\u00e7\u00e3o e Pesquisa para N\u00facleo de Inova\u00e7\u00e3o e Transfer\u00eancia de Tecnologia \u2014 NIT, expede nova regulamenta\u00e7\u00e3o e revoga a Resolu\u00e7\u00e3o n. 010\/01. Revogada pela Resolu\u00e7\u00e3o N. 019\/2007 Revogada [&hellip;]<\/p>\n","protected":false},"author":205,"featured_media":0,"parent":0,"menu_order":0,"comment_status":"closed","ping_status":"closed","template":"","meta":{"footnotes":""},"categories":[],"tags":[],"class_list":["post-3138","page","type-page","status-publish","hentry"],"acf":[],"_links":{"self":[{"href":"https:\/\/www.ufsm.br\/pro-reitorias\/proplan\/wp-json\/wp\/v2\/pages\/3138","targetHints":{"allow":["GET"]}}],"collection":[{"href":"https:\/\/www.ufsm.br\/pro-reitorias\/proplan\/wp-json\/wp\/v2\/pages"}],"about":[{"href":"https:\/\/www.ufsm.br\/pro-reitorias\/proplan\/wp-json\/wp\/v2\/types\/page"}],"author":[{"embeddable":true,"href":"https:\/\/www.ufsm.br\/pro-reitorias\/proplan\/wp-json\/wp\/v2\/users\/205"}],"replies":[{"embeddable":true,"href":"https:\/\/www.ufsm.br\/pro-reitorias\/proplan\/wp-json\/wp\/v2\/comments?post=3138"}],"version-history":[{"count":0,"href":"https:\/\/www.ufsm.br\/pro-reitorias\/proplan\/wp-json\/wp\/v2\/pages\/3138\/revisions"}],"wp:attachment":[{"href":"https:\/\/www.ufsm.br\/pro-reitorias\/proplan\/wp-json\/wp\/v2\/media?parent=3138"}],"wp:term":[{"taxonomy":"category","embeddable":true,"href":"https:\/\/www.ufsm.br\/pro-reitorias\/proplan\/wp-json\/wp\/v2\/categories?post=3138"},{"taxonomy":"post_tag","embeddable":true,"href":"https:\/\/www.ufsm.br\/pro-reitorias\/proplan\/wp-json\/wp\/v2\/tags?post=3138"}],"curies":[{"name":"wp","href":"https:\/\/api.w.org\/{rel}","templated":true}]}}