{"id":3141,"date":"2020-02-03T08:09:06","date_gmt":"2020-02-03T11:09:06","guid":{"rendered":"https:\/\/www.ufsm.br\/pro-reitorias\/proplan\/?page_id=3141"},"modified":"2023-03-02T08:08:49","modified_gmt":"2023-03-02T11:08:49","slug":"resolucao-n-008-2005","status":"publish","type":"page","link":"https:\/\/www.ufsm.br\/pro-reitorias\/proplan\/resolucao-n-008-2005","title":{"rendered":"Resolu\u00e7\u00e3o N. 008\/2005"},"content":{"rendered":"\t\t<div data-elementor-type=\"wp-page\" data-elementor-id=\"3141\" class=\"elementor elementor-3141\">\n\t\t\t\t\t\t<section class=\"elementor-section elementor-top-section elementor-element elementor-element-59f242b elementor-section-boxed elementor-section-height-default elementor-section-height-default\" data-id=\"59f242b\" data-element_type=\"section\">\n\t\t\t\t\t\t<div class=\"elementor-container elementor-column-gap-default\">\n\t\t\t\t\t<div class=\"elementor-column elementor-col-100 elementor-top-column elementor-element elementor-element-34a60a1\" data-id=\"34a60a1\" data-element_type=\"column\">\n\t\t\t<div class=\"elementor-widget-wrap elementor-element-populated\">\n\t\t\t\t\t\t<div class=\"elementor-element elementor-element-f8c4f52 elementor-widget elementor-widget-html\" data-id=\"f8c4f52\" data-element_type=\"widget\" data-widget_type=\"html.default\">\n\t\t\t\t<div class=\"elementor-widget-container\">\n\t\t\t\r\n\r\n\r\n<title><b>RESOLU\u00c7\u00c3O N. 008\/2005<\/b><\/title>\r\n\r\n\r\n<div align=\"center\"><img decoding=\"async\" src=\"https:\/\/www.ufsm.br\/pro-reitorias\/proplan\/wp-content\/uploads\/sites\/344\/2019\/09\/brasao-da-republica-do-brasil-logo.png\" alt=\"Bras\u00e3o Rep\u00fablica Federativa do Brasil\" width=\"6%\" height=\"6%\"><\/div>    \r\n<h1><font color=\"blue\"><font size=\"5\"><div align=\"center\">MINIST\u00c9RIO DA EDUCA\u00c7\u00c3O<\/b><\/font><\/font><\/div><\/H1>\r\n<p><b><font color=\"0000blue\"><div align=\"center\">UNIVERSIDADE FEDERAL DE SANTA MARIA<\/b><\/font><\/div><\/p>\r\n\r\n<p><div align=\"center\"><b><a href=\"https:\/\/portal.ufsm.br\/documentos\/publico\/documento.html?id=4392995\"><font color=\"blue\">RESOLU\u00c7\u00c3O N. 008\/2005<\/font><\/a><\/b><\/div><\/p>\r\n<br>\r\n<p><div align=\"right\"><font color=\"800000\">Estabelece normas para realiza\u00e7\u00e3o da Jornada Acad\u00eamica Integrada e d\u00e1 outras provid\u00eancias.<\/font><\/div><\/p>\r\n<br>\r\n<p><a href=\"https:\/\/www.ufsm.br\/pro-reitorias\/proplan?page_id=5278\" target=\"_blank\"><font color=\"blue\">Revogada pela Resolu\u00e7\u00e3o UFSM N. 118\/2023<\/font><\/a><\/p>\r\n<br><div align=\"justify\">\r\n<s><p>O REITOR DA UNIVERSIDADE FEDERAL DE SANTA MARIA, no uso de suas atribui\u00e7\u00f5es legais e estatut\u00e1rias, e considerando:<\/p>\r\n<p>- o disposto na <a href=\"https:\/\/www.ufsm.br\/pro-reitorias\/proplan\/resolucao-n-022-1999\/\" target=\"_blank\"><font color=\"blue\"><u>Resolu\u00e7\u00e3o n. 22\/99-UFSM, de 19.11.1999<\/u><\/font><\/a>, art. 3\u00ba, inciso I e seu par\u00e1grafo \u00fanico;<\/p>\r\n<p>- o disposto na <a href=\"https:\/\/www.ufsm.br\/pro-reitorias\/proplan\/resolucao-n-015-2004\/\" target=\"_blank\"><font color=\"blue\"><u>Resolu\u00e7\u00e3o n. 015\/04-UFSM, de 10.12.2004<\/u><\/font><\/a>;<\/p>\r\n<p>- as recomenda\u00e7\u00f5es das pr\u00f3-reitorias envolvidas no Evento Jornada Acad\u00eamica Integrada;<\/p>\r\n<p>- a disponibiliza\u00e7\u00e3o de dezesseis semanas letivas, para inclus\u00e3o da Jornada Acad\u00eamica Integrada no segundo semestre, como atividade oficial, aprovada pelos pareceres n. 144\/04 e 60\/04, na 657\u00aa Sess\u00e3o do Conselho de Ensino, Pesquisa e Extens\u00e3o, datada de 12.11.04;<\/p>\r\n<p>- o Parecer n. 067\/05 da Comiss\u00e3o de Legisla\u00e7\u00e3o e Normas, aprovado na 667\u00aa Sess\u00e3o do Conselho de Ensino, Pesquisa e Extens\u00e3o, de 12.8.05, referente ao Processo n. <a href=\"https:\/\/portal.ufsm.br\/documentos\/publico\/processo\/documento.html?idDocumento=1735696\" target=\"_blank\"><font color=\"blue\"><u>23081.013125\/2006-65<\/u><\/font><\/a>.<\/p>\r\n<br>\r\n<p><div align=\"center\">RESOLVE:<\/div><\/p>\r\n<br>\r\n<p>Art. 1\u00ba A Jornada Acad\u00eamica Integrada \u00e9 um evento institucional, constante do calend\u00e1rio escolar da UFSM, objetivando a apresenta\u00e7\u00e3o p\u00fablica de trabalhos cient\u00edficos, desenvolvidos na Universidade, em atividades de ensino, pesquisa e extens\u00e3o.<\/p>\r\n<p>\u00a7 1\u00ba A Jornada Acad\u00eamica Integrada \u00e9 uma atividade complementar de gradua\u00e7\u00e3o.<\/p>\r\n<p>\u00a7 2\u00ba Para o devido registro da Jornada Acad\u00eamica Integrada como atividade complementar de gradua\u00e7\u00e3o, o aluno dever\u00e1 apresentar ao colegiado de seu curso o respectivo certificado.<\/p>\r\n<p>\u00a7 3\u00ba Ao colegiado de curso cabe determinar o n\u00famero de horas de atividade complementar de gradua\u00e7\u00e3o que ser\u00e3o creditadas ao hist\u00f3rico do aluno.<\/p>\r\n\r\n<p>Art. 2\u00ba A organiza\u00e7\u00e3o das atividades da Jornada Acad\u00eamica Integrada estar\u00e1 sob responsabilidade das Pr\u00f3-Reitorias de P\u00f3s-Gradua\u00e7\u00e3o e Pesquisa, Gradua\u00e7\u00e3o e Extens\u00e3o.<\/p>\r\n<p>Par\u00e1grafo \u00fanico. As inscri\u00e7\u00f5es para a Jornada Acad\u00eamica Integrada dever\u00e3o ser efetuadas na p\u00e1gina do evento na Internet (<a href=\"http:\/\/www.ufsm.br\/jornada\" target=\"_blank\"><font color=\"blue\"><u>http:\/\/www.ufsm.br\/jornada<\/u><\/font><\/a>).<\/p>\r\n\r\n<p>Art. 3\u00ba Durante o per\u00edodo de realiza\u00e7\u00e3o da Jornada Acad\u00eamica Integrada na UFSM, considerada como atividade letiva, n\u00e3o haver\u00e1 aulas formais na Institui\u00e7\u00e3o, nem a aplica\u00e7\u00e3o de avalia\u00e7\u00f5es, para permitir a participa\u00e7\u00e3o integral da comunidade acad\u00eamica.<\/p>\r\n<p>Art. 4\u00ba O controle da frequ\u00eancia na Jornada Acad\u00eamica Integrada ser\u00e1 de responsabilidade da respectiva unidade universit\u00e1ria que o enviar\u00e1 \u00e0 PRPGP no prazo m\u00e1ximo de quinze dias ap\u00f3s o encerramento da Jornada.<\/p>\r\n<p>Art. 5\u00ba Esta resolu\u00e7\u00e3o entra em vigor na data de sua publica\u00e7\u00e3o e revoga a <a href=\"https:\/\/www.ufsm.br\/pro-reitorias\/proplan\/resolucao-n-015-2004\/\" target=\"_blank\"><font color=\"blue\"><u>resolu\u00e7\u00e3o n. 015\/04-UFSM, de 10.12.2004<\/u><\/font><\/a>.<\/p>\r\n\r\n<p>GABINETE DO REITOR DA UNIVERSIDADE FEDERAL DE SANTA MARIA, aos dezenove dias do m\u00eas de agosto do ano de dois mil e cinco.<\/p>\r\n<\/div>\r\n<p>Paulo Jorge Sarkis,<\/p>\r\n<p>Reitor.<\/p><\/s>\r\n\r\n<p><font color=\"red0000\">Este texto n\u00e3o substitui o documento original, publicado no Portal de Documentos.<\/font> Dispon\u00edvel em: <a href=\"https:\/\/portal.ufsm.br\/documentos\/publico\/documento.html?id=4392995\"><font color=\"blue\">https:\/\/portal.ufsm.br\/documentos\/publico\/documento.html?id=4392995<\/font><\/a>\r\n\r\n\t\t<\/div>\n\t\t\t\t<\/div>\n\t\t\t\t\t<\/div>\n\t\t<\/div>\n\t\t\t\t\t<\/div>\n\t\t<\/section>\n\t\t\t\t<\/div>\n\t\t","protected":false},"excerpt":{"rendered":"<p>RESOLU\u00c7\u00c3O N. 008\/2005 MINIST\u00c9RIO DA EDUCA\u00c7\u00c3O UNIVERSIDADE FEDERAL DE SANTA MARIA RESOLU\u00c7\u00c3O N. 008\/2005 Estabelece normas para realiza\u00e7\u00e3o da Jornada Acad\u00eamica Integrada e d\u00e1 outras provid\u00eancias. Revogada pela Resolu\u00e7\u00e3o UFSM N. 118\/2023 O REITOR DA UNIVERSIDADE FEDERAL DE SANTA MARIA, no uso de suas atribui\u00e7\u00f5es legais e estatut\u00e1rias, e considerando: &#8211; o disposto na Resolu\u00e7\u00e3o [&hellip;]<\/p>\n","protected":false},"author":205,"featured_media":0,"parent":0,"menu_order":0,"comment_status":"closed","ping_status":"closed","template":"","meta":{"footnotes":""},"categories":[],"tags":[],"class_list":["post-3141","page","type-page","status-publish","hentry"],"acf":[],"_links":{"self":[{"href":"https:\/\/www.ufsm.br\/pro-reitorias\/proplan\/wp-json\/wp\/v2\/pages\/3141","targetHints":{"allow":["GET"]}}],"collection":[{"href":"https:\/\/www.ufsm.br\/pro-reitorias\/proplan\/wp-json\/wp\/v2\/pages"}],"about":[{"href":"https:\/\/www.ufsm.br\/pro-reitorias\/proplan\/wp-json\/wp\/v2\/types\/page"}],"author":[{"embeddable":true,"href":"https:\/\/www.ufsm.br\/pro-reitorias\/proplan\/wp-json\/wp\/v2\/users\/205"}],"replies":[{"embeddable":true,"href":"https:\/\/www.ufsm.br\/pro-reitorias\/proplan\/wp-json\/wp\/v2\/comments?post=3141"}],"version-history":[{"count":0,"href":"https:\/\/www.ufsm.br\/pro-reitorias\/proplan\/wp-json\/wp\/v2\/pages\/3141\/revisions"}],"wp:attachment":[{"href":"https:\/\/www.ufsm.br\/pro-reitorias\/proplan\/wp-json\/wp\/v2\/media?parent=3141"}],"wp:term":[{"taxonomy":"category","embeddable":true,"href":"https:\/\/www.ufsm.br\/pro-reitorias\/proplan\/wp-json\/wp\/v2\/categories?post=3141"},{"taxonomy":"post_tag","embeddable":true,"href":"https:\/\/www.ufsm.br\/pro-reitorias\/proplan\/wp-json\/wp\/v2\/tags?post=3141"}],"curies":[{"name":"wp","href":"https:\/\/api.w.org\/{rel}","templated":true}]}}