{"id":3147,"date":"2020-02-03T08:13:31","date_gmt":"2020-02-03T11:13:31","guid":{"rendered":"https:\/\/www.ufsm.br\/pro-reitorias\/proplan\/?page_id=3147"},"modified":"2020-07-20T13:41:07","modified_gmt":"2020-07-20T16:41:07","slug":"resolucao-n-013-2005","status":"publish","type":"page","link":"https:\/\/www.ufsm.br\/pro-reitorias\/proplan\/resolucao-n-013-2005","title":{"rendered":"Resolu\u00e7\u00e3o N. 013\/2005"},"content":{"rendered":"\t\t<div data-elementor-type=\"wp-page\" data-elementor-id=\"3147\" class=\"elementor elementor-3147\">\n\t\t\t\t\t\t<section class=\"elementor-section elementor-top-section elementor-element elementor-element-041bfab elementor-section-boxed elementor-section-height-default elementor-section-height-default\" data-id=\"041bfab\" data-element_type=\"section\">\n\t\t\t\t\t\t<div class=\"elementor-container elementor-column-gap-default\">\n\t\t\t\t\t<div class=\"elementor-column elementor-col-100 elementor-top-column elementor-element elementor-element-b1dcea3\" data-id=\"b1dcea3\" data-element_type=\"column\">\n\t\t\t<div class=\"elementor-widget-wrap elementor-element-populated\">\n\t\t\t\t\t\t<div class=\"elementor-element elementor-element-f152008 elementor-widget elementor-widget-html\" data-id=\"f152008\" data-element_type=\"widget\" data-widget_type=\"html.default\">\n\t\t\t\t<div class=\"elementor-widget-container\">\n\t\t\t\r\n\r\n\r\n<title><b>RESOLU\u00c7\u00c3O N. 013\/2005<\/b><\/title>\r\n\r\n\r\n<div align=\"center\"><img decoding=\"async\" src=\"https:\/\/www.ufsm.br\/pro-reitorias\/proplan\/wp-content\/uploads\/sites\/344\/2019\/09\/brasao-da-republica-do-brasil-logo.png\" alt=\"Bras\u00e3o Rep\u00fablica Federativa do Brasil\" width=\"6%\" height=\"6%\"><\/div>    \r\n<h1><font color=\"blue\"><font size=\"5\"><div align=\"center\">MINIST\u00c9RIO DA EDUCA\u00c7\u00c3O<\/b><\/font><\/font><\/div><\/H1>\r\n<p><b><font color=\"0000blue\"><div align=\"center\">UNIVERSIDADE FEDERAL DE SANTA MARIA<\/b><\/font><\/div><\/p>\r\n\r\n<p><div align=\"center\"><b><a href=\"https:\/\/portal.ufsm.br\/documentos\/publico\/documento.html?id=4393000\"><font color=\"blue\">RESOLU\u00c7\u00c3O N. 013\/2005<\/font><\/a><\/b><\/div><\/p>\r\n<br>\r\n<p><div align=\"right\"><font color=\"800000\"><strike>Ratifica a unifica\u00e7\u00e3o do processo eletivo dos representantes dos servidores nos Conselhos Superiores e disp\u00f5e sobre o in\u00edcio de seus mandatos.<\/strike><\/font><\/div><\/p>\r\n<br>\r\n<p><a href=\"https:\/\/www.ufsm.br\/pro-reitorias\/proplan\/resolucao-n-022-2020\/\" target=\"_blank\"><font color=\"blue\">Revogada pela Resolu\u00e7\u00e3o N. 022\/2020<\/font><\/a><\/p>\r\n<br>\r\n<br><div align=\"justify\">\r\n<strike>\r\n<p>O REITOR DA UNIVERSIDADE FEDERAL DE SANTA MARIA, no uso de suas atribui\u00e7\u00f5es legais e estatut\u00e1rias, e considerando:<\/p>\r\n<p>- o disposto na <a href=\"https:\/\/www.ufsm.br\/pro-reitorias\/proplan\/resolucao-n-013-2002\/\" target=\"_blank\"><font color=\"blue\"><u>Resolu\u00e7\u00e3o n. 13\/02, de 20.12.02<\/u><\/font><\/a>, que altera o tempo de dura\u00e7\u00e3o dos mandatos dos representantes dos servidores docentes de Ensino Superior e M\u00e9dio e Tecnol\u00f3gico no Conselho de Ensino, Pesquisa e Extens\u00e3o, prorroga o tempo de dura\u00e7\u00e3o dos mandatos atuais dessas categorias no Conselho Universit\u00e1rio e unifica o processo eletivo dos representantes dessas categorias para os tr\u00eas Conselhos Superiores da UFSM;<\/p>\r\n<p>- o disposto na <a href=\"https:\/\/www.ufsm.br\/pro-reitorias\/proplan\/resolucao-n-014-2003\/\" target=\"_blank\"><font color=\"blue\"><u>Resolu\u00e7\u00e3o n. 14\/03, de 20.12.02<\/u><\/font><\/a>, que altera o tempo de dura\u00e7\u00e3o do mandato dos representantes dos servidores t\u00e9cnico-administrativos no Conselho de Ensino, Pesquisa e Extens\u00e3o, prorroga o tempo de dura\u00e7\u00e3o do mandato atual da categoria no Conselho de Curadores e no Conselho Universit\u00e1rio e unifica o processo eletivo dos representantes dessa categoria para os tr\u00eas Conselhos Superiores da UFSM;<\/p>\r\n<p>- a n\u00e3o-reformula\u00e7\u00e3o da contagem de prazo dos mandatos;<\/p>\r\n<p>- o Parecer n. 034\/05, da Comiss\u00e3o de Legisla\u00e7\u00e3o e Regimentos, aprovado na 649\u00aa Sess\u00e3o, do Conselho Universit\u00e1rio, de 19.08.05, relativo ao Processo n. <a href=\"https:\/\/portal.ufsm.br\/documentos\/publico\/processo\/documento.html?idDocumento=782096\" target=\"_blank\"><font color=\"blue\"><u>23081.013942\/2002-71<\/u><\/font><\/a>.<\/p>\r\n<br>\r\n<p><div align=\"center\">RESOLVE:<\/div><\/p>\r\n<br>\r\n<p>Art. 1\u00ba Ratificar a unifica\u00e7\u00e3o do processo eletivo dos representantes dos servidores docentes do Ensino Superior e do Ensino M\u00e9dio e Tecnol\u00f3gico, e servidores t\u00e9cnico-administrativos nos tr\u00eas Conselhos Superiores da UFSM, nos termos da Portaria n. 47.769\/2005.<\/p>\r\n<p>Art. 2\u00ba A dura\u00e7\u00e3o dos mandatos dos representantes dos servidores docentes do Ensino Superior e do Ensino M\u00e9dio e Tecnol\u00f3gico, e dos servidores t\u00e9cnico-administrativos ser\u00e1 computada a partir da data da portaria de nomea\u00e7\u00e3o e n\u00e3o pela de posse, ocorrida na primeira sess\u00e3o posterior \u00e0 elei\u00e7\u00e3o.<\/p>\r\n<p>Art. 3\u00ba Esta resolu\u00e7\u00e3o entra em vigor na data de sua publica\u00e7\u00e3o, revogadas as disposi\u00e7\u00f5es em contr\u00e1rio.<\/p>\r\n\r\n<p>GABINETE DO REITOR DA UNIVERSIDADE FEDERAL DE SANTA MARIA, aos trinta e um dias do m\u00eas de agosto do ano dois mil e cinco.\/p&gt;\r\n<\/div>\r\n<p>Paulo Jorge Sarkis,<\/p>\r\n<p>Reitor.<\/p>\r\n<\/strike>\r\n\r\n<p><font color=\"red0000\">Este texto n\u00e3o substitui o documento original, publicado no Portal de Documentos.<\/font> Dispon\u00edvel em: <a href=\"https:\/\/portal.ufsm.br\/documentos\/publico\/documento.html?id=4393000\"><font color=\"blue\">https:\/\/portal.ufsm.br\/documentos\/publico\/documento.html?id=4393000<\/font><\/a>\r\n\r\n\t\t<\/div>\n\t\t\t\t<\/div>\n\t\t\t\t\t<\/div>\n\t\t<\/div>\n\t\t\t\t\t<\/div>\n\t\t<\/section>\n\t\t\t\t<\/div>\n\t\t","protected":false},"excerpt":{"rendered":"<p>RESOLU\u00c7\u00c3O N. 013\/2005 MINIST\u00c9RIO DA EDUCA\u00c7\u00c3O UNIVERSIDADE FEDERAL DE SANTA MARIA RESOLU\u00c7\u00c3O N. 013\/2005 Ratifica a unifica\u00e7\u00e3o do processo eletivo dos representantes dos servidores nos Conselhos Superiores e disp\u00f5e sobre o in\u00edcio de seus mandatos. Revogada pela Resolu\u00e7\u00e3o N. 022\/2020 O REITOR DA UNIVERSIDADE FEDERAL DE SANTA MARIA, no uso de suas atribui\u00e7\u00f5es legais e [&hellip;]<\/p>\n","protected":false},"author":205,"featured_media":0,"parent":0,"menu_order":0,"comment_status":"closed","ping_status":"closed","template":"","meta":{"footnotes":""},"categories":[],"tags":[],"class_list":["post-3147","page","type-page","status-publish","hentry"],"acf":[],"_links":{"self":[{"href":"https:\/\/www.ufsm.br\/pro-reitorias\/proplan\/wp-json\/wp\/v2\/pages\/3147","targetHints":{"allow":["GET"]}}],"collection":[{"href":"https:\/\/www.ufsm.br\/pro-reitorias\/proplan\/wp-json\/wp\/v2\/pages"}],"about":[{"href":"https:\/\/www.ufsm.br\/pro-reitorias\/proplan\/wp-json\/wp\/v2\/types\/page"}],"author":[{"embeddable":true,"href":"https:\/\/www.ufsm.br\/pro-reitorias\/proplan\/wp-json\/wp\/v2\/users\/205"}],"replies":[{"embeddable":true,"href":"https:\/\/www.ufsm.br\/pro-reitorias\/proplan\/wp-json\/wp\/v2\/comments?post=3147"}],"version-history":[{"count":0,"href":"https:\/\/www.ufsm.br\/pro-reitorias\/proplan\/wp-json\/wp\/v2\/pages\/3147\/revisions"}],"wp:attachment":[{"href":"https:\/\/www.ufsm.br\/pro-reitorias\/proplan\/wp-json\/wp\/v2\/media?parent=3147"}],"wp:term":[{"taxonomy":"category","embeddable":true,"href":"https:\/\/www.ufsm.br\/pro-reitorias\/proplan\/wp-json\/wp\/v2\/categories?post=3147"},{"taxonomy":"post_tag","embeddable":true,"href":"https:\/\/www.ufsm.br\/pro-reitorias\/proplan\/wp-json\/wp\/v2\/tags?post=3147"}],"curies":[{"name":"wp","href":"https:\/\/api.w.org\/{rel}","templated":true}]}}