{"id":3153,"date":"2020-02-03T08:18:46","date_gmt":"2020-02-03T11:18:46","guid":{"rendered":"https:\/\/www.ufsm.br\/pro-reitorias\/proplan\/?page_id=3153"},"modified":"2020-05-26T08:53:42","modified_gmt":"2020-05-26T11:53:42","slug":"resolucao-n-002-2004","status":"publish","type":"page","link":"https:\/\/www.ufsm.br\/pro-reitorias\/proplan\/resolucao-n-002-2004","title":{"rendered":"Resolu\u00e7\u00e3o N. 002\/2004"},"content":{"rendered":"\t\t<div data-elementor-type=\"wp-page\" data-elementor-id=\"3153\" class=\"elementor elementor-3153\">\n\t\t\t\t\t\t<section class=\"elementor-section elementor-top-section elementor-element elementor-element-1257fb1 elementor-section-boxed elementor-section-height-default elementor-section-height-default\" data-id=\"1257fb1\" data-element_type=\"section\">\n\t\t\t\t\t\t<div class=\"elementor-container elementor-column-gap-default\">\n\t\t\t\t\t<div class=\"elementor-column elementor-col-100 elementor-top-column elementor-element elementor-element-d7d83e5\" data-id=\"d7d83e5\" data-element_type=\"column\">\n\t\t\t<div class=\"elementor-widget-wrap elementor-element-populated\">\n\t\t\t\t\t\t<div class=\"elementor-element elementor-element-c9b4481 elementor-widget elementor-widget-html\" data-id=\"c9b4481\" data-element_type=\"widget\" data-widget_type=\"html.default\">\n\t\t\t\t<div class=\"elementor-widget-container\">\n\t\t\t\r\n\r\n\r\n<title><b>RESOLU\u00c7\u00c3O N. 002\/2004<\/b><\/title>\r\n\r\n\r\n<div align=\"center\"><img decoding=\"async\" src=\"https:\/\/www.ufsm.br\/pro-reitorias\/proplan\/wp-content\/uploads\/sites\/344\/2019\/09\/brasao-da-republica-do-brasil-logo.png\" alt=\"Bras\u00e3o Rep\u00fablica Federativa do Brasil\" width=\"6%\" height=\"6%\"><\/div>    \r\n<h1><font color=\"blue\"><font size=\"5\"><div align=\"center\">MINIST\u00c9RIO DA EDUCA\u00c7\u00c3O<\/b><\/font><\/font><\/div><\/H1>\r\n<p><b><font color=\"0000blue\"><div align=\"center\">UNIVERSIDADE FEDERAL DE SANTA MARIA<\/b><\/font><\/div><\/p>\r\n\r\n<p><div align=\"center\"><b><a href=\"https:\/\/portal.ufsm.br\/documentos\/publico\/documento.html?id=4434828\"><font color=\"blue\">RESOLU\u00c7\u00c3O N. 002\/2004<\/font><\/a><\/b><\/div><\/p>\r\n<br>\r\n<p><div align=\"right\"><font color=\"800000\"><strike>Disp\u00f5e sobre a regulamenta\u00e7\u00e3o da Educa\u00e7\u00e3o a Dist\u00e2ncia na Universidade Federal de Santa Maria e d\u00e1 outras provid\u00eancias.<\/strike><\/font><\/div><\/p>\r\n<br>\r\n<p><a href=\"https:\/\/www.ufsm.br\/pro-reitorias\/proplan\/resolucao-n-012-2008\/\"><font color=\"blue\">Revogada pela Resolu\u00e7\u00e3o N. 012\/2008<\/font><\/a><\/p>\r\n<br>\r\n<strike>\r\n<br><div align=\"justify\">\r\n<p>O REITOR DA UNIVERSIDADE FEDERAL DE SANTA MARIA, no uso de suas atribui\u00e7\u00f5es legais e estatut\u00e1rias, e de acordo com o disposto na <a href=\"http:\/\/www.planalto.gov.br\/ccivil_03\/leis\/l9394.htm\" target=\"_blank\"><font color=\"blue\"><u>Lei n. 9.394, de 20 de dezembro de 1996<\/u><\/font><\/a>, na <a href=\"http:\/\/www.planalto.gov.br\/ccivil_03\/leis\/leis_2001\/l10172.htm\" target=\"_blank\"><font color=\"blue\"><u>Lei n. 10.172\/01, de 9 de janeiro de 2001<\/u><\/font><\/a>, e considerando a aprova\u00e7\u00e3o pelo Conselho Universit\u00e1rio em sua 632\u00ba Sess\u00e3o, de 23 de janeiro de 2003, conforme Processo n. <a href=\"https:\/\/portal.ufsm.br\/documentos\/publico\/processo\/documento.html?idDocumento=1159704\" target=\"_blank\"><font color=\"blue\"><u>23081.013995\/2003-72<\/u><\/font><\/a>.<\/p>\r\n<br>\r\n<p><div align=\"center\">RESOLVE:<\/div><\/p>\r\n<br>\r\n<p>Art.1\u00ba Educa\u00e7\u00e3o a Dist\u00e2ncia (EAD) \u00e9 caracterizada pela realiza\u00e7\u00e3o de um processo de ensino-aprendizagem, com media\u00e7\u00e3o docente e de recursos did\u00e1ticos sistematicamente organizados, apresentados em diferentes suportes tecnol\u00f3gicos de informa\u00e7\u00e3o e comunica\u00e7\u00e3o, utilizados isoladamente ou combinados, dispensados os requisitos de frequ\u00eancia obrigat\u00f3ria vigentes para a educa\u00e7\u00e3o presencial.<\/p>\r\n<p>Art. 2\u00ba As normas da presente resolu\u00e7\u00e3o aplicam-se a projetos de ensino em n\u00edvel m\u00e9dio, p\u00f3s-m\u00e9dio, educa\u00e7\u00e3o profissional em n\u00edvel t\u00e9cnico, de gradua\u00e7\u00e3o, de p\u00f3s-gradua\u00e7\u00e3o e a projetos de extens\u00e3o.<\/p>\r\n<p>Art. 3\u00ba Toda a\u00e7\u00e3o de Educa\u00e7\u00e3o a Dist\u00e2ncia deve ser cadastrada na Coordenadoria de Planejamento Pedag\u00f3gico junto \u00e0 PROGRAD mediante pr\u00e9via aprova\u00e7\u00e3o nas inst\u00e2ncias competentes internas e parecer emitido pela CIAPPP\/UFSM.<\/p>\r\n<p>Art. 4\u00ba Toda disciplina, que ultrapassar vinte por cento de sua carga hor\u00e1ria total utilizando m\u00e9todo n\u00e3o-presencial, ser\u00e1 considerada \u201cdisciplina a dist\u00e2ncia\u201d.<\/p>\r\n<p>Par\u00e1grafo \u00fanico. Entende-se por m\u00e9todo n\u00e3o-presencial a substitui\u00e7\u00e3o de atividades presenciais por um processo de ensino-aprendizagem, com media\u00e7\u00e3o docente e de recursos did\u00e1ticos sistematicamente organizados, apresentados em diferentes suportes tecnol\u00f3gicos de informa\u00e7\u00e3o e comunica\u00e7\u00e3o, utilizados isoladamente ou combinados.<\/p>\r\n\r\n<p>Art. 5\u00ba Todos os cursos e programas presenciais da UFSM poder\u00e3o oferecer disciplinas a dist\u00e2ncia, desde que obedecidas as limita\u00e7\u00f5es legais.<\/p>\r\n<p>Par\u00e1grafo \u00fanico: Para que um curso ou programa presencial possa oferecer disciplinas a dist\u00e2ncia, essas dever\u00e3o estar previstas no projeto pol\u00edtico-pedag\u00f3gico.<\/p>\r\n\r\n<p>Art. 6\u00ba Ser\u00e1 considerado curso ou programa a dist\u00e2ncia aquele cuja carga hor\u00e1ria de atividades n\u00e3o-presenciais ultrapassar vinte por cento da carga hor\u00e1ria total.<\/p>\r\n<p>Art. 7\u00ba A equival\u00eancia da carga hor\u00e1ria entre atividade presencial e n\u00e3o-presencial dever\u00e1 estar especificada no projeto do curso ou disciplina, devendo ser compat\u00edvel com a modalidade presencial.<\/p>\r\n<p>Art. 8\u00ba A avalia\u00e7\u00e3o da aprendizagem nos cursos e disciplinas a dist\u00e2ncia dever\u00e1 atender \u00e0s normas regimentais da UFSM e \u00e0 legisla\u00e7\u00e3o vigente.<\/p>\r\n<p>Art. 9\u00ba Cabe \u00e0 Comiss\u00e3o de Avalia\u00e7\u00e3o Institucional articulada com a Coordenadoria de Planejamento Pedag\u00f3gico da PROGRAD\/UFSM e a Comiss\u00e3o de Implementa\u00e7\u00e3o e Acompanhamento do Projeto Pol\u00edtico-Pedag\u00f3gico\/UFSM a avalia\u00e7\u00e3o das a\u00e7\u00f5es de Educa\u00e7\u00e3o a Dist\u00e2ncia formalmente constitu\u00eddas, visando ao aperfei\u00e7oamento pedag\u00f3gico e tecnol\u00f3gico da Educa\u00e7\u00e3o a Dist\u00e2ncia na UFSM.<\/p>\r\n\r\n<p>GABINETE DO REITOR DA UNIVERSIDADE FEDERAL DE SANTA MARIA, aos trinta dias do m\u00eas de janeiro do ano de dois mil e quatro.<\/p>\r\n<\/div>\r\n<p>Paulo Jorge Sarkis,<\/p>\r\n<p>Reitor.<\/p>\r\n<\/strike>\r\n<p><font color=\"red0000\">Este texto n\u00e3o substitui o documento original, publicado no Portal de Documentos.<\/font> Dispon\u00edvel em: <a href=\"https:\/\/portal.ufsm.br\/documentos\/publico\/documento.html?id=4434828\"><font color=\"blue\">https:\/\/portal.ufsm.br\/documentos\/publico\/documento.html?id=4434828<\/font><\/a>\r\n\r\n\t\t<\/div>\n\t\t\t\t<\/div>\n\t\t\t\t\t<\/div>\n\t\t<\/div>\n\t\t\t\t\t<\/div>\n\t\t<\/section>\n\t\t\t\t<\/div>\n\t\t","protected":false},"excerpt":{"rendered":"<p>RESOLU\u00c7\u00c3O N. 002\/2004 MINIST\u00c9RIO DA EDUCA\u00c7\u00c3O UNIVERSIDADE FEDERAL DE SANTA MARIA RESOLU\u00c7\u00c3O N. 002\/2004 Disp\u00f5e sobre a regulamenta\u00e7\u00e3o da Educa\u00e7\u00e3o a Dist\u00e2ncia na Universidade Federal de Santa Maria e d\u00e1 outras provid\u00eancias. Revogada pela Resolu\u00e7\u00e3o N. 012\/2008 O REITOR DA UNIVERSIDADE FEDERAL DE SANTA MARIA, no uso de suas atribui\u00e7\u00f5es legais e estatut\u00e1rias, e de [&hellip;]<\/p>\n","protected":false},"author":205,"featured_media":0,"parent":0,"menu_order":0,"comment_status":"closed","ping_status":"closed","template":"","meta":{"footnotes":""},"categories":[],"tags":[],"class_list":["post-3153","page","type-page","status-publish","hentry"],"acf":[],"_links":{"self":[{"href":"https:\/\/www.ufsm.br\/pro-reitorias\/proplan\/wp-json\/wp\/v2\/pages\/3153","targetHints":{"allow":["GET"]}}],"collection":[{"href":"https:\/\/www.ufsm.br\/pro-reitorias\/proplan\/wp-json\/wp\/v2\/pages"}],"about":[{"href":"https:\/\/www.ufsm.br\/pro-reitorias\/proplan\/wp-json\/wp\/v2\/types\/page"}],"author":[{"embeddable":true,"href":"https:\/\/www.ufsm.br\/pro-reitorias\/proplan\/wp-json\/wp\/v2\/users\/205"}],"replies":[{"embeddable":true,"href":"https:\/\/www.ufsm.br\/pro-reitorias\/proplan\/wp-json\/wp\/v2\/comments?post=3153"}],"version-history":[{"count":0,"href":"https:\/\/www.ufsm.br\/pro-reitorias\/proplan\/wp-json\/wp\/v2\/pages\/3153\/revisions"}],"wp:attachment":[{"href":"https:\/\/www.ufsm.br\/pro-reitorias\/proplan\/wp-json\/wp\/v2\/media?parent=3153"}],"wp:term":[{"taxonomy":"category","embeddable":true,"href":"https:\/\/www.ufsm.br\/pro-reitorias\/proplan\/wp-json\/wp\/v2\/categories?post=3153"},{"taxonomy":"post_tag","embeddable":true,"href":"https:\/\/www.ufsm.br\/pro-reitorias\/proplan\/wp-json\/wp\/v2\/tags?post=3153"}],"curies":[{"name":"wp","href":"https:\/\/api.w.org\/{rel}","templated":true}]}}