{"id":3157,"date":"2020-02-03T08:56:20","date_gmt":"2020-02-03T11:56:20","guid":{"rendered":"https:\/\/www.ufsm.br\/pro-reitorias\/proplan\/?page_id=3157"},"modified":"2020-05-26T08:55:02","modified_gmt":"2020-05-26T11:55:02","slug":"resolucao-n-008-2004","status":"publish","type":"page","link":"https:\/\/www.ufsm.br\/pro-reitorias\/proplan\/resolucao-n-008-2004","title":{"rendered":"Resolu\u00e7\u00e3o N. 008\/2004"},"content":{"rendered":"\t\t<div data-elementor-type=\"wp-page\" data-elementor-id=\"3157\" class=\"elementor elementor-3157\">\n\t\t\t\t\t\t<section class=\"elementor-section elementor-top-section elementor-element elementor-element-d03cc8e elementor-section-boxed elementor-section-height-default elementor-section-height-default\" data-id=\"d03cc8e\" data-element_type=\"section\">\n\t\t\t\t\t\t<div class=\"elementor-container elementor-column-gap-default\">\n\t\t\t\t\t<div class=\"elementor-column elementor-col-100 elementor-top-column elementor-element elementor-element-deec09d\" data-id=\"deec09d\" data-element_type=\"column\">\n\t\t\t<div class=\"elementor-widget-wrap elementor-element-populated\">\n\t\t\t\t\t\t<div class=\"elementor-element elementor-element-b96cd36 elementor-widget elementor-widget-html\" data-id=\"b96cd36\" data-element_type=\"widget\" data-widget_type=\"html.default\">\n\t\t\t\t<div class=\"elementor-widget-container\">\n\t\t\t\r\n\r\n\r\n<title><b>RESOLU\u00c7\u00c3O N. 008\/2004<\/b><\/title>\r\n\r\n\r\n<div align=\"center\"><img decoding=\"async\" src=\"https:\/\/www.ufsm.br\/pro-reitorias\/proplan\/wp-content\/uploads\/sites\/344\/2019\/09\/brasao-da-republica-do-brasil-logo.png\" alt=\"Bras\u00e3o Rep\u00fablica Federativa do Brasil\" width=\"6%\" height=\"6%\"><\/div>    \r\n<h1><font color=\"blue\"><font size=\"5\"><div align=\"center\">MINIST\u00c9RIO DA EDUCA\u00c7\u00c3O<\/b><\/font><\/font><\/div><\/H1>\r\n<p><b><font color=\"0000blue\"><div align=\"center\">UNIVERSIDADE FEDERAL DE SANTA MARIA<\/b><\/font><\/div><\/p>\r\n\r\n<p><div align=\"center\"><b><a href=\"https:\/\/portal.ufsm.br\/documentos\/publico\/documento.html?id=4434834\"><font color=\"blue\">RESOLU\u00c7\u00c3O N. 008\/2004<\/font><\/a><\/b><\/div><\/p>\r\n<br>\r\n<p><div align=\"right\"><font color=\"800000\"><strike>Regulamenta, no \u00e2mbito da Universidade Federal de Santa Maria, a estrutura e o funcionamento da Comiss\u00e3o Pr\u00f3pria de Avalia\u00e7\u00e3o - CPA de que trata o Sistema Nacional de Avalia\u00e7\u00e3o da Educa\u00e7\u00e3o Superior \u2014 SINAES, e d\u00e1 outras provid\u00eancias.<\/strike><\/font><\/div><\/p>\r\n<br>\r\n<p><a href=\"https:\/\/www.ufsm.br\/pro-reitorias\/proplan\/resolucao-n-009-2015\/\"><font color=\"blue\">Revogada pela Resolu\u00e7\u00e3o N. 009\/2015<\/font><\/a><\/p>\r\n<br>\r\n<strike>\r\n<br><div align=\"justify\">\r\n<p>O REITOR DA UNIVERSIDADE FEDERAL DE SANTA MARIA, no uso de suas atribui\u00e7\u00f5es legais e estatut\u00e1rias, e considerando:<\/p>\r\n<p>- o que estabelece a <a href=\"http:\/\/www.planalto.gov.br\/ccivil_03\/_ato2004-2006\/2004\/lei\/l10.861.htm\" target=\"_blank\"><font color=\"blue\"><u>Lei. 10.861, de 14 de abril de 2004<\/u><\/font><\/a>;<\/p>\r\n<p>- a <a href=\"http:\/\/portal.mec.gov.br\/arquivos\/pdf\/PORTARIA_2051.pdf\" target=\"_blank\"><font color=\"blue\"><u>Portaria MEC n. 2.051, de 9 de julho de 2004<\/u><\/font><\/a>;<\/p>\r\n<p>- o parecer n. 30\/2004 da Comiss\u00e3o de Legisla\u00e7\u00e3o e Regimentos, aprovado na 639\u00aa Sess\u00e3o do Conselho Universit\u00e1rio, do dia 17\/09\/2004, relativo ao Processo n. <a href=\"https:\/\/portal.ufsm.br\/documentos\/publico\/processo\/documento.html?idDocumento=1305744\" target=\"_blank\"><font color=\"blue\"><u>23081.007740\/2004-90<\/u><\/font><\/a>.<\/p>\r\n<br>\r\n<p><div align=\"center\">RESOLVE:<\/div><\/p>\r\n<br>\r\n<p>Art. 1\u00ba Regulamentar, no \u00e2mbito da Universidade Federal de Santa Maria, a estrutura e o funcionamento da Comiss\u00e3o Pr\u00f3pria de Avalia\u00e7\u00e3o \u2014 CPA, prevista no art. 11, da <a href=\"http:\/\/www.planalto.gov.br\/ccivil_03\/_ato2004-2006\/2004\/lei\/l10.861.htm\" target=\"_blank\"><font color=\"blue\"><u>Lei n. 10.861, de 14 de abril de 2004<\/u><\/font><\/a>, que institui o Sistema Nacional de Avalia\u00e7\u00e3o da Educa\u00e7\u00e3o Superior \u2014 SINAES e arts. 72 e 8\u00ba da <a href=\"http:\/\/portal.mec.gov.br\/arquivos\/pdf\/PORTARIA_2051.pdf\" target=\"_blank\"><font color=\"blue\"><u>Portaria MEC n. 2051, de 9 de julho de 2004<\/u><\/font><\/a>.<\/p>\r\n<p>Art. 2\u00ba A Comiss\u00e3o Pr\u00f3pria de Avalia\u00e7\u00e3o \u2014 CPA tem como atribui\u00e7\u00f5es a condu\u00e7\u00e3o dos processos internos de avalia\u00e7\u00e3o da Institui\u00e7\u00e3o, de sistematiza\u00e7\u00e3o e de presta\u00e7\u00e3o das informa\u00e7\u00f5es solicitadas pelo INEP.<\/p>\r\n<p>Art. 3\u00ba A Comiss\u00e3o Pr\u00f3pria de Avalia\u00e7\u00e3o \u2014 CPA ser\u00e1 designada pelo Reitor da UFSM e ter\u00e1 a seguinte composi\u00e7\u00e3o:<\/p>\r\n<p>I - Pr\u00f3-Reitor de Gradua\u00e7\u00e3o;<\/p>\r\n<p>II - Pr\u00f3-Reitor de Planejamento;<\/p>\r\n<p>III - seis representantes dos docentes em atividade;<\/p>\r\n<p>IV - um representante dos docentes aposentados;<\/p>\r\n<p>V - quatro representantes dos servidores t\u00e9cnico-administrativos em atividade;<\/p>\r\n<p>VI - um representante dos servidores t\u00e9cnico-administrativos aposentados;<\/p>\r\n<p>VII - dois representantes do corpo discente; e<\/p>\r\n<p>VIII - dois representantes da sociedade civil organizada.<\/p>\r\n\r\n<p>\u00a7 1\u00ba Os representantes dos incisos I e II ser\u00e3o membros natos, e os demais membros ser\u00e3o indicados pela respectiva representa\u00e7\u00e3o junto ao Conselho Universit\u00e1rio.<\/p>\r\n<p>\u00a7 2\u00ba A CPA ter\u00e1 um coordenador indicado pelo Reitor, dentre seus membros.<\/p>\r\n\r\n<p>Art. 4\u00ba O mandato dos membros da Comiss\u00e3o Pr\u00f3pria de Avalia\u00e7\u00e3o \u2014 CPA, constantes dos incisos III a VIII do art. 3\u00ba, ser\u00e1 de dois anos, permitida uma \u00fanica recondu\u00e7\u00e3o.<\/p>\r\n<p>Art. 5\u00ba A Comiss\u00e3o Pr\u00f3pria de Avalia\u00e7\u00e3o \u2014 CPA reunir-se-\u00e1, ordinariamente, uma vez por m\u00eas e, extraordinariamente, sempre que se fizer necess\u00e1rio, sob a convoca\u00e7\u00e3o do coordenador.<\/p>\r\n<p>Art. 6\u00ba A Comiss\u00e3o Pr\u00f3pria de Avalia\u00e7\u00e3o \u2014 CPA dever\u00e1 estabelecer as diretrizes para a constitui\u00e7\u00e3o e o funcionamento, por unidade universit\u00e1ria, de subcomiss\u00f5es de avalia\u00e7\u00e3o setoriais.<\/p>\r\n<p>Art. 7\u00ba A Comiss\u00e3o Pr\u00f3pria de Avalia\u00e7\u00e3o \u2014 CPA seguir\u00e1 as diretrizes estabelecidas pela Comiss\u00e3o Nacional de Avalia\u00e7\u00e3o da Educa\u00e7\u00e3o Superior - CONAES, especialmente as constantes da <a href=\"http:\/\/portal.mec.gov.br\/arquivos\/pdf\/PORTARIA_2051.pdf\" target=\"_blank\"><font color=\"blue\"><u>Portaria MEC n. 2.051, de 9 de julho de 2004<\/u><\/font><\/a>, que regulamenta os procedimentos de avalia\u00e7\u00e3o do Sistema Nacional de Avalia\u00e7\u00e3o da Educa\u00e7\u00e3o Superior \u2014 SINAES.<\/p>\r\n<p>Art. 8\u00ba A primeira Comiss\u00e3o Pr\u00f3pria de Avalia\u00e7\u00e3o j\u00e1 constitu\u00edda, conforme Portaria UFSM n. 45.506, de 21 de julho de 2004, igualmente ter\u00e1 mandato de dois anos, at\u00e9 20 de julho de 2006.<\/p>\r\n<p>\u00a7 1\u00ba A partir do t\u00e9rmino do mandato dos membros da primeira composi\u00e7\u00e3o da CPA, as demais ser\u00e3o constitu\u00eddas conforme o disposto no art. 3\u00ba da presente resolu\u00e7\u00e3o.<\/p>\r\n<p>\u00a7 2\u00ba Excetuam-se desta disposi\u00e7\u00e3o os Pr\u00f3-Reitores de Gradua\u00e7\u00e3o e de Planejamento, membros natos, cujos mandatos corresponder\u00e3o ao per\u00edodo no exerc\u00edcio da fun\u00e7\u00e3o administrativa.<\/p>\r\n\r\n<p>Art. 9\u00ba Esta resolu\u00e7\u00e3o entra em vigor na data de sua publica\u00e7\u00e3o e revoga a <a href=\"https:\/\/www.ufsm.br\/pro-reitorias\/proplan\/resolucao-n-02-1993\/\" target=\"_blank\"><font color=\"blue\"><u>Resolu\u00e7\u00e3o\/UFSM n. 023\/93, de 25\/11\/93<\/u><\/font><\/a>.<\/p>\r\n\r\n<p>GABINETE DO REITOR DA UNIVERSIDADE FEDERAL DE SANTA MARIA, aos vinte e tr\u00eas dias do m\u00eas de setembro do ano de dois mil e quatro.<\/p>\r\n<\/div>\r\n<p>Paulo Jorge Sarkis,<\/p>\r\n<p>Reitor.<\/p>\r\n<\/strike>\r\n<p><font color=\"red0000\">Este texto n\u00e3o substitui o documento original, publicado no Portal de Documentos.<\/font> Dispon\u00edvel em: <a href=\"https:\/\/portal.ufsm.br\/documentos\/publico\/documento.html?id=4434834\"><font color=\"blue\">https:\/\/portal.ufsm.br\/documentos\/publico\/documento.html?id=4434834<\/font><\/a>\r\n\r\n\t\t<\/div>\n\t\t\t\t<\/div>\n\t\t\t\t\t<\/div>\n\t\t<\/div>\n\t\t\t\t\t<\/div>\n\t\t<\/section>\n\t\t\t\t<\/div>\n\t\t","protected":false},"excerpt":{"rendered":"<p>RESOLU\u00c7\u00c3O N. 008\/2004 MINIST\u00c9RIO DA EDUCA\u00c7\u00c3O UNIVERSIDADE FEDERAL DE SANTA MARIA RESOLU\u00c7\u00c3O N. 008\/2004 Regulamenta, no \u00e2mbito da Universidade Federal de Santa Maria, a estrutura e o funcionamento da Comiss\u00e3o Pr\u00f3pria de Avalia\u00e7\u00e3o &#8211; CPA de que trata o Sistema Nacional de Avalia\u00e7\u00e3o da Educa\u00e7\u00e3o Superior \u2014 SINAES, e d\u00e1 outras provid\u00eancias. Revogada pela Resolu\u00e7\u00e3o [&hellip;]<\/p>\n","protected":false},"author":205,"featured_media":0,"parent":0,"menu_order":0,"comment_status":"closed","ping_status":"closed","template":"","meta":{"footnotes":""},"categories":[],"tags":[],"class_list":["post-3157","page","type-page","status-publish","hentry"],"acf":[],"_links":{"self":[{"href":"https:\/\/www.ufsm.br\/pro-reitorias\/proplan\/wp-json\/wp\/v2\/pages\/3157","targetHints":{"allow":["GET"]}}],"collection":[{"href":"https:\/\/www.ufsm.br\/pro-reitorias\/proplan\/wp-json\/wp\/v2\/pages"}],"about":[{"href":"https:\/\/www.ufsm.br\/pro-reitorias\/proplan\/wp-json\/wp\/v2\/types\/page"}],"author":[{"embeddable":true,"href":"https:\/\/www.ufsm.br\/pro-reitorias\/proplan\/wp-json\/wp\/v2\/users\/205"}],"replies":[{"embeddable":true,"href":"https:\/\/www.ufsm.br\/pro-reitorias\/proplan\/wp-json\/wp\/v2\/comments?post=3157"}],"version-history":[{"count":0,"href":"https:\/\/www.ufsm.br\/pro-reitorias\/proplan\/wp-json\/wp\/v2\/pages\/3157\/revisions"}],"wp:attachment":[{"href":"https:\/\/www.ufsm.br\/pro-reitorias\/proplan\/wp-json\/wp\/v2\/media?parent=3157"}],"wp:term":[{"taxonomy":"category","embeddable":true,"href":"https:\/\/www.ufsm.br\/pro-reitorias\/proplan\/wp-json\/wp\/v2\/categories?post=3157"},{"taxonomy":"post_tag","embeddable":true,"href":"https:\/\/www.ufsm.br\/pro-reitorias\/proplan\/wp-json\/wp\/v2\/tags?post=3157"}],"curies":[{"name":"wp","href":"https:\/\/api.w.org\/{rel}","templated":true}]}}