{"id":3163,"date":"2020-02-03T09:00:56","date_gmt":"2020-02-03T12:00:56","guid":{"rendered":"https:\/\/www.ufsm.br\/pro-reitorias\/proplan\/?page_id=3163"},"modified":"2020-05-26T08:57:58","modified_gmt":"2020-05-26T11:57:58","slug":"resolucao-n-012-2004","status":"publish","type":"page","link":"https:\/\/www.ufsm.br\/pro-reitorias\/proplan\/resolucao-n-012-2004","title":{"rendered":"Resolu\u00e7\u00e3o N. 012\/2004"},"content":{"rendered":"\t\t<div data-elementor-type=\"wp-page\" data-elementor-id=\"3163\" class=\"elementor elementor-3163\">\n\t\t\t\t\t\t<section class=\"elementor-section elementor-top-section elementor-element elementor-element-6085bb1 elementor-section-boxed elementor-section-height-default elementor-section-height-default\" data-id=\"6085bb1\" data-element_type=\"section\">\n\t\t\t\t\t\t<div class=\"elementor-container elementor-column-gap-default\">\n\t\t\t\t\t<div class=\"elementor-column elementor-col-100 elementor-top-column elementor-element elementor-element-0acc7a1\" data-id=\"0acc7a1\" data-element_type=\"column\">\n\t\t\t<div class=\"elementor-widget-wrap elementor-element-populated\">\n\t\t\t\t\t\t<div class=\"elementor-element elementor-element-6b1d3a0 elementor-widget elementor-widget-html\" data-id=\"6b1d3a0\" data-element_type=\"widget\" data-widget_type=\"html.default\">\n\t\t\t\t<div class=\"elementor-widget-container\">\n\t\t\t\r\n\r\n\r\n<title><b>RESOLU\u00c7\u00c3O N. 012\/2004<\/b><\/title>\r\n\r\n\r\n<div align=\"center\"><img decoding=\"async\" src=\"https:\/\/www.ufsm.br\/pro-reitorias\/proplan\/wp-content\/uploads\/sites\/344\/2019\/09\/brasao-da-republica-do-brasil-logo.png\" alt=\"Bras\u00e3o Rep\u00fablica Federativa do Brasil\" width=\"6%\" height=\"6%\"><\/div>    \r\n<h1><font color=\"blue\"><font size=\"5\"><div align=\"center\">MINIST\u00c9RIO DA EDUCA\u00c7\u00c3O<\/b><\/font><\/font><\/div><\/H1>\r\n<p><b><font color=\"0000blue\"><div align=\"center\">UNIVERSIDADE FEDERAL DE SANTA MARIA<\/b><\/font><\/div><\/p>\r\n\r\n<p><div align=\"center\"><b><a href=\"https:\/\/portal.ufsm.br\/documentos\/publico\/documento.html?id=4434839\"><font color=\"blue\">RESOLU\u00c7\u00c3O N. 012\/2004<\/font><\/a><\/b><\/div><\/p>\r\n<br>\r\n<p><div align=\"right\"><font color=\"800000\">Regulamenta, no \u00e2mbito da Universidade Federal de Santa Maria, a presta\u00e7\u00e3o de servi\u00e7os volunt\u00e1rios.<\/font><\/div><\/p>\r\n<br>\r\n<br><div align=\"justify\">\r\n<p>O REITOR DA UNIVERSIDADE FEDERAL DE SANTA MARIA, no uso de suas atribui\u00e7\u00f5es legais e estatut\u00e1rias, e considerando:<\/p>\r\n<p>- a necessidade de disciplinar a pr\u00e1tica do servi\u00e7o volunt\u00e1rio na Institui\u00e7\u00e3o;<\/p>\r\n<p>- a <a href=\"http:\/\/www.planalto.gov.br\/ccivil_03\/leis\/l9608.htm\" target=\"_blank\"><font color=\"blue\"><u>Lei N. 9.608, de 18 de fevereiro de 1998<\/u><\/font><\/a>, que disp\u00f5e sobre o servi\u00e7o volunt\u00e1rio e d\u00e1 outras provid\u00eancias;<\/p>\r\n<p>- o Parecer n. 32\/04 da Comiss\u00e3o de Legisla\u00e7\u00e3o e Regimento aprovado na 640\u00aa Sess\u00e3o do Conselho Universit\u00e1rio, de 15.10.2004.<\/p>\r\n<br>\r\n<p><div align=\"center\">RESOLVE:<\/div><\/p>\r\n<br>\r\n<p>Art. 1\u00ba Regulamentar a presta\u00e7\u00e3o de servi\u00e7o volunt\u00e1rio no \u00e2mbito da Universidade Federal de Santa Maria.<\/p>\r\n<p>Art. 2\u00ba Considera-se servi\u00e7o volunt\u00e1rio, para fins desta resolu\u00e7\u00e3o, o exerc\u00edcio n\u00e3o remunerado de atividades de ensino, pesquisa e extens\u00e3o, prestados por pessoas f\u00edsicas inclusive servidores aposentados da Universidade e de outras institui\u00e7\u00f5es de ensino superior, que tenham o plano de atividades aprovado, observadas as normas estabelecidas nesta resolu\u00e7\u00e3o.<\/p>\r\n<p>Par\u00e1grafo \u00fanico. O servi\u00e7o volunt\u00e1rio n\u00e3o gera v\u00ednculo empregat\u00edcio, nem obriga\u00e7\u00e3o de natureza trabalhista, previdenci\u00e1ria ou afins.<\/p>\r\n\r\n<p>Art. 3\u00ba \u00c0 proposta apresentada pelo interessado em participar do Servi\u00e7o Volunt\u00e1rio dever\u00e1 conter:<\/p>\r\n<p>I - plano de atividade com especifica\u00e7\u00e3o clara e objetiva dos servi\u00e7os a serem atendidos;<\/p>\r\n<p>II - datas de in\u00edcio e fim da participa\u00e7\u00e3o e respectiva carga hor\u00e1ria semanal;<\/p>\r\n<p>III - curriculum vitae.<\/p>\r\n\r\n<p>Art. 4\u00ba A presta\u00e7\u00e3o de servi\u00e7o volunt\u00e1rio ser\u00e1 celebrada entre a Universidade e o prestador de servi\u00e7o volunt\u00e1rio por um per\u00edodo de at\u00e9 dois anos, renov\u00e1veis por igual per\u00edodo, por meio de Termo de Ades\u00e3o, na forma do Anexo I.<\/p>\r\n<p>Art. 5\u00ba O processo de servi\u00e7o volunt\u00e1rio ter\u00e1 origem na subunidade e ser\u00e1, ap\u00f3s a aprova\u00e7\u00e3o do colegiado da respectiva subunidade quando houver, encaminhado \u00e0 Pr\u00f3-Reitoria correspondente para a aprova\u00e7\u00e3o e, ap\u00f3s, ao Gabinete do Reitor para assinatura do Termo de Ades\u00e3o.<\/p>\r\n<p>Par\u00e1grafo \u00fanico. O Termo de Ades\u00e3o ser\u00e1 assinado pelo Reitor e pelo prestador de servi\u00e7o volunt\u00e1rio e encaminhado \u00e0 Pr\u00f3-Reitoria de Recursos Humanos para os registros competentes.<\/p>\r\n\r\n<p>Art. 6\u00ba O Termo de Ades\u00e3o poder\u00e1 ser renovado, mediante a manifesta\u00e7\u00e3o favor\u00e1vel do dirigente da subunidade ao qual estiver vinculado o prestador do servi\u00e7o volunt\u00e1rio, ouvido, preliminarmente, o respectivo colegiado da subunidade quando houver.<\/p>\r\n<p>Art. 7\u00ba Ao prestador de servi\u00e7o volunt\u00e1rio ser\u00e1 vedado o exerc\u00edcio de cargo de Dire\u00e7\u00e3o ou Fun\u00e7\u00e3o Gratificada e das demais fun\u00e7\u00f5es administrativas privativas de docentes ou t\u00e9cnico-administrativo do Quadro Permanente de Pessoal da Universidade, e a participa\u00e7\u00e3o em \u00f3rg\u00e3os colegiados e em processos eleitorais.<\/p>\r\n<p>Art. 8\u00ba Durante a vig\u00eancia do Termo de Ades\u00e3o, o prestador de servi\u00e7o volunt\u00e1rio ficar\u00e1 sujeito ao cumprimento das normas institucionais.<\/p>\r\n<p>Art. 9\u00ba O Termo de Ades\u00e3o poder\u00e1 ter seus efeitos cessados nos seguintes casos:<\/p>\r\n<p>I - por iniciativa do volunt\u00e1rio;<\/p>\r\n<p>II - por iniciativa do Colegiado da subunidade;<\/p>\r\n<p>III - por motivo de for\u00e7a maior e em casos de doen\u00e7a.<\/p>\r\n<p>\u00a7 1\u00ba Na ocorr\u00eancia da situa\u00e7\u00e3o prevista no inciso I, dever\u00e1 o volunt\u00e1rio comunicar a sua decis\u00e3o ao chefe da subunidade com anteced\u00eancia m\u00ednima de trinta dias.<\/p>\r\n<p>\u00a7 2\u00ba As situa\u00e7\u00f5es previstas nos incisos I, II e III dever\u00e3o ser formalizadas atrav\u00e9s de Distrato, conforme o Anexo II.<\/p>\r\n<p>\u00a7 3\u00ba Em qualquer das situa\u00e7\u00f5es previstas neste artigo, o desligamento do prestador de servi\u00e7o volunt\u00e1rio dever\u00e1 ser comunicado \u00e0 Pr\u00f3-Reitoria de Recursos Humanos.<\/p>\r\n\r\n<p>Art. 10 Durante a vig\u00eancia do Termo de Ades\u00e3o, o prestador de servi\u00e7o volunt\u00e1rio estar\u00e1 obrigatoriamente coberto por um seguro contra acidentes pessoais, a ser providenciado pela Universidade Federal de Santa Maria.<\/p>\r\n<p>Art. 11 Ao final da vig\u00eancia do Termo de Ades\u00e3o, o prestador de servi\u00e7o volunt\u00e1rio receber\u00e1 certificado comprobat\u00f3rio de sua atividade, assinado pelo Reitor e pelo dirigente da respectiva subunidade.<\/p>\r\n<p>Art. 12 O Diretor da Unidade Universit\u00e1ria poder\u00e1, atendendo \u00e0 solicita\u00e7\u00e3o do respectivo dirigente da subunidade, autorizar previamente despesas relacionadas com as atividades desenvolvidas pelo prestador de servi\u00e7os volunt\u00e1rios, observada a disponibilidade or\u00e7ament\u00e1ria e as normas legais pertinentes.<\/p>\r\n<p>Art. 13 Ao prestador de servi\u00e7o volunt\u00e1rio ficar\u00e1 assegurado o direito de utiliza\u00e7\u00e3o da infraestrutura de ensino e pesquisa e dos servi\u00e7os t\u00e9cnico-administrativos da Universidade necess\u00e1rios para o desenvolvimento do seu plano de atividades, bem como o direito de utiliza\u00e7\u00e3o da Biblioteca e do Restaurante Universit\u00e1rio.<\/p>\r\n<p>Art. 14. A titularidade, a confiabilidade e os ganhos econ\u00f4micos relacionados \u00e0 cria\u00e7\u00e3o intelectual decorrente da presta\u00e7\u00e3o de servi\u00e7o de que trata esta Resolu\u00e7\u00e3o estar\u00e3o sujeitos, em mat\u00e9ria de direito de propriedade intelectual, \u00e0 aplica\u00e7\u00e3o das disposi\u00e7\u00f5es legais vigentes.<\/p>\r\n<p>Art. 15 Esta resolu\u00e7\u00e3o entra em vigor na data de sua publica\u00e7\u00e3o, revogadas as disposi\u00e7\u00f5es em contr\u00e1rio.<\/p>\r\n\r\n<p>GABINETE DO REITOR DA UNIVERSIDADE FEDERAL DE SANTA MARIA, aos dezenove dias do m\u00eas de outubro do ano de dois mil e quatro.<\/p>\r\n<\/div>\r\n<p>Paulo Jorge Sarkis,<\/p>\r\n<p>Reitor.<\/p>\r\n<br>\r\n<br>\r\n<p><b><div align=\"center\">ANEXO I<\/div><\/b><\/p>\r\n<br>\r\n<br>\r\n<p><b><div align=\"center\">TERMOS DE ADES\u00c3O N\u00ba .... \/ UFSM \/ .....<\/div><\/b><\/p>\r\n<br>\r\n<br>\r\n<p>Pelo presente, a Universidade Federal de Santa Maria, doravante denominada UFSM, representada pelo seu Reitor, ........................................................................... e ........................................................................................., CPF n\u00ba ............................, RG n\u00ba ........................................., prestador de servi\u00e7o volunt\u00e1rio, residente e domiciliado \u00e0 ..............................................................................................., na cidade de ...................................................., doravante denominado VOLUNT\u00c1RIO, resolvem, de comum acordo e nos termos da Resolu\u00e7\u00e3o n\u00ba...... \/04, de... de .......... de 2004, com fundamento na <a href=\"http:\/\/www.planalto.gov.br\/ccivil_03\/leis\/l9608.htm\" target=\"_blank\"><font color=\"blue\"><u>Lei n\u00ba 9.608\/98, de 18\/02\/98<\/u><\/font><\/a>, celebrar o presente TERMO DE ADES\u00c3O, mediante as seguintes condi\u00e7\u00f5es:<\/p>\r\n<br>\r\n<p><b><div align=\"center\">CL\u00c1USULA PRIMEIRA<\/div><\/b><\/p>\r\n<br>\r\n<p>O VOLUNT\u00c1RIO realizar\u00e1 na UFSM, junto ao Departamento de ................................................., no per\u00edodo de .... \/.... \/..... a ....\/......\/........, os servi\u00e7os discriminados no respectivo plano de atividades, que, sob a forma de anexo, integra este Termo, observadas as normas institucionais pertinentes.<\/p>\r\n<p>(Detalhar no respectivo plano de atividades os servi\u00e7os volunt\u00e1rios que ser\u00e3o prestados, envolvendo a indica\u00e7\u00e3o de seu objetivo e as a\u00e7\u00f5es que nortear\u00e3o o cumprimento do mesmo, devendo ser relacionadas as atividades espec\u00edficas a serem desenvolvidas.)<\/p>\r\n<br>\r\n<p><b><div align=\"center\">CL\u00c1USULA SEGUNDA<\/div><\/b><\/p>\r\n<br>\r\n<p>No desempenho de suas atividades e em conson\u00e2ncia com as normas estabelecidas pela subunidade, ficar\u00e1 assegurado ao VOLUNT\u00c1RIO o direito de utiliza\u00e7\u00e3o de toda a infra-estrutura de ensino e pesquisa e dos servi\u00e7os t\u00e9cnico-administrativos, bem como o direito de utiliza\u00e7\u00e3o da Biblioteca Universit\u00e1ria e do Restaurante Universit\u00e1rio.<\/p>\r\n<br>\r\n<p><b><div align=\"center\">CL\u00c1USULA TERCEIRA<\/div><\/b><\/p>\r\n<br>\r\n<p>O servi\u00e7o volunt\u00e1rio ser\u00e1 realizado de forma espont\u00e2nea, sem percebimento de contra-presta\u00e7\u00e3o financeira ou de qualquer remunera\u00e7\u00e3o e n\u00e3o gerar\u00e1 v\u00ednculo empregat\u00edcio com a UFSM, nem obriga\u00e7\u00f5es de natureza trabalhistas, previdenci\u00e1ria ou afins.<\/p>\r\n<br>\r\n<p><b><div align=\"center\">CL\u00c1USULA QUARTA<\/div><\/b><\/p>\r\n<br>\r\n<p>As atividades a serem desenvolvidas pelo VOLUNT\u00c1RIO que implicarem em despesas obedecer\u00e3o ao disposto no art. 12 da <a href=\"https:\/\/www.ufsm.br\/pro-reitorias\/proplan\/resolucao-n-012-2004\/\" target=\"_blank\"><font color=\"blue\"><u>Resolu\u00e7\u00e3o 012\/04<\/u><\/font><\/a>.<\/p>\r\n<br>\r\n<p><b><div align=\"center\">CL\u00c1USULA QUINTA<\/div><\/b><\/p>\r\n<br>\r\n<p>A titularidade, a confidencialidade e os ganhos econ\u00f4micos relacionados \u00e0 cria\u00e7\u00e3o intelectual decorrente da presta\u00e7\u00e3o de servi\u00e7o volunt\u00e1rio, de que trata o presente Termo de Ades\u00e3o, estar\u00e3o sujeitos, em mat\u00e9ria de direitos de propriedade intelectual, \u00e0 aplica\u00e7\u00e3o das disposi\u00e7\u00f5es legais vigentes.<\/p>\r\n<br>\r\n<p>E por estarem justas e acertadas, formalizam as partes o presente TERMO DE ADES\u00c3O, assinado em 2 (duas) vias de igual teor e na presen\u00e7a de 2 (duas) testemunhas.<\/p>\r\n<br>\r\n<br>\r\n<p><b><div align=\"rigth\">Santa Maria, ...... de ............................................ de 2004.<\/div><\/b><\/p>\r\n<br>\r\n<br>\r\n<p><div align=\"center\">_____________________________ &emsp;&emsp;&emsp;&emsp;&emsp;&emsp;&emsp;&emsp; _________________________<\/div><br> \r\n<p><div align=\"center\">        Reitor da UFSM        &emsp;&emsp;&emsp;&emsp;&emsp;&emsp;&emsp;&emsp;&emsp;&emsp;&emsp;&emsp;&emsp;&emsp;&emsp;&emsp;  VOLUNT\u00c1RIO<\/div><br> \t               \r\n<br>\r\n<br>\r\n<p>Testemunhas:<\/p>\r\n<br>\r\n<p>1: ____________________________________________________<\/p>\r\n<p>Nome:<\/p>\r\n<p>CPF:<\/p>\r\n<br>\r\n<br>\r\n<p>2: _____________________________________________________<\/p>\r\n<p>Nome:<\/p>\r\n<p>CPF:<\/p>\r\n<br>\r\n<br>\r\n<p><b><div align=\"center\">ANEXO II<\/div><\/b><\/p>\r\n<br>\r\n<p><b><div align=\"center\">TERMO DE DISTRATO<\/div><\/b><\/p>\r\n<br>\r\n<br>\r\n<p>Pelo presente instrumento, a Universidade Federal de Santa Maria, doravante denominada PRIMEIRA DISTRATANTE, representada pelo seu Reitor, ........................................................................ e ..........................................................., CPF n\u00ba ................................................., RG n\u00ba  .................... , prestador de servi\u00e7o volunt\u00e1rio, residente e domiciliado \u00e0 Rua ............................................................., bairro ....................................................., na cidade de ................................... doravante denominado SEGUNDO DISTRATANTE, resolvem, de comum acordo com fundamento na <a href=\"http:\/\/www.planalto.gov.br\/ccivil_03\/leis\/l9608.htm\" target=\"_blank\"><font color=\"blue\"><u>Lei n\u00ba 9.608\/98, de 18\/02\/98<\/u><\/font><\/a>, celebrar o presente TERMO DE DISTRATO, mediante as seguintes condi\u00e7\u00f5es:<\/p>\r\n<br>\r\n<p>Considerando a exist\u00eancia de um Termo de Ades\u00e3o firmado entre a PRIMEIRA DISTRATANTE e o SEGUNDO DISTRATANTE em ............ de .......... de .............<\/p>\r\n<br>\r\n<p>Considerando que n\u00e3o h\u00e1 mais interesse das partes em manter vigente o Contrato de Ades\u00e3o supra mencionada, t\u00eam ambas entre si justo e acordado o presente DISTRATO, o qual se reger\u00e1 pelas cl\u00e1usulas e condi\u00e7\u00f5es seguintes:<\/p>\r\n<br>\r\n<p><b>CL\u00c1USULA PRIMEIRA<\/b><\/p>\r\n<p>A partir da presente data fica efetivamente distratado e revogado o Termo de Ades\u00e3o n\u00ba ..................... acima mencionado.<\/p>\r\n<br>\r\n<p><b>CL\u00c1USULA SEGUNDA<\/b><\/p>\r\n<p>As partes declaram-se quitadas, mutuamente, de todas e quaisquer obriga\u00e7\u00f5es inerentes ao contrato ora resilido, aceitando o presente instrumento em seus expressos termos, para nada mais virem a reclamar uma da outra, seja a que t\u00edtulo for, com rela\u00e7\u00e3o ao referido Termo de Ades\u00e3o.<\/p>\r\n<br>\r\n<br>\r\n<p><font color=\"red0000\">Este texto n\u00e3o substitui o documento original, publicado no Portal de Documentos.<\/font> Dispon\u00edvel em: <a href=\"https:\/\/portal.ufsm.br\/documentos\/publico\/documento.html?id=4434839\"><font color=\"blue\">https:\/\/portal.ufsm.br\/documentos\/publico\/documento.html?id=4434839<\/font><\/a>\r\n\r\n\t\t<\/div>\n\t\t\t\t<\/div>\n\t\t\t\t\t<\/div>\n\t\t<\/div>\n\t\t\t\t\t<\/div>\n\t\t<\/section>\n\t\t\t\t<\/div>\n\t\t","protected":false},"excerpt":{"rendered":"<p>RESOLU\u00c7\u00c3O N. 012\/2004 MINIST\u00c9RIO DA EDUCA\u00c7\u00c3O UNIVERSIDADE FEDERAL DE SANTA MARIA RESOLU\u00c7\u00c3O N. 012\/2004 Regulamenta, no \u00e2mbito da Universidade Federal de Santa Maria, a presta\u00e7\u00e3o de servi\u00e7os volunt\u00e1rios. O REITOR DA UNIVERSIDADE FEDERAL DE SANTA MARIA, no uso de suas atribui\u00e7\u00f5es legais e estatut\u00e1rias, e considerando: &#8211; a necessidade de disciplinar a pr\u00e1tica do servi\u00e7o [&hellip;]<\/p>\n","protected":false},"author":205,"featured_media":0,"parent":0,"menu_order":0,"comment_status":"closed","ping_status":"closed","template":"","meta":{"footnotes":""},"categories":[],"tags":[],"class_list":["post-3163","page","type-page","status-publish","hentry"],"acf":[],"_links":{"self":[{"href":"https:\/\/www.ufsm.br\/pro-reitorias\/proplan\/wp-json\/wp\/v2\/pages\/3163","targetHints":{"allow":["GET"]}}],"collection":[{"href":"https:\/\/www.ufsm.br\/pro-reitorias\/proplan\/wp-json\/wp\/v2\/pages"}],"about":[{"href":"https:\/\/www.ufsm.br\/pro-reitorias\/proplan\/wp-json\/wp\/v2\/types\/page"}],"author":[{"embeddable":true,"href":"https:\/\/www.ufsm.br\/pro-reitorias\/proplan\/wp-json\/wp\/v2\/users\/205"}],"replies":[{"embeddable":true,"href":"https:\/\/www.ufsm.br\/pro-reitorias\/proplan\/wp-json\/wp\/v2\/comments?post=3163"}],"version-history":[{"count":0,"href":"https:\/\/www.ufsm.br\/pro-reitorias\/proplan\/wp-json\/wp\/v2\/pages\/3163\/revisions"}],"wp:attachment":[{"href":"https:\/\/www.ufsm.br\/pro-reitorias\/proplan\/wp-json\/wp\/v2\/media?parent=3163"}],"wp:term":[{"taxonomy":"category","embeddable":true,"href":"https:\/\/www.ufsm.br\/pro-reitorias\/proplan\/wp-json\/wp\/v2\/categories?post=3163"},{"taxonomy":"post_tag","embeddable":true,"href":"https:\/\/www.ufsm.br\/pro-reitorias\/proplan\/wp-json\/wp\/v2\/tags?post=3163"}],"curies":[{"name":"wp","href":"https:\/\/api.w.org\/{rel}","templated":true}]}}