{"id":3164,"date":"2020-02-03T09:00:52","date_gmt":"2020-02-03T12:00:52","guid":{"rendered":"https:\/\/www.ufsm.br\/pro-reitorias\/proplan\/?page_id=3164"},"modified":"2024-12-27T07:59:48","modified_gmt":"2024-12-27T10:59:48","slug":"resolucao-n-011-2004","status":"publish","type":"page","link":"https:\/\/www.ufsm.br\/pro-reitorias\/proplan\/resolucao-n-011-2004","title":{"rendered":"Resolu\u00e7\u00e3o N. 011\/2004"},"content":{"rendered":"\t\t<div data-elementor-type=\"wp-page\" data-elementor-id=\"3164\" class=\"elementor elementor-3164\">\n\t\t\t\t\t\t<section class=\"elementor-section elementor-top-section elementor-element elementor-element-3328ef4 elementor-section-boxed elementor-section-height-default elementor-section-height-default\" data-id=\"3328ef4\" data-element_type=\"section\">\n\t\t\t\t\t\t<div class=\"elementor-container elementor-column-gap-default\">\n\t\t\t\t\t<div class=\"elementor-column elementor-col-100 elementor-top-column elementor-element elementor-element-cf6d622\" data-id=\"cf6d622\" data-element_type=\"column\">\n\t\t\t<div class=\"elementor-widget-wrap elementor-element-populated\">\n\t\t\t\t\t\t<div class=\"elementor-element elementor-element-17b2a7d elementor-widget elementor-widget-html\" data-id=\"17b2a7d\" data-element_type=\"widget\" data-widget_type=\"html.default\">\n\t\t\t\t<div class=\"elementor-widget-container\">\n\t\t\t\r\n\r\n\r\n<title><b>RESOLU\u00c7\u00c3O N. 011\/2004<\/b><\/title>\r\n\r\n\r\n<div align=\"center\"><img decoding=\"async\" src=\"https:\/\/www.ufsm.br\/pro-reitorias\/proplan\/wp-content\/uploads\/sites\/344\/2019\/09\/brasao-da-republica-do-brasil-logo.png\" alt=\"Bras\u00e3o Rep\u00fablica Federativa do Brasil\" width=\"6%\" height=\"6%\"><\/div>    \r\n<h1><font color=\"blue\"><font size=\"5\"><div align=\"center\">MINIST\u00c9RIO DA EDUCA\u00c7\u00c3O<\/b><\/font><\/font><\/div><\/H1>\r\n<p><b><font color=\"0000blue\"><div align=\"center\">UNIVERSIDADE FEDERAL DE SANTA MARIA<\/b><\/font><\/div><\/p>\r\n\r\n<p><div align=\"center\"><b><a href=\"https:\/\/portal.ufsm.br\/documentos\/publico\/documento.html?id=4434837\"><font color=\"blue\">RESOLU\u00c7\u00c3O N. 011\/2004<\/font><\/a><\/b><\/div><\/p>\r\n\r\n<div align=\"justify\"> Revogada por \r\n<a href=\"https:\/\/www.ufsm.br\/pro-reitorias\/proplan\/resolucao-ufsm-n-184-2024\" style=\"text-decoration: none\">\r\n<font color=\"blue\">\r\n<u>Resolu\u00e7\u00e3o UFSM N.184\/2024\r\n<\/u>\r\n<\/font>\r\n<\/a>\r\n<br>\r\n<s>\r\n\r\n<br>\r\n<p><div align=\"right\"><font color=\"800000\">Disp\u00f5e sobre a regulamenta\u00e7\u00e3o da categoria Aluno-Interc\u00e2mbio no \u00e2mbito da UFSM e revoga a Resolu\u00e7\u00e3o n. 015\/96.<\/font><\/div><\/p>\r\n<br>\r\n<br><div align=\"justify\">\r\n<p>O REITOR DA UNIVERSIDADE FEDERAL DE SANTA MARIA, no uso de suas atribui\u00e7\u00f5es legais e estatut\u00e1rias, e considerando:<\/p>\r\n<p>- que a obten\u00e7\u00e3o, o desenvolvimento e\/ou a difus\u00e3o do conhecimento podem aumentar consideravelmente a partir dos esfor\u00e7os coletivos da comunidade acad\u00eamica internacional;<\/p>\r\n<p>- as atuais tend\u00eancias de integra\u00e7\u00e3o econ\u00f4mica e pol\u00edtica e a crescente necessidade de um entendimento intercultural (vide Mercosul);<\/p>\r\n<p>- a necessidade de desenvolver a\u00e7\u00f5es de fomento a programas de interc\u00e2mbio de estudantes com outros pa\u00edses em todos os n\u00edveis;<\/p>\r\n<p>- a estreita interdepend\u00eancia do ensino superior com os demais n\u00edveis da educa\u00e7\u00e3o;<\/p>\r\n<p>- a necessidade de integra\u00e7\u00e3o interuniversidades, baseada em programas acad\u00eamicos bem definidos;<\/p>\r\n<p>- o Parecer n. 120\/04, aprovado na 655\u00aa Sess\u00e3o do Conselho de Ensino, Pesquisa e Extens\u00e3o, de 24\/09\/04, referente ao Processo n. <a href=\"https:\/\/portal.ufsm.br\/documentos\/publico\/processo\/documento.html?idDocumento=1302352\" target=\"_blank\"><font color=\"blue\"><u>23081.007589\/2004<\/u><\/font><\/a>.<\/p>\r\n<br>\r\n<p><div align=\"center\">RESOLVE:<\/div><\/p>\r\n<br>\r\n<p>Art. 1\u00ba Regulamentar, no \u00e2mbito da Universidade Federal de Santa Maria, a categoria de Aluno-Interc\u00e2mbio que, mediante conv\u00eanio, requerer vaga em, no m\u00e1ximo, seis disciplinas do Cadastro Geral da UFSM, por semestre, podendo cursar, no m\u00e1ximo, dois semestres.<\/p>\r\n<p>Art. 2\u00ba Poder-se-\u00e3o vincular \u00e0 categoria de Aluno-Interc\u00e2mbio, desde que participem de programas acad\u00eamicos bem-definidos, a seguinte clientela:<\/p>\r\n<p>I - alunos de outras Institui\u00e7\u00f5es de Ensino Superior, nacionais ou estrangeiras, amparados por conv\u00eanio de interc\u00e2mbio cultural ou coopera\u00e7\u00e3o acad\u00eamica.<\/p>\r\n<p>II - professores da rede estadual e municipal de ensino, abrigados por conv\u00eanios de coopera\u00e7\u00e3o acad\u00eamica.<\/p>\r\n\r\n<p>Art. 3\u00ba O Aluno-Interc\u00e2mbio ser\u00e1 indicado \u00e0 UFSM pela institui\u00e7\u00e3o de origem que dever\u00e1 analisar o programa acad\u00eamico proposto.<\/p>\r\n<p>Art. 4\u00ba A admiss\u00e3o do Aluno-Interc\u00e2mbio na UFSM depender\u00e1 da aprova\u00e7\u00e3o do colegiado do curso de gradua\u00e7\u00e3o correspondente \u00e0 \u00e1rea de forma\u00e7\u00e3o do candidato.<\/p>\r\n<p>Art. 5\u00ba As solicita\u00e7\u00f5es de matriculas, com pareceres favor\u00e1veis dos colegiados de curso, ser\u00e3o encaminhadas, para homologa\u00e7\u00e3o, aos departamentos nos quais est\u00e3o alocadas as disciplinas.<\/p>\r\n<p>Par\u00e1grafo \u00fanico. O colegiado de curso poder\u00e1 sugerir a substitui\u00e7\u00e3o das disciplinas indicadas de acordo com o programa acad\u00eamico do qual participa o aluno.<\/p>\r\n\r\n<p>Art. 6\u00ba As solicita\u00e7\u00f5es, com pareceres favor\u00e1veis dos colegiados de curso e dos departamentos envolvidos ser\u00e3o encaminhadas ao DERCA, para inclus\u00e3o em turmas, ap\u00f3s atendimento de todas as prioridades estabelecidas para os alunos regulares, de acordo com os crit\u00e9rios vigentes na UFSM.<\/p>\r\n<p>Art. 7\u00ba Os alunos admitidos na categoria de Aluno-Interc\u00e2mbio poder-se-\u00e3o matricular em disciplinas regulares e\/ou participar de Atividade Especial de Gradua\u00e7\u00e3o (AEG) elou integrar grupo de trabalho universit\u00e1rio, em dois per\u00edodos letivos no m\u00e1ximo.<\/p>\r\n<p>Par\u00e1grafo \u00fanico. Ficar\u00e1 estabelecido em seis, o limite m\u00e1ximo de matr\u00edculas em disciplinas dos cursos de gradua\u00e7\u00e3o por semestre, podendo o aluno cursar no m\u00e1ximo dois per\u00edodos letivos.<\/p>\r\n\r\n<p>Art. 8\u00ba A UFSM poder\u00e1 oferecer turmas e per\u00edodos letivos especiais para o Aluno-Interc\u00e2mbio, desde que previsto no conv\u00eanio espec\u00edfico.<\/p>\r\n<p>Par\u00e1grafo \u00fanico. Ser\u00e1 facultado ao aluno regular da UFSM, desde que previamente autorizado pelo colegiado de curso a que estiver vinculado, bem como a graduados na \u00e1rea a participa\u00e7\u00e3o nas atividades referidas.<\/p>\r\n\r\n<p>Art. 9\u00ba O Aluno-Interc\u00e2mbio estar\u00e1 sujeito \u00e0s mesmas normas acad\u00eamicas aplic\u00e1veis aos alunos regulares da Institui\u00e7\u00e3o.<\/p>\r\n<p>Par\u00e1grafo \u00fanico. Ser\u00e1 vedada a renova\u00e7\u00e3o da matr\u00edcula ao Aluno-Interc\u00e2mbio na(s) disciplina(s) em que for reprovado.<\/p>\r\n\r\n<p>Art. 10 Ao Aluno-Interc\u00e2mbio que concluir, com aproveitamento, as atividades propostas ser\u00e1 fornecido o respectivo certificado.<\/p>\r\n<p>Art. 11 Poder\u00e3o ser registradas, nos curr\u00edculos dos alunos regulares desta Universidade, atividades do tipo Aluno-Interc\u00e2mbio em outras institui\u00e7\u00f5es conveniadas que tenham sido cumpridas, e aprovadas pelo respectivo colegiado do curso.<\/p>\r\n<p>Par\u00e1grafo \u00fanico. N\u00e3o poder\u00e3o participar das atividades referidas no \u201ccaput\u201d deste artigo aqueles que n\u00e3o lograrem aprova\u00e7\u00e3o.<\/p>\r\n\r\n<p>Art. 12 As datas, que definir\u00e3o as diversas etapas previstas nesta resolu\u00e7\u00e3o, ser\u00e3o definidas no calend\u00e1rio escolar da UFSM.<\/p>\r\n<p>Art. 13 Fica revogada a <a href=\"https:\/\/www.ufsm.br\/pro-reitorias\/proplan\/resolucao-n-015-1996\/\" target=\"_blank\"><font color=\"blue\"><u>Resolu\u00e7\u00e3o n. 015\/96, de 27.05.96<\/u><\/font><\/a>.<\/p>\r\n<p>Art. 14 Esta resolu\u00e7\u00e3o entra em vigor na data de sua publica\u00e7\u00e3o e revoga as disposi\u00e7\u00f5es em contr\u00e1rio.<\/p>\r\n\r\n<p>GABINETE DO REITOR DA UNIVERSIDADE FEDERAL DE SANTA MARIA, aos trinta dias do m\u00eas de setembro do ano de dois mil e quatro.<\/p>\r\n<\/div>\r\n<p>Paulo Jorge Sarkis,<\/p>\r\n<p>Reitor.<\/p>\r\n\r\n<p><font color=\"red0000\">Este texto n\u00e3o substitui o documento original, publicado no Portal de Documentos.<\/font> Dispon\u00edvel em: <a href=\"https:\/\/portal.ufsm.br\/documentos\/publico\/documento.html?id=4434837\"><font color=\"blue\">https:\/\/portal.ufsm.br\/documentos\/publico\/documento.html?id=4434837<\/font><\/a>\r\n\r\n\t\t<\/div>\n\t\t\t\t<\/div>\n\t\t\t\t\t<\/div>\n\t\t<\/div>\n\t\t\t\t\t<\/div>\n\t\t<\/section>\n\t\t\t\t<\/div>\n\t\t","protected":false},"excerpt":{"rendered":"<p>RESOLU\u00c7\u00c3O N. 011\/2004 MINIST\u00c9RIO DA EDUCA\u00c7\u00c3O UNIVERSIDADE FEDERAL DE SANTA MARIA RESOLU\u00c7\u00c3O N. 011\/2004 Revogada por Resolu\u00e7\u00e3o UFSM N.184\/2024 Disp\u00f5e sobre a regulamenta\u00e7\u00e3o da categoria Aluno-Interc\u00e2mbio no \u00e2mbito da UFSM e revoga a Resolu\u00e7\u00e3o n. 015\/96. O REITOR DA UNIVERSIDADE FEDERAL DE SANTA MARIA, no uso de suas atribui\u00e7\u00f5es legais e estatut\u00e1rias, e considerando: &#8211; [&hellip;]<\/p>\n","protected":false},"author":205,"featured_media":0,"parent":0,"menu_order":0,"comment_status":"closed","ping_status":"closed","template":"","meta":{"footnotes":""},"categories":[],"tags":[],"class_list":["post-3164","page","type-page","status-publish","hentry"],"acf":[],"_links":{"self":[{"href":"https:\/\/www.ufsm.br\/pro-reitorias\/proplan\/wp-json\/wp\/v2\/pages\/3164","targetHints":{"allow":["GET"]}}],"collection":[{"href":"https:\/\/www.ufsm.br\/pro-reitorias\/proplan\/wp-json\/wp\/v2\/pages"}],"about":[{"href":"https:\/\/www.ufsm.br\/pro-reitorias\/proplan\/wp-json\/wp\/v2\/types\/page"}],"author":[{"embeddable":true,"href":"https:\/\/www.ufsm.br\/pro-reitorias\/proplan\/wp-json\/wp\/v2\/users\/205"}],"replies":[{"embeddable":true,"href":"https:\/\/www.ufsm.br\/pro-reitorias\/proplan\/wp-json\/wp\/v2\/comments?post=3164"}],"version-history":[{"count":0,"href":"https:\/\/www.ufsm.br\/pro-reitorias\/proplan\/wp-json\/wp\/v2\/pages\/3164\/revisions"}],"wp:attachment":[{"href":"https:\/\/www.ufsm.br\/pro-reitorias\/proplan\/wp-json\/wp\/v2\/media?parent=3164"}],"wp:term":[{"taxonomy":"category","embeddable":true,"href":"https:\/\/www.ufsm.br\/pro-reitorias\/proplan\/wp-json\/wp\/v2\/categories?post=3164"},{"taxonomy":"post_tag","embeddable":true,"href":"https:\/\/www.ufsm.br\/pro-reitorias\/proplan\/wp-json\/wp\/v2\/tags?post=3164"}],"curies":[{"name":"wp","href":"https:\/\/api.w.org\/{rel}","templated":true}]}}