{"id":3165,"date":"2020-02-03T09:00:49","date_gmt":"2020-02-03T12:00:49","guid":{"rendered":"https:\/\/www.ufsm.br\/pro-reitorias\/proplan\/?page_id=3165"},"modified":"2020-05-26T08:57:15","modified_gmt":"2020-05-26T11:57:15","slug":"resolucao-n-010-2004","status":"publish","type":"page","link":"https:\/\/www.ufsm.br\/pro-reitorias\/proplan\/resolucao-n-010-2004","title":{"rendered":"Resolu\u00e7\u00e3o N. 010\/2004"},"content":{"rendered":"\t\t<div data-elementor-type=\"wp-page\" data-elementor-id=\"3165\" class=\"elementor elementor-3165\">\n\t\t\t\t\t\t<section class=\"elementor-section elementor-top-section elementor-element elementor-element-2b417f9 elementor-section-boxed elementor-section-height-default elementor-section-height-default\" data-id=\"2b417f9\" data-element_type=\"section\">\n\t\t\t\t\t\t<div class=\"elementor-container elementor-column-gap-default\">\n\t\t\t\t\t<div class=\"elementor-column elementor-col-100 elementor-top-column elementor-element elementor-element-c3a9a2f\" data-id=\"c3a9a2f\" data-element_type=\"column\">\n\t\t\t<div class=\"elementor-widget-wrap elementor-element-populated\">\n\t\t\t\t\t\t<div class=\"elementor-element elementor-element-97500ef elementor-widget elementor-widget-html\" data-id=\"97500ef\" data-element_type=\"widget\" data-widget_type=\"html.default\">\n\t\t\t\t<div class=\"elementor-widget-container\">\n\t\t\t\r\n\r\n\r\n<title><b>RESOLU\u00c7\u00c3O N. 010\/2004<\/b><\/title>\r\n\r\n\r\n<div align=\"center\"><img decoding=\"async\" src=\"https:\/\/www.ufsm.br\/pro-reitorias\/proplan\/wp-content\/uploads\/sites\/344\/2019\/09\/brasao-da-republica-do-brasil-logo.png\" alt=\"Bras\u00e3o Rep\u00fablica Federativa do Brasil\" width=\"6%\" height=\"6%\"><\/div>    \r\n<h1><font color=\"blue\"><font size=\"5\"><div align=\"center\">MINIST\u00c9RIO DA EDUCA\u00c7\u00c3O<\/b><\/font><\/font><\/div><\/H1>\r\n<p><b><font color=\"0000blue\"><div align=\"center\">UNIVERSIDADE FEDERAL DE SANTA MARIA<\/b><\/font><\/div><\/p>\r\n\r\n<p><div align=\"center\"><b><a href=\"https:\/\/portal.ufsm.br\/documentos\/publico\/documento.html?id=4434836\"><font color=\"blue\">RESOLU\u00c7\u00c3O N. 010\/2004<\/font><\/a><\/b><\/div><\/p>\r\n<br>\r\n<p><div align=\"right\"><font color=\"800000\">Regulamenta o uso de m\u00f3veis e im\u00f3veis das Casas do Estudante Universit\u00e1rio I e II.<\/font><\/div><\/p>\r\n<br>\r\n<br><div align=\"justify\">\r\n<p>O REITOR DA UNIVERSIDADE FEDERAL DE SANTA MARIA, no uso de suas atribui\u00e7\u00f5es legais e estatut\u00e1rias, e considerando:<\/p>\r\n<p>- a necessidade de disciplinar a utiliza\u00e7\u00e3o e o zelo dos bens m\u00f3veis e im\u00f3veis sob a responsabilidade do estudante participante do Programa Gratuito de Moradia Estudantil;<\/p>\r\n<p>- o parecer de vistas, complementado pelas altera\u00e7\u00f5es de plen\u00e1rio, aprovado na 639\u00aa Sess\u00e3o do Conselho Universit\u00e1rio, de 17\/09\/2004, conforme Processo n. <a href=\"https:\/\/portal.ufsm.br\/documentos\/publico\/processo\/documento.html?idDocumento=1165877\" target=\"_blank\"><font color=\"blue\"><u>23081.014735\/2003-14<\/u><\/font><\/a>.<\/p>\r\n<br>\r\n<p><div align=\"center\">RESOLVE:<\/div><\/p>\r\n<br>\r\n<p>Art. 1\u00ba Regulamentar o uso de m\u00f3veis e im\u00f3veis das Casas do Estudante Universit\u00e1rio I e II.<\/p>\r\n<p>Art. 2\u00ba O estudante que participa do Programa de Assist\u00eancia Estudantil e \u00e9 futuro morador da Casa do Estudante Universit\u00e1rio dever\u00e1 assinar, ao ingressar, um TERMO DE RESPONSABILIDADE PATRIMONIAL E FINANCEIRA que regulamenta a utiliza\u00e7\u00e3o e zelo dos bens m\u00f3veis e im\u00f3veis existentes no local, durante sua perman\u00eancia no Programa de Moradia Estudantil da UFSM, bem como verifica\u00e7\u00e3o pr\u00e9via das condi\u00e7\u00f5es dos m\u00f3veis e do im\u00f3vel mediante ficha de vistoria.<\/p>\r\n<p>\u00a7 1\u00ba O Termo de Responsabilidade Patrimonial e Financeira dever\u00e1 ser assinado em tr\u00eas vias, sendo uma via para a Pr\u00f3-Reitoria de Assuntos Estudantis, uma via para Dire\u00e7\u00e3o da respectiva Casa do Estudante e a outra via para o estudante.<\/p>\r\n<p>\u00a7 2\u00ba Os j\u00e1 moradores das Casas do Estudante tamb\u00e9m dever\u00e3o, a partir da homologa\u00e7\u00e3o desta resolu\u00e7\u00e3o, assinar um Termo de Responsabilidade Patrimonial e Financeira.<\/p>\r\n\r\n<p>Art. 3\u00ba Os m\u00f3veis existentes nas Casas do Estudante Universit\u00e1rio I e II possuem n\u00famero de registro e s\u00e3o exclusivos do im\u00f3vel que tamb\u00e9m possui um registro, n\u00e3o sendo, portanto, permitida a troca de m\u00f3veis entre um im\u00f3vel e outro.<\/p>\r\n<p>Art. 4\u00ba Quando da sa\u00edda do estudante do im\u00f3vel por motivo de desist\u00eancia de curso, troca interna, conclus\u00e3o de curso ou retomada do im\u00f3vel, este dever\u00e1 comunicar \u00e0 Pr\u00f3-Reitoria de Assuntos Estudantis e \u00e0 Dire\u00e7\u00e3o da Casa do Estudante para verifica\u00e7\u00e3o das condi\u00e7\u00f5es dos m\u00f3veis e do im\u00f3vel, que ser\u00e1 comparada \u00e0 ficha de vistoria pr\u00e9via a ocupa\u00e7\u00e3o do im\u00f3vel.<\/p>\r\n<p>\u00a7 1\u00ba A verifica\u00e7\u00e3o das condi\u00e7\u00f5es dos m\u00f3veis e do im\u00f3vel ficar\u00e1 a cargo de um servidor da PRAE, um servidor da Prefeitura da UFSM e um membro da Dire\u00e7\u00e3o da respectiva Casa do Estudante.<\/p>\r\n<p>\u00a7 2\u00ba Ap\u00f3s a verifica\u00e7\u00e3o das condi\u00e7\u00f5es dos m\u00f3veis e do im\u00f3vel, o estudante dever\u00e1 assinar, na Pr\u00f3-Reitoria de Assuntos Estudantis, um termo de devolu\u00e7\u00e3o patrimonial.<\/p>\r\n\r\n<p>Art. 5\u00ba Quando houver troca de curso ou de matr\u00edcula, imediatamente o estudante dever\u00e1 comunicar a PRAE, a qual comunicar\u00e1 tamb\u00e9m de imediato a respectiva Dire\u00e7\u00e3o da Casa do Estudante.<\/p>\r\n<p>Art. 6\u00ba Quando houver a desocupa\u00e7\u00e3o total do im\u00f3vel, este ficar\u00e1 sob responsabilidade da PRAE, Prefeitura da UFSM e da Dire\u00e7\u00e3o da respectiva Casa do Estudante.<\/p>\r\n<p>Par\u00e1grafo \u00fanico. Em caso de desocupa\u00e7\u00e3o parcial do apartamento, os m\u00f3veis e im\u00f3vel ficar\u00e3o sob responsabilidade do morador que permanece, assinando novo Termo de Responsabilidade Patrimonial e Financeira, at\u00e9 a ocupa\u00e7\u00e3o da vaga.<\/p>\r\n\r\n<p>Art. 7\u00ba A depreda\u00e7\u00e3o dos bens m\u00f3veis e im\u00f3veis devidamente comprovada pela Pr\u00f3-Reitoria de Assuntos Estudantis, Prefeitura da UFSM e Dire\u00e7\u00e3o da respectiva Casa do Estudante ensejar\u00e1 notifica\u00e7\u00e3o ao estudante, para manifesta\u00e7\u00e3o no prazo de cinco dias sobre as irregularidades encontradas.<\/p>\r\n<p>\u00a7 1\u00ba Caso n\u00e3o seja aceita a justificativa apresentada pelo estudante, o Pr\u00f3-Reitor de Assuntos Estudantis solicitar\u00e1 ao Magn\u00edfico Reitor a abertura de Processo Administrativo Disciplinar no qual, depois de apontada a responsabilidade, o estudante poder\u00e1 sofrer as seguintes san\u00e7\u00f5es administrativas, sem preju\u00edzo das demais previs\u00f5es legais, seja no \u00e2mbito civil ou penal:<\/p>\r\n<p>I - perda da concess\u00e3o do benef\u00edcio de moradia estudantil, ou<\/p>\r\n<p>II - perda da concess\u00e3o do benef\u00edcio car\u00eancia;<\/p>\r\n<p>\u00a7 2\u00ba Sem preju\u00edzo das demais san\u00e7\u00f5es, o estudante responsabilizado ficar\u00e1 obrigado a:<\/p>\r\n<p>I - ressarcir \u00e0 Uni\u00e3o pelos danos causados; ou<\/p>\r\n<p>IIi - repor bem equivalente ou reparar o dano causado ao bem no prazo de sessenta dias.<\/p>\r\n<p>\u00a7 3\u00ba O Processo Administrativo Disciplinar que apurar a responsabilidade do autor do dano poder\u00e1 servir como subs\u00eddio para demais procedimentos judiciais, no \u00e2mbito civil e penal.<\/p>\r\n\r\n<p>Art. 8\u00ba Os m\u00f3veis que n\u00e3o possu\u00edrem condi\u00e7\u00f5es de utiliza\u00e7\u00e3o, ap\u00f3s averigua\u00e7\u00e3o sobre impossibilidade de conserto, dever\u00e3o ser retirados da carga patrimonial.<\/p>\r\n<p>Par\u00e1grafo \u00fanico. Ser\u00e1 realizada reposi\u00e7\u00e3o do m\u00f3vel, pela Institui\u00e7\u00e3o, por outro lado equivalente no prazo m\u00e1ximo de noventa dias, salvo em caso de paralisa\u00e7\u00e3o ou greve.<\/p>\r\n\r\n<p>Art. 9\u00ba Os m\u00f3veis que forem destinados \u00e0s Casas do Estudante dever\u00e3o ser discriminados pela Pr\u00f3-Reitoria de Assuntos Estudantis, Departamento de Material e Patrim\u00f4nio (DEMAPA) da UFSM e secretarias de Patrim\u00f4nio das Casas, sendo estes alocados apenas aos moradores regulares.<\/p>\r\n<p>Art. 10 Os casos omissos ser\u00e3o resolvidos pelo Conselho Administrativo da Casa do Estudante, cabendo recurso ao Conselho Universit\u00e1rio.<\/p>\r\n<p>Art. 11 Esta resolu\u00e7\u00e3o entra em vigor na data de sua publica\u00e7\u00e3o, revogadas as disposi\u00e7\u00f5es em contr\u00e1rio.<\/p>\r\n\r\n<p>GABINETE DO REITOR DA UNIVERSIDADE FEDERAL DE SANTA MARIA, aos trinta dias do m\u00eas de setembro do ano de dois mil e quatro.<\/p>\r\n<\/div>\r\n<p>Paulo Jorge Sarkis,<\/p>\r\n<p>Reitor.<\/p>\r\n\r\n<p><font color=\"red0000\">Este texto n\u00e3o substitui o documento original, publicado no Portal de Documentos.<\/font> Dispon\u00edvel em: <a href=\"https:\/\/portal.ufsm.br\/documentos\/publico\/documento.html?id=4434836\"><font color=\"blue\">https:\/\/portal.ufsm.br\/documentos\/publico\/documento.html?id=4434836<\/font><\/a>\r\n\r\n\t\t<\/div>\n\t\t\t\t<\/div>\n\t\t\t\t\t<\/div>\n\t\t<\/div>\n\t\t\t\t\t<\/div>\n\t\t<\/section>\n\t\t\t\t<\/div>\n\t\t","protected":false},"excerpt":{"rendered":"<p>RESOLU\u00c7\u00c3O N. 010\/2004 MINIST\u00c9RIO DA EDUCA\u00c7\u00c3O UNIVERSIDADE FEDERAL DE SANTA MARIA RESOLU\u00c7\u00c3O N. 010\/2004 Regulamenta o uso de m\u00f3veis e im\u00f3veis das Casas do Estudante Universit\u00e1rio I e II. O REITOR DA UNIVERSIDADE FEDERAL DE SANTA MARIA, no uso de suas atribui\u00e7\u00f5es legais e estatut\u00e1rias, e considerando: &#8211; a necessidade de disciplinar a utiliza\u00e7\u00e3o e [&hellip;]<\/p>\n","protected":false},"author":205,"featured_media":0,"parent":0,"menu_order":0,"comment_status":"closed","ping_status":"closed","template":"","meta":{"footnotes":""},"categories":[],"tags":[],"class_list":["post-3165","page","type-page","status-publish","hentry"],"acf":[],"_links":{"self":[{"href":"https:\/\/www.ufsm.br\/pro-reitorias\/proplan\/wp-json\/wp\/v2\/pages\/3165","targetHints":{"allow":["GET"]}}],"collection":[{"href":"https:\/\/www.ufsm.br\/pro-reitorias\/proplan\/wp-json\/wp\/v2\/pages"}],"about":[{"href":"https:\/\/www.ufsm.br\/pro-reitorias\/proplan\/wp-json\/wp\/v2\/types\/page"}],"author":[{"embeddable":true,"href":"https:\/\/www.ufsm.br\/pro-reitorias\/proplan\/wp-json\/wp\/v2\/users\/205"}],"replies":[{"embeddable":true,"href":"https:\/\/www.ufsm.br\/pro-reitorias\/proplan\/wp-json\/wp\/v2\/comments?post=3165"}],"version-history":[{"count":0,"href":"https:\/\/www.ufsm.br\/pro-reitorias\/proplan\/wp-json\/wp\/v2\/pages\/3165\/revisions"}],"wp:attachment":[{"href":"https:\/\/www.ufsm.br\/pro-reitorias\/proplan\/wp-json\/wp\/v2\/media?parent=3165"}],"wp:term":[{"taxonomy":"category","embeddable":true,"href":"https:\/\/www.ufsm.br\/pro-reitorias\/proplan\/wp-json\/wp\/v2\/categories?post=3165"},{"taxonomy":"post_tag","embeddable":true,"href":"https:\/\/www.ufsm.br\/pro-reitorias\/proplan\/wp-json\/wp\/v2\/tags?post=3165"}],"curies":[{"name":"wp","href":"https:\/\/api.w.org\/{rel}","templated":true}]}}