{"id":3181,"date":"2020-02-10T07:32:35","date_gmt":"2020-02-10T10:32:35","guid":{"rendered":"https:\/\/www.ufsm.br\/pro-reitorias\/proplan\/?page_id=3181"},"modified":"2020-05-26T09:06:00","modified_gmt":"2020-05-26T12:06:00","slug":"resolucao-n-008-2003","status":"publish","type":"page","link":"https:\/\/www.ufsm.br\/pro-reitorias\/proplan\/resolucao-n-008-2003","title":{"rendered":"Resolu\u00e7\u00e3o N. 008\/2003"},"content":{"rendered":"\t\t<div data-elementor-type=\"wp-page\" data-elementor-id=\"3181\" class=\"elementor elementor-3181\">\n\t\t\t\t\t\t<section class=\"elementor-section elementor-top-section elementor-element elementor-element-d2f98f1 elementor-section-boxed elementor-section-height-default elementor-section-height-default\" data-id=\"d2f98f1\" data-element_type=\"section\">\n\t\t\t\t\t\t<div class=\"elementor-container elementor-column-gap-default\">\n\t\t\t\t\t<div class=\"elementor-column elementor-col-100 elementor-top-column elementor-element elementor-element-3a6ad7d\" data-id=\"3a6ad7d\" data-element_type=\"column\">\n\t\t\t<div class=\"elementor-widget-wrap elementor-element-populated\">\n\t\t\t\t\t\t<div class=\"elementor-element elementor-element-2e7c4d8 elementor-widget elementor-widget-html\" data-id=\"2e7c4d8\" data-element_type=\"widget\" data-widget_type=\"html.default\">\n\t\t\t\t<div class=\"elementor-widget-container\">\n\t\t\t\r\n\r\n\r\n<title><b>RESOLU\u00c7\u00c3O N. 008\/2003<\/b><\/title>\r\n\r\n\r\n<div align=\"center\"><img decoding=\"async\" src=\"https:\/\/www.ufsm.br\/pro-reitorias\/proplan\/wp-content\/uploads\/sites\/344\/2019\/09\/brasao-da-republica-do-brasil-logo.png\" alt=\"Bras\u00e3o Rep\u00fablica Federativa do Brasil\" width=\"6%\" height=\"6%\"><\/div>    \r\n<h1><font color=\"blue\"><font size=\"5\"><div align=\"center\">MINIST\u00c9RIO DA EDUCA\u00c7\u00c3O<\/b><\/font><\/font><\/div><\/H1>\r\n<p><b><font color=\"0000blue\"><div align=\"center\">UNIVERSIDADE FEDERAL DE SANTA MARIA<\/b><\/font><\/div><\/p>\r\n\r\n<p><div align=\"center\"><b><a href=\"https:\/\/portal.ufsm.br\/documentos\/publico\/documento.html?id=4435305\"><font color=\"blue\">RESOLU\u00c7\u00c3O N. 008\/2003<\/font><\/a><\/b><\/div><\/p>\r\n<br>\r\n<p><div align=\"right\"><font color=\"800000\"><strike>Estabelece normas para revalida\u00e7\u00e3o de diplomas de gradua\u00e7\u00e3o expedidos por estabelecimentos estrangeiros de Ensino Superior.<\/strike><\/font><\/div><\/p>\r\n<br>\r\n<p><a href=\"https:\/\/www.ufsm.br\/pro-reitorias\/proplan\/resolucao-n-007-2010\/\"><font color=\"blue\">Revogada pela Resolu\u00e7\u00e3o N. 007\/2010<\/font><\/a><\/p>\r\n<br>\r\n<br><div align=\"justify\">\r\n<strike>\r\n<p>O REITOR DA UNIVERSIDADE FEDERAL DE SANTA MARIA, no uso de suas atribui\u00e7\u00f5es legais e estatut\u00e1rias, e considerando:<\/p>\r\n<p>- O disposto na <a href=\"http:\/\/portal.mec.gov.br\/cne\/arquivos\/pdf\/CES012002.pdf\" target=\"_blank\"><font color=\"blue\"><u>Resolu\u00e7\u00e3o n. 01, de 28 de janeiro de 2002, da C\u00e2mara de Educa\u00e7\u00e3o Superior do Conselho Nacional de Educa\u00e7\u00e3o\/MEC<\/u><\/font><\/a>, em seu art. 10;<\/p>\r\n<p>- a aprova\u00e7\u00e3o da C\u00e2mara de Coordenadores;<\/p>\r\n<p>- a aprova\u00e7\u00e3o pelo Conselho de Ensino, Pesquisa e Extens\u00e3o na sua 630\u00aa Sess\u00e3o, datada de 17.06.2003.<\/p>\r\n<br>\r\n<p><div align=\"center\">RESOLVE:<\/div><\/p>\r\n<br>\r\n<p>Art. 1\u00ba Os cursos de gradua\u00e7\u00e3o proceder\u00e3o \u00e0 revalida\u00e7\u00e3o de diplomas de gradua\u00e7\u00e3o, expedidos por estabelecimentos estrangeiros de ensino superior, em observ\u00e2ncia \u00e0s disposi\u00e7\u00f5es legais do Minist\u00e9rio da Educa\u00e7\u00e3o.<\/p>\r\n<p>Par\u00e1grafo \u00fanico. Cada curso dever\u00e1 estabelecer crit\u00e9rios pr\u00f3prios obedecendo \u00e0s suas especificidades, respeitada a legisla\u00e7\u00e3o pertinente.<\/p>\r\n\r\n<p>Art. 2\u00ba A revalida\u00e7\u00e3o ser\u00e1 procedida por comiss\u00e3o designada pela dire\u00e7\u00e3o da respectiva unidade universit\u00e1ria, constitu\u00edda por docentes que tenham qualifica\u00e7\u00e3o compat\u00edvel com a \u00e1rea de conhecimento e com o n\u00edvel do t\u00edtulo a ser revalidado.<\/p>\r\n<p>Art. 3\u00ba A Comiss\u00e3o designada para revalida\u00e7\u00e3o dever\u00e1 examinar, entre outros aspectos:<\/p>\r\n<p>I - afinidade de \u00e1rea entre o curso realizado no exterior e o oferecido pela Universidade;<\/p>\r\n<p>II - qualifica\u00e7\u00e3o conferida pelo t\u00edtulo e adequa\u00e7\u00e3o da documenta\u00e7\u00e3o que o acompanhe; e<\/p>\r\n<p>III - correspond\u00eancia do curso realizado no exterior com o que \u00e9 oferecido no Brasil.<\/p>\r\n<p>\u00a7 1\u00ba A Comiss\u00e3o poder\u00e1 solicitar, a seu crit\u00e9rio, quando consideradas necess\u00e1rias:<\/p>\r\n<p>I - informa\u00e7\u00f5es e\/ou documenta\u00e7\u00e3o complementares;<\/p>\r\n<p>II - parecer de institui\u00e7\u00e3o de ensino especializada na \u00e1rea; e\/ou<\/p>\r\n<p>III - consulta \u00e0 institui\u00e7\u00e3o na qual foi obtido o t\u00edtulo.<\/p>\r\n<p>\u00a7 2\u00ba Na hip\u00f3tese de persistirem d\u00favidas, poder\u00e1 a Comiss\u00e3o determinar que o candidato seja submetido a exames e\/ou provas respeitadas as normas regimentais desta universidade, destinadas \u00e0 caracteriza\u00e7\u00e3o dessa equival\u00eancia e prestados(as) em l\u00edngua portuguesa.<\/p>\r\n<p>\u00a7 3\u00ba A Comiss\u00e3o, a seu crit\u00e9rio, respeitado o cumprimento das exig\u00eancias quanto \u00e0 formaliza\u00e7\u00e3o e instrumentaliza\u00e7\u00e3o do processo, independente do n\u00famero de solicita\u00e7\u00f5es de revalida\u00e7\u00e3o, poder\u00e1 efetivar provas de sufici\u00eancia, prestadas em l\u00edngua portuguesa.<\/p>\r\n<p>\u00a7 4\u00ba Os exames e as provas versar\u00e3o sobre as mat\u00e9rias inclu\u00eddas nos curr\u00edculos correspondentes na UFSM, respeitadas as normas regimentais desta Universidade.<\/p>\r\n\r\n<p>Art. 4\u00ba Quando a an\u00e1lise comparativa dos t\u00edtulos e os resultados dos exames e\/ou provas demonstrarem o n\u00e3o-preenchimento das condi\u00e7\u00f5es exigidas para revalida\u00e7\u00e3o, a Comiss\u00e3o recomendar\u00e1 ao candidato a realiza\u00e7\u00e3o de estudos complementares na UFSM ou em outra institui\u00e7\u00e3o de ensino superior que ministre o curso, respeitados os cem dias letivos (LDB).<\/p>\r\n<p>Par\u00e1grafo \u00fanico. Em qualquer caso, exigir-se-\u00e1 que o candidato tenha cumprido ou venha a cumprir os requisitos m\u00ednimos presentes para os cursos brasileiros correspondentes.<\/p>\r\n\r\n<p>Art. 5\u00ba Os cursos devem-se manifestar sobre os pedidos de revalida\u00e7\u00e3o no prazo m\u00e1ximo de seis meses, a partir da data de abertura do processo, por meio de ATA de Julgamento, devolvendo ao Departamento de Registro e Controle Acad\u00eamico, com justificativa pertinente.<\/p>\r\n<p>\u00a7 1\u00ba As solicita\u00e7\u00f5es de revalida\u00e7\u00e3o, com parecer da comiss\u00e3o competente, dever\u00e3o ser homologadas pelo Colegiado do Curso, pelo Conselho de Centro e encaminhadas \u00e0 PROGRAD, sendo que, ap\u00f3s, ter\u00e3o a seguinte tramita\u00e7\u00e3o:<\/p>\r\n<p>I - se aprovado o pedido de revalida\u00e7\u00e3o, o processo ser\u00e1 encaminhado ao Conselho de Ensino, Pesquisa e Extens\u00e3o para homologa\u00e7\u00e3o; ou<\/p>\r\n<p>II - se reprovado o pedido de revalida\u00e7\u00e3o, o DERCA dar\u00e1 ci\u00eancia ao solicitante.<\/p>\r\n<p>\u00a7 2\u00ba Conclu\u00eddo o processo e homologado pelo CEPE, o diploma ser\u00e1 revalidado e o apostilamento ser\u00e1 efetivado no diploma original nos termos da legisla\u00e7\u00e3o vigente.<\/p>\r\n\r\n<p>Art. 6\u00ba Da decis\u00e3o da Comiss\u00e3o competente, caber\u00e1 recurso, no \u00e2mbito da Universidade, no prazo administrativo de dez dias \u00fateis.<\/p>\r\n<p>Par\u00e1grafo \u00fanico. Esgotadas as possibilidades de acolhimento ao pedido de revalida\u00e7\u00e3o pela Universidade, caber\u00e1 recurso \u00e0 C\u00e2mara de Educa\u00e7\u00e3o Superior do Conselho Nacional de Educa\u00e7\u00e3o.<\/p>\r\n\r\n<p>Art. 7\u00ba Integra a presente resolu\u00e7\u00e3o a rela\u00e7\u00e3o das exig\u00eancias da documenta\u00e7\u00e3o necess\u00e1ria para abertura do processo de revalida\u00e7\u00e3o de diploma.<\/p>\r\n\r\n<p>Esta resolu\u00e7\u00e3o entra em vigor na data de sua publica\u00e7\u00e3o, revogadas as disposi\u00e7\u00f5es anteriores.<\/p>\r\n\r\n<p>GABINETE DO REITOR DA UNIVERSIDADE FEDERAL DE SANTA MARIA, aos trinta dias do m\u00eas de junho do ano dois mil e tr\u00eas.<\/p>\r\n<\/div>\r\n<p>Paulo Jorge Sarkis,<\/p>\r\n<p>Reitor.<\/p>\r\n<br>\r\n<div align=\"center\"><img decoding=\"async\" src=\"https:\/\/www.ufsm.br\/pro-reitorias\/proplan\/wp-content\/uploads\/sites\/344\/2019\/09\/brasao-da-republica-do-brasil-logo.png\" alt=\"Bras\u00e3o Rep\u00fablica Federativa do Brasil\" width=\"6%\" height=\"6%\"><\/div>    \r\n<p><div align=\"center\">MINIST\u00c9RIO DA EDUCA\u00c7\u00c3O<\/div><\/p>\r\n<p><div align=\"center\">UNIVERSIDADE FEDERAL DE SANTA MARIA<\/div><\/p>\r\n<p><div align=\"center\">PR\u00d3-REITORIA DE GRADUA\u00c7\u00c3O<\/div><\/p>\r\n<p><b><div align=\"center\">DEPARTAMENTO DE REGISTRO E CONTROLE ACAD\u00caMICO<\/b><\/div><\/p>\r\n<br>\r\n<p>DOCUMENTA\u00c7\u00c3O NECESS\u00c1RIA PARA ABERTURA DE PROCESSOS DE REVALIDA\u00c7\u00c3O DE DIPLOMAS \u2013 GRADUA\u00c7\u00c3O<\/p>\r\n\r\n<p>1. Requerimento-padr\u00e3o, fornecido pelo DERCA, dirigido ao Magn\u00edfico Reitor da Universidade Federal de Santa Maria, informando nacionalidade, estado civil, carteira de identidade, resid\u00eancia e domic\u00edlio.<\/p>\r\n<p>2. Fotoc\u00f3pia do diploma ou certificado a ser revalidado.<\/p>\r\n<p>3. Hist\u00f3rico escolar correspondente ao diploma, para o qual est\u00e1 sendo requerida a revalida\u00e7\u00e3o.<\/p>\r\n<p>4. Fotoc\u00f3pia da carteira de identidade, ou se for o caso, da carteira de estrangeiro (de car\u00e1ter permanente).<\/p>\r\n<p>5. Fotoc\u00f3pia do certificado de naturaliza\u00e7\u00e3o, se for o caso.<\/p>\r\n<p>6. Fotoc\u00f3pia da certid\u00e3o de nascimento ou casamento.<\/p>\r\n<p>7. Fotoc\u00f3pia do documento militar e do t\u00edtulo de eleitor (somente para brasileiros).<\/p>\r\n<p>8. Conte\u00fados program\u00e1ticos das disciplinas, ou m\u00f3dulos, ou equivalentes cursadas em n\u00edvel superior (gradua\u00e7\u00e3o).<\/p>\r\n<p>9. Comprovante do recolhimento da taxa de revalida\u00e7\u00e3o de diploma, feito junto ao Banco do Brasil, no valor estabelecido na tabela de Taxas e Emolumentos da UFSM.<\/p>\r\n<p>10. Toda a documenta\u00e7\u00e3o em l\u00edngua estrangeira dever\u00e1 ser traduzida para o portugu\u00eas, por tradutor juramentado.<\/p>\r\n<p>11. O diploma ou certificado e a documenta\u00e7\u00e3o que instru\u00edrem o processo de revalida\u00e7\u00e3o dever\u00e3o ser autenticados pela autoridade consular brasileira, no pa\u00eds onde funcionar o estabelecimento de ensino que os houver expedido.<\/p>\r\n\r\n<p>Legisla\u00e7\u00e3o pertinente: <a href=\"http:\/\/portal.mec.gov.br\/cne\/arquivos\/pdf\/CES012002.pdf\" target=\"_blank\"><font color=\"blue\"><u>Resolu\u00e7\u00e3o n. 01\/2002 do Conselho Nacional de Educa\u00e7\u00e3o<\/u><\/font><\/a>.<\/p>\r\n<br>\r\n<br>\r\n<br>\r\n<p>Magn\u00edfico Reitor<\/p>\r\n<p>da Universidade Federal de Santa Maria,<\/p>\r\n<br>\r\n<br>\r\n<p>Eu, ____________________________, abaixo \u2014 assinado(a), nacionalidade  __________, estado civil ____________, identidade n. _____________, residente e domiciliado na rua ____________________________, n ___________, na cidade de _______________________, estado ________, CPF _____________, telefone para contato ____________, venho requerer de Vossa Magnific\u00eancia REVALIDA\u00c7\u00c3O DO DIPLOMA, do Curso de _______________________, obtido junto \u00e0 Universidade _______________________ no pa\u00eds __________, nos termos da legisla\u00e7\u00e3o vigente.<\/p>\r\n<br>\r\n<p>Nesses termos,<\/p>\r\n<p>pede deferimento.<\/p>\r\n<br>\r\n<br>\r\n<p>Santa Maria, _____\/ _____\/ _____.<\/p>\r\n<br>\r\n<br>\r\n<\/strike>\r\n<p><font color=\"red0000\">Este texto n\u00e3o substitui o documento original, publicado no Portal de Documentos.<\/font> Dispon\u00edvel em: <a href=\"https:\/\/portal.ufsm.br\/documentos\/publico\/documento.html?id=4435305\"><font color=\"blue\">https:\/\/portal.ufsm.br\/documentos\/publico\/documento.html?id=4435305<\/font><\/a>\r\n\r\n\t\t<\/div>\n\t\t\t\t<\/div>\n\t\t\t\t\t<\/div>\n\t\t<\/div>\n\t\t\t\t\t<\/div>\n\t\t<\/section>\n\t\t\t\t<\/div>\n\t\t","protected":false},"excerpt":{"rendered":"<p>RESOLU\u00c7\u00c3O N. 008\/2003 MINIST\u00c9RIO DA EDUCA\u00c7\u00c3O UNIVERSIDADE FEDERAL DE SANTA MARIA RESOLU\u00c7\u00c3O N. 008\/2003 Estabelece normas para revalida\u00e7\u00e3o de diplomas de gradua\u00e7\u00e3o expedidos por estabelecimentos estrangeiros de Ensino Superior. Revogada pela Resolu\u00e7\u00e3o N. 007\/2010 O REITOR DA UNIVERSIDADE FEDERAL DE SANTA MARIA, no uso de suas atribui\u00e7\u00f5es legais e estatut\u00e1rias, e considerando: &#8211; O disposto [&hellip;]<\/p>\n","protected":false},"author":205,"featured_media":0,"parent":0,"menu_order":0,"comment_status":"closed","ping_status":"closed","template":"","meta":{"footnotes":""},"categories":[],"tags":[],"class_list":["post-3181","page","type-page","status-publish","hentry"],"acf":[],"_links":{"self":[{"href":"https:\/\/www.ufsm.br\/pro-reitorias\/proplan\/wp-json\/wp\/v2\/pages\/3181","targetHints":{"allow":["GET"]}}],"collection":[{"href":"https:\/\/www.ufsm.br\/pro-reitorias\/proplan\/wp-json\/wp\/v2\/pages"}],"about":[{"href":"https:\/\/www.ufsm.br\/pro-reitorias\/proplan\/wp-json\/wp\/v2\/types\/page"}],"author":[{"embeddable":true,"href":"https:\/\/www.ufsm.br\/pro-reitorias\/proplan\/wp-json\/wp\/v2\/users\/205"}],"replies":[{"embeddable":true,"href":"https:\/\/www.ufsm.br\/pro-reitorias\/proplan\/wp-json\/wp\/v2\/comments?post=3181"}],"version-history":[{"count":0,"href":"https:\/\/www.ufsm.br\/pro-reitorias\/proplan\/wp-json\/wp\/v2\/pages\/3181\/revisions"}],"wp:attachment":[{"href":"https:\/\/www.ufsm.br\/pro-reitorias\/proplan\/wp-json\/wp\/v2\/media?parent=3181"}],"wp:term":[{"taxonomy":"category","embeddable":true,"href":"https:\/\/www.ufsm.br\/pro-reitorias\/proplan\/wp-json\/wp\/v2\/categories?post=3181"},{"taxonomy":"post_tag","embeddable":true,"href":"https:\/\/www.ufsm.br\/pro-reitorias\/proplan\/wp-json\/wp\/v2\/tags?post=3181"}],"curies":[{"name":"wp","href":"https:\/\/api.w.org\/{rel}","templated":true}]}}