{"id":3184,"date":"2020-02-10T07:37:49","date_gmt":"2020-02-10T10:37:49","guid":{"rendered":"https:\/\/www.ufsm.br\/pro-reitorias\/proplan\/?page_id=3184"},"modified":"2025-01-08T10:00:55","modified_gmt":"2025-01-08T13:00:55","slug":"resolucao-n-011-2003","status":"publish","type":"page","link":"https:\/\/www.ufsm.br\/pro-reitorias\/proplan\/resolucao-n-011-2003","title":{"rendered":"Resolu\u00e7\u00e3o N. 011\/2003"},"content":{"rendered":"\t\t<div data-elementor-type=\"wp-page\" data-elementor-id=\"3184\" class=\"elementor elementor-3184\">\n\t\t\t\t\t\t<section class=\"elementor-section elementor-top-section elementor-element elementor-element-ba71e72 elementor-section-boxed elementor-section-height-default elementor-section-height-default\" data-id=\"ba71e72\" data-element_type=\"section\">\n\t\t\t\t\t\t<div class=\"elementor-container elementor-column-gap-default\">\n\t\t\t\t\t<div class=\"elementor-column elementor-col-100 elementor-top-column elementor-element elementor-element-e5f4944\" data-id=\"e5f4944\" data-element_type=\"column\">\n\t\t\t<div class=\"elementor-widget-wrap elementor-element-populated\">\n\t\t\t\t\t\t<div class=\"elementor-element elementor-element-14e12a9 elementor-widget elementor-widget-html\" data-id=\"14e12a9\" data-element_type=\"widget\" data-widget_type=\"html.default\">\n\t\t\t\t<div class=\"elementor-widget-container\">\n\t\t\t\r\n\r\n\r\n<title><b>RESOLU\u00c7\u00c3O N. 011\/2003<\/b><\/title>\r\n\r\n\r\n<div align=\"center\"><img decoding=\"async\" src=\"https:\/\/www.ufsm.br\/pro-reitorias\/proplan\/wp-content\/uploads\/sites\/344\/2019\/09\/brasao-da-republica-do-brasil-logo.png\" alt=\"Bras\u00e3o Rep\u00fablica Federativa do Brasil\" width=\"6%\" height=\"6%\"><\/div>    \r\n<h1><font color=\"blue\"><font size=\"5\"><div align=\"center\">MINIST\u00c9RIO DA EDUCA\u00c7\u00c3O<\/b><\/font><\/font><\/div><\/H1>\r\n<p><b><font color=\"0000blue\"><div align=\"center\">UNIVERSIDADE FEDERAL DE SANTA MARIA<\/b><\/font><\/div><\/p>\r\n\r\n<p><div align=\"center\"><b><a href=\"https:\/\/portal.ufsm.br\/documentos\/publico\/documento.html?id=4435308\"><font color=\"blue\">RESOLU\u00c7\u00c3O N. 011\/2003<\/font><\/a><\/b><\/div><\/p>\r\n<br>\r\n\r\n<div align=\"justify\"> Revogada pela \r\n<a href=\"https:\/\/www.ufsm.br\/pro-reitorias\/proplan\/resolucao-ufsm-n-186-2024\" style=\"text-decoration: none\">\r\n<font color=\"blue\">\r\n<u>Resolu\u00e7\u00e3o UFSM N\u00b0 186\/2024\r\n<\/u>\r\n<\/font>\r\n<\/a>\r\n<\/div>\r\n<s>\r\n<p><div align=\"right\"><font color=\"800000\">Disp\u00f5e sobre aproveitamento de conte\u00fados realizados em estabelecimentos de ensino superior, e outros.<\/font><\/div><\/p>\r\n<br>\r\n<br><div align=\"justify\">\r\n<p>O REITOR DA UNIVERSIDADE FEDERAL DE SANTA MARIA, no uso de suas atribui\u00e7\u00f5es legais e estatut\u00e1rias, e considerando:<\/p>\r\n<p>- O que disp\u00f5e o art. 47 e seu \u00a7 2\u00ba, da <a href=\"http:\/\/www.planalto.gov.br\/ccivil_03\/leis\/l9394.htm\" target=\"_blank\"><font color=\"blue\"><u>Lei n. 9.394, de 20.12.96 - LDB<\/u><\/font><\/a>;<\/p>\r\n<p>- o disposto no Regimento Geral da UFSM, em seu art. 111, incisos XIl e XIV;<\/p>\r\n<p>- parecer da C\u00e2mara de Coordenadores;<\/p>\r\n<p>- Parecer n. 57\/03, de 1\u00ba.07.2003, aprovado na 631\u00aa Sess\u00e3o do Conselho de Ensino, Pesquisa e Extens\u00e3o.<\/p>\r\n<br>\r\n<p><div align=\"center\">RESOLVE:<\/div><\/p>\r\n<br>\r\n<p>Art. 1\u00ba Ser\u00e1 facultado aos alunos da UFSM o aproveitamento de estudos realizados em outras IES em n\u00edvel de gradua\u00e7\u00e3o, p\u00f3s-gradua\u00e7\u00e3o ou n\u00edvel m\u00e9dio.\r\n<p>Par\u00e1grafo \u00fanico. O aproveitamento de que trata esse artigo obedecer\u00e1 \u00e0 equival\u00eancia de conte\u00fados program\u00e1ticos e carga hor\u00e1ria, aos correspondentes conte\u00fados oferecidos pela UFSM, para dispensa de conte\u00fados da parte fixa e\/ou flex\u00edvel dos Projetos Pedag\u00f3gicos, excetuando-se as atividades complementares de gradua\u00e7\u00e3o.\r\n\r\n<p>Art. 2\u00ba Os estudos realizados em outras IES, para efeito de dispensa de conte\u00fados da parte fixa e da parte flex\u00edvel dos Projetos Pol\u00edtico-Pedag\u00f3gicos dos cursos de ensino m\u00e9dio, gradua\u00e7\u00e3o e programas de p\u00f3s-gradua\u00e7\u00e3o, dever\u00e3o ter sido realizados em, no m\u00ednimo, cem dias letivos em conson\u00e2ncia com a legisla\u00e7\u00e3o vigente, salvo se a dispensa corresponder a atividades complementares de gradua\u00e7\u00e3o.\r\n<p>Art. 3\u00ba O aluno, ao retornar das atividades realizadas na forma prevista no art. 1\u00ba desta resolu\u00e7\u00e3o, dever\u00e1 apresentar documentos comprobat\u00f3rios das atividades realizadas e a respectiva avalia\u00e7\u00e3o de desempenho.\r\n<p>Art. 4\u00ba Autodidatas interessados na obten\u00e7\u00e3o de aproveitamento de estudos, que apresentarem conhecimentos adquiridos por pr\u00e1tica sistem\u00e1tica, a exemplo de profici\u00eancia em l\u00ednguas \u2014 inform\u00e1tica e\/ou outros conte\u00fados, poder\u00e3o solicitar avalia\u00e7\u00e3o espec\u00edfica, aplicada por Banca Examinadora especialmente designada para esse fim, de acordo com o disposto no art. 47, \u00a7 2\u00ba, da <a href=\"http:\/\/www.planalto.gov.br\/ccivil_03\/leis\/l9394.htm\" target=\"_blank\"><font color=\"blue\"><u>Lei de Diretrizes e Bases<\/u><\/font><\/a>.\r\n<p>\u00a7 1\u00ba A avalia\u00e7\u00e3o de que trata o caput deste artigo versar\u00e1 sobre as atividades realizadas para compatibilizar dispensa de conte\u00fados correspondentes aos oferecidos pela UFSM na \u00e1rea do curso objeto do aproveitamento.\r\n<p>\u00a7 2\u00ba Cabe ao departamento no qual estiver(em) lotada(s) a(s) disciplina(s) definir a banca examinadora mediante requerimento do interessado. A decis\u00e3o avaliativa da banca examinadora, atestando o aproveitamento de estudos, ser\u00e1 encaminhada pelo departamento \u00e0 PROGRAD, PRPGP ou \u00e0 Coordenadoria de Ensino M\u00e9dio, conforme o caso, para o devido registro no hist\u00f3rico escolar do aluno.\r\n\r\n<p>Art. 5\u00ba Os casos omissos ser\u00e3o avaliados e apreciados pelo Conselho de Ensino, Pesquisa e Extens\u00e3o, com base e parecer do respectivo colegiado de curso.\r\n<p>Art. 6\u00ba Esta resolu\u00e7\u00e3o entra em vigor na data de sua publica\u00e7\u00e3o, revogada a <a href=\"https:\/\/www.ufsm.br\/pro-reitorias\/proplan\/resolucao-n-028-1990\/\" target=\"_blank\"><font color=\"blue\"><u>Resolu\u00e7\u00e3o n. 28\/90<\/u><\/font><\/a>.<\/p>\r\n\r\n<p>GABINETE DO REITOR DA UNIVERSIDADE FEDERAL DE SANTA MARIA, aos tr\u00eas dias do m\u00eas de julho do ano dois mil e tr\u00eas.<\/p>\r\n<\/div>\r\n<\/s>\r\n<p>Paulo Jorge Sarkis,<\/p>\r\n<p>Reitor.<\/p>\r\n\r\n<p><font color=\"red0000\">Este texto n\u00e3o substitui o documento original, publicado no Portal de Documentos.<\/font> Dispon\u00edvel em: <a href=\"https:\/\/portal.ufsm.br\/documentos\/publico\/documento.html?id=4435308\"><font color=\"blue\">https:\/\/portal.ufsm.br\/documentos\/publico\/documento.html?id=4435308<\/font><\/a>\r\n\r\n\t\t<\/div>\n\t\t\t\t<\/div>\n\t\t\t\t\t<\/div>\n\t\t<\/div>\n\t\t\t\t\t<\/div>\n\t\t<\/section>\n\t\t\t\t<\/div>\n\t\t","protected":false},"excerpt":{"rendered":"<p>RESOLU\u00c7\u00c3O N. 011\/2003 MINIST\u00c9RIO DA EDUCA\u00c7\u00c3O UNIVERSIDADE FEDERAL DE SANTA MARIA RESOLU\u00c7\u00c3O N. 011\/2003 Revogada pela Resolu\u00e7\u00e3o UFSM N\u00b0 186\/2024 Disp\u00f5e sobre aproveitamento de conte\u00fados realizados em estabelecimentos de ensino superior, e outros. O REITOR DA UNIVERSIDADE FEDERAL DE SANTA MARIA, no uso de suas atribui\u00e7\u00f5es legais e estatut\u00e1rias, e considerando: &#8211; O que disp\u00f5e [&hellip;]<\/p>\n","protected":false},"author":205,"featured_media":0,"parent":0,"menu_order":0,"comment_status":"closed","ping_status":"closed","template":"","meta":{"footnotes":""},"categories":[],"tags":[],"class_list":["post-3184","page","type-page","status-publish","hentry"],"acf":[],"_links":{"self":[{"href":"https:\/\/www.ufsm.br\/pro-reitorias\/proplan\/wp-json\/wp\/v2\/pages\/3184","targetHints":{"allow":["GET"]}}],"collection":[{"href":"https:\/\/www.ufsm.br\/pro-reitorias\/proplan\/wp-json\/wp\/v2\/pages"}],"about":[{"href":"https:\/\/www.ufsm.br\/pro-reitorias\/proplan\/wp-json\/wp\/v2\/types\/page"}],"author":[{"embeddable":true,"href":"https:\/\/www.ufsm.br\/pro-reitorias\/proplan\/wp-json\/wp\/v2\/users\/205"}],"replies":[{"embeddable":true,"href":"https:\/\/www.ufsm.br\/pro-reitorias\/proplan\/wp-json\/wp\/v2\/comments?post=3184"}],"version-history":[{"count":0,"href":"https:\/\/www.ufsm.br\/pro-reitorias\/proplan\/wp-json\/wp\/v2\/pages\/3184\/revisions"}],"wp:attachment":[{"href":"https:\/\/www.ufsm.br\/pro-reitorias\/proplan\/wp-json\/wp\/v2\/media?parent=3184"}],"wp:term":[{"taxonomy":"category","embeddable":true,"href":"https:\/\/www.ufsm.br\/pro-reitorias\/proplan\/wp-json\/wp\/v2\/categories?post=3184"},{"taxonomy":"post_tag","embeddable":true,"href":"https:\/\/www.ufsm.br\/pro-reitorias\/proplan\/wp-json\/wp\/v2\/tags?post=3184"}],"curies":[{"name":"wp","href":"https:\/\/api.w.org\/{rel}","templated":true}]}}