{"id":3185,"date":"2020-02-10T07:37:51","date_gmt":"2020-02-10T10:37:51","guid":{"rendered":"https:\/\/www.ufsm.br\/pro-reitorias\/proplan\/?page_id=3185"},"modified":"2020-05-26T09:06:46","modified_gmt":"2020-05-26T12:06:46","slug":"resolucao-n-012-2003","status":"publish","type":"page","link":"https:\/\/www.ufsm.br\/pro-reitorias\/proplan\/resolucao-n-012-2003","title":{"rendered":"Resolu\u00e7\u00e3o N. 012\/2003"},"content":{"rendered":"\t\t<div data-elementor-type=\"wp-page\" data-elementor-id=\"3185\" class=\"elementor elementor-3185\">\n\t\t\t\t\t\t<section class=\"elementor-section elementor-top-section elementor-element elementor-element-ab71533 elementor-section-boxed elementor-section-height-default elementor-section-height-default\" data-id=\"ab71533\" data-element_type=\"section\">\n\t\t\t\t\t\t<div class=\"elementor-container elementor-column-gap-default\">\n\t\t\t\t\t<div class=\"elementor-column elementor-col-100 elementor-top-column elementor-element elementor-element-439d375\" data-id=\"439d375\" data-element_type=\"column\">\n\t\t\t<div class=\"elementor-widget-wrap elementor-element-populated\">\n\t\t\t\t\t\t<div class=\"elementor-element elementor-element-c3fa725 elementor-widget elementor-widget-html\" data-id=\"c3fa725\" data-element_type=\"widget\" data-widget_type=\"html.default\">\n\t\t\t\t<div class=\"elementor-widget-container\">\n\t\t\t\r\n\r\n\r\n<title><b>RESOLU\u00c7\u00c3O N. 012\/2003<\/b><\/title>\r\n\r\n\r\n<div align=\"center\"><img decoding=\"async\" src=\"https:\/\/www.ufsm.br\/pro-reitorias\/proplan\/wp-content\/uploads\/sites\/344\/2019\/09\/brasao-da-republica-do-brasil-logo.png\" alt=\"Bras\u00e3o Rep\u00fablica Federativa do Brasil\" width=\"6%\" height=\"6%\"><\/div>    \r\n<h1><font color=\"blue\"><font size=\"5\"><div align=\"center\">MINIST\u00c9RIO DA EDUCA\u00c7\u00c3O<\/b><\/font><\/font><\/div><\/H1>\r\n<p><b><font color=\"0000blue\"><div align=\"center\">UNIVERSIDADE FEDERAL DE SANTA MARIA<\/b><\/font><\/div><\/p>\r\n\r\n<p><div align=\"center\"><b><a href=\"https:\/\/portal.ufsm.br\/documentos\/publico\/documento.html?id=4435309\"><font color=\"blue\">RESOLU\u00c7\u00c3O N. 012\/2003<\/font><\/a><\/b><\/div><\/p>\r\n<br>\r\n<p><div align=\"right\"><font color=\"800000\"><strike>Regulamenta o processo seletivo para contrata\u00e7\u00e3o de Professores Substitutos na UFSM, de acordo com a legisla\u00e7\u00e3o vigente e revoga a Resolu\u00e7\u00e3o n. 05\/2000.<\/strike><\/font><\/div><\/p>\r\n<br>\r\n<p><a href=\"https:\/\/www.ufsm.br\/pro-reitorias\/proplan\/resolucao-n-016-2014\/\"><font color=\"blue\">Revogada pela Resolu\u00e7\u00e3o N. 016\/2014<\/font><\/a><\/p>\r\n<br>\r\n<br><div align=\"justify\">\r\n<strike>\r\n<p>O REITOR DA UNIVERSIDADE FEDERAL DE SANTA MARIA, no uso de suas atribui\u00e7\u00f5es legais e estatut\u00e1rias, e considerando:<\/p>\r\n<p>- A <a href=\"http:\/\/www.planalto.gov.br\/ccivil_03\/LEIS\/L8745cons.htm\" target=\"_blank\"><font color=\"blue\"><u>Lei n. 8.745, de 9 de dezembro de 1993<\/u><\/font><\/a>,<\/p>\r\n<p>- a <a href=\"http:\/\/www.planalto.gov.br\/ccivil_03\/LEIS\/L9849.htm\" target=\"_blank\"><font color=\"blue\"><u>Lei n. 9.849, de 26 de outubro de 1999<\/u><\/font><\/a>,<\/p>\r\n<p>- o Parecer n. 72\/2003, da Comiss\u00e3o de Legisla\u00e7\u00e3o e Normas, aprovado na 635\u00aa Sess\u00e3o do Conselho de Ensino, Pesquisa e Extens\u00e3o, de 26 de setembro de 2003.<\/p>\r\n<br>\r\n<p><div align=\"center\">RESOLVE:<\/div><\/p>\r\n<br>\r\n<p>Art. 1\u00ba Regulamentar o processo seletivo para contrata\u00e7\u00e3o de professores substitutos na Universidade Federal de Santa Maria.<\/p>\r\n<p>Art. 2\u00ba Admitir-se-\u00e1 a contrata\u00e7\u00e3o dos servi\u00e7os de professor substituto para suprir a falta de docente da carreira de Magist\u00e9rio, decorrente de exonera\u00e7\u00e3o ou demiss\u00e3o, falecimento, aposentadoria e afastamentos conforme par\u00e1grafo 1\u00ba, do art. 2\u00ba, da <a href=\"http:\/\/www.planalto.gov.br\/ccivil_03\/LEIS\/L9849.htm\" target=\"_blank\"><font color=\"blue\"><u>Lei 9.849\/99<\/u><\/font><\/a>, ou licen\u00e7a de concess\u00e3o obrigat\u00f3ria.<\/p>\r\n<p>Art. 3\u00ba O ingresso de professor substituto far-se-\u00e1 em regime de vinte ou quarenta horas semanais e conforme as estritas necessidades do ensino na UFSM, especificadas no edital de abertura de inscri\u00e7\u00f5es para a sele\u00e7\u00e3o.<\/p>\r\n<p>Art. 4\u00ba Constatada a necessidade de contrata\u00e7\u00e3o de professor substituto, o chefe de departamento ou o diretor da unidade de ensino m\u00e9dio e tecnol\u00f3gico encaminhar\u00e1 a solicita\u00e7\u00e3o \u00e0 Comiss\u00e3o Permanente de Pessoal Docente - CPPD (C\u00e2mara de Ensino Superior ou C\u00e2mara de Ensino M\u00e9dio e Tecnol\u00f3gico, conforme o caso) com parecer da dire\u00e7\u00e3o de centro ou da Coordenadoria de Ensino M\u00e9dio e Tecnol\u00f3gico.<\/p>\r\n<p>\u00a7 1\u00ba Na solicita\u00e7\u00e3o referida no caput deste artigo, aprovada pelo colegiado departamental ou conselho da unidade de ensino m\u00e9dio e tecnol\u00f3gico, constar\u00e3o, no m\u00ednimo, os seguintes dados:<\/p>\r\n<p>I - exposi\u00e7\u00e3o de motivos que justifique a contrata\u00e7\u00e3o;<\/p>\r\n<p>II - \u00e1rea(s) do conhecimento; e<\/p>\r\n<p>III - preenchimento completo dos Anexos I e II.<\/p>\r\n<p>\u00a7 2\u00ba No caso do Anexo I, ficam estabelecidos os seguintes par\u00e2metros para a contrata\u00e7\u00e3o de professor substituto:<\/p>\r\n<p>I - regime de 20 horas semanais: m\u00ednimo de 8 horas-aula\/semana; ou<\/p>\r\n<p>II - regime de 40 horas semanais: m\u00ednimo de 16 horas-aula\/semana.<\/p>\r\n\r\n<p>Art. 5\u00ba Constatada a exist\u00eancia de vaga e ap\u00f3s a an\u00e1lise da justificativa, o processo ser\u00e1 encaminhado \u00e0 Pr\u00f3-Reitoria de Gradua\u00e7\u00e3o ou \u00e0 Coordenadoria de Ensino M\u00e9dio e Tecnol\u00f3gico para an\u00e1lise dos encargos did\u00e1ticos do departamento e\/ou da unidade de ensino m\u00e9dio e tecnol\u00f3gico e, posteriormente, \u00e0 Pr\u00f3-Reitoria de Recursos Humanos para informar a disponibilidade de recursos or\u00e7ament\u00e1rios.<\/p>\r\n<p>Art. 6\u00ba Poder\u00e1 ser contratado, como professor substituto, candidato portador de diploma registrado de curso de gradua\u00e7\u00e3o na \u00e1rea espec\u00edfica, ou, a crit\u00e9rio do colegiado departamental ou conselho da unidade de ensino m\u00e9dio e tecnol\u00f3gico, candidato portador de diploma de p\u00f3s-gradua\u00e7\u00e3o em \u00e1rea afim ou da modalidade profissional.<\/p>\r\n<p>Par\u00e1grafo \u00fanico. Poder\u00e1 ser contratado candidato aprovado em concurso p\u00fablico na \u00e1rea com validade vigente.<\/p>\r\n\r\n<p>Art. 7\u00ba O edital de abertura de inscri\u00e7\u00f5es ser\u00e1 divulgado na imprensa e no DOU, ficando as inscri\u00e7\u00f5es abertas, junto aos departamentos did\u00e1ticos ou \u00e0 dire\u00e7\u00e3o da unidade de ensino m\u00e9dio e tecnol\u00f3gico pelo per\u00edodo de cinco dias \u00fateis.<\/p>\r\n<p>Art. 8 O interessado dever\u00e1 formalizar a entrega do requerimento de inscri\u00e7\u00e3o, acompanhado dos documentos exigidos em edital, na secretaria do departamento did\u00e1tico ou dire\u00e7\u00e3o da unidade de ensino m\u00e9dio e tecnol\u00f3gico, mediante protocolo de recebimento, instruindo o pedido com a seguinte documenta\u00e7\u00e3o:<\/p>\r\n<p>I - c\u00f3pia autenticada do diploma de gradua\u00e7\u00e3o em curso superior ou certificado de conclus\u00e3o ou, a crit\u00e9rio do colegiado departamental ou conselho da unidade de ensino m\u00e9dio e tecnol\u00f3gico, candidato portador de diploma de p\u00f3s-gradua\u00e7\u00e3o em \u00e1rea afim ou da modalidade profissional;<\/p>\r\n<p>II - curriculum vitae acompanhado dos respectivos comprovantes;<\/p>\r\n<p>III - comprovante do pagamento da taxa de inscri\u00e7\u00e3o, correspondente a dois por cento do sal\u00e1rio-base da classe prevista;<\/p>\r\n<p>IV - se estrangeiro, dever\u00e1 comprovar ser portador do visto permanente e dever\u00e1 ser comprovada a revalida\u00e7\u00e3o de reconhecimento do respectivo diploma, se tratar-se de grau estrangeiro.<\/p>\r\n<p>\u00a7 1\u00ba A taxa de inscri\u00e7\u00e3o n\u00e3o ser\u00e1 devolvida em hip\u00f3tese alguma.<\/p>\r\n<p>\u00a7 2\u00ba Ficar\u00e3o \u00e0 disposi\u00e7\u00e3o dos interessados, no local de inscri\u00e7\u00e3o, o edital do processo seletivo, o programa aprovado e c\u00f3pia desta resolu\u00e7\u00e3o.<\/p>\r\n<p>\u00a7 3\u00ba No ato da inscri\u00e7\u00e3o, o candidato receber\u00e1 o programa da \u00e1rea de conhecimento objeto da Sele\u00e7\u00e3o para a Prova Did\u00e1tica e, em sendo o caso, prova Escrita e\/ou Pr\u00e1tica.<\/p>\r\n\r\n<p>Art. 9\u00ba A comiss\u00e3o de sele\u00e7\u00e3o e seu presidente ser\u00e3o indicados pelo colegiado departamental ou conselho da unidade de ensino m\u00e9dio e tecnol\u00f3gico e designada pelo diretor do centro ou pelo diretor da unidade do ensino m\u00e9dio e tecnol\u00f3gico, constitu\u00edda por tr\u00eas professores lotados no departamento ou na unidade de ensino m\u00e9dio e tecnol\u00f3gico vinculados \u00e0 \u00e1rea do conhecimento objeto da sele\u00e7\u00e3o p\u00fablica.<\/p>\r\n<p>Par\u00e1grafo \u00fanico. Na impossibilidade dessa composi\u00e7\u00e3o, a comiss\u00e3o ser\u00e1 formada por docentes de \u00e1reas afins ou pertencentes a outros departamentos.<\/p>\r\n\r\n<p>Art. 10. O processo seletivo constar\u00e1 de prova de t\u00edtulos com peso tr\u00eas e prova did\u00e1tica com peso sete.<\/p>\r\n<p>\u00a7 1\u00ba A crit\u00e9rio dos colegiados departamentais e\/ou conselhos das unidades de ensino m\u00e9dio e tecnol\u00f3gico, poder\u00e1 ser realizada, al\u00e9m da prova de t\u00edtulos e da prova did\u00e1tica, obrigat\u00f3rias, uma prova escrita e\/ou pr\u00e1tica.<\/p>\r\n<p>\u00a7 2\u00ba Quando o processo seletivo constar tamb\u00e9m de prova escrita e\/ou pr\u00e1tica, o somat\u00f3rio da prova did\u00e1tica, escrita e\/ou pr\u00e1tica dever\u00e1 ter peso sete cuja distribui\u00e7\u00e3o ficar\u00e1 a crit\u00e9rio do colegiado departamental e\/ou conselho da unidade de ensino m\u00e9dio e tecnol\u00f3gico, e especificada antes da realiza\u00e7\u00e3o da 12 prova.<\/p>\r\n<p>\u00a7 3\u00ba Para a prova de t\u00edtulos, ser\u00e1 utilizada a mesma planilha para o concurso p\u00fablico de professor auxiliar.<\/p>\r\n<p>\u00a7 4\u00ba De cada uma das reuni\u00f5es da comiss\u00e3o de sele\u00e7\u00e3o, seja para a organiza\u00e7\u00e3o dos pontos, realiza\u00e7\u00e3o das provas ou para os respectivos julgamentos, se lavrar\u00e1 a ata correspondente.<\/p>\r\n\r\n<p>Art. 11. A prova did\u00e1tica ser\u00e1 realizada em sess\u00e3o p\u00fablica.<\/p>\r\n<p>\u00a7 1\u00ba A prova did\u00e1tica constar\u00e1 de uma aula com dura\u00e7\u00e3o aproximada de cinquenta minutos, sobre o ponto sorteado com vinte e quatro horas de anteced\u00eancia, de uma lista de dez pontos, constantes do programa, com reposi\u00e7\u00e3o.<\/p>\r\n<p>\u00a7 2\u00ba A prova escrita versar\u00e1 sobre tema integrante do programa sorteado antes do seu in\u00edcio, de uma lista de, no m\u00ednimo, oito pontos, organizados pela comiss\u00e3o examinadora e divulgados no momento do sorteio, com dura\u00e7\u00e3o m\u00e1xima de quatro horas, incluindo, nesse per\u00edodo, consulta pr\u00e9via, a crit\u00e9rio do candidato, que poder\u00e1 ser de at\u00e9 uma hora, \u00e0 bibliografia apresentada \u00e0 comiss\u00e3o examinadora, ressaltando-se que o candidato, ao n\u00e3o optar pela consulta pr\u00e9via, poder\u00e1 iniciar imediatamente a prova escrita.<\/p>\r\n<p>\u00a7 3\u00ba \u00c0 prova pr\u00e1tica ser\u00e1 sobre o ponto sorteado, com dura\u00e7\u00e3o previamente estipulada a crit\u00e9rio da comiss\u00e3o examinadora, de uma lista de, no m\u00ednimo, oito pontos, com base no programa de sele\u00e7\u00e3o.<\/p>\r\n\r\n<p>Art. 12. As notas ser\u00e3o atribu\u00eddas na escala de zero a dez.<\/p>\r\n<p>Art. 13. As notas atribu\u00eddas a cada um dos candidatos, pelos examinadores, na prova did\u00e1tica e nas provas escrita e pr\u00e1tica ser\u00e3o acondicionadas em envelopes individuais lacrados at\u00e9 o final do processo seletivo, quando ser\u00e3o abertos em sess\u00e3o p\u00fablica conduzida pelo presidente da comiss\u00e3o de sele\u00e7\u00e3o.<\/p>\r\n<p>Art. 14. Ser\u00e1 considerado habilitado o candidato que obtiver m\u00e9dia igual ou superior a sete.<\/p>\r\n<p>Art. 15. Havendo mais de um candidato habilitado, a comiss\u00e3o de sele\u00e7\u00e3o indicar\u00e1 a respectiva ordem de classifica\u00e7\u00e3o, com base nas m\u00e9dias globais alcan\u00e7adas.<\/p>\r\n<p>Par\u00e1grafo \u00fanico. Em caso de empate, a decis\u00e3o obedecer\u00e1 aos seguintes crit\u00e9rios:<\/p>\r\n<p>I - pelo melhor desempenho na prova did\u00e1tica, quando n\u00e3o houver prova escrita ou prova pr\u00e1tica;<\/p>\r\n<p>II - pelo melhor desempenho calculado pela m\u00e9dia ponderada entre o resultado obtido na prova did\u00e1tica e na prova escrita e\/ou pr\u00e1tica;<\/p>\r\n<p>III - pelo melhor desempenho na prova de t\u00edtulos; e<\/p>\r\n<p>IV - persistindo o empate, a decis\u00e3o ser\u00e1 em favor do candidato de maior idade.<\/p>\r\n\r\n<p>Art. 16. O resultado da sele\u00e7\u00e3o, uma vez homologado pelo colegiado departamental ou conselho da unidade de ensino m\u00e9dio e tecnol\u00f3gico, ser\u00e1 afixado sob forma de edital em local de f\u00e1cil acesso ao p\u00fablico.<\/p>\r\n<p>\u00a7 1\u00ba Os candidatos, ap\u00f3s a divulga\u00e7\u00e3o do resultado, ter\u00e3o o prazo de dois dias \u00fateis para requerer revis\u00e3o de suas notas em requerimento devidamente protocolado, dirigido ao chefe do departamento ou ao diretor da unidade de ensino m\u00e9dio e tecnol\u00f3gico.<\/p>\r\n<p>\u00a7 2\u00ba \u00c0 comiss\u00e3o de sele\u00e7\u00e3o ter\u00e1 o prazo de tr\u00eas dias \u00fateis para an\u00e1lise e decis\u00e3o de Recurso.<\/p>\r\n\r\n<p>Art. 17. Caber\u00e1 ao chefe do departamento ou ao diretor da unidade de ensino m\u00e9dio e tecnol\u00f3gico interessado, propor \u00e0 CPPD a contrata\u00e7\u00e3o do(s) candidatos(s) selecionado(s), observada a ordem de classifica\u00e7\u00e3o no processo seletivo.<\/p>\r\n<p>Art. 18. Ser\u00e1 proibida a contrata\u00e7\u00e3o de servidores que ocupem cargos efetivos, integrantes das carreiras de magist\u00e9rio de que trata a <a href=\"http:\/\/www.planalto.gov.br\/ccivil_03\/leis\/L7596.htm\" target=\"_blank\"><font color=\"blue\"><u>Lei n. 7.596, de 10 de abril de 1987<\/u><\/font><\/a>, sendo que os demais servidores p\u00fablicos, em geral, poder\u00e3o ser contratados desde que atendam \u00e0 formal comprova\u00e7\u00e3o de compatibilidade de hor\u00e1rios, respeitadas as regras de acumula\u00e7\u00e3o ditadas pelo art. 37, da <a href=\"http:\/\/www.planalto.gov.br\/ccivil_03\/constituicao\/constituicao.htm\" target=\"_blank\"><font color=\"blue\"><u>Constitui\u00e7\u00e3o Federal<\/u><\/font><\/a>.<\/p>\r\n<p>Art. 19. Poder\u00e3o ser recontratados professores substitutos ou visitantes cujos contratos expiraram h\u00e1 mais de vinte e quatro meses.<\/p>\r\n<p>Art. 20. Os contratos poder\u00e3o ser prorrogados, por interesse das partes, de acordo com a legisla\u00e7\u00e3o vigente.<\/p>\r\n<p>Par\u00e1grafo \u00fanico. A prorroga\u00e7\u00e3o dos contratos depender\u00e1 de avalia\u00e7\u00e3o, a cargo do colegiado departamental ou conselho da unidade de ensino m\u00e9dio e tecnol\u00f3gico, de disponibilidade or\u00e7ament\u00e1ria e de an\u00e1lise de necessidades.<\/p>\r\n\r\n<p>Art. 21. O professor substituto, contratado nos termos da lei vigente, n\u00e3o poder\u00e1:<\/p>\r\n<p>I - ser nomeado ou designado, ainda que a t\u00edtulo prec\u00e1rio ou em substitui\u00e7\u00e3o, para o exerc\u00edcio de cargo em comiss\u00e3o ou fun\u00e7\u00e3o de confian\u00e7a;<\/p>\r\n<p>II - participar de comiss\u00f5es;<\/p>\r\n<p>III - ser votado para qualquer fun\u00e7\u00e3o;<\/p>\r\n<p>IV - participar como membro de colegiados, \u00e0 exce\u00e7\u00e3o do colegiado departamental e conselho da unidade de ensino m\u00e9dio e tecnol\u00f3gico; e<\/p>\r\n<p>V - receber atribui\u00e7\u00f5es, fun\u00e7\u00f5es ou encargos n\u00e3o-previstos no respectivo contrato.<\/p>\r\n\r\n<p>Art. 22. Esta resolu\u00e7\u00e3o entra em vigor na data de sua publica\u00e7\u00e3o e revoga a <a href=\"https:\/\/www.ufsm.br\/pro-reitorias\/proplan\/resolucao-n-005-2000\/\" target=\"_blank\"><font color=\"blue\"><u>resolu\u00e7\u00e3o n. 05\/2000, de 16.8.2000<\/u><\/font><\/a>.<\/p>\r\n\r\n<p>GABINETE DO REITOR DA UNIVERSIDADE FEDERAL DE SANTA MARIA, aos seis dias do m\u00eas de outubro do ano de dois mil e tr\u00eas.<\/p>\r\n<\/div>\r\n<p>Paulo Jorge Sarkis,<\/p>\r\n<p>Reitor.<\/p>\r\n<\/strike>\r\n<p><font color=\"red0000\">Este texto n\u00e3o substitui o documento original, publicado no Portal de Documentos.<\/font> Dispon\u00edvel em: <a href=\"https:\/\/portal.ufsm.br\/documentos\/publico\/documento.html?id=4435309\"><font color=\"blue\">https:\/\/portal.ufsm.br\/documentos\/publico\/documento.html?id=4435309<\/font><\/a>\r\n\r\n\t\t<\/div>\n\t\t\t\t<\/div>\n\t\t\t\t\t<\/div>\n\t\t<\/div>\n\t\t\t\t\t<\/div>\n\t\t<\/section>\n\t\t\t\t<\/div>\n\t\t","protected":false},"excerpt":{"rendered":"<p>RESOLU\u00c7\u00c3O N. 012\/2003 MINIST\u00c9RIO DA EDUCA\u00c7\u00c3O UNIVERSIDADE FEDERAL DE SANTA MARIA RESOLU\u00c7\u00c3O N. 012\/2003 Regulamenta o processo seletivo para contrata\u00e7\u00e3o de Professores Substitutos na UFSM, de acordo com a legisla\u00e7\u00e3o vigente e revoga a Resolu\u00e7\u00e3o n. 05\/2000. Revogada pela Resolu\u00e7\u00e3o N. 016\/2014 O REITOR DA UNIVERSIDADE FEDERAL DE SANTA MARIA, no uso de suas atribui\u00e7\u00f5es [&hellip;]<\/p>\n","protected":false},"author":205,"featured_media":0,"parent":0,"menu_order":0,"comment_status":"closed","ping_status":"closed","template":"","meta":{"footnotes":""},"categories":[],"tags":[],"class_list":["post-3185","page","type-page","status-publish","hentry"],"acf":[],"_links":{"self":[{"href":"https:\/\/www.ufsm.br\/pro-reitorias\/proplan\/wp-json\/wp\/v2\/pages\/3185","targetHints":{"allow":["GET"]}}],"collection":[{"href":"https:\/\/www.ufsm.br\/pro-reitorias\/proplan\/wp-json\/wp\/v2\/pages"}],"about":[{"href":"https:\/\/www.ufsm.br\/pro-reitorias\/proplan\/wp-json\/wp\/v2\/types\/page"}],"author":[{"embeddable":true,"href":"https:\/\/www.ufsm.br\/pro-reitorias\/proplan\/wp-json\/wp\/v2\/users\/205"}],"replies":[{"embeddable":true,"href":"https:\/\/www.ufsm.br\/pro-reitorias\/proplan\/wp-json\/wp\/v2\/comments?post=3185"}],"version-history":[{"count":0,"href":"https:\/\/www.ufsm.br\/pro-reitorias\/proplan\/wp-json\/wp\/v2\/pages\/3185\/revisions"}],"wp:attachment":[{"href":"https:\/\/www.ufsm.br\/pro-reitorias\/proplan\/wp-json\/wp\/v2\/media?parent=3185"}],"wp:term":[{"taxonomy":"category","embeddable":true,"href":"https:\/\/www.ufsm.br\/pro-reitorias\/proplan\/wp-json\/wp\/v2\/categories?post=3185"},{"taxonomy":"post_tag","embeddable":true,"href":"https:\/\/www.ufsm.br\/pro-reitorias\/proplan\/wp-json\/wp\/v2\/tags?post=3185"}],"curies":[{"name":"wp","href":"https:\/\/api.w.org\/{rel}","templated":true}]}}