{"id":3188,"date":"2020-02-10T07:43:01","date_gmt":"2020-02-10T10:43:01","guid":{"rendered":"https:\/\/www.ufsm.br\/pro-reitorias\/proplan\/?page_id=3188"},"modified":"2020-05-26T11:21:15","modified_gmt":"2020-05-26T14:21:15","slug":"resolucao-n-002-2002","status":"publish","type":"page","link":"https:\/\/www.ufsm.br\/pro-reitorias\/proplan\/resolucao-n-002-2002","title":{"rendered":"Resolu\u00e7\u00e3o N. 002\/2002"},"content":{"rendered":"\t\t<div data-elementor-type=\"wp-page\" data-elementor-id=\"3188\" class=\"elementor elementor-3188\">\n\t\t\t\t\t\t<section class=\"elementor-section elementor-top-section elementor-element elementor-element-c6046ec elementor-section-boxed elementor-section-height-default elementor-section-height-default\" data-id=\"c6046ec\" data-element_type=\"section\">\n\t\t\t\t\t\t<div class=\"elementor-container elementor-column-gap-default\">\n\t\t\t\t\t<div class=\"elementor-column elementor-col-100 elementor-top-column elementor-element elementor-element-460a83e\" data-id=\"460a83e\" data-element_type=\"column\">\n\t\t\t<div class=\"elementor-widget-wrap elementor-element-populated\">\n\t\t\t\t\t\t<div class=\"elementor-element elementor-element-2860055 elementor-widget elementor-widget-html\" data-id=\"2860055\" data-element_type=\"widget\" data-widget_type=\"html.default\">\n\t\t\t\t<div class=\"elementor-widget-container\">\n\t\t\t\r\n\r\n\r\n<title><b>RESOLU\u00c7\u00c3O N. 002\/2002<\/b><\/title>\r\n\r\n\r\n<div align=\"center\"><img decoding=\"async\" src=\"https:\/\/www.ufsm.br\/pro-reitorias\/proplan\/wp-content\/uploads\/sites\/344\/2019\/09\/brasao-da-republica-do-brasil-logo.png\" alt=\"Bras\u00e3o Rep\u00fablica Federativa do Brasil\" width=\"6%\" height=\"6%\"><\/div>    \r\n<h1><font color=\"blue\"><font size=\"5\"><div align=\"center\">MINIST\u00c9RIO DA EDUCA\u00c7\u00c3O<\/b><\/font><\/font><\/div><\/H1>\r\n<p><b><font color=\"0000blue\"><div align=\"center\">UNIVERSIDADE FEDERAL DE SANTA MARIA<\/b><\/font><\/div><\/p>\r\n\r\n<p><div align=\"center\"><b><a href=\"https:\/\/portal.ufsm.br\/documentos\/publico\/documento.html?id=4435580\"><font color=\"blue\">RESOLU\u00c7\u00c3O N. 002\/2002<\/font><\/a><\/b><\/div><\/p>\r\n<br>\r\n<p><div align=\"right\"><font color=\"800000\">Concede fun\u00e7\u00e3o gratificada - C\u00f3digo FG7 \u00e0 Secretaria da Comiss\u00e3o Permanente de Acumula\u00e7\u00e3o de Cargos - CPAC e d\u00e1 outras provid\u00eancias.<\/font><\/div><\/p>\r\n<br>\r\n<br><div align=\"justify\">\r\n<p>O REITOR DA UNIVERSIDADE FEDERAL DE SANTA MARIA, no uso de suas atribui\u00e7\u00f5es legais e estatut\u00e1rias e considerando:<\/p>\r\n<p>- A reivindica\u00e7\u00e3o do respons\u00e1vel pela Secretaria da Comiss\u00e3o Permanente de Acumula\u00e7\u00e3o de Cargos - CPAC, constante do Of\u00edcio N. 036\/2001 - CPAC, de 05.10.2001 - Processo N. <a href=\"https:\/\/portal.ufsm.br\/documentos\/publico\/processo\/documento.html?idDocumento=335500\" target=\"_blank\"><font color=\"blue\"><u>012158\/2001-64<\/u><\/font><\/a>;<\/p>\r\n<p>- que tanto a Presid\u00eancia como a Secretaria da referida comiss\u00e3o eram contempladas com Fun\u00e7\u00e3o Gratificada at\u00e9 a edi\u00e7\u00e3o da <a href=\"http:\/\/www.planalto.gov.br\/ccivil_03\/mpv\/Antigas\/1534.htm\" target=\"_blank\"><font color=\"blue\"><u>Medida Provis\u00f3ria n\u00ba 1534, de 18.12.96<\/u><\/font><\/a> e da Portaria Interministerial N\u00ba 1.407, de 26.12.96, que disp\u00f5em sobre as fun\u00e7\u00f5es de confian\u00e7a das IFESs, fixando, inclusive, O seu quantitativo;<\/p>\r\n<p>- que o solicitante atende atualmente a outras tr\u00eas Comiss\u00f5es Permanentes;<\/p>\r\n<p>- o grau de complexidade e O n\u00edvel de responsabilidade exigidas para o desenvolvimento das atividades da Secretaria;<\/p>\r\n<p>- a disponibilidade da Fun\u00e7\u00e3o Gratificada no quadro de Fun\u00e7\u00f5es da Institui\u00e7\u00e3o;<\/p>\r\n<p>- o Parecer N. 040\/01 da Comiss\u00e3o de Legisla\u00e7\u00e3o e Regimentos aprovado na 613\u00aa Sess\u00e3o do Conselho Universit\u00e1rios, 17.12.2001;<\/p>\r\n<br>\r\n<p><div align=\"center\">RESOLVE:<\/div><\/p>\r\n<br>\r\n<p>Art 1\u00ba Conceder Fun\u00e7\u00e3o Gratificada C\u00f3digo FG, \u00e0 Secretaria da Comiss\u00e3o Permanente de Acumula\u00e7\u00e3o de Cargos - CPAC.<\/p>\r\n<p>Art. 2\u00ba Fica estabelecido como condi\u00e7\u00e3o para a concess\u00e3o da referida Fun\u00e7\u00e3o Gratificada, o atendimento dos servi\u00e7os de Secretaria da Comiss\u00e3o Permanente de Insalubridade, da Comiss\u00e3o Permanente de Periculosidade e da Comiss\u00e3o Permanente Supervisora de Prote\u00e7\u00e3o Radiol\u00f3gica.<\/p>\r\n<p>Par\u00e1grafo \u00fanico. \u00c0 presente situa\u00e7\u00e3o dever\u00e1 ser revista quando forem tratados os casos de solicita\u00e7\u00f5es de fun\u00e7\u00f5es gratificadas por estas mesmas comiss\u00f5es, o que dever\u00e1 acontecer quando do estudo do novo Regimento Geral ou estudos de readequa\u00e7\u00e3o do Quadro de Fun\u00e7\u00f5es da Institui\u00e7\u00e3o.<\/p>\r\n\r\n<p>Art. 3\u00ba Esta resolu\u00e7\u00e3o entra em vigor na data de sua publica\u00e7\u00e3o e revoga as disposi\u00e7\u00f5es em contr\u00e1rio.<\/p>\r\n\r\n<p>GABINETE DO REITOR DA UNIVERSIDADE FEDERAL DE SANTA MARIA, aos vinte e um dias do m\u00eas de fevereiro do ano dois mil e dois.<\/p>\r\n<\/div>\r\n<p>Edgardo Ramos Medeiros,\r\n<p>Diretor do CCNE, no exerc\u00edcio da Reitor.<\/p>\r\n\r\n<p><font color=\"red0000\">Este texto n\u00e3o substitui o documento original, publicado no Portal de Documentos.<\/font> Dispon\u00edvel em: <a href=\"https:\/\/portal.ufsm.br\/documentos\/publico\/documento.html?id=4435580\"><font color=\"blue\">https:\/\/portal.ufsm.br\/documentos\/publico\/documento.html?id=4435580<\/font><\/a>\r\n\r\n\t\t<\/div>\n\t\t\t\t<\/div>\n\t\t\t\t\t<\/div>\n\t\t<\/div>\n\t\t\t\t\t<\/div>\n\t\t<\/section>\n\t\t\t\t<\/div>\n\t\t","protected":false},"excerpt":{"rendered":"<p>RESOLU\u00c7\u00c3O N. 002\/2002 MINIST\u00c9RIO DA EDUCA\u00c7\u00c3O UNIVERSIDADE FEDERAL DE SANTA MARIA RESOLU\u00c7\u00c3O N. 002\/2002 Concede fun\u00e7\u00e3o gratificada &#8211; C\u00f3digo FG7 \u00e0 Secretaria da Comiss\u00e3o Permanente de Acumula\u00e7\u00e3o de Cargos &#8211; CPAC e d\u00e1 outras provid\u00eancias. O REITOR DA UNIVERSIDADE FEDERAL DE SANTA MARIA, no uso de suas atribui\u00e7\u00f5es legais e estatut\u00e1rias e considerando: &#8211; A [&hellip;]<\/p>\n","protected":false},"author":205,"featured_media":0,"parent":0,"menu_order":0,"comment_status":"closed","ping_status":"closed","template":"","meta":{"footnotes":""},"categories":[],"tags":[],"class_list":["post-3188","page","type-page","status-publish","hentry"],"acf":[],"_links":{"self":[{"href":"https:\/\/www.ufsm.br\/pro-reitorias\/proplan\/wp-json\/wp\/v2\/pages\/3188","targetHints":{"allow":["GET"]}}],"collection":[{"href":"https:\/\/www.ufsm.br\/pro-reitorias\/proplan\/wp-json\/wp\/v2\/pages"}],"about":[{"href":"https:\/\/www.ufsm.br\/pro-reitorias\/proplan\/wp-json\/wp\/v2\/types\/page"}],"author":[{"embeddable":true,"href":"https:\/\/www.ufsm.br\/pro-reitorias\/proplan\/wp-json\/wp\/v2\/users\/205"}],"replies":[{"embeddable":true,"href":"https:\/\/www.ufsm.br\/pro-reitorias\/proplan\/wp-json\/wp\/v2\/comments?post=3188"}],"version-history":[{"count":0,"href":"https:\/\/www.ufsm.br\/pro-reitorias\/proplan\/wp-json\/wp\/v2\/pages\/3188\/revisions"}],"wp:attachment":[{"href":"https:\/\/www.ufsm.br\/pro-reitorias\/proplan\/wp-json\/wp\/v2\/media?parent=3188"}],"wp:term":[{"taxonomy":"category","embeddable":true,"href":"https:\/\/www.ufsm.br\/pro-reitorias\/proplan\/wp-json\/wp\/v2\/categories?post=3188"},{"taxonomy":"post_tag","embeddable":true,"href":"https:\/\/www.ufsm.br\/pro-reitorias\/proplan\/wp-json\/wp\/v2\/tags?post=3188"}],"curies":[{"name":"wp","href":"https:\/\/api.w.org\/{rel}","templated":true}]}}