{"id":3200,"date":"2020-02-10T07:57:05","date_gmt":"2020-02-10T10:57:05","guid":{"rendered":"https:\/\/www.ufsm.br\/pro-reitorias\/proplan\/?page_id=3200"},"modified":"2020-07-20T13:37:08","modified_gmt":"2020-07-20T16:37:08","slug":"resolucao-n-014-2002","status":"publish","type":"page","link":"https:\/\/www.ufsm.br\/pro-reitorias\/proplan\/resolucao-n-014-2002","title":{"rendered":"Resolu\u00e7\u00e3o N. 014\/2002"},"content":{"rendered":"\t\t<div data-elementor-type=\"wp-page\" data-elementor-id=\"3200\" class=\"elementor elementor-3200\">\n\t\t\t\t\t\t<section class=\"elementor-section elementor-top-section elementor-element elementor-element-2ada7e1 elementor-section-boxed elementor-section-height-default elementor-section-height-default\" data-id=\"2ada7e1\" data-element_type=\"section\">\n\t\t\t\t\t\t<div class=\"elementor-container elementor-column-gap-default\">\n\t\t\t\t\t<div class=\"elementor-column elementor-col-100 elementor-top-column elementor-element elementor-element-c1bd904\" data-id=\"c1bd904\" data-element_type=\"column\">\n\t\t\t<div class=\"elementor-widget-wrap elementor-element-populated\">\n\t\t\t\t\t\t<div class=\"elementor-element elementor-element-7988672 elementor-widget elementor-widget-html\" data-id=\"7988672\" data-element_type=\"widget\" data-widget_type=\"html.default\">\n\t\t\t\t<div class=\"elementor-widget-container\">\n\t\t\t\r\n\r\n\r\n<title><b>RESOLU\u00c7\u00c3O N. 014\/2002<\/b><\/title>\r\n\r\n\r\n<div align=\"center\"><img decoding=\"async\" src=\"https:\/\/www.ufsm.br\/pro-reitorias\/proplan\/wp-content\/uploads\/sites\/344\/2019\/09\/brasao-da-republica-do-brasil-logo.png\" alt=\"Bras\u00e3o Rep\u00fablica Federativa do Brasil\" width=\"6%\" height=\"6%\"><\/div>    \r\n<h1><font color=\"blue\"><font size=\"5\"><div align=\"center\">MINIST\u00c9RIO DA EDUCA\u00c7\u00c3O<\/b><\/font><\/font><\/div><\/H1>\r\n<p><b><font color=\"0000blue\"><div align=\"center\">UNIVERSIDADE FEDERAL DE SANTA MARIA<\/b><\/font><\/div><\/p>\r\n\r\n<p><div align=\"center\"><b><a href=\"https:\/\/portal.ufsm.br\/documentos\/publico\/documento.html?id=4435592\"><font color=\"blue\">RESOLU\u00c7\u00c3O N. 014\/2002<\/font><\/a><\/b><\/div><\/p>\r\n<br>\r\n<p><div align=\"right\"><font color=\"800000\"><strike>Altera o tempo de dura\u00e7\u00e3o do mandato dos representantes dos servidores t\u00e9cnico-administrativos no Conselho de Ensino, Pesquisa e Extens\u00e3o, prorroga o tempo de dura\u00e7\u00e3o do mandato atual da categoria no Conselho de Curadores e no Conselho Universit\u00e1rio unifica o processo eletivo dos representantes dessa categoria para os tr\u00eas Conselhos Superiores da UFSM.<\/strike><\/font><\/div><\/p>\r\n<br>\r\n<p><a href=\"https:\/\/www.ufsm.br\/pro-reitorias\/proplan\/resolucao-n-022-2020\/\" target=\"_blank\"><font color=\"blue\">Revogada pela Resolu\u00e7\u00e3o N. 022\/2020<\/font><\/a><\/p>\r\n<br>\r\n<br><div align=\"justify\">\r\n<strike>\r\n<p>O REITOR DA UNIVERSIDADE FEDERAL DE SANTA MARIA, no uso de suas atribui\u00e7\u00f5es legais e estatut\u00e1rias, e considerando que:<\/p>\r\n<p>- Conforme inciso VIII, do art. 11, do Estatuto da UFSM, o Conselho Universit\u00e1rio \u00e9 composto, al\u00e9m de outros membros, de quatro representantes da categoria t\u00e9cnico-administrativa os quais, de acordo com o \u00a7 7\u00ba do mesmo artigo, s\u00e3o eleitos pelo voto direto de seus pares para um mandato de dois anos, permitida uma \u00fanica recondu\u00e7\u00e3o;<\/p>\r\n<p>- de acordo com o inciso IX, do art. 17, do Estatuto, o Conselho de Ensino, Pesquisa e Extens\u00e3o \u00e9 composto al\u00e9m de outros membros, de tr\u00eas representantes do grupo de servidores t\u00e9cnico-administrativos os quais, de conformidade com o \u00a7 5\u00ba do mesmo artigo, s\u00e3o eleitos anualmente pelo voto direto de seus pares, permitida uma \u00fanica recondu\u00e7\u00e3o consecutiva;<\/p>\r\n<p>- conforme o inciso VI, do art. 20, do Estatuto, o Conselho de Curadores \u00e9 composto al\u00e9m de outros membros, de um representante do grupo de servidores t\u00e9cnico- administrativos o qual, de acordo com o \u00a7 2\u00ba do mesmo artigo, exercer\u00e1 o mandato por dois anos, permitida uma \u00fanica recondu\u00e7\u00e3o;<\/p>\r\n<p>- segundo informa\u00e7\u00f5es da Secretaria dos Conselhos Superiores, o mandato dos representantes dos servidores t\u00e9cnico-administrativos no Conselho de Curadores expirou em 68.09.02, no Conselho Universit\u00e1rio expirar\u00e1 em 18.04.03 e no conselho de Ensino, Pesquisa e Extens\u00e3o em 18.06.03;<\/p>\r\n<p>- existe a necessidade de padronizar e racionalizar o processo eletivo da representa\u00e7\u00e3o dessa categoria nos Conselhos Superiores.<\/p>\r\n<br>\r\n<p><div align=\"center\">RESOLVE:<\/div><\/p>\r\n<br>\r\n<p>Art. 1\u00ba Alterar o tempo de dura\u00e7\u00e3o do mandato dos representantes dos servidores t\u00e9cnico-administrativos no Conselho de Ensino, Pesquisa e Extens\u00e3o de um para dois anos, a partir da pr\u00f3xima elei\u00e7\u00e3o.<\/p>\r\n<p>Art. 2\u00ba Prorrogar o tempo de dura\u00e7\u00e3o do mandato do representante dos servidores t\u00e9cnico-administrativos e respectivo suplente no Conselho de Curadores e dos representantes dessa categoria no Conselho Universit\u00e1rio at\u00e9 o dia 18.06.03.<\/p>\r\n<p>Art. 3\u00ba Unificar o processo eletivo da representa\u00e7\u00e3o da categoria dos servidores t\u00e9cnico-administrativos nos Conselhos Superiores cuja data de in\u00edcio do pr\u00f3ximo mandato ser\u00e1 o dia 19.06.03.<\/p>\r\n<p>Art. 4\u00ba Esta resolu\u00e7\u00e3o entra em vigor na data de sua publica\u00e7\u00e3o e revoga as disposi\u00e7\u00f5es em contr\u00e1rio.<\/p>\r\n\r\n<p>GABINETE DO REITOR DA UNIVERSIDADE FEDERAL DE SANTA MARIA, aos vinte dias do m\u00eas de dezembro do ano dois mil e dois.<\/p>\r\n<\/div>\r\n<p>Paulo Jorge Sarkis,<\/p>\r\n<p>Reitor.<\/p>\r\n<\/strike>\r\n\r\n<p><font color=\"red0000\">Este texto n\u00e3o substitui o documento original, publicado no Portal de Documentos.<\/font> Dispon\u00edvel em: <a href=\"https:\/\/portal.ufsm.br\/documentos\/publico\/documento.html?id=4435592\"><font color=\"blue\">https:\/\/portal.ufsm.br\/documentos\/publico\/documento.html?id=4435592<\/font><\/a>\r\n\r\n\t\t<\/div>\n\t\t\t\t<\/div>\n\t\t\t\t\t<\/div>\n\t\t<\/div>\n\t\t\t\t\t<\/div>\n\t\t<\/section>\n\t\t\t\t<\/div>\n\t\t","protected":false},"excerpt":{"rendered":"<p>RESOLU\u00c7\u00c3O N. 014\/2002 MINIST\u00c9RIO DA EDUCA\u00c7\u00c3O UNIVERSIDADE FEDERAL DE SANTA MARIA RESOLU\u00c7\u00c3O N. 014\/2002 Altera o tempo de dura\u00e7\u00e3o do mandato dos representantes dos servidores t\u00e9cnico-administrativos no Conselho de Ensino, Pesquisa e Extens\u00e3o, prorroga o tempo de dura\u00e7\u00e3o do mandato atual da categoria no Conselho de Curadores e no Conselho Universit\u00e1rio unifica o processo eletivo [&hellip;]<\/p>\n","protected":false},"author":205,"featured_media":0,"parent":0,"menu_order":0,"comment_status":"closed","ping_status":"closed","template":"","meta":{"footnotes":""},"categories":[],"tags":[],"class_list":["post-3200","page","type-page","status-publish","hentry"],"acf":[],"_links":{"self":[{"href":"https:\/\/www.ufsm.br\/pro-reitorias\/proplan\/wp-json\/wp\/v2\/pages\/3200","targetHints":{"allow":["GET"]}}],"collection":[{"href":"https:\/\/www.ufsm.br\/pro-reitorias\/proplan\/wp-json\/wp\/v2\/pages"}],"about":[{"href":"https:\/\/www.ufsm.br\/pro-reitorias\/proplan\/wp-json\/wp\/v2\/types\/page"}],"author":[{"embeddable":true,"href":"https:\/\/www.ufsm.br\/pro-reitorias\/proplan\/wp-json\/wp\/v2\/users\/205"}],"replies":[{"embeddable":true,"href":"https:\/\/www.ufsm.br\/pro-reitorias\/proplan\/wp-json\/wp\/v2\/comments?post=3200"}],"version-history":[{"count":0,"href":"https:\/\/www.ufsm.br\/pro-reitorias\/proplan\/wp-json\/wp\/v2\/pages\/3200\/revisions"}],"wp:attachment":[{"href":"https:\/\/www.ufsm.br\/pro-reitorias\/proplan\/wp-json\/wp\/v2\/media?parent=3200"}],"wp:term":[{"taxonomy":"category","embeddable":true,"href":"https:\/\/www.ufsm.br\/pro-reitorias\/proplan\/wp-json\/wp\/v2\/categories?post=3200"},{"taxonomy":"post_tag","embeddable":true,"href":"https:\/\/www.ufsm.br\/pro-reitorias\/proplan\/wp-json\/wp\/v2\/tags?post=3200"}],"curies":[{"name":"wp","href":"https:\/\/api.w.org\/{rel}","templated":true}]}}