{"id":3215,"date":"2020-02-10T08:30:24","date_gmt":"2020-02-10T11:30:24","guid":{"rendered":"https:\/\/www.ufsm.br\/pro-reitorias\/proplan\/?page_id=3215"},"modified":"2020-05-26T14:39:11","modified_gmt":"2020-05-26T17:39:11","slug":"resolucao-n-012-2001","status":"publish","type":"page","link":"https:\/\/www.ufsm.br\/pro-reitorias\/proplan\/resolucao-n-012-2001","title":{"rendered":"Resolu\u00e7\u00e3o N. 012\/2001"},"content":{"rendered":"\t\t<div data-elementor-type=\"wp-page\" data-elementor-id=\"3215\" class=\"elementor elementor-3215\">\n\t\t\t\t\t\t<section class=\"elementor-section elementor-top-section elementor-element elementor-element-996d4d0 elementor-section-boxed elementor-section-height-default elementor-section-height-default\" data-id=\"996d4d0\" data-element_type=\"section\">\n\t\t\t\t\t\t<div class=\"elementor-container elementor-column-gap-default\">\n\t\t\t\t\t<div class=\"elementor-column elementor-col-100 elementor-top-column elementor-element elementor-element-5037428\" data-id=\"5037428\" data-element_type=\"column\">\n\t\t\t<div class=\"elementor-widget-wrap elementor-element-populated\">\n\t\t\t\t\t\t<div class=\"elementor-element elementor-element-7e07596 elementor-widget elementor-widget-html\" data-id=\"7e07596\" data-element_type=\"widget\" data-widget_type=\"html.default\">\n\t\t\t\t<div class=\"elementor-widget-container\">\n\t\t\t\r\n\r\n\r\n<title><b>RESOLU\u00c7\u00c3O N. 012\/2001<\/b><\/title>\r\n\r\n\r\n<div align=\"center\"><img decoding=\"async\" src=\"https:\/\/www.ufsm.br\/pro-reitorias\/proplan\/wp-content\/uploads\/sites\/344\/2019\/09\/brasao-da-republica-do-brasil-logo.png\" alt=\"Bras\u00e3o Rep\u00fablica Federativa do Brasil\" width=\"6%\" height=\"6%\"><\/div>    \r\n<h1><font color=\"blue\"><font size=\"5\"><div align=\"center\">MINIST\u00c9RIO DA EDUCA\u00c7\u00c3O<\/b><\/font><\/font><\/div><\/H1>\r\n<p><b><font color=\"0000blue\"><div align=\"center\">UNIVERSIDADE FEDERAL DE SANTA MARIA<\/b><\/font><\/div><\/p>\r\n\r\n<p><div align=\"center\"><b><a href=\"https:\/\/portal.ufsm.br\/documentos\/publico\/documento.html?id=4509089\"><font color=\"blue\">RESOLU\u00c7\u00c3O N. 012\/2001<\/font><\/a><\/b><\/div><\/p>\r\n<br>\r\n<p><div align=\"right\"><font color=\"800000\"><strike>Regulamenta a concess\u00e3o da Gratifica\u00e7\u00e3o de Incentivo \u00e0 Doc\u00eancia - GID, aos docentes de 1\u00ba e 2\u00ba Graus no \u00e2mbito da UFSM.<\/strike><\/font><\/div><\/p>\r\n<br>\r\n<p><a href=\"https:\/\/www.ufsm.br\/pro-reitorias\/proplan\/resolucao-n-010-2003\/\"><font color=\"blue\">Revogada pela Resolu\u00e7\u00e3o N. 010\/2003<\/font><\/a><\/p>\r\n<br>\r\n<br><div align=\"justify\">\r\n<strike>\r\n<p>O VICE-REITOR DA UNIVERSIDADE FEDERAL DE SANTA MARIA, no exerc\u00edcio da Reitoria, usando de suas atribui\u00e7\u00f5es legais e estatut\u00e1rias e considerando:<\/p>\r\n<p>- \u00c0 <a href=\"http:\/\/www.planalto.gov.br\/ccivil_03\/LEIS\/LEIS_2001\/L10187.htm\" target=\"_blank\"><font color=\"blue\"><u>Lei n. 10.187, de 12.02.01<\/u><\/font><\/a> que institui a Gratifica\u00e7\u00e3o de Incentivo \u00e0 Doc\u00eancia e d\u00e1 outras provid\u00eancias;<\/p>\r\n<p>- O <a href=\"https:\/\/www2.camara.leg.br\/legin\/fed\/decret\/2001\/decreto-3932-19-setembro-2001-398770-publicacaooriginal-1-pe.html\" target=\"_blank\"><font color=\"blue\"><u>Decreto n. 3.932, de 19.09.2001<\/u><\/font><\/a> que estabelece os requisitos b\u00e1sicos para a regulamenta\u00e7\u00e3o da Gratifica\u00e7\u00e3o de Incentivo \u00e0 Doc\u00eancia;<\/p>\r\n<p>- o Art. 1\u00ba do Decreto supramencionado, em especial, que disp\u00f5e: \u201cAs institui\u00e7\u00f5es federais de ensino, relacionadas no Anexo I da <a href=\"http:\/\/www.planalto.gov.br\/ccivil_03\/LEIS\/LEIS_2001\/L10187.htm\" target=\"_blank\"><font color=\"blue\"><u>Lei n. 10.187, de 12.02.2001<\/u><\/font><\/a>, editar\u00e3o regulamentos pr\u00f3prios para atribui\u00e7\u00e3o da Gratifica\u00e7\u00e3o de Incentivo \u00e0 Doc\u00eancia - GID\u201d;<\/p>\r\n<p>- O trabalho desenvolvido pela Comiss\u00e3o de Implanta\u00e7\u00e3o da Gratifica\u00e7\u00e3o de Incentivo \u00e0 Doc\u00eancia - GID, institu\u00edda pela Portaria UFSM n. 42.429, de 12.07.2001;<\/p>\r\n<p>- O Parecer favor\u00e1vel do Presidente da Comiss\u00e3o de Legisla\u00e7\u00e3o e Regimentos do Conselho Universit\u00e1rio;<\/p>\r\n<br>\r\n<p><div align=\"center\">RESOLVE:<\/div><\/p>\r\n<br>\r\n<p>Art. 1\u00ba Regulamentar a Concess\u00e3o de Gratifica\u00e7\u00e3o de Incentivo \u00e0 Doc\u00eancia - GID, aos docentes de 1\u00ba e 2\u00ba Graus da Universidade Federal de Santa Maria, estabelecendo os crit\u00e9rios de avalia\u00e7\u00e3o de desempenho docente.<\/p>\r\n<p>Art. 2\u00ba Para fins de atribui\u00e7\u00e3o da GID, os ocupantes de cargos efetivos de Professor de 1\u00ba e 2\u00ba Graus ser\u00e3o divididos em cinco grupos, conforme estabelecido a seguir:<\/p>\r\n<p>I - Professores com regime de trabalho de quarenta horas semanais ou dedica\u00e7\u00e3o exclusiva com, no m\u00ednimo, oito horas semanais de aula;<\/p>\r\n<p>II - professores com regime de trabalho de vinte horas semanais com, no m\u00ednimo, oito horas semanais de aula;<\/p>\r\n<p>III - professores investidos em cargo de dire\u00e7\u00e3o ou fun\u00e7\u00e3o gratificada na pr\u00f3pria Institui\u00e7\u00e3o e professores participantes de programas de doutorado, mestrado ou especializa\u00e7\u00e3o autorizados pela Institui\u00e7\u00e3o com, no m\u00ednimo, quatro horas semanais de aula;<\/p>\r\n<p>IV - professores investidos em cargo de dire\u00e7\u00e3o ou fun\u00e7\u00e3o gratificada na pr\u00f3pria Institui\u00e7\u00e3o, professores cedidos para o exerc\u00edcio de cargos em Comiss\u00e3o de Natureza Especial ou do Grupo-Dire\u00e7\u00e3o e Assessoramento Superiores n\u00edveis DAS-6, DAS-S, ou DAS-4, ou equivalentes, na Administra\u00e7\u00e3o P\u00fablica Federal, e professores participantes de programas de doutorado, mestrado ou especializa\u00e7\u00e3o autorizados pela Institui\u00e7\u00e3o, que n\u00e3o atendam a condi\u00e7\u00e3o de carga hor\u00e1ria semanal m\u00ednima em sala de aula, conforme estabelecido nos incisos anteriores; e<\/p>\r\n<p>V - professores em situa\u00e7\u00e3o diversa das relacionadas nos incisos I a IV deste artigo.<\/p>\r\n\r\n<p>Art. 3\u00ba A Gratifica\u00e7\u00e3o de Incentivo \u00e0 Doc\u00eancia ter\u00e1 como limite oitenta pontos por servidor, correspondendo cada ponto ao valor estabelecido no Anexo II da <a href=\"http:\/\/www.planalto.gov.br\/ccivil_03\/LEIS\/LEIS_2001\/L10187.htm\" target=\"_blank\"><font color=\"blue\"><u>Lei n. 10.187, de 12.02.2001<\/u><\/font><\/a>.<\/p>\r\n<p>Art. 4\u00ba O total de pontos a ser distribu\u00eddo em cada um dos grupos I, II e III, respectivamente, corresponder\u00e1 a setenta e tr\u00eas vezes o n\u00famero de professores de cada grupo, observando-se os seguintes crit\u00e9rios:<\/p>\r\n<p>I - setenta por cento dos pontos de cada grupo ser\u00e3o distribu\u00eddos na raz\u00e3o direta da contribui\u00e7\u00e3o individual do professor para o total de aulas semanais ministradas pelos integrantes do grupo;<\/p>\r\n<p>II - dez por cento dos pontos de cada grupo ser\u00e3o distribu\u00eddos entre os professores em raz\u00e3o do n\u00famero de alunos sob sua responsabilidade;<\/p>\r\n<p>III - dez por cento dos pontos de cada grupo ser\u00e3o distribu\u00eddos entre os professores em raz\u00e3o da avalia\u00e7\u00e3o qualitativa das aulas por eles ministradas; e<\/p>\r\n<p>IV - dez por cento dos pontos de cada grupo ser\u00e3o distribu\u00eddos entre os professores em raz\u00e3o da sua participa\u00e7\u00e3o em programas e projetos de interesse da Institui\u00e7\u00e3o.<\/p>\r\n<p>Par\u00e1grafo \u00fanico. A soma dos percentuais definidos para os itens de avalia\u00e7\u00e3o, a que se referem os incisos I a IV deste artigo, dever\u00e1 corresponder a cem por cento.<\/p>\r\n\r\n<p>Art. 5\u00ba Os professores que se encontrarem nas situa\u00e7\u00f5es referidas no inciso IV do artigo 2\u00ba desta resolu\u00e7\u00e3o perceber\u00e3o a GID com base em quarenta e oito pontos mensais e os que se encontrarem em situa\u00e7\u00f5es diversas das descritas nos incisos I a IV deste mesmo artigo n\u00e3o perceber\u00e3o a GID, enquanto n\u00e3o tiverem alterada a sua situa\u00e7\u00e3o<\/p>\r\n<p>Art. 6\u00ba Em caso de afastamento, considerado como de efetivo exerc\u00edcio, sem preju\u00edzo da remunera\u00e7\u00e3o e com direito \u00e0 percep\u00e7\u00e3o da GID, por prazo inferior ou igual ao do per\u00edodo de avalia\u00e7\u00e3o, o servidor ter\u00e1 como base de c\u00e1lculo para pagamento da gratifica\u00e7\u00e3o a pontua\u00e7\u00e3o obtida no per\u00edodo anterior.<\/p>\r\n<p>\u00a7 1\u00ba No caso de n\u00e3o ter havido aferi\u00e7\u00e3o no per\u00edodo anterior ou se o afastamento for por prazo superior ao do per\u00edodo de avalia\u00e7\u00e3o, a GID ser\u00e1 calculada com base no limite de sessenta por cento do m\u00e1ximo de pontos poss\u00edveis por servidor, considerados a titula\u00e7\u00e3o e o regime de dedica\u00e7\u00e3o do servidor.<\/p>\r\n<p>\u00a7 2\u00ba Para fins de c\u00e1lculo da GID nos meses de f\u00e9rias do servidor ou dos alunos, ser\u00e1 considerada a pontua\u00e7\u00e3o m\u00e9dia alcan\u00e7ada nos doze meses imediatamente anteriores \u00e0 compet\u00eancia do efetivo pagamento.<\/p>\r\n\r\n<p>Art. 7\u00ba A periodicidade da revis\u00e3o da pontua\u00e7\u00e3o dos professores ser\u00e1 de um ano.<\/p>\r\n<p>Art. 8\u00ba Dever\u00e1 ser institu\u00eddo, no \u00e2mbito da UFSM, um Comit\u00ea de Avalia\u00e7\u00e3o Docente - CAD, respons\u00e1vel pelo processamento das avalia\u00e7\u00f5es realizadas, pelo julgamento dos recursos interpostos contra os resultados da avalia\u00e7\u00e3o, pela identifica\u00e7\u00e3o de distor\u00e7\u00f5es decorrentes do processo de avalia\u00e7\u00e3o da GID e pelo aprimoramento de sua aplica\u00e7\u00e3o.<\/p>\r\n<p>Art. 9\u00ba O servidor avaliado dever\u00e1 tomar ci\u00eancia de sua avalia\u00e7\u00e3o e manifestar sua concord\u00e2ncia ou discord\u00e2ncia em rela\u00e7\u00e3o aos resultados obtidos.<\/p>\r\n<p>\u00a7 1\u00ba Na hip\u00f3tese de discord\u00e2ncia, por parte do servidor, este dever\u00e1 formular recurso pr\u00f3prio que ser\u00e1 julgado pelo CAD,<\/p>\r\n<p>\u00a7 2\u00ba Das decis\u00f5es do CAD, caber\u00e1 recurso ao Conselho de Ensino, Pesquisa e Extens\u00e3o, respeitados os prazos estabelecidos na legisla\u00e7\u00e3o em vigor.<\/p>\r\n<p>\u00a7 3\u00ba O docente que deixar de apresentar sua avalia\u00e7\u00e3o em tempo h\u00e1bil, sem justificativa, ser\u00e1 exclu\u00eddo do processo de avalia\u00e7\u00e3o.<\/p>\r\n\r\n<p>Art. 10. A avalia\u00e7\u00e3o de desempenho ser\u00e1 baseada nas informa\u00e7\u00f5es constantes do formul\u00e1rio espec\u00edfico, devidamente preenchido pelo docente ou seu procurador.<\/p>\r\n<p>\u00a7 1\u00ba As informa\u00e7\u00f5es constantes do formul\u00e1rio de avalia\u00e7\u00e3o dever\u00e3o estar de acordo com os registros funcionais da Comiss\u00e3o Permanente de Pessoal Docente (CPPD).<\/p>\r\n<p>\u00a7 2\u00ba Os Col\u00e9gios dever\u00e3o manter em arquivos individuais a documenta\u00e7\u00e3o comprobat\u00f3ria das atividades relacionadas pelos seus docentes.<\/p>\r\n\r\n<p>Art. 11. O Comit\u00ea de Avalia\u00e7\u00e3o Docente da GID ser\u00e1 composta na forma indicada abaixo:<\/p>\r\n<p>I - Coordenador do Ensino M\u00e9dio e Tecnol\u00f3gico;<\/p>\r\n<p>II - Presidente da Comiss\u00e3o Permanente de Pessoal Docente (CPPD) C\u00e2mara de 1\u00ba e 2\u00ba Graus;<\/p>\r\n<p>III - dois Representantes dos professores do Col\u00e9gio T\u00e9cnico Industrial de Santa Maria, eleitos por seus pares;<\/p>\r\n<p>IV - dois Representantes dos professores do Col\u00e9gio Agr\u00edcola de Santa Maria, eleitos por seus pares; e<\/p>\r\n<p>V - dois Representantes dos professores do Col\u00e9gio Agr\u00edcola de Frederico Westphalen, eleitos por seus pares.<\/p>\r\n\r\n<p>Art. 12. Ao Comit\u00ea de Avalia\u00e7\u00e3o Docente da GID compete:<\/p>\r\n<p>I - fixar o calend\u00e1rio do processo de avalia\u00e7\u00e3o dos docentes;<\/p>\r\n<p>II - aplicar as normas e diretrizes gerais e espec\u00edficas que regem a concess\u00e3o da GID, decidindo a respeito de casos omissos;<\/p>\r\n<p>III - atuar como interlocutor formal da Universidade junto \u00e0 Comiss\u00e3o Nacional de Acompanhamento e Orienta\u00e7\u00e3o;<\/p>\r\n<p>IV - apurar o resultado da avalia\u00e7\u00e3o e homologar a pontua\u00e7\u00e3o de cada docente;<\/p>\r\n<p>V - decidir sobre os recursos da implementa\u00e7\u00e3o da GID;<\/p>\r\n<p>VI - elaborar o relat\u00f3rio final do processo, a ser encaminhado ao Magn\u00edfico Reitor;<\/p>\r\n<p>VII - dar ci\u00eancia aos professores avaliados de sua respectiva avalia\u00e7\u00e3o; e<\/p>\r\n<p>VIII - redefinir a sistem\u00e1tica de trabalho do processo de avalia\u00e7\u00e3o, identificando suas distor\u00e7\u00f5es, bem como promover o seu aprimoramento.<\/p>\r\n\r\n<p>Art. 13. Esta resolu\u00e7\u00e3o entra em vigor na data de sua publica\u00e7\u00e3o e revoga as disposi\u00e7\u00f5es em contr\u00e1rio.<\/p>\r\n\r\n<p>GABINETE DO REITOR DA UNIVERSIDADE FEDERAL DE SANTA MARIA, aos vinte e sete dias do m\u00eas de novembro do ano dois mil e um.<\/p>\r\n<\/div>\r\n<p>Cl\u00f3vis Silva Lima,<\/p>\r\n<p>Vice-Reitor, no exerc\u00edcio da Reitoria.<\/p>\r\n<\/strike>\r\n<p><font color=\"red0000\">Este texto n\u00e3o substitui o documento original, publicado no Portal de Documentos.<\/font> Dispon\u00edvel em: <a href=\"https:\/\/portal.ufsm.br\/documentos\/publico\/documento.html?id=4509089\"><font color=\"blue\">https:\/\/portal.ufsm.br\/documentos\/publico\/documento.html?id=4509089<\/font><\/a>\r\n\r\n\t\t<\/div>\n\t\t\t\t<\/div>\n\t\t\t\t\t<\/div>\n\t\t<\/div>\n\t\t\t\t\t<\/div>\n\t\t<\/section>\n\t\t\t\t<\/div>\n\t\t","protected":false},"excerpt":{"rendered":"<p>RESOLU\u00c7\u00c3O N. 012\/2001 MINIST\u00c9RIO DA EDUCA\u00c7\u00c3O UNIVERSIDADE FEDERAL DE SANTA MARIA RESOLU\u00c7\u00c3O N. 012\/2001 Regulamenta a concess\u00e3o da Gratifica\u00e7\u00e3o de Incentivo \u00e0 Doc\u00eancia &#8211; GID, aos docentes de 1\u00ba e 2\u00ba Graus no \u00e2mbito da UFSM. Revogada pela Resolu\u00e7\u00e3o N. 010\/2003 O VICE-REITOR DA UNIVERSIDADE FEDERAL DE SANTA MARIA, no exerc\u00edcio da Reitoria, usando de [&hellip;]<\/p>\n","protected":false},"author":205,"featured_media":0,"parent":0,"menu_order":0,"comment_status":"closed","ping_status":"closed","template":"","meta":{"footnotes":""},"categories":[],"tags":[],"class_list":["post-3215","page","type-page","status-publish","hentry"],"acf":[],"_links":{"self":[{"href":"https:\/\/www.ufsm.br\/pro-reitorias\/proplan\/wp-json\/wp\/v2\/pages\/3215","targetHints":{"allow":["GET"]}}],"collection":[{"href":"https:\/\/www.ufsm.br\/pro-reitorias\/proplan\/wp-json\/wp\/v2\/pages"}],"about":[{"href":"https:\/\/www.ufsm.br\/pro-reitorias\/proplan\/wp-json\/wp\/v2\/types\/page"}],"author":[{"embeddable":true,"href":"https:\/\/www.ufsm.br\/pro-reitorias\/proplan\/wp-json\/wp\/v2\/users\/205"}],"replies":[{"embeddable":true,"href":"https:\/\/www.ufsm.br\/pro-reitorias\/proplan\/wp-json\/wp\/v2\/comments?post=3215"}],"version-history":[{"count":0,"href":"https:\/\/www.ufsm.br\/pro-reitorias\/proplan\/wp-json\/wp\/v2\/pages\/3215\/revisions"}],"wp:attachment":[{"href":"https:\/\/www.ufsm.br\/pro-reitorias\/proplan\/wp-json\/wp\/v2\/media?parent=3215"}],"wp:term":[{"taxonomy":"category","embeddable":true,"href":"https:\/\/www.ufsm.br\/pro-reitorias\/proplan\/wp-json\/wp\/v2\/categories?post=3215"},{"taxonomy":"post_tag","embeddable":true,"href":"https:\/\/www.ufsm.br\/pro-reitorias\/proplan\/wp-json\/wp\/v2\/tags?post=3215"}],"curies":[{"name":"wp","href":"https:\/\/api.w.org\/{rel}","templated":true}]}}