{"id":3217,"date":"2020-02-10T08:30:35","date_gmt":"2020-02-10T11:30:35","guid":{"rendered":"https:\/\/www.ufsm.br\/pro-reitorias\/proplan\/?page_id=3217"},"modified":"2020-04-27T11:12:19","modified_gmt":"2020-04-27T14:12:19","slug":"resolucao-n-014-2001","status":"publish","type":"page","link":"https:\/\/www.ufsm.br\/pro-reitorias\/proplan\/resolucao-n-014-2001","title":{"rendered":"Resolu\u00e7\u00e3o N. 014\/2001"},"content":{"rendered":"\t\t<div data-elementor-type=\"wp-page\" data-elementor-id=\"3217\" class=\"elementor elementor-3217\">\n\t\t\t\t\t\t<section class=\"elementor-section elementor-top-section elementor-element elementor-element-83a4126 elementor-section-boxed elementor-section-height-default elementor-section-height-default\" data-id=\"83a4126\" data-element_type=\"section\">\n\t\t\t\t\t\t<div class=\"elementor-container elementor-column-gap-default\">\n\t\t\t\t\t<div class=\"elementor-column elementor-col-100 elementor-top-column elementor-element elementor-element-ca7ae1d\" data-id=\"ca7ae1d\" data-element_type=\"column\">\n\t\t\t<div class=\"elementor-widget-wrap elementor-element-populated\">\n\t\t\t\t\t\t<div class=\"elementor-element elementor-element-a587cbd elementor-widget elementor-widget-html\" data-id=\"a587cbd\" data-element_type=\"widget\" data-widget_type=\"html.default\">\n\t\t\t\t<div class=\"elementor-widget-container\">\n\t\t\t\r\n\r\n\r\n<title><b>RESOLU\u00c7\u00c3O N. 014\/2001<\/b><\/title>\r\n\r\n\r\n<div align=\"center\"><img decoding=\"async\" src=\"https:\/\/www.ufsm.br\/pro-reitorias\/proplan\/wp-content\/uploads\/sites\/344\/2019\/09\/brasao-da-republica-do-brasil-logo.png\" alt=\"Bras\u00e3o Rep\u00fablica Federativa do Brasil\" width=\"6%\" height=\"6%\"><\/div>    \r\n<h1><font color=\"blue\"><font size=\"5\"><div align=\"center\">MINIST\u00c9RIO DA EDUCA\u00c7\u00c3O<\/b><\/font><\/font><\/div><\/H1>\r\n<p><b><font color=\"0000blue\"><div align=\"center\">UNIVERSIDADE FEDERAL DE SANTA MARIA<\/b><\/font><\/div><\/p>\r\n\r\n<p><div align=\"center\"><b><a href=\"https:\/\/portal.ufsm.br\/documentos\/publico\/documento.html?id=4509091\"><font color=\"blue\">RESOLU\u00c7\u00c3O N. 014\/2001<\/font><\/a><\/b><\/div><\/p>\r\n<br>\r\n<p><div align=\"right\"><font color=\"800000\"><strike>Disciplina o desenvolvimento das atividades acad\u00eamicas da UFSM, referentes ao 2\u00ba semestre letivo do ano de 2001.<\/strike><\/font><\/div><\/p>\r\n<br>\r\n<p><a href=\"https:\/\/www.ufsm.br\/pro-reitorias\/proplan\/resolucao-n-008-2020\/\" target=\"_blank\"><font color=\"blue\">Revogada pela Resolu\u00e7\u00e3o N. 008\/2020<\/font><\/a><\/p>\r\n<br>\r\n<br><div align=\"justify\">\r\n<strike>\r\n<p>O REITOR DA UNIVERSIDADE FEDERAL DE SANTA MARIA, no uso de suas atribui\u00e7\u00f5es legais e estatut\u00e1rias, e considerando:<\/p>\r\n<p>- A greve dos funcion\u00e1rios p\u00fablicos federais ocorrida durante o 2\u00ba semestre letivo de 2001;<\/p>\r\n<p>- a necessidade de recupera\u00e7\u00e3o de todas as atividades acad\u00eamicas, para que n\u00e3o haja preju\u00edzo de qualquer natureza;<\/p>\r\n<p>- a proposta do Plen\u00e1rio, aprovada na 592\u00aa Sess\u00e3o do Conselho de Ensino, Pesquisa e Extens\u00e3o, realizada no dia 13.12.2001;<\/p>\r\n<br>\r\n<p><div align=\"center\">RESOLVE:<\/div><\/p>\r\n<br>\r\n<p>Art. 1\u00ba Fica estabelecido o dia 11 de dezembro como data de rein\u00edcio das aulas referentes ao 2\u00ba semestre letivo do ano de 2001.<\/p>\r\n<p>Art. 2\u00ba A data limite, para Trancamentos Totais e Parciais bem como revers\u00e3o de Trancamentos em disciplinas, ser\u00e1 o dia 20 de dezembro de 2001.<\/p>\r\n<p>Art. 3\u00ba Fica estabelecido o per\u00edodo de 23 de dezembro de 2001 a 27 de janeiro de 2002 como per\u00edodo sem atividade did\u00e1tica.<\/p>\r\n<p>Par\u00e1grafo \u00fanico. Ficam mantidos os dias 8, 9,10 e 11 de janeiro de 2002 para a realiza\u00e7\u00e3o do Concurso Vestibular\/2002.<\/p>\r\n\r\n<p>Art. 4\u00ba A distribui\u00e7\u00e3o dos Di\u00e1rios de Classe ser\u00e1 feita a partir do dia 28 de janeiro de 2002.<\/p>\r\n<p>Art. 5\u00ba O per\u00edodo reservado para a realiza\u00e7\u00e3o dos exames ser\u00e1 do dia 2 a 8 de maio de 2002.<\/p>\r\n<p>Art. 6\u00ba Nenhum acad\u00eamico poder\u00e1 ser reprovado por frequ\u00eancia nas disciplinas ministradas durante o per\u00edodo de greve, devendo ser assegurada a todos os alunos a integraliza\u00e7\u00e3o dos conte\u00fados, de acordo com o calend\u00e1rio estabelecido pelo Conselho de Ensino, Pesquisa e Extens\u00e3o.<\/p>\r\n<p>Art. 7\u00ba Caber\u00e1 \u00e0 Pr\u00f3-Reitoria de Gradua\u00e7\u00e3o, por delega\u00e7\u00e3o de compet\u00eancia do Conselho de Ensino, Pesquisa e Extens\u00e3o:<\/p>\r\n<p>I - resolver as quest\u00f5es referentes aos formandos, desde que tenham amparo legal;<\/p>\r\n<p>II - homologar a compacta\u00e7\u00e3o de at\u00e9 duas disciplinas, para fins de conclus\u00e3o de curso, desde que haja aprova\u00e7\u00e3o do Colegiado do Curso; e<\/p>\r\n<p>IlI - encaminhar ao Conselho de Ensino, Pesquisa e Extens\u00e3o para aprecia\u00e7\u00e3o e homologa\u00e7\u00e3o dos casos de compacta\u00e7\u00e3o de mais de duas disciplinas, para fins de conclus\u00e3o de curso.<\/p>\r\n\r\n<p>Art. 8\u00ba Os cursos, que n\u00e3o se enquadrarem nas normas previstas de recupera\u00e7\u00e3o das atividade acad\u00eamicas, dever\u00e3o apresentar suas propostas aprovadas pelos respectivos colegiados para an\u00e1lise do Conselho de Ensino, Pesquisa e Extens\u00e3o.<\/p>\r\n<p>Art. 9\u00ba As atividades administrativas necess\u00e1rias \u00e0 complementa\u00e7\u00e3o das atividades acad\u00eamicas do referido semestre est\u00e3o inclu\u00eddas no Calend\u00e1rio Escolar anexo a esta resolu\u00e7\u00e3o.<\/p>\r\n<p>Art. 10. Esta resolu\u00e7\u00e3o entra em vigor na data de sua publica\u00e7\u00e3o.<\/p>\r\n\r\n<p>GABINETE DO REITOR DA UNIVERSIDADE FEDERAL DE SANTA MARIA, aos dezoito dias do m\u00eas de dezembro do ano dois mil e um.<\/p>\r\n<\/div>\r\n<p>Cl\u00f3vis Silva Lima,<\/p>\r\n<p>Vice-Reitor, no exerc\u00edcio da Reitoria.<\/p>\r\n<\/strike>\r\n<p><font color=\"red0000\">Este texto n\u00e3o substitui o documento original, publicado no Portal de Documentos.<\/font> Dispon\u00edvel em: <a href=\"https:\/\/portal.ufsm.br\/documentos\/publico\/documento.html?id=4509091\"><font color=\"blue\">https:\/\/portal.ufsm.br\/documentos\/publico\/documento.html?id=4509091<\/font><\/a>\r\n\r\n\t\t<\/div>\n\t\t\t\t<\/div>\n\t\t\t\t\t<\/div>\n\t\t<\/div>\n\t\t\t\t\t<\/div>\n\t\t<\/section>\n\t\t\t\t<\/div>\n\t\t","protected":false},"excerpt":{"rendered":"<p>RESOLU\u00c7\u00c3O N. 014\/2001 MINIST\u00c9RIO DA EDUCA\u00c7\u00c3O UNIVERSIDADE FEDERAL DE SANTA MARIA RESOLU\u00c7\u00c3O N. 014\/2001 Disciplina o desenvolvimento das atividades acad\u00eamicas da UFSM, referentes ao 2\u00ba semestre letivo do ano de 2001. Revogada pela Resolu\u00e7\u00e3o N. 008\/2020 O REITOR DA UNIVERSIDADE FEDERAL DE SANTA MARIA, no uso de suas atribui\u00e7\u00f5es legais e estatut\u00e1rias, e considerando: &#8211; [&hellip;]<\/p>\n","protected":false},"author":205,"featured_media":0,"parent":0,"menu_order":0,"comment_status":"closed","ping_status":"closed","template":"","meta":{"footnotes":""},"categories":[],"tags":[],"class_list":["post-3217","page","type-page","status-publish","hentry"],"acf":[],"_links":{"self":[{"href":"https:\/\/www.ufsm.br\/pro-reitorias\/proplan\/wp-json\/wp\/v2\/pages\/3217","targetHints":{"allow":["GET"]}}],"collection":[{"href":"https:\/\/www.ufsm.br\/pro-reitorias\/proplan\/wp-json\/wp\/v2\/pages"}],"about":[{"href":"https:\/\/www.ufsm.br\/pro-reitorias\/proplan\/wp-json\/wp\/v2\/types\/page"}],"author":[{"embeddable":true,"href":"https:\/\/www.ufsm.br\/pro-reitorias\/proplan\/wp-json\/wp\/v2\/users\/205"}],"replies":[{"embeddable":true,"href":"https:\/\/www.ufsm.br\/pro-reitorias\/proplan\/wp-json\/wp\/v2\/comments?post=3217"}],"version-history":[{"count":0,"href":"https:\/\/www.ufsm.br\/pro-reitorias\/proplan\/wp-json\/wp\/v2\/pages\/3217\/revisions"}],"wp:attachment":[{"href":"https:\/\/www.ufsm.br\/pro-reitorias\/proplan\/wp-json\/wp\/v2\/media?parent=3217"}],"wp:term":[{"taxonomy":"category","embeddable":true,"href":"https:\/\/www.ufsm.br\/pro-reitorias\/proplan\/wp-json\/wp\/v2\/categories?post=3217"},{"taxonomy":"post_tag","embeddable":true,"href":"https:\/\/www.ufsm.br\/pro-reitorias\/proplan\/wp-json\/wp\/v2\/tags?post=3217"}],"curies":[{"name":"wp","href":"https:\/\/api.w.org\/{rel}","templated":true}]}}