{"id":3224,"date":"2020-02-10T15:07:23","date_gmt":"2020-02-10T18:07:23","guid":{"rendered":"https:\/\/www.ufsm.br\/pro-reitorias\/proplan\/?page_id=3224"},"modified":"2020-02-10T15:08:27","modified_gmt":"2020-02-10T18:08:27","slug":"resolucao-n-003-2000","status":"publish","type":"page","link":"https:\/\/www.ufsm.br\/pro-reitorias\/proplan\/resolucao-n-003-2000","title":{"rendered":"Resolu\u00e7\u00e3o N. 003\/2000"},"content":{"rendered":"\t\t<div data-elementor-type=\"wp-page\" data-elementor-id=\"3224\" class=\"elementor elementor-3224\">\n\t\t\t\t\t\t<section class=\"elementor-section elementor-top-section elementor-element elementor-element-0023d9c elementor-section-boxed elementor-section-height-default elementor-section-height-default\" data-id=\"0023d9c\" data-element_type=\"section\">\n\t\t\t\t\t\t<div class=\"elementor-container elementor-column-gap-default\">\n\t\t\t\t\t<div class=\"elementor-column elementor-col-100 elementor-top-column elementor-element elementor-element-a26afca\" data-id=\"a26afca\" data-element_type=\"column\">\n\t\t\t<div class=\"elementor-widget-wrap elementor-element-populated\">\n\t\t\t\t\t\t<div class=\"elementor-element elementor-element-6664fb8 elementor-widget elementor-widget-html\" data-id=\"6664fb8\" data-element_type=\"widget\" data-widget_type=\"html.default\">\n\t\t\t\t<div class=\"elementor-widget-container\">\n\t\t\t\r\n\r\n\r\n<title><b>RESOLU\u00c7\u00c3O N. 003\/2000<\/b><\/title>\r\n\r\n\r\n<div align=\"center\"><img decoding=\"async\" src=\"https:\/\/www.ufsm.br\/pro-reitorias\/proplan\/wp-content\/uploads\/sites\/344\/2019\/09\/brasao-da-republica-do-brasil-logo.png\" alt=\"Bras\u00e3o Rep\u00fablica Federativa do Brasil\" width=\"6%\" height=\"6%\"><\/div>    \r\n<h1><font color=\"blue\"><font size=\"5\"><div align=\"center\">MINIST\u00c9RIO DA EDUCA\u00c7\u00c3O<\/b><\/font><\/font><\/div><\/H1>\r\n<p><b><font color=\"0000blue\"><div align=\"center\">UNIVERSIDADE FEDERAL DE SANTA MARIA<\/b><\/font><\/div><\/p>\r\n\r\n<p><div align=\"center\"><b><a href=\"https:\/\/portal.ufsm.br\/documentos\/publico\/documento.html?id=4509102\"><font color=\"blue\">RESOLU\u00c7\u00c3O N. 003\/2000<\/font><\/a><\/b><\/div><\/p>\r\n<br>\r\n<p><div align=\"right\"><font color=\"800000\">Regulamenta a Recep\u00e7\u00e3o aos Calouros da UFSM.<\/font><\/div><\/p>\r\n<br>\r\n<br><div align=\"justify\">\r\n<p>O VICE-REITOR DA UNIVERSIDADE FEDERAL DE SANTA MARIA, no exerc\u00edcio da Reitoria, e no uso de suas atribui\u00e7\u00f5es legais e estatut\u00e1rias e, considerando o que disp\u00f5e o Estatuto e Regimento Geral da Universidade:<\/p>\r\n<p>- que a Universidade tem, entre seus objetivos, o de promover o saber nos seus diversos campos, contribuindo para a plena observ\u00e2ncia dos valores de civilidade e o respeito \u00e0 dignidade humana;<\/p>\r\n<p>- que para a recep\u00e7\u00e3o aos novos estudantes deve permanecer o objetivo de integra\u00e7\u00e3o para uma r\u00e1pida assimila\u00e7\u00e3o da responsabilidade social, impl\u00edcita na oportunidade de estudarem numa Universidade p\u00fablica e gratuita; <\/p>\r\n<p>- e a aprova\u00e7\u00e3o pelo Conselho de Ensino, Pesquisa e Extens\u00e3o, em sua 569\u00aa Sess\u00e3o, de 11.04.2000.<\/p>\r\n<br>\r\n<p><div align=\"center\">RESOLVE:<\/div><\/p>\r\n<br>\r\n<p>Art. 1\u00ba Fica, expressamente, proibida a pr\u00e1tica prevista como trote, no meio estudantil, fora do contexto de programa\u00e7\u00e3o aprovada pelo respectivo Colegiado do Curso;<\/p>\r\n<p>Art. 2\u00ba \u00c9 vedado qualquer tipo de manifesta\u00e7\u00e3o estudantil que cause, a quem quer que seja, agress\u00e3o f\u00edsica, moral ou qualquer outro tipo de tratamento desumano ou degradante, dentro do \u00e2mbito geoeducacional da UFSM;<\/p>\r\n<p>PAR\u00c1GRAFO \u00daNICO - A pr\u00e1tica de qualquer um desses atos implicar\u00e1 na aplica\u00e7\u00e3o de san\u00e7\u00f5es disciplinares, previstas no Regimento Geral da UFSM, assegurando o devido processo administrativo, bem como o direito ao contradit\u00f3rio e a ampla defesa.<\/p>\r\n\r\n<p>Art. 3\u00ba Quaisquer atos que caracterizem a n\u00e3o-observ\u00e2ncia no disposto nos artigos 1\u00ba e 2\u00ba, dever\u00e3o ser, imediatamente, informados \u00e0 Coordena\u00e7\u00e3o do Curso, que comunicar\u00e1 \u00e0 Dire\u00e7\u00e3o do respectivo Centro de Ensino, para os procedimentos de abertura do processo de sindic\u00e2ncia.<\/p>\r\n<p>Art. 4\u00ba Toda e qualquer manifesta\u00e7\u00e3o de recep\u00e7\u00e3o aos novos estudantes, dever\u00e1, obrigatoriamente, estar inserida na programa\u00e7\u00e3o do Curso, aprovada pelo seu Colegiado.<\/p>\r\n<p>Art. 5\u00ba A programa\u00e7\u00e3o dever\u00e1 ser desenvolvida na primeira semana letiva de cada semestre, ficando a crit\u00e9rio do Colegiado do Curso, a dispensa ou n\u00e3o das atividades did\u00e1ticas, considerando o per\u00edodo para atividades institucionais, previsto no Calend\u00e1rio aprovado pelo CEPE.<\/p>\r\n<p>Art. 6\u00ba Os professores do Curso ser\u00e3o cientificados da programa\u00e7\u00e3o e estar\u00e3o \u00e0 disposi\u00e7\u00e3o dele, se necess\u00e1ria a participa\u00e7\u00e3o em parte da recep\u00e7\u00e3o.<\/p>\r\n<p>Art. 7\u00ba A programa\u00e7\u00e3o para a recep\u00e7\u00e3o dos novos estudantes poder\u00e1 envolver a dire\u00e7\u00e3o do centro, a coordena\u00e7\u00e3o do curso, o corpo docente, t\u00e9cnico-administrativos, Pr\u00f3-Reitorias e\/ou outras unidades administrativas, sendo obrigat\u00f3ria a participa\u00e7\u00e3o do Diret\u00f3rio Central dos Estudantes, diret\u00f3rio acad\u00eamico respectivo e do corpo discente.<\/p>\r\n\r\n<p>GABINETE DO REITOR DA UNIVERSIDADE FEDERAL DE SANTA MARIA, aos treze dias do m\u00eas de abril do ano dois miL.<\/p>\r\n<\/div>\r\n<p>Clovis Silva Lima<\/p>\r\n\r\n\r\n<p><font color=\"red0000\">Este texto n\u00e3o substitui o documento original, publicado no Portal de Documentos.<\/font> Dispon\u00edvel em: <a href=\"https:\/\/portal.ufsm.br\/documentos\/publico\/documento.html?id=4509102\"><font color=\"blue\">https:\/\/portal.ufsm.br\/documentos\/publico\/documento.html?id=4509102<\/font><\/a>\r\n\r\n\t\t<\/div>\n\t\t\t\t<\/div>\n\t\t\t\t\t<\/div>\n\t\t<\/div>\n\t\t\t\t\t<\/div>\n\t\t<\/section>\n\t\t\t\t<\/div>\n\t\t","protected":false},"excerpt":{"rendered":"<p>RESOLU\u00c7\u00c3O N. 003\/2000 MINIST\u00c9RIO DA EDUCA\u00c7\u00c3O UNIVERSIDADE FEDERAL DE SANTA MARIA RESOLU\u00c7\u00c3O N. 003\/2000 Regulamenta a Recep\u00e7\u00e3o aos Calouros da UFSM. O VICE-REITOR DA UNIVERSIDADE FEDERAL DE SANTA MARIA, no exerc\u00edcio da Reitoria, e no uso de suas atribui\u00e7\u00f5es legais e estatut\u00e1rias e, considerando o que disp\u00f5e o Estatuto e Regimento Geral da Universidade: &#8211; [&hellip;]<\/p>\n","protected":false},"author":205,"featured_media":0,"parent":0,"menu_order":0,"comment_status":"closed","ping_status":"closed","template":"","meta":{"footnotes":""},"categories":[],"tags":[],"class_list":["post-3224","page","type-page","status-publish","hentry"],"acf":[],"_links":{"self":[{"href":"https:\/\/www.ufsm.br\/pro-reitorias\/proplan\/wp-json\/wp\/v2\/pages\/3224","targetHints":{"allow":["GET"]}}],"collection":[{"href":"https:\/\/www.ufsm.br\/pro-reitorias\/proplan\/wp-json\/wp\/v2\/pages"}],"about":[{"href":"https:\/\/www.ufsm.br\/pro-reitorias\/proplan\/wp-json\/wp\/v2\/types\/page"}],"author":[{"embeddable":true,"href":"https:\/\/www.ufsm.br\/pro-reitorias\/proplan\/wp-json\/wp\/v2\/users\/205"}],"replies":[{"embeddable":true,"href":"https:\/\/www.ufsm.br\/pro-reitorias\/proplan\/wp-json\/wp\/v2\/comments?post=3224"}],"version-history":[{"count":0,"href":"https:\/\/www.ufsm.br\/pro-reitorias\/proplan\/wp-json\/wp\/v2\/pages\/3224\/revisions"}],"wp:attachment":[{"href":"https:\/\/www.ufsm.br\/pro-reitorias\/proplan\/wp-json\/wp\/v2\/media?parent=3224"}],"wp:term":[{"taxonomy":"category","embeddable":true,"href":"https:\/\/www.ufsm.br\/pro-reitorias\/proplan\/wp-json\/wp\/v2\/categories?post=3224"},{"taxonomy":"post_tag","embeddable":true,"href":"https:\/\/www.ufsm.br\/pro-reitorias\/proplan\/wp-json\/wp\/v2\/tags?post=3224"}],"curies":[{"name":"wp","href":"https:\/\/api.w.org\/{rel}","templated":true}]}}