{"id":3227,"date":"2020-02-10T15:07:19","date_gmt":"2020-02-10T18:07:19","guid":{"rendered":"https:\/\/www.ufsm.br\/pro-reitorias\/proplan\/?page_id=3227"},"modified":"2021-07-01T14:02:46","modified_gmt":"2021-07-01T17:02:46","slug":"resolucao-n-002-2000","status":"publish","type":"page","link":"https:\/\/www.ufsm.br\/pro-reitorias\/proplan\/resolucao-n-002-2000","title":{"rendered":"Resolu\u00e7\u00e3o N. 002\/2000"},"content":{"rendered":"\t\t<div data-elementor-type=\"wp-page\" data-elementor-id=\"3227\" class=\"elementor elementor-3227\">\n\t\t\t\t\t\t<section class=\"elementor-section elementor-top-section elementor-element elementor-element-ad4fc9d elementor-section-boxed elementor-section-height-default elementor-section-height-default\" data-id=\"ad4fc9d\" data-element_type=\"section\">\n\t\t\t\t\t\t<div class=\"elementor-container elementor-column-gap-default\">\n\t\t\t\t\t<div class=\"elementor-column elementor-col-100 elementor-top-column elementor-element elementor-element-29fbff8\" data-id=\"29fbff8\" data-element_type=\"column\">\n\t\t\t<div class=\"elementor-widget-wrap elementor-element-populated\">\n\t\t\t\t\t\t<div class=\"elementor-element elementor-element-50bdaba elementor-widget elementor-widget-html\" data-id=\"50bdaba\" data-element_type=\"widget\" data-widget_type=\"html.default\">\n\t\t\t\t<div class=\"elementor-widget-container\">\n\t\t\t\n\n\n<title><b>RESOLU\u00c7\u00c3O N. 002\/2000<\/b><\/title>\n\n\n<div align=\"center\"><img decoding=\"async\" src=\"https:\/\/www.ufsm.br\/pro-reitorias\/proplan\/wp-content\/uploads\/sites\/344\/2019\/09\/brasao-da-republica-do-brasil-logo.png\" alt=\"Bras\u00e3o Rep\u00fablica Federativa do Brasil\" width=\"6%\" height=\"6%\"><\/div>    \n<h1><font color=\"blue\"><font size=\"5\"><div align=\"center\">MINIST\u00c9RIO DA EDUCA\u00c7\u00c3O<\/b><\/font><\/font><\/div><\/H1>\n<p><b><font color=\"0000blue\"><div align=\"center\">UNIVERSIDADE FEDERAL DE SANTA MARIA<\/b><\/font><\/div><\/p>\n\n<p><div align=\"center\"><b><a href=\"https:\/\/portal.ufsm.br\/documentos\/publico\/documento.html?id=4509101\"><font color=\"blue\">RESOLU\u00c7\u00c3O N. 002\/2000<\/font><\/a><\/b><\/div><\/p>\n<br>\n<p><div align=\"right\"><font color=\"800000\"><strike>Aprova as Normas para Distribui\u00e7\u00e3o de Recursos de Outros Custeios e Capital - OCC para o Or\u00e7amento 2000 - Abertura.<\/strike><\/font><\/div><\/p>\n<br>\n<br><div align=\"justify\">\n<p><a href=\"https:\/\/www.ufsm.br\/pro-reitorias\/proplan\/resolucao-ufsm-n-055-2021\/\"><font color=\"blue\">Revogado pela Resolu\u00e7\u00e3o N. 055\/2021<\/font><\/a><\/p><\/p>\n<br>\n<strike>\n<p>O REITOR DA UNIVERSIDADE FEDERAL DE SANTA MARIA, no uso de suas atribui\u00e7\u00f5es legais e estatut\u00e1rias e, considerando:<\/p>\n<p>- a composi\u00e7\u00e3o da f\u00f3rmula utilizada para a Distribui\u00e7\u00e3o de Recursos de Custeio e Di\u00e1rias, j\u00e1 aprovada e institucionalizada no \u00e2mbito da UFSM;<\/p>\n<p>- a Matriz de Distribui\u00e7\u00e3o de Recursos Or\u00e7ament\u00e1rios da Secretaria de Ensino Superior - SESU\/MEC;<\/p>\n<p>- as Normas de Distribui\u00e7\u00e3o de Tetos para a Elabora\u00e7\u00e3o da Proposta Or\u00e7ament\u00e1ria do Exerc\u00edcio de 2000 da Secretaria de Planejamento e Or\u00e7amento - SPO\/MEC - quadro de detalhamento da despesa de 09.09.1999;<\/p>\n<p>- a composi\u00e7\u00e3o dos Recursos de OCC do Tesouro;<\/p>\n<p>- que no Or\u00e7amento para o exerc\u00edcio de 2000 existem Destaques Or\u00e7ament\u00e1rios determinados pelo MEC, para as despesas com Resid\u00eancia M\u00e9dica, Aux\u00edlio Refei\u00e7\u00e3o, Aux\u00edlio Pr\u00e9-Escolar, Pagamento de Professor Tempor\u00e1rio, Vale Transporte e Ensino de 2\u00ba Grau;<\/p>\n<p>- que \u00e9 vedada a utiliza\u00e7\u00e3o de Recursos do Tesouro nas atividades de manuten\u00e7\u00e3o de Restaurantes Universit\u00e1rios e Hospitais de Ensino;<\/p>\n<p>- a necessidade de inclus\u00e3o do indicador Espa\u00e7o F\u00edsico na composi\u00e7\u00e3o do IDR 2000 e a necessidade de modifica\u00e7\u00e3o dos indicadores de ensino - PacG e PrvAc - para a distribui\u00e7\u00e3o de recursos aos Centros de ensino;<\/p>\n<p>- o Parecer n\u00ba 005\/99 da Comiss\u00e3o de Or\u00e7amento e Reg\u00eancia Patrimonial, aprovado na 592\u00aa Sess\u00e3o do Conselho Universit\u00e1rio, em 24.11.99.<\/p>\n<br>\n<p><div align=\"center\">RESOLVE:<\/div><\/p>\n<br>\n<p>Art. 1\u00ba Aprovar as Normas de Distribui\u00e7\u00e3o de Recursos de Outros Custeios e Capital - OCC para o Or\u00e7amento de 2000 - Abertura.<\/p>\n<p>Art. 2\u00ba Para o Or\u00e7amento de 2000 ser\u00e3o considerados os mesmos indicadores utilizados na apura\u00e7\u00e3o do \u00edndice de participa\u00e7\u00e3o dos Centros de Ensino nos recursos de \u201cOutras Despesas Correntes\u201d para O exerc\u00edcio de 1999, acrescido do indicador Espa\u00e7o F\u00edsico\u201d e das modifica\u00e7\u00f5es na apura\u00e7\u00e3o dos indicadores de ensino, atribuindo-se lhes os seguintes pesos, considerando-se, ainda, um redutor de impacto na ordem de 0,5 (meio) ponto percentual:<\/p>\n<p>I. Hist. = Hist. (\u00daltimos 3 anos de Or\u00e7. para Custeio) - PESO 5,0<\/p>\n<p>II. PAcG2 = Produ\u00e7\u00e3o Acad\u00eamica de Gradua\u00e7\u00e3o - PESO 2,32125<\/p>\n<p>III. PAcPG = Produ\u00e7\u00e3o Acad\u00eamica de P\u00f3s-Gradua\u00e7\u00e3o - PESO 0,523178125<\/p>\n<p>IV. PrvAC2= Produtividade Acad\u00eamica - PESO 0,523178125<\/p>\n<p>V.PCI = Produ\u00e7\u00e3o Cient\u00edfica e Intelectual - PESO 0,523178125<\/p>\n<p>VI. PrvCI= Produtividade Cient\u00edfica - PESO 0,523178125<\/p>\n<p>VII. EspFis = Espa\u00e7o F\u00edsico - PESO 0,062859375<\/p>\n<p>VIII. PEx = Produ\u00e7\u00e3o de Extens\u00e3o - PESO 0,428571<\/p>\n\n<p>Art. 3\u00ba O indicador Espa\u00e7o F\u00edsico contempla a disponibilidade das \u00e1reas f\u00edsicas nas diversas Unidades Universit\u00e1rias, atribuindo-se peso 0,99 \u00e0 \u00e1rea constru\u00edda e peso 0,01 \u00e0 \u00e1rea dos terrenos sem edifica\u00e7\u00f5es.<\/p>\n<p>Art. 4\u00ba O indicador Produ\u00e7\u00e3o Acad\u00eamica de Gradua\u00e7\u00e3o - PACG - passa a ter uma nova concep\u00e7\u00e3o e ser\u00e1 obtido atrav\u00e9s da medida da quantidade anual de alunos formados, considerados por curso, e o n\u00famero de vagas oferecidas no vestibular para o mesmo curso, no \u00e2mbito da unidade.<\/p>\n<p>Art. 5\u00ba O indicador Produtividade Acad\u00eamica - PrvAc passa a ter uma nova concep\u00e7\u00e3o e contempla o somat\u00f3rio da quantidade de alunos matriculados em disciplinas dos departamentos, na gradua\u00e7\u00e3o e na p\u00f3s-gradua\u00e7\u00e3o, dos professores efetivos e dos servidores t\u00e9cnicos lotados nas Unidades Universit\u00e1rias.<\/p>\n<p>Art. 6\u00ba Ser\u00e3o mantidos os extra-tetos para atendimento de despesas com Encargos Gerais da Institui\u00e7\u00e3o e Di\u00e1rias.<\/p>\n<p>Art. 7\u00ba O componente \u201cObras e Material Permanente\u201d do Or\u00e7amento de Capital ser\u00e1 distribu\u00eddo \u00e0 Administra\u00e7\u00e3o Central e \u00e0s Unidades Universit\u00e1rias na propor\u00e7\u00e3o de 30% e 70%, respectivamente.<\/p>\n<p>Art. 8\u00ba O Or\u00e7amento de Outras Despesas Correntes - ODC do exerc\u00edcio de 2000, deduzidos os recursos para o atendimento dos Destaques Or\u00e7ament\u00e1rios, dos extra-tetos e das Despesas de Capital, ser\u00e1 distribu\u00eddo conforme Programas e percentuais abaixo discriminados:<\/p>\n<br>\n<p><div align=\"center\"><b>\u00cdNDICES PROPOSTOS PARA O EXERC\u00cdCIO DE 2000<\/b><\/div><\/p>\n<br>\n<table><table width=\"75%\">\n<tr><td rowspan=\"2\"><b><div align=\"center\">UNIDADES DE GASTO<\/div><\/b><\/td><td colspan=\"2\"><b><div align=\"center\">PROGRAMAS<\/div><\/b><\/td><td rowspan=\"2\"><b><div align=\"center\">TOTAL<\/td><\/div><\/b><\/tr>\n<tr><td><b><div align=\"center\">ESPECIFICA\u00c7\u00c3O<\/div><\/b><\/td><td><b><div align=\"center\">PERCENTUAL<\/div><\/b><\/td><\/tr>\n<tr><td rowspan=\"8\"><b><div align=\"center\">01. ADMINISTRA\u00c7\u00c3O CENTRAL<\/div><\/b><\/td><td><div align=\"center\">Manuten\u00e7\u00e3o Atividade Administrativa<\/div><\/td><td><div align=\"center\">9,00<\/div><\/td><td rowspan=\"8\"><div align=\"center\">15,31<\/div><\/td><\/tr>\n<tr><td><div align=\"center\">Fundo de Apoio ao Mercosul<\/div><\/td><td><div align=\"center\">0,60<\/div><\/td><\/tr>\n<tr><td><div align=\"center\">Fundo de Apoio a Editora<\/div><\/td><td><div align=\"center\">0,60<\/div><\/td><\/tr>\n<tr><td><div align=\"center\">Manuten\u00e7\u00e3o da Infra-estrutura<\/div><\/td><td><div align=\"center\">1,70<\/div><\/td><\/tr>\n<tr><td><div align=\"center\">Desenvolvimento Recursos Humanos<\/div><\/td><td><div align=\"center\">1,70<\/div><\/td><\/tr>\n<tr><td><div align=\"center\">Incentivo Cultural \u2013 PRE<\/div><\/td><td><div align=\"center\">0,20<\/div><\/td><\/tr>\n<tr><td><div align=\"center\">Orquestra<\/div><\/td><td><div align=\"center\">0,10<\/div><\/td><\/tr>\n<tr><td><div align=\"center\">PROLICEN<\/div><\/td><td><div align=\"center\">1,31<\/div><\/td><\/tr>\n<tr><td rowspan=\"4\"><b><div align=\"center\">02. DESPESAS GERAIS<\/div><\/b><\/td><td><div align=\"center\">Vale Transporte<\/div><\/td><td><div align=\"center\">-<\/div><\/td><td rowspan=\"4\"><div align=\"center\">12,57<\/div><\/td><\/tr>\n<tr><td><div align=\"center\">Encargos Gerais<\/div><\/td><td><div align=\"center\">-<\/div><\/td><\/tr>\n<tr><td><div align=\"center\">Processamento de Dados<\/div><\/td><td><div align=\"center\">9,30<\/div><\/td><\/tr>\n<tr><td><div align=\"center\">Biblioteca<\/div><\/td><td><div align=\"center\">3,27<\/div><\/td><\/tr>\n<tr><td rowspan=\"12\"><b><div align=\"center\">03. ASSIST\u00caNCIA ESTUDANTIL\tBOLSA DE ESTUDOS<\/div><\/b><\/td><td><div align=\"center\">Manuten\u00e7\u00e3o Atividade Administrativa<\/div><\/td><td><div align=\"center\">9,00<\/div><\/td><td rowspan=\"12\"><div align=\"center\">23,10<\/div><\/td><\/tr>\n<tr><td><div align=\"center\">Bolsa Alimenta\u00e7\u00e3o<\/div><\/td><td><div align=\"center\">10,00<\/div><\/td><\/tr>\n<tr><td><div align=\"center\">Bolsa de Transporte<\/div><\/td><td><div align=\"center\">1,40<\/div><\/td><\/tr>\n<tr><td><div align=\"center\">Bolsa de Est\u00e1gio Acad\u00eamico<\/div><\/td><td><div align=\"center\">4,20<\/div><\/td><\/tr>\n<tr><td><div align=\"center\">Bolsas de L\u00ednguas \u2013 CAL<\/div><\/td><td><div align=\"center\">0,50<\/div><\/td><\/tr>\n<tr><td><div align=\"center\">Bolsas de Trabalho Arte - CAL<\/div><\/td><td><div align=\"center\">0,50<\/div><\/td><\/tr>\n<tr><td><div align=\"center\">Bolsa da orquestra<\/div><\/td><td><div align=\"center\">0,50<\/div><\/td><\/tr>\n<tr><td><div align=\"center\">Monitoria<\/div><\/td><td><div align=\"center\">4,50<\/div><\/td><\/tr>\n<tr><td><div align=\"center\">Jogos Universit\u00e1rios<\/div><\/td><td><div align=\"center\">0,13<\/div><\/td><\/tr>\n<tr><td><div align=\"center\">Nossas Express\u00f5es<\/div><\/td><td><div align=\"center\">0,13<\/div><\/td><\/tr>\n<tr><td><div align=\"center\">Casa do Estudante<\/div><\/td><td><div align=\"center\">0,26<\/div><\/td><\/tr>\n<tr><td><div align=\"center\">Bolsa de Forma\u00e7\u00e3o Estudantil<\/div><\/td><td><div align=\"center\">1,00<\/div><\/td><\/tr>\n<tr><td rowspan=\"3\"><b><div align=\"center\">04. CENTROS DE ENSINO<\/div><\/b><\/td><td><div align=\"center\">Ensino de Gradua\u00e7\u00e3o e P\u00f3s-Gradua\u00e7\u00e3o<\/div><\/td><td><div align=\"center\">39,00<\/div><\/td><td rowspan=\"3\"><div align=\"center\">49,00<\/div><\/td><\/tr>\n<tr><td><div align=\"center\">Pesquisa<\/div><\/td><td><div align=\"center\">5,00<\/div><\/td><\/tr>\n<tr><td><div align=\"center\">Extens\u00e3o<\/div><\/td><td><div align=\"center\">5,00<\/div><\/td><\/tr>\n<\/div><\/table>\n<br>\t\n<p>Art. 9\u00ba Os recursos destinados aos Programas \u201cFundo de Incentivo \u00e0 Pesquisa\u201d e \u201cFundo de Incentivo \u00e0 Extens\u00e3o\u201d ser\u00e3o administrados conforme as propostas de Gest\u00e3o desses Fundos, a serem apresentadas pelas Pr\u00f3-Reitorias afins \u00e0 Pr\u00f3-Reitoria de Planejamento.<\/p>\n<p>Art. 10 A distribui\u00e7\u00e3o dos recursos de Outras Despesas Correntes aos Centros de Ensino ser\u00e1 feita conforme \u00faltima coluna da tabela abaixo:<\/p>\n<table><table width=\"75%\">\n<tr><td><b><div align=\"center\">Centros\/ano<\/div><\/b><\/td><td><b><div align=\"center\">1995<\/div><\/b><\/td><td><b><div align=\"center\">1996<\/div><\/b><\/td><td><b><div align=\"center\">1997<\/div><\/b><\/td><td><b><div align=\"center\">1998<\/div><\/b><\/td><td><b><div align=\"center\">1999<\/div><\/b><\/td><td><b><div align=\"center\">2000<\/div><\/b><\/td><\/tr>\n<tr><td><b><div align=\"center\">CCNE<\/b><\/div><\/td><td><div align=\"center\">17,57<\/div><\/td><td><div align=\"center\">17,42<\/div><\/td><td><div align=\"center\">17,646<\/div><\/td><td><div align=\"center\">17,501<\/div><\/td><td><div align=\"center\">17,682<\/div><\/td><td><div align=\"center\">17,877<\/div><\/td><\/tr>\n<tr><td><b><div align=\"center\">CCR<\/b><\/div><\/td><td><div align=\"center\">21,22<\/div><\/td><td><div align=\"center\">20,95<\/div><\/td><td><div align=\"center\">20,325<\/div><\/td><td><div align=\"center\">19,576<\/div><\/td><td><div align=\"center\">18,576<\/div><\/td><td><div align=\"center\">18,202<\/div><\/td><\/tr>\n<tr><td><b><div align=\"center\">CCS<\/b><\/div><\/td><td><div align=\"center\">18,18<\/div><\/td><td><div align=\"center\"> 17,91<\/div><\/td><td><div align=\"center\">17,514<\/div><\/td><td><div align=\"center\">17,452<\/div><\/td><td><div align=\"center\">17,971<\/div><\/td><td><div align=\"center\">18,171<\/div><\/td><\/tr>\n<tr><td><b><div align=\"center\">CE<\/b><\/div><\/td><td><div align=\"center\">7,60<\/div><\/td><td><div align=\"center\">7,71<\/div><\/td><td><div align=\"center\">8,493<\/div><\/td><td><div align=\"center\">8,039<\/div><\/td><td><div align=\"center\">8,314<\/div><\/td><td><div align=\"center\">8,085<\/div><\/td><\/tr>\n<tr><td><b><div align=\"center\">CCSH<\/b><\/div><\/td><td><div align=\"center\">8,70<\/div><\/td><td><div align=\"center\">8,92<\/div><\/td><td><div align=\"center\">9,893<\/div><\/td><td><div align=\"center\">9,283<\/div><\/td><td><div align=\"center\">9,759<\/div><\/td><td><div align=\"center\">10,259<\/div><\/td><\/tr>\n<tr><td><b><div align=\"center\">CT<\/b><\/div><\/td><td><div align=\"center\">10,51<\/div><\/td><td><div align=\"center\">10,67<\/div><\/td><td><div align=\"center\">10,192<\/div><\/td><td><div align=\"center\">11,200<\/div><\/td><td><div align=\"center\">11,295<\/div><\/td><td><div align=\"center\">11,176<\/div><\/td><\/tr>\n<tr><td><b><div align=\"center\">CAL<\/b><\/div><\/td><td><div align=\"center\">7,31<\/div><\/td><td><div align=\"center\">7,52<\/div><\/td><td><div align=\"center\">7,549<\/div><\/td><td><div align=\"center\">8,370<\/div><\/td><td><div align=\"center\">8,600<\/div><\/td><td><div align=\"center\">8,552<\/div><\/td><\/tr>\n<tr><td><b><div align=\"center\">CEFD<\/b><\/div><\/td><td><div align=\"center\">8,91<\/div><\/td><td><div align=\"center\">8,90<\/div><\/td><td><div align=\"center\">8,388<\/div><\/td><td><div align=\"center\">8,577<\/div><\/td><td><div align=\"center\">7,802<\/div><\/td><td><div align=\"center\">7,676<\/div><\/td><\/tr>\n<\/div><\/table>\t\t\n<br>\n<p>Art. 11 A distribui\u00e7\u00e3o dos Recursos de Di\u00e1rias, por Unidade de Gasto, em percentuais, ser\u00e1 feita ainda com base em dados hist\u00f3ricos, conforme especifica\u00e7\u00f5es a seguir:<\/p>\n<table><table width=\"75%\">\n<tr><td rowspan=\"2\"><div align=\"center\">UNIDADES<\/div><\/td><td colspan=\"2\"><b><div align=\"center\">1999<\/div><\/b><\/td><td colspan=\"2\"><b><div align=\"center\">2000<\/div><\/b><\/td><\/tr>\n<tr><td><div align=\"center\">%<\/div><\/td><td><div align=\"center\">%<\/div><\/td><td><div align=\"center\">%<\/div><\/td><td><div align=\"center\">%<\/div><\/td><\/tr>\n<tr><td><div align=\"center\">1 \u2013 Administra\u00e7\u00e3o Central<\/div><\/td><td><div align=\"center\">31,22<\/div><\/td><td><div align=\"center\"><b>31,22<\/b><\/div><\/td><td><div align=\"center\">31,22<\/div><\/td><td><div align=\"center\"><b>31,22<\/b><\/div><\/td><\/tr>\n<tr><td><div align=\"center\">2 \u2013 Unidades de Ensino<\/div><\/td><td><div align=\"center\"><\/div><\/td><td><div align=\"center\"><b>68,78<\/b><\/div><\/td><td><div align=\"center\"><\/div><\/td><td><div align=\"center\"><b>68,78<\/b><\/div><\/td><\/tr>\n<tr><td><div align=\"center\">2.1 \u2013 Ensino<\/div><\/td><td><div align=\"center\">52,38<\/div><\/td><td><div align=\"center\"><b><\/b><\/div><\/td><td><div align=\"center\">58,78<\/div><\/td><td><div align=\"center\"><b><\/b><\/div><\/td><\/tr>\n<tr><td><div align=\"center\">2.2 \u2013 Pesquisa<\/div><\/td><td><div align=\"center\">10,69<\/div><\/td><td><div align=\"center\"><b><\/b><\/div><\/td><td><div align=\"center\">10,69<\/div><\/td><td><div align=\"center\"><b><\/b><\/div><\/td><\/tr>\n<tr><td><div align=\"center\">2.3 \u2013 Extens\u00e3o<\/div><\/td><td><div align=\"center\">5,71<\/div><\/td><td><div align=\"center\"><b><\/b><\/div><\/td><td><div align=\"center\">5,71<\/div><\/td><td><div align=\"center\"><b><\/b><\/div><\/td><\/tr>\n<tr><td><div align=\"center\">TOTAL<\/div><\/td><td><div align=\"center\">100,00<\/div><\/td><td><div align=\"center\">100,00<\/div><\/td><td><div align=\"center\">100,00<\/div><\/td><td><div align=\"center\">100,00<\/div><\/td><\/tr>\n<\/div><\/table>\t\n<br>\n<p>Art. 12 A distribui\u00e7\u00e3o dos recursos de Di\u00e1rias, destinadas ao Ensino de Gradua\u00e7\u00e3o e P\u00f3s-Gradua\u00e7\u00e3o, aos Centros, ser\u00e1 feita na mesma propor\u00e7\u00e3o que o \u00cdndice de Distribui\u00e7\u00e3o de Recursos de Despesas Correntes - IDR calculado para o exerc\u00edcio de 1999, conforme especifica\u00e7\u00e3o abaixo:<\/p>\n<table><table width=\"75%\">\n<tr><td colspan=\"2\"><div align=\"center\">UNIDADES<\/div><\/td><td colspan=\"2\"><div align=\"center\">ENSINO DE GRADUA\u00c7\u00c3O E P\u00d3S-GRADUA\u00c7\u00c3O<\/div><\/td><\/tr>\n<tr><td><div align=\"center\">1999<\/div><\/td><td><div align=\"center\">2000<\/div><\/td><\/tr>\n<tr><td><div align=\"center\">Di\u00e1rias<\/div><\/td><td><div align=\"center\">Di\u00e1rias<\/div><\/td><\/tr>\n<tr><td><div align=\"center\">01<\/div><\/td><td><div align=\"center\">CCNE<\/div><\/td><td><div align=\"center\">16,030<\/div><\/td><td><div align=\"center\">16,030<\/div><\/td><\/tr>\n<tr><td><div align=\"center\">02<\/div><\/td><td><div align=\"center\">CCR<\/div><\/td><td><div align=\"center\">19,138<\/div><\/td><td><div align=\"center\">19,138<\/div><\/td><\/tr>\n<tr><td><div align=\"center\">03<\/div><\/td><td><div align=\"center\">CCS<\/div><\/td><td><div align=\"center\">16,586<\/div><\/td><td><div align=\"center\">16,586<\/div><\/td><\/tr>\n<tr><td><div align=\"center\">04<\/div><\/td><td><div align=\"center\">CE<\/div><\/td><td><div align=\"center\">8,532<\/div><\/td><td><div align=\"center\">8,532<\/div><\/td><\/tr>\n<tr><td><div align=\"center\">05<\/div><\/td><td><div align=\"center\">CCSH<\/div><\/td><td><div align=\"center\">9,773<\/div><\/td><td><div align=\"center\">9,773<\/div><\/td><\/tr>\n<tr><td><div align=\"center\">06<\/div><\/td><td><div align=\"center\">CT<\/div><\/td><td><div align=\"center\">12,244<\/div><\/td><td><div align=\"center\">12,244<\/div><\/td><\/tr>\n<tr><td><div align=\"center\">07<\/div><\/td><td><div align=\"center\">CAL<\/div><\/td><td><div align=\"center\">8,903<\/div><\/td><td><div align=\"center\">8,903<\/div><\/td><\/tr>\n<tr><td><div align=\"center\">08<\/div><\/td><td><div align=\"center\">CEFD<\/div><\/td><td><div align=\"center\">8,794<\/div><\/td><td><div align=\"center\">8,794<\/div><\/td><\/tr>\n<tr><td colspan=\"2\"><div align=\"center\">TOTAL<\/div><\/td><td><div align=\"center\">100,00<\/div><\/td><td><div align=\"center\">100,00<\/div><\/td><\/tr>\n<\/div><\/table>\t\n<br>\n<p>Art. 13 Esta Resolu\u00e7\u00e3o entra em vigor na data de sua publica\u00e7\u00e3o, tendo validade para o exerc\u00edcio de 2000, revogadas as disposi\u00e7\u00f5es em contr\u00e1rio.<\/p>\n\n<p>GABINETE DO REITOR DA UNIVERSIDADE FEDERAL DE SANTA MARIA, aos vinte dias do m\u00eas de mar\u00e7o do ano de dois mil.<\/p>\n<\/div>\n<p>Paulo Jorge Sarkis,<\/p>\n<p>Reitor.<\/p>\n\n<p><font color=\"red0000\">Este texto n\u00e3o substitui o documento original, publicado no Portal de Documentos.<\/font> Dispon\u00edvel em: <a href=\"https:\/\/portal.ufsm.br\/documentos\/publico\/documento.html?id=4509101\"><font color=\"blue\">https:\/\/portal.ufsm.br\/documentos\/publico\/documento.html?id=4509101<\/font><\/a>\n<\/strike>\n\n\t\t<\/div>\n\t\t\t\t<\/div>\n\t\t\t\t\t<\/div>\n\t\t<\/div>\n\t\t\t\t\t<\/div>\n\t\t<\/section>\n\t\t\t\t<\/div>\n\t\t","protected":false},"excerpt":{"rendered":"<p>RESOLU\u00c7\u00c3O N. 002\/2000 MINIST\u00c9RIO DA EDUCA\u00c7\u00c3O UNIVERSIDADE FEDERAL DE SANTA MARIA RESOLU\u00c7\u00c3O N. 002\/2000 Aprova as Normas para Distribui\u00e7\u00e3o de Recursos de Outros Custeios e Capital &#8211; OCC para o Or\u00e7amento 2000 &#8211; Abertura. Revogado pela Resolu\u00e7\u00e3o N. 055\/2021 O REITOR DA UNIVERSIDADE FEDERAL DE SANTA MARIA, no uso de suas atribui\u00e7\u00f5es legais e estatut\u00e1rias [&hellip;]<\/p>\n","protected":false},"author":205,"featured_media":0,"parent":0,"menu_order":0,"comment_status":"closed","ping_status":"closed","template":"","meta":{"footnotes":""},"categories":[],"tags":[],"class_list":["post-3227","page","type-page","status-publish","hentry"],"acf":[],"_links":{"self":[{"href":"https:\/\/www.ufsm.br\/pro-reitorias\/proplan\/wp-json\/wp\/v2\/pages\/3227","targetHints":{"allow":["GET"]}}],"collection":[{"href":"https:\/\/www.ufsm.br\/pro-reitorias\/proplan\/wp-json\/wp\/v2\/pages"}],"about":[{"href":"https:\/\/www.ufsm.br\/pro-reitorias\/proplan\/wp-json\/wp\/v2\/types\/page"}],"author":[{"embeddable":true,"href":"https:\/\/www.ufsm.br\/pro-reitorias\/proplan\/wp-json\/wp\/v2\/users\/205"}],"replies":[{"embeddable":true,"href":"https:\/\/www.ufsm.br\/pro-reitorias\/proplan\/wp-json\/wp\/v2\/comments?post=3227"}],"version-history":[{"count":0,"href":"https:\/\/www.ufsm.br\/pro-reitorias\/proplan\/wp-json\/wp\/v2\/pages\/3227\/revisions"}],"wp:attachment":[{"href":"https:\/\/www.ufsm.br\/pro-reitorias\/proplan\/wp-json\/wp\/v2\/media?parent=3227"}],"wp:term":[{"taxonomy":"category","embeddable":true,"href":"https:\/\/www.ufsm.br\/pro-reitorias\/proplan\/wp-json\/wp\/v2\/categories?post=3227"},{"taxonomy":"post_tag","embeddable":true,"href":"https:\/\/www.ufsm.br\/pro-reitorias\/proplan\/wp-json\/wp\/v2\/tags?post=3227"}],"curies":[{"name":"wp","href":"https:\/\/api.w.org\/{rel}","templated":true}]}}