{"id":3233,"date":"2020-02-10T15:10:45","date_gmt":"2020-02-10T18:10:45","guid":{"rendered":"https:\/\/www.ufsm.br\/pro-reitorias\/proplan\/?page_id=3233"},"modified":"2021-07-01T14:01:40","modified_gmt":"2021-07-01T17:01:40","slug":"resolucao-n-010-2000","status":"publish","type":"page","link":"https:\/\/www.ufsm.br\/pro-reitorias\/proplan\/resolucao-n-010-2000","title":{"rendered":"Resolu\u00e7\u00e3o N. 010\/2000"},"content":{"rendered":"\t\t<div data-elementor-type=\"wp-page\" data-elementor-id=\"3233\" class=\"elementor elementor-3233\">\n\t\t\t\t\t\t<section class=\"elementor-section elementor-top-section elementor-element elementor-element-cad51f4 elementor-section-boxed elementor-section-height-default elementor-section-height-default\" data-id=\"cad51f4\" data-element_type=\"section\">\n\t\t\t\t\t\t<div class=\"elementor-container elementor-column-gap-default\">\n\t\t\t\t\t<div class=\"elementor-column elementor-col-100 elementor-top-column elementor-element elementor-element-5b4d0e9\" data-id=\"5b4d0e9\" data-element_type=\"column\">\n\t\t\t<div class=\"elementor-widget-wrap elementor-element-populated\">\n\t\t\t\t\t\t<div class=\"elementor-element elementor-element-6c3325f elementor-widget elementor-widget-html\" data-id=\"6c3325f\" data-element_type=\"widget\" data-widget_type=\"html.default\">\n\t\t\t\t<div class=\"elementor-widget-container\">\n\t\t\t\n\n\n<title><b>RESOLU\u00c7\u00c3O N. 010\/2000<\/b><\/title>\n\n\n<div align=\"center\"><img decoding=\"async\" src=\"https:\/\/www.ufsm.br\/pro-reitorias\/proplan\/wp-content\/uploads\/sites\/344\/2019\/09\/brasao-da-republica-do-brasil-logo.png\" alt=\"Bras\u00e3o Rep\u00fablica Federativa do Brasil\" width=\"6%\" height=\"6%\"><\/div>    \n<h1><font color=\"blue\"><font size=\"5\"><div align=\"center\">MINIST\u00c9RIO DA EDUCA\u00c7\u00c3O<\/b><\/font><\/font><\/div><\/H1>\n<p><b><font color=\"0000blue\"><div align=\"center\">UNIVERSIDADE FEDERAL DE SANTA MARIA<\/b><\/font><\/div><\/p>\n\n<p><div align=\"center\"><b><a href=\"https:\/\/portal.ufsm.br\/documentos\/publico\/documento.html?id=4509110\"><font color=\"blue\">RESOLU\u00c7\u00c3O N. 010\/2000<\/font><\/a><\/b><\/div><\/p>\n<br>\n<p><div align=\"right\"><font color=\"800000\"><strike>Altera os prazos previstos no Par\u00e1grafo \u00fanico do art. 3\u00ba da Resolu\u00e7\u00e3o n. 008\/00, de 08.09.2000, que Sistematiza o Cadastro de Atividades Docentes do Ensino de 3\u00ba Grau da UFSM, para os fins que especifica, revogando-a.<\/strike><\/font><\/div><\/p>\n<br>\n<br><div align=\"justify\">\n<p><a href=\"https:\/\/www.ufsm.br\/pro-reitorias\/proplan\/resolucao-ufsm-n-055-2021\/\"><font color=\"blue\">Revogado pela Resolu\u00e7\u00e3o N. 055\/2021<\/font><\/a><\/p><\/p>\n<br>\n<strike>\n<p>O REITOR DA UNIVERSIDADE FEDERAL DE SANTA MARIA, no uso de suas atribui\u00e7\u00f5es legais e estatut\u00e1rias e considerando:<\/p>\n<p>- a necessidade de evitar a duplicidade de meios para fins semelhantes, notadamente no que se refere \u00e0 utiliza\u00e7\u00e3o de informa\u00e7\u00f5es sobre as atividades dos docentes do ensino de 3\u00ba grau para fins de Avalia\u00e7\u00e3o de Desempenho para Progress\u00e3o Funcional, para pagamento de Gratifica\u00e7\u00e3o de Est\u00edmulo \u00e0 Doc\u00eancia - GED e para subsidiar a Avalia\u00e7\u00e3o Institucional;<\/p>\n<p>- atendimento \u00e0 antiga aspira\u00e7\u00e3o de disponibilizar um sistema racional de coleta de dados fidedignos e atualizados, via on-line;<\/p>\n<p>- a evolu\u00e7\u00e3o tecnol\u00f3gica que possibilita a consecu\u00e7\u00e3o deste objetivo;<\/p>\n<p>- o Parecer 047\/00 da Comiss\u00e3o de Legisla\u00e7\u00e3o e Regimentos, aprovado na 599\u00aa Sess\u00e3o do Conselho Universit\u00e1rio, de 27.09.00.<\/p>\n<br>\n<p><div align=\"center\">RESOLVE:<\/div><\/p>\n<br>\n<p>Art. 1\u00ba Regulamentar o sistema de cadastro informatizado de atividades docentes do ensino de 3\u00ba grau, no \u00e2mbito da UFSM, para fins de Avalia\u00e7\u00e3o do Desempenho Docente para Progress\u00e3o Funcional, para pagamento da Gratifica\u00e7\u00e3o de Est\u00edmulo \u00e0 Doc\u00eancia - GED e para subsidiar a Avalia\u00e7\u00e3o Institucional.<\/p>\n<p>Art. 2\u00ba O Sistema de Cadastro de Atividades Docentes permitir\u00e1 o autolan\u00e7amento dos dados, que se constituir\u00e3o em informa\u00e7\u00f5es ap\u00f3s a homologa\u00e7\u00e3o por parte do Colegiado Departamental.<\/p>\n<p>Par\u00e1grafo \u00fanico. O lan\u00e7amento dos dados dos docentes afastados ser\u00e1 de responsabilidade da Chefia do respectivo \u00f3rg\u00e3o de lota\u00e7\u00e3o.<\/p>\n\n<p>Art. 3\u00ba A homologa\u00e7\u00e3o das informa\u00e7\u00f5es por parte do Colegiado Departamental dever\u00e1 ser procedida obedecendo aos seguintes prazos:<\/p>\n<p>I - Avalia\u00e7\u00e3o do Desempenho Docente para Progress\u00e3o Funcional - at\u00e9 quinze dias ap\u00f3s o t\u00e9rmino do semestre letivo;<\/p>\n<p>II - Avalia\u00e7\u00e3o do Desempenho Docente para pagamento da Gratifica\u00e7\u00e3o de Est\u00edmulo \u00e0 Doc\u00eancia - GED at\u00e9 o dia quinze de dezembro de cada ano, em raz\u00e3o do calend\u00e1rio de atividades da Comiss\u00e3o Nacional de Orienta\u00e7\u00e3o e Acompanhamento da GED;<\/p>\n<p>III - Avalia\u00e7\u00e3o Institucional \u2014 at\u00e9 quinze dias ap\u00f3s o t\u00e9rmino do semestre letivo.<\/p>\n<p>Par\u00e1grafo \u00fanico. Excepcionalmente para o ano de 2000, as informa\u00e7\u00f5es relativas ao 1\u00ba semestre letivo dever\u00e3o ser homologadas, pelo Colegiado Departamental, at\u00e9 o dia 6 de outubro.<\/p>\n\n<p>Art. 4\u00ba Para os efeitos da Avalia\u00e7\u00e3o Docente pelo discente do 1\u00ba semestre de 2000, ser\u00e3o utilizadas, em car\u00e1ter de excepcionalidade, as informa\u00e7\u00f5es referentes ao 2\u00ba semestre letivo de 1999.<\/p>\n<p>Art. 5\u00ba Para o cumprimento do que disp\u00f5e esta Resolu\u00e7\u00e3o fica revogado o Par\u00e1grafo \u00danico do art. 4\u00ba da <a href=\"https:\/\/www.ufsm.br\/pro-reitorias\/proplan\/resolucao-n-019-1996\/\" target=\"_blank\"><font color=\"blue\"><u>Resolu\u00e7\u00e3o n\u00ba 019\/96, 11.07.96<\/u><\/font><\/a>.<\/p>\n<p>Art. 6\u00ba Esta Resolu\u00e7\u00e3o entra em vigor na data de sua publica\u00e7\u00e3o e revoga as Resolu\u00e7\u00f5es <a href=\"https:\/\/www.ufsm.br\/pro-reitorias\/proplan\/resolucao-n-022-1995\/\" target=\"_blank\"><font color=\"blue\"><u>n. 0022\/95, de 21.12.95<\/u><\/font><\/a> e <a href=\"https:\/\/www.ufsm.br\/pro-reitorias\/proplan\/resolucao-n-008-2000\/\" target=\"_blank\"><font color=\"blue\"><u>n. 008\/00, de 08.09.00<\/u><\/font><\/a>.<\/p>\n\n<p>GABINETE DO REITOR DA UNIVERSIDADE FEDERAL DE SANTA MARIA, aos vinte e sete dias do m\u00eas de setembro do ano dois mil.<\/p>\n<\/div>\n<p>Paulo Jorge Sarkis,<\/p>\n<p>Reitor.<\/p>\n\n<p><font color=\"red0000\">Este texto n\u00e3o substitui o documento original, publicado no Portal de Documentos.<\/font> Dispon\u00edvel em: <a href=\"https:\/\/portal.ufsm.br\/documentos\/publico\/documento.html?id=4509110\"><font color=\"blue\">https:\/\/portal.ufsm.br\/documentos\/publico\/documento.html?id=4509110<\/font><\/a>\n<\/strike>\n\n\t\t<\/div>\n\t\t\t\t<\/div>\n\t\t\t\t\t<\/div>\n\t\t<\/div>\n\t\t\t\t\t<\/div>\n\t\t<\/section>\n\t\t\t\t<\/div>\n\t\t","protected":false},"excerpt":{"rendered":"<p>RESOLU\u00c7\u00c3O N. 010\/2000 MINIST\u00c9RIO DA EDUCA\u00c7\u00c3O UNIVERSIDADE FEDERAL DE SANTA MARIA RESOLU\u00c7\u00c3O N. 010\/2000 Altera os prazos previstos no Par\u00e1grafo \u00fanico do art. 3\u00ba da Resolu\u00e7\u00e3o n. 008\/00, de 08.09.2000, que Sistematiza o Cadastro de Atividades Docentes do Ensino de 3\u00ba Grau da UFSM, para os fins que especifica, revogando-a. Revogado pela Resolu\u00e7\u00e3o N. 055\/2021 [&hellip;]<\/p>\n","protected":false},"author":205,"featured_media":0,"parent":0,"menu_order":0,"comment_status":"closed","ping_status":"closed","template":"","meta":{"footnotes":""},"categories":[],"tags":[],"class_list":["post-3233","page","type-page","status-publish","hentry"],"acf":[],"_links":{"self":[{"href":"https:\/\/www.ufsm.br\/pro-reitorias\/proplan\/wp-json\/wp\/v2\/pages\/3233","targetHints":{"allow":["GET"]}}],"collection":[{"href":"https:\/\/www.ufsm.br\/pro-reitorias\/proplan\/wp-json\/wp\/v2\/pages"}],"about":[{"href":"https:\/\/www.ufsm.br\/pro-reitorias\/proplan\/wp-json\/wp\/v2\/types\/page"}],"author":[{"embeddable":true,"href":"https:\/\/www.ufsm.br\/pro-reitorias\/proplan\/wp-json\/wp\/v2\/users\/205"}],"replies":[{"embeddable":true,"href":"https:\/\/www.ufsm.br\/pro-reitorias\/proplan\/wp-json\/wp\/v2\/comments?post=3233"}],"version-history":[{"count":0,"href":"https:\/\/www.ufsm.br\/pro-reitorias\/proplan\/wp-json\/wp\/v2\/pages\/3233\/revisions"}],"wp:attachment":[{"href":"https:\/\/www.ufsm.br\/pro-reitorias\/proplan\/wp-json\/wp\/v2\/media?parent=3233"}],"wp:term":[{"taxonomy":"category","embeddable":true,"href":"https:\/\/www.ufsm.br\/pro-reitorias\/proplan\/wp-json\/wp\/v2\/categories?post=3233"},{"taxonomy":"post_tag","embeddable":true,"href":"https:\/\/www.ufsm.br\/pro-reitorias\/proplan\/wp-json\/wp\/v2\/tags?post=3233"}],"curies":[{"name":"wp","href":"https:\/\/api.w.org\/{rel}","templated":true}]}}