{"id":3234,"date":"2020-02-11T10:53:15","date_gmt":"2020-02-11T13:53:15","guid":{"rendered":"https:\/\/www.ufsm.br\/pro-reitorias\/proplan\/?page_id=3234"},"modified":"2020-02-11T10:53:54","modified_gmt":"2020-02-11T13:53:54","slug":"resolucao-n-011-2000","status":"publish","type":"page","link":"https:\/\/www.ufsm.br\/pro-reitorias\/proplan\/resolucao-n-011-2000","title":{"rendered":"Resolu\u00e7\u00e3o N. 011\/2000"},"content":{"rendered":"\t\t<div data-elementor-type=\"wp-page\" data-elementor-id=\"3234\" class=\"elementor elementor-3234\">\n\t\t\t\t\t\t<section class=\"elementor-section elementor-top-section elementor-element elementor-element-dda0285 elementor-section-boxed elementor-section-height-default elementor-section-height-default\" data-id=\"dda0285\" data-element_type=\"section\">\n\t\t\t\t\t\t<div class=\"elementor-container elementor-column-gap-default\">\n\t\t\t\t\t<div class=\"elementor-column elementor-col-100 elementor-top-column elementor-element elementor-element-4d8e9d0\" data-id=\"4d8e9d0\" data-element_type=\"column\">\n\t\t\t<div class=\"elementor-widget-wrap elementor-element-populated\">\n\t\t\t\t\t\t<div class=\"elementor-element elementor-element-e153ace elementor-widget elementor-widget-html\" data-id=\"e153ace\" data-element_type=\"widget\" data-widget_type=\"html.default\">\n\t\t\t\t<div class=\"elementor-widget-container\">\n\t\t\t\r\n\r\n\r\n<title><b>RESOLU\u00c7\u00c3O N. 011\/2000<\/b><\/title>\r\n\r\n\r\n<div align=\"center\"><img decoding=\"async\" src=\"https:\/\/www.ufsm.br\/pro-reitorias\/proplan\/wp-content\/uploads\/sites\/344\/2019\/09\/brasao-da-republica-do-brasil-logo.png\" alt=\"Bras\u00e3o Rep\u00fablica Federativa do Brasil\" width=\"6%\" height=\"6%\"><\/div>    \r\n<h1><font color=\"blue\"><font size=\"5\"><div align=\"center\">MINIST\u00c9RIO DA EDUCA\u00c7\u00c3O<\/b><\/font><\/font><\/div><\/H1>\r\n<p><b><font color=\"0000blue\"><div align=\"center\">UNIVERSIDADE FEDERAL DE SANTA MARIA<\/b><\/font><\/div><\/p>\r\n\r\n<p><div align=\"center\"><b><a href=\"https:\/\/portal.ufsm.br\/documentos\/publico\/documento.html?id=4509111\"><font color=\"blue\">RESOLU\u00c7\u00c3O N. 011\/2000<\/font><\/a><\/b><\/div><\/p>\r\n<br>\r\n<p><div align=\"right\"><font color=\"800000\">Cria, na estrutura organizacional da Pr\u00f3-Reitoria de Administra\u00e7\u00e3o, o N\u00facleo de Administra\u00e7\u00e3o Financeira, diretamente subordinado \u00e0 Coordenadoria Administrativa.<\/font><\/div><\/p>\r\n<br>\r\n<br><div align=\"justify\">\r\n<p>O REITOR DA UNIVERSIDADE FEDERAL DE SANTA MARIA, no uso de suas atribui\u00e7\u00f5es legais e estatut\u00e1rias e considerando:<\/p>\r\n<p>- que a Pr\u00f3-Reitoria de Administra\u00e7\u00e3o \u2014 PRA desenvolve um conjunto de atividades relacionadas com a execu\u00e7\u00e3o or\u00e7ament\u00e1ria e financeira, especialmente dos \u00f3rg\u00e3os vinculados \u00e0 Reitoria, bem como acompanha a execu\u00e7\u00e3o de diversos Projetos e Conv\u00eanios;<\/p>\r\n<p>- a necessidade de criar uma estrutura de controle or\u00e7ament\u00e1rio e financeiro que permita \u00e0 PRA maior efici\u00eancia operacional em suas atividades;<\/p>\r\n<p>- o Parecer n. 048\/00 da Comiss\u00e3o de Legisla\u00e7\u00e3o e Regimentos, aprovado na 599\u00aa Sess\u00e3o do Conselho Universit\u00e1rio, de 27.09.00.<\/p>\r\n<br>\r\n<p><div align=\"center\">RESOLVE:<\/div><\/p>\r\n<br>\r\n<p>Art. 1\u00ba Criar, na estrutura organizacional da Pr\u00f3-Reitoria de Administra\u00e7\u00e3o, o N\u00facleo de Administra\u00e7\u00e3o Financeira diretamente subordinado \u00e0 Coordenadoria Administrativa.<\/p>\r\n<p>Art. 2\u00ba Ao N\u00facleo de Administra\u00e7\u00e3o Financeira compete:<\/p>\r\n<p>I - Acompanha e fornecer informa\u00e7\u00f5es financeiras referentes \u00e0s diversas fontes de recursos destinadas \u00e0 PRA\/Reitoria e unidades vinculadas;<\/p>\r\n<p>II - executar o controle or\u00e7ament\u00e1rio da PRA\/Reitoria;<\/p>\r\n<p>III - fornecer relat\u00f3rios gerenciais ao Pr\u00f3-Reitor de Administra\u00e7\u00e3o;<\/p>\r\n<p>IV - prestar informa\u00e7\u00f5es, registro e movimenta\u00e7\u00e3o de entrada e sa\u00edda de empenhos;<\/p>\r\n<p>V - encarregar-se da impress\u00e3o de mensagens emitidas para a unidade gestora;<\/p>\r\n<p>VI - distribuir as mensagens recebidas pela unidade gestora para as unidades vinculadas \u00e0 PRA;<\/p>\r\n<p>VII - elaborar relat\u00f3rios de disponibilidade financeira e or\u00e7ament\u00e1ria;<\/p>\r\n<p>VIII - elaborar relat\u00f3rios com a proje\u00e7\u00e3o e previs\u00e3o de despesas;<\/p>\r\n<p>IX - elaborar planilhas de gastos das diversas unidades da Reitoria;<\/p>\r\n<p>X - emitir solicita\u00e7\u00f5es de compras, de empenhos, etc...<\/p>\r\n<p>XI - controlar e emitir relat\u00f3rios dos recursos transferidos a d\u00e9bito e cr\u00e9dito da PRA;<\/p>\r\n<p>XII - assessorar as unidades da Reitoria quanto ao acesso ao Sistema de Execu\u00e7\u00e3o Financeira da UFSM;<\/p>\r\n<p>XIII - executar outras tarefas pertinentes ao setor.<\/p>\r\n\r\n<p>Art. 3\u00ba Esta Resolu\u00e7\u00e3o entra em vigor na data de sua publica\u00e7\u00e3o, revogadas as disposi\u00e7\u00f5es em contr\u00e1rio.<\/p>\r\n\r\n<p>GABINETE DO REITOR DA UNIVERSIDADE FEDERAL DE SANTA MARIA, aos sete dias do m\u00eas de novembro do ano dois mil.<\/p>\r\n<\/div>\r\n<p>Clovis Silva Lima,<\/p>\r\n<p>Vice-Reitor no exerc\u00edcio da Reitoria.<\/p>\r\n\r\n<p><font color=\"red0000\">Este texto n\u00e3o substitui o documento original, publicado no Portal de Documentos.<\/font> Dispon\u00edvel em: <a href=\"https:\/\/portal.ufsm.br\/documentos\/publico\/documento.html?id=4509111\"><font color=\"blue\">https:\/\/portal.ufsm.br\/documentos\/publico\/documento.html?id=4509111<\/font><\/a>\r\n\r\n\t\t<\/div>\n\t\t\t\t<\/div>\n\t\t\t\t\t<\/div>\n\t\t<\/div>\n\t\t\t\t\t<\/div>\n\t\t<\/section>\n\t\t\t\t<\/div>\n\t\t","protected":false},"excerpt":{"rendered":"<p>RESOLU\u00c7\u00c3O N. 011\/2000 MINIST\u00c9RIO DA EDUCA\u00c7\u00c3O UNIVERSIDADE FEDERAL DE SANTA MARIA RESOLU\u00c7\u00c3O N. 011\/2000 Cria, na estrutura organizacional da Pr\u00f3-Reitoria de Administra\u00e7\u00e3o, o N\u00facleo de Administra\u00e7\u00e3o Financeira, diretamente subordinado \u00e0 Coordenadoria Administrativa. O REITOR DA UNIVERSIDADE FEDERAL DE SANTA MARIA, no uso de suas atribui\u00e7\u00f5es legais e estatut\u00e1rias e considerando: &#8211; que a Pr\u00f3-Reitoria de [&hellip;]<\/p>\n","protected":false},"author":205,"featured_media":0,"parent":0,"menu_order":0,"comment_status":"closed","ping_status":"closed","template":"","meta":{"footnotes":""},"categories":[],"tags":[],"class_list":["post-3234","page","type-page","status-publish","hentry"],"acf":[],"_links":{"self":[{"href":"https:\/\/www.ufsm.br\/pro-reitorias\/proplan\/wp-json\/wp\/v2\/pages\/3234","targetHints":{"allow":["GET"]}}],"collection":[{"href":"https:\/\/www.ufsm.br\/pro-reitorias\/proplan\/wp-json\/wp\/v2\/pages"}],"about":[{"href":"https:\/\/www.ufsm.br\/pro-reitorias\/proplan\/wp-json\/wp\/v2\/types\/page"}],"author":[{"embeddable":true,"href":"https:\/\/www.ufsm.br\/pro-reitorias\/proplan\/wp-json\/wp\/v2\/users\/205"}],"replies":[{"embeddable":true,"href":"https:\/\/www.ufsm.br\/pro-reitorias\/proplan\/wp-json\/wp\/v2\/comments?post=3234"}],"version-history":[{"count":0,"href":"https:\/\/www.ufsm.br\/pro-reitorias\/proplan\/wp-json\/wp\/v2\/pages\/3234\/revisions"}],"wp:attachment":[{"href":"https:\/\/www.ufsm.br\/pro-reitorias\/proplan\/wp-json\/wp\/v2\/media?parent=3234"}],"wp:term":[{"taxonomy":"category","embeddable":true,"href":"https:\/\/www.ufsm.br\/pro-reitorias\/proplan\/wp-json\/wp\/v2\/categories?post=3234"},{"taxonomy":"post_tag","embeddable":true,"href":"https:\/\/www.ufsm.br\/pro-reitorias\/proplan\/wp-json\/wp\/v2\/tags?post=3234"}],"curies":[{"name":"wp","href":"https:\/\/api.w.org\/{rel}","templated":true}]}}