{"id":3237,"date":"2020-02-11T10:53:28","date_gmt":"2020-02-11T13:53:28","guid":{"rendered":"https:\/\/www.ufsm.br\/pro-reitorias\/proplan\/?page_id=3237"},"modified":"2020-05-26T14:43:55","modified_gmt":"2020-05-26T17:43:55","slug":"resolucao-n-014-2000","status":"publish","type":"page","link":"https:\/\/www.ufsm.br\/pro-reitorias\/proplan\/resolucao-n-014-2000","title":{"rendered":"Resolu\u00e7\u00e3o N. 014\/2000"},"content":{"rendered":"\t\t<div data-elementor-type=\"wp-page\" data-elementor-id=\"3237\" class=\"elementor elementor-3237\">\n\t\t\t\t\t\t<section class=\"elementor-section elementor-top-section elementor-element elementor-element-8929c67 elementor-section-boxed elementor-section-height-default elementor-section-height-default\" data-id=\"8929c67\" data-element_type=\"section\">\n\t\t\t\t\t\t<div class=\"elementor-container elementor-column-gap-default\">\n\t\t\t\t\t<div class=\"elementor-column elementor-col-100 elementor-top-column elementor-element elementor-element-dd8b93e\" data-id=\"dd8b93e\" data-element_type=\"column\">\n\t\t\t<div class=\"elementor-widget-wrap elementor-element-populated\">\n\t\t\t\t\t\t<div class=\"elementor-element elementor-element-2a5c1ef elementor-widget elementor-widget-html\" data-id=\"2a5c1ef\" data-element_type=\"widget\" data-widget_type=\"html.default\">\n\t\t\t\t<div class=\"elementor-widget-container\">\n\t\t\t\r\n\r\n\r\n<title><b>RESOLU\u00c7\u00c3O N. 014\/2000<\/b><\/title>\r\n\r\n\r\n<div align=\"center\"><img decoding=\"async\" src=\"https:\/\/www.ufsm.br\/pro-reitorias\/proplan\/wp-content\/uploads\/sites\/344\/2019\/09\/brasao-da-republica-do-brasil-logo.png\" alt=\"Bras\u00e3o Rep\u00fablica Federativa do Brasil\" width=\"6%\" height=\"6%\"><\/div>    \r\n<h1><font color=\"blue\"><font size=\"5\"><div align=\"center\">MINIST\u00c9RIO DA EDUCA\u00c7\u00c3O<\/b><\/font><\/font><\/div><\/H1>\r\n<p><b><font color=\"0000blue\"><div align=\"center\">UNIVERSIDADE FEDERAL DE SANTA MARIA<\/b><\/font><\/div><\/p>\r\n\r\n<p><div align=\"center\"><b><a href=\"https:\/\/portal.ufsm.br\/documentos\/publico\/documento.html?id=4509115\"><font color=\"blue\">RESOLU\u00c7\u00c3O N. 014\/2000<\/font><\/a><\/b><\/div><\/p>\r\n<br>\r\n<p><div align=\"right\"><font color=\"800000\">Regulamenta Carga Hor\u00e1ria por semestre letivo e revoga a Resolu\u00e7\u00e3o n. 0027\/94.<\/font><\/div><\/p>\r\n<br>\r\n<br><div align=\"justify\">\r\n<p>O REITOR DA UNIVERSIDADE FEDERAL DE SANTA MARIA, no uso de suas atribui\u00e7\u00f5es legais e estatut\u00e1rias e tendo em vista o que consta nas normativas de matr\u00edcula do Guia do Estudante e do Parecer aprovado na 579\u00aa Sess\u00e3o do CEPE, realizada em 08\/11\/2000.<\/p>\r\n<br>\r\n<p><div align=\"center\">RESOLVE:<\/div><\/p>\r\n<br>\r\n<p>Art. 1\u00ba O limite m\u00e1ximo de carga hor\u00e1ria requer\u00edvel em disciplinas, por semestre letivo, fica mantido em 540 horas\/aula para desenvolvimento da sequ\u00eancia aconselhada da grade curricular dos Cursos de Gradua\u00e7\u00e3o.<\/p>\r\n<p>Art. 2\u00ba O limite m\u00e1ximo de 540 horas\/aula poder\u00e1 ser extrapolado quando, al\u00e9m das disciplinas matriculadas, houver carga hor\u00e1ria com aproveitamento para registro, devidamente requeridos e autorizados pela Coordena\u00e7\u00e3o do Curso em:<\/p>\r\n<p>a) Atividades Complementares de Gradua\u00e7\u00e3o, prevista na <a href=\"https:\/\/www.ufsm.br\/pro-reitorias\/proplan\/resolucao-n-022-1999\/\" target=\"_blank\"><font color=\"blue\"><u>Resolu\u00e7\u00e3o n. 22\/99<\/u><\/font><\/a>;<\/p>\r\n<p>b) disciplinas Complementares de Gradua\u00e7\u00e3o, prevista na <a href=\"https:\/\/www.ufsm.br\/pro-reitorias\/proplan\/resolucao-n-015-1999\/\" target=\"_blank\"><font color=\"blue\"><u>Resolu\u00e7\u00e3o n. 015\/99<\/u><\/font><\/a> e\/ou disciplinas de outros Cursos cadastradas como Complementares de Gradua\u00e7\u00e3o, contempladas nos projetos dos cursos;<\/p>\r\n<p>c) disciplinas est\u00e1gio, pr\u00e1ticas de ensino, trabalho final de curso e\/ou projetos, monografias e\/ou equivalentes;<\/p>\r\n<p>d) para recupera\u00e7\u00e3o de sequ\u00eancia aconselhada.<\/p>\r\n\r\n<p>Art. 3\u00ba Os alunos que, por motivo de adapta\u00e7\u00e3o a novo curr\u00edculo ou por transfer\u00eancia, necessitarem extrapolar o limite de m\u00e1ximo de 540 horas\/aula no semestre, ter\u00e3o sua situa\u00e7\u00e3o analisada e decidida pelo respectivo Colegiado de Curso, respeitados os pr\u00e9-requisitos e os prazos m\u00ednimos para integraliza\u00e7\u00e3o curricular, previsto no projeto do Curso.<\/p>\r\n<p>Art. 4\u00ba Aos alunos vinculados a dois ou mais cursos de gradua\u00e7\u00e3o s\u00f3 ser\u00e1 poss\u00edvel desenvolver a carga hor\u00e1ria m\u00e1xima de at\u00e9 540 horas\/aula, por semestre, distribu\u00eddos entre os cursos, n\u00e3o se beneficiando do disposto nos artigos 2\u00ba e 3\u00ba da presente Resolu\u00e7\u00e3o.<\/p>\r\n<p>Art. 5\u00ba Esta resolu\u00e7\u00e3o entra em vigor na data de sua publica\u00e7\u00e3o, revogando a <a href=\"https:\/\/www.ufsm.br\/pro-reitorias\/proplan\/resolucao-n-027-1994\/\" target=\"_blank\"><font color=\"blue\"><u>Resolu\u00e7\u00e3o n. 0027 de 09.11.94<\/u><\/font><\/a>.<\/p>\r\n\r\n<p>GABINETE DO REITOR DA UNIVERSIDADE FEDERAL DE SANTA MARIA, aos cinco dias do m\u00eas de dezembro do ano dois mil.<\/p>\r\n<\/div>\r\n<p>Paulo Jorge Sarkis,<\/p>\r\n<p>Reitor.<\/p>\r\n\r\n<p><font color=\"red0000\">Este texto n\u00e3o substitui o documento original, publicado no Portal de Documentos.<\/font> Dispon\u00edvel em: <a href=\"https:\/\/portal.ufsm.br\/documentos\/publico\/documento.html?id=4509115\"><font color=\"blue\">https:\/\/portal.ufsm.br\/documentos\/publico\/documento.html?id=4509115<\/font><\/a>\r\n\r\n\t\t<\/div>\n\t\t\t\t<\/div>\n\t\t\t\t\t<\/div>\n\t\t<\/div>\n\t\t\t\t\t<\/div>\n\t\t<\/section>\n\t\t\t\t<\/div>\n\t\t","protected":false},"excerpt":{"rendered":"<p>RESOLU\u00c7\u00c3O N. 014\/2000 MINIST\u00c9RIO DA EDUCA\u00c7\u00c3O UNIVERSIDADE FEDERAL DE SANTA MARIA RESOLU\u00c7\u00c3O N. 014\/2000 Regulamenta Carga Hor\u00e1ria por semestre letivo e revoga a Resolu\u00e7\u00e3o n. 0027\/94. O REITOR DA UNIVERSIDADE FEDERAL DE SANTA MARIA, no uso de suas atribui\u00e7\u00f5es legais e estatut\u00e1rias e tendo em vista o que consta nas normativas de matr\u00edcula do Guia [&hellip;]<\/p>\n","protected":false},"author":205,"featured_media":0,"parent":0,"menu_order":0,"comment_status":"closed","ping_status":"closed","template":"","meta":{"footnotes":""},"categories":[],"tags":[],"class_list":["post-3237","page","type-page","status-publish","hentry"],"acf":[],"_links":{"self":[{"href":"https:\/\/www.ufsm.br\/pro-reitorias\/proplan\/wp-json\/wp\/v2\/pages\/3237","targetHints":{"allow":["GET"]}}],"collection":[{"href":"https:\/\/www.ufsm.br\/pro-reitorias\/proplan\/wp-json\/wp\/v2\/pages"}],"about":[{"href":"https:\/\/www.ufsm.br\/pro-reitorias\/proplan\/wp-json\/wp\/v2\/types\/page"}],"author":[{"embeddable":true,"href":"https:\/\/www.ufsm.br\/pro-reitorias\/proplan\/wp-json\/wp\/v2\/users\/205"}],"replies":[{"embeddable":true,"href":"https:\/\/www.ufsm.br\/pro-reitorias\/proplan\/wp-json\/wp\/v2\/comments?post=3237"}],"version-history":[{"count":0,"href":"https:\/\/www.ufsm.br\/pro-reitorias\/proplan\/wp-json\/wp\/v2\/pages\/3237\/revisions"}],"wp:attachment":[{"href":"https:\/\/www.ufsm.br\/pro-reitorias\/proplan\/wp-json\/wp\/v2\/media?parent=3237"}],"wp:term":[{"taxonomy":"category","embeddable":true,"href":"https:\/\/www.ufsm.br\/pro-reitorias\/proplan\/wp-json\/wp\/v2\/categories?post=3237"},{"taxonomy":"post_tag","embeddable":true,"href":"https:\/\/www.ufsm.br\/pro-reitorias\/proplan\/wp-json\/wp\/v2\/tags?post=3237"}],"curies":[{"name":"wp","href":"https:\/\/api.w.org\/{rel}","templated":true}]}}