{"id":3250,"date":"2020-02-18T09:45:31","date_gmt":"2020-02-18T12:45:31","guid":{"rendered":"https:\/\/www.ufsm.br\/pro-reitorias\/proplan\/?page_id=3250"},"modified":"2020-05-27T18:42:43","modified_gmt":"2020-05-27T21:42:43","slug":"resolucao-n-002-1999","status":"publish","type":"page","link":"https:\/\/www.ufsm.br\/pro-reitorias\/proplan\/resolucao-n-002-1999","title":{"rendered":"Resolu\u00e7\u00e3o N. 002\/1999"},"content":{"rendered":"\t\t<div data-elementor-type=\"wp-page\" data-elementor-id=\"3250\" class=\"elementor elementor-3250\">\n\t\t\t\t\t\t<section class=\"elementor-section elementor-top-section elementor-element elementor-element-c95cb29 elementor-section-boxed elementor-section-height-default elementor-section-height-default\" data-id=\"c95cb29\" data-element_type=\"section\">\n\t\t\t\t\t\t<div class=\"elementor-container elementor-column-gap-default\">\n\t\t\t\t\t<div class=\"elementor-column elementor-col-100 elementor-top-column elementor-element elementor-element-b659d01\" data-id=\"b659d01\" data-element_type=\"column\">\n\t\t\t<div class=\"elementor-widget-wrap elementor-element-populated\">\n\t\t\t\t\t\t<div class=\"elementor-element elementor-element-49eec26 elementor-widget elementor-widget-html\" data-id=\"49eec26\" data-element_type=\"widget\" data-widget_type=\"html.default\">\n\t\t\t\t<div class=\"elementor-widget-container\">\n\t\t\t\r\n\r\n\r\n<title><b>RESOLU\u00c7\u00c3O N. 002\/1999<\/b><\/title>\r\n\r\n\r\n<div align=\"center\"><img decoding=\"async\" src=\"https:\/\/www.ufsm.br\/pro-reitorias\/proplan\/wp-content\/uploads\/sites\/344\/2019\/09\/brasao-da-republica-do-brasil-logo.png\" alt=\"Bras\u00e3o Rep\u00fablica Federativa do Brasil\" width=\"6%\" height=\"6%\"><\/div>    \r\n<h1><font color=\"blue\"><font size=\"5\"><div align=\"center\">SERVI\u00c7O P\u00daBLICO FEDERAL<\/b><\/font><\/font><\/div><\/H1>\r\n\r\n<p><div align=\"center\"><b><a href=\"https:\/\/portal.ufsm.br\/documentos\/publico\/documento.html?id=4507670\"><font color=\"blue\">RESOLU\u00c7\u00c3O N. 002\/1999<\/font><\/a><\/b><\/div><\/p>\r\n<br>\r\n<p><div align=\"right\"><font color=\"800000\"><strike>Estabelece o Hor\u00e1rio de Funcionamento da UFSM e d\u00e1 outras provid\u00eancias.<\/strike><\/font><\/div><\/p>\r\n<br>\r\n<p><a href=\"https:\/\/www.ufsm.br\/pro-reitorias\/proplan\/resolucao-n-009-2014\/\"><font color=\"blue\">Revogada pela Resolu\u00e7\u00e3o N. 009\/2014<\/font><\/a><\/p>\r\n<br>\r\n<br><div align=\"justify\">\r\n<strike>\r\n<p>O REITOR DA UNIVERSIDADE FEDERAL DE SANTA MARIA, no uso de suas atribui\u00e7\u00f5es legais, estatut\u00e1rias e, tendo em vista o que consta do Processo n. <a href=\"https:\/\/portal.ufsm.br\/documentos\/publico\/processo\/documento.html?idDocumento=128525\" target=\"_blank\"><font color=\"blue\"><u>23081.014299\/98-46<\/u><\/font><\/a>, da Se\u00e7\u00e3o de Protocolo\/DAG, com a manifesta\u00e7\u00e3o favor\u00e1vel da C\u00e2mara de Coordenadores, e do Parecer n. 010\/99 da Comiss\u00e3o de Legisla\u00e7\u00e3o e Normas do Conselho de Ensino, Pesquisa e Extens\u00e3o, aprovado na Sess\u00e3o n. 545,<\/p>\r\n<br>\r\n<p><div align=\"center\">RESOLVE:<\/div><\/p>\r\n<br>\r\n<p>Art. 1\u00ba - Os Cursos Noturnos da Universidade Federal de Santa Maria, ter\u00e3o os seguintes hor\u00e1rios de funcionamento:<\/p>\r\n<p>- In\u00edcio do 1\u00ba per\u00edodo &emsp;&emsp;\t19h10min<\/p>\r\n<p>- Final do 1\u00ba per\u00edodo &emsp;&emsp;\t20h50min<\/p>\r\n<p>- Intervalo \t&emsp;&emsp;&emsp;\t10 minutos<\/p>\r\n<p>- In\u00edcio do 2\u00ba per\u00edodo &emsp;&emsp; 21 horas<\/p>\r\n<p>- Final do 2\u00ba per\u00edodo &emsp;&emsp; 22h40min<\/p>\r\n\r\n<p>Art. 2\u00ba - Revogam-se as disposi\u00e7\u00f5es em contr\u00e1rio.<\/p>\r\n\r\n<p>GABINETE DO REITOR DA UNIVERSIDADE FEDERAL DE SANTA MARIA, aos vinte e cinco dias do m\u00eas de fevereiro de mil, novecentos e noventa e nove.<\/p>\r\n<\/div>\r\n<p>Paulo Jorge Sarkis.<\/p>\r\n<\/strike>\r\n<p><font color=\"red0000\">Este texto n\u00e3o substitui o documento original, publicado no Portal de Documentos.<\/font> Dispon\u00edvel em: <a href=\"https:\/\/portal.ufsm.br\/documentos\/publico\/documento.html?id=4507670\"><font color=\"blue\">https:\/\/portal.ufsm.br\/documentos\/publico\/documento.html?id=4507670<\/font><\/a>\r\n\r\n\t\t<\/div>\n\t\t\t\t<\/div>\n\t\t\t\t\t<\/div>\n\t\t<\/div>\n\t\t\t\t\t<\/div>\n\t\t<\/section>\n\t\t\t\t<\/div>\n\t\t","protected":false},"excerpt":{"rendered":"<p>RESOLU\u00c7\u00c3O N. 002\/1999 SERVI\u00c7O P\u00daBLICO FEDERAL RESOLU\u00c7\u00c3O N. 002\/1999 Estabelece o Hor\u00e1rio de Funcionamento da UFSM e d\u00e1 outras provid\u00eancias. Revogada pela Resolu\u00e7\u00e3o N. 009\/2014 O REITOR DA UNIVERSIDADE FEDERAL DE SANTA MARIA, no uso de suas atribui\u00e7\u00f5es legais, estatut\u00e1rias e, tendo em vista o que consta do Processo n. 23081.014299\/98-46, da Se\u00e7\u00e3o de Protocolo\/DAG, [&hellip;]<\/p>\n","protected":false},"author":205,"featured_media":0,"parent":0,"menu_order":0,"comment_status":"closed","ping_status":"closed","template":"","meta":{"footnotes":""},"categories":[],"tags":[],"class_list":["post-3250","page","type-page","status-publish","hentry"],"acf":[],"_links":{"self":[{"href":"https:\/\/www.ufsm.br\/pro-reitorias\/proplan\/wp-json\/wp\/v2\/pages\/3250","targetHints":{"allow":["GET"]}}],"collection":[{"href":"https:\/\/www.ufsm.br\/pro-reitorias\/proplan\/wp-json\/wp\/v2\/pages"}],"about":[{"href":"https:\/\/www.ufsm.br\/pro-reitorias\/proplan\/wp-json\/wp\/v2\/types\/page"}],"author":[{"embeddable":true,"href":"https:\/\/www.ufsm.br\/pro-reitorias\/proplan\/wp-json\/wp\/v2\/users\/205"}],"replies":[{"embeddable":true,"href":"https:\/\/www.ufsm.br\/pro-reitorias\/proplan\/wp-json\/wp\/v2\/comments?post=3250"}],"version-history":[{"count":0,"href":"https:\/\/www.ufsm.br\/pro-reitorias\/proplan\/wp-json\/wp\/v2\/pages\/3250\/revisions"}],"wp:attachment":[{"href":"https:\/\/www.ufsm.br\/pro-reitorias\/proplan\/wp-json\/wp\/v2\/media?parent=3250"}],"wp:term":[{"taxonomy":"category","embeddable":true,"href":"https:\/\/www.ufsm.br\/pro-reitorias\/proplan\/wp-json\/wp\/v2\/categories?post=3250"},{"taxonomy":"post_tag","embeddable":true,"href":"https:\/\/www.ufsm.br\/pro-reitorias\/proplan\/wp-json\/wp\/v2\/tags?post=3250"}],"curies":[{"name":"wp","href":"https:\/\/api.w.org\/{rel}","templated":true}]}}